{"id":702,"date":"2018-06-20T11:44:20","date_gmt":"2018-06-20T11:44:20","guid":{"rendered":"https:\/\/teamlevine.ca\/?page_id=702"},"modified":"2024-10-15T02:58:45","modified_gmt":"2024-10-15T06:58:45","slug":"instant-preapproval","status":"publish","type":"page","link":"https:\/\/teamlevine.ca\/fr\/instant-preapproval\/","title":{"rendered":"Obtenir votre pr\u00e9-approbation"},"content":{"rendered":"<p><\/p>\n<h1>Pr\u00e9-approbation hypoth\u00e9caire instantan\u00e9e<\/h1>\n<h3 class=\"text-success\">Vous pensez acheter une maison? Obtenir votre Pr\u00e9-approbation \u2020<\/h3>\n<ul>\n<li>Comprenez rapidement votre pouvoir d\u2019achat<\/li>\n<li>Cela ne prend que quelques minutes et n\u2019affectera pas votre cote de cr\u00e9dit<\/li>\n<\/ul>\n<div class=\"clear20px\"><\/div>\n<div class=\"col-sm-6\">\n<a title=\"Comment \u00e7a fonctionne\" data-toggle=\"tooltip\"><i class=\"fa fa-play-circle-o\"><\/i> Comment \u00e7a fonctionne<\/a>\n<\/div>\n<div class=\"col-sm-6\">\n<center><br \/>\n<a id=\"showstep2\" class=\"btn btn-brown\">Commencer<\/a><br \/>\n<\/center>\n<\/div>\n<div class=\"clear20px\"><\/div>\n<p>Divulgation l\u00e9gale<\/p>\n<p>\u2020 Cet outil fournit une pr\u00e9-qualification, qui vous donne une estimation du montant de l&rsquo;hypoth\u00e8que auquel vous pourriez avoir droit chez nous en fonction de l&rsquo;exactitude et de l&rsquo;exhaustivit\u00e9 des informations que vous avez fournies. Cette pr\u00e9qualification est fournie \u00e0 titre indicatif et d\u2019information g\u00e9n\u00e9rale et ne vise pas \u00e0 fournir des conseils financiers ou autres. La pr\u00e9qualification n&rsquo;est pas la m\u00eame chose qu&rsquo;une approbation ou une pr\u00e9-approbation hypoth\u00e9caire.<\/p>","protected":false},"excerpt":{"rendered":"<p>Pr\u00e9-approbation hypoth\u00e9caire instantan\u00e9e Vous pensez acheter une maison? Obtenir votre Pr\u00e9-approbation \u2020 Comprenez rapidement votre pouvoir d\u2019achat Cela ne prend que quelques minutes et n\u2019affectera pas votre cote de cr\u00e9dit Comment \u00e7a fonctionne Commencer Divulgation l\u00e9gale \u2020 Cet outil fournit une pr\u00e9-qualification, qui vous donne une estimation du montant de l&rsquo;hypoth\u00e8que auquel vous pourriez avoir [&hellip;]<\/p>\n","protected":false},"author":1,"featured_media":0,"parent":0,"menu_order":5,"comment_status":"closed","ping_status":"closed","template":"page-instantpreapproval.php","meta":{"_acf_changed":false,"footnotes":""},"class_list":["post-702","page","type-page","status-publish","hentry"],"acf":[],"yoast_head":"<!-- This site is optimized with the Yoast SEO plugin v27.4 - https:\/\/yoast.com\/product\/yoast-seo-wordpress\/ -->\n<title>Obtenir votre pr\u00e9-approbation - Team LevineObtenir votre pr\u00e9-approbation - Team Levine<\/title>\n<meta name=\"description\" content=\"(English) Get instant pre-approval for your dream home in Montreal. Our efficient process ensures quick and hassle-free pre-approval, helping you secure your property.\" \/>\n<meta name=\"robots\" content=\"index, follow, max-snippet:-1, max-image-preview:large, max-video-preview:-1\" \/>\n<link rel=\"canonical\" href=\"https:\/\/teamlevine.ca\/instant-preapproval\/\" \/>\n<meta property=\"og:locale\" content=\"fr_FR\" \/>\n<meta property=\"og:type\" content=\"article\" \/>\n<meta property=\"og:title\" content=\"[:en]Pre Approve, Instant Pre Approval Montreal[:fr]Obtenir votre pr\u00e9-approbation - Team LevineObtenir votre pr\u00e9-approbation - Team Levine[:]\" \/>\n<meta property=\"og:description\" content=\"{:en}Get instant pre-approval for your dream home in Montreal. Our efficient process ensures quick and hassle-free pre-approval, helping you secure your property.{:}\" \/>\n<meta property=\"og:url\" content=\"https:\/\/teamlevine.ca\/instant-preapproval\/\" \/>\n<meta property=\"og:site_name\" content=\"Team Levine\" \/>\n<meta property=\"article:modified_time\" content=\"2024-10-15T06:58:45+00:00\" \/>\n<meta name=\"twitter:card\" content=\"summary_large_image\" \/>\n<meta name=\"twitter:label1\" content=\"Dur\u00e9e de lecture estim\u00e9e\" \/>\n\t<meta name=\"twitter:data1\" content=\"1 minute\" \/>\n<script type=\"application\/ld+json\" class=\"yoast-schema-graph\">{\"@context\":\"https:\\\/\\\/schema.org\",\"@graph\":[{\"@type\":\"WebPage\",\"@id\":\"https:\\\/\\\/teamlevine.ca\\\/instant-preapproval\\\/\",\"url\":\"https:\\\/\\\/teamlevine.ca\\\/instant-preapproval\\\/\",\"name\":\"[:en]Pre Approve, Instant Pre Approval Montreal[:fr]Obtenir votre pr\u00e9-approbation - Team LevineObtenir votre pr\u00e9-approbation - Team Levine[:]\",\"isPartOf\":{\"@id\":\"https:\\\/\\\/teamlevine.ca\\\/#website\"},\"datePublished\":\"2018-06-20T11:44:20+00:00\",\"dateModified\":\"2024-10-15T06:58:45+00:00\",\"description\":\"{:en}Get instant pre-approval for your dream home in Montreal. Our efficient process ensures quick and hassle-free pre-approval, helping you secure your property.{:}\",\"breadcrumb\":{\"@id\":\"https:\\\/\\\/teamlevine.ca\\\/instant-preapproval\\\/#breadcrumb\"},\"inLanguage\":\"fr-FR\",\"potentialAction\":[{\"@type\":\"ReadAction\",\"target\":[\"https:\\\/\\\/teamlevine.ca\\\/instant-preapproval\\\/\"]}]},{\"@type\":\"BreadcrumbList\",\"@id\":\"https:\\\/\\\/teamlevine.ca\\\/instant-preapproval\\\/#breadcrumb\",\"itemListElement\":[{\"@type\":\"ListItem\",\"position\":1,\"name\":\"Home\",\"item\":\"https:\\\/\\\/teamlevine.ca\\\/\"},{\"@type\":\"ListItem\",\"position\":2,\"name\":\"Instant Preapproval\"}]},{\"@type\":\"WebSite\",\"@id\":\"https:\\\/\\\/teamlevine.ca\\\/#website\",\"url\":\"https:\\\/\\\/teamlevine.ca\\\/\",\"name\":\"Team Levine\",\"description\":\"\",\"potentialAction\":[{\"@type\":\"SearchAction\",\"target\":{\"@type\":\"EntryPoint\",\"urlTemplate\":\"https:\\\/\\\/teamlevine.ca\\\/?s={search_term_string}\"},\"query-input\":{\"@type\":\"PropertyValueSpecification\",\"valueRequired\":true,\"valueName\":\"search_term_string\"}}],\"inLanguage\":\"fr-FR\"}]}<\/script>\n<!-- \/ Yoast SEO plugin. -->","yoast_head_json":{"title":"Obtenir votre pr\u00e9-approbation - Team LevineObtenir votre pr\u00e9-approbation - Team Levine","description":"(English) Get instant pre-approval for your dream home in Montreal. Our efficient process ensures quick and hassle-free pre-approval, helping you secure your property.","robots":{"index":"index","follow":"follow","max-snippet":"max-snippet:-1","max-image-preview":"max-image-preview:large","max-video-preview":"max-video-preview:-1"},"canonical":"https:\/\/teamlevine.ca\/instant-preapproval\/","og_locale":"fr_FR","og_type":"article","og_title":"[:en]Pre Approve, Instant Pre Approval Montreal[:fr]Obtenir votre pr\u00e9-approbation - Team LevineObtenir votre pr\u00e9-approbation - Team Levine[:]","og_description":"{:en}Get instant pre-approval for your dream home in Montreal. Our efficient process ensures quick and hassle-free pre-approval, helping you secure your property.{:}","og_url":"https:\/\/teamlevine.ca\/instant-preapproval\/","og_site_name":"Team Levine","article_modified_time":"2024-10-15T06:58:45+00:00","twitter_card":"summary_large_image","twitter_misc":{"Dur\u00e9e de lecture estim\u00e9e":"1 minute"},"schema":{"@context":"https:\/\/schema.org","@graph":[{"@type":"WebPage","@id":"https:\/\/teamlevine.ca\/instant-preapproval\/","url":"https:\/\/teamlevine.ca\/instant-preapproval\/","name":"[:en]Pre Approve, Instant Pre Approval Montreal[:fr]Obtenir votre pr\u00e9-approbation - Team LevineObtenir votre pr\u00e9-approbation - Team Levine[:]","isPartOf":{"@id":"https:\/\/teamlevine.ca\/#website"},"datePublished":"2018-06-20T11:44:20+00:00","dateModified":"2024-10-15T06:58:45+00:00","description":"{:en}Get instant pre-approval for your dream home in Montreal. Our efficient process ensures quick and hassle-free pre-approval, helping you secure your property.{:}","breadcrumb":{"@id":"https:\/\/teamlevine.ca\/instant-preapproval\/#breadcrumb"},"inLanguage":"fr-FR","potentialAction":[{"@type":"ReadAction","target":["https:\/\/teamlevine.ca\/instant-preapproval\/"]}]},{"@type":"BreadcrumbList","@id":"https:\/\/teamlevine.ca\/instant-preapproval\/#breadcrumb","itemListElement":[{"@type":"ListItem","position":1,"name":"Home","item":"https:\/\/teamlevine.ca\/"},{"@type":"ListItem","position":2,"name":"Instant Preapproval"}]},{"@type":"WebSite","@id":"https:\/\/teamlevine.ca\/#website","url":"https:\/\/teamlevine.ca\/","name":"Team Levine","description":"","potentialAction":[{"@type":"SearchAction","target":{"@type":"EntryPoint","urlTemplate":"https:\/\/teamlevine.ca\/?s={search_term_string}"},"query-input":{"@type":"PropertyValueSpecification","valueRequired":true,"valueName":"search_term_string"}}],"inLanguage":"fr-FR"}]}},"_links":{"self":[{"href":"https:\/\/teamlevine.ca\/fr\/wp-json\/wp\/v2\/pages\/702","targetHints":{"allow":["GET"]}}],"collection":[{"href":"https:\/\/teamlevine.ca\/fr\/wp-json\/wp\/v2\/pages"}],"about":[{"href":"https:\/\/teamlevine.ca\/fr\/wp-json\/wp\/v2\/types\/page"}],"author":[{"embeddable":true,"href":"https:\/\/teamlevine.ca\/fr\/wp-json\/wp\/v2\/users\/1"}],"replies":[{"embeddable":true,"href":"https:\/\/teamlevine.ca\/fr\/wp-json\/wp\/v2\/comments?post=702"}],"version-history":[{"count":23,"href":"https:\/\/teamlevine.ca\/fr\/wp-json\/wp\/v2\/pages\/702\/revisions"}],"predecessor-version":[{"id":1481,"href":"https:\/\/teamlevine.ca\/fr\/wp-json\/wp\/v2\/pages\/702\/revisions\/1481"}],"wp:attachment":[{"href":"https:\/\/teamlevine.ca\/fr\/wp-json\/wp\/v2\/media?parent=702"}],"curies":[{"name":"wp","href":"https:\/\/api.w.org\/{rel}","templated":true}]}}