{"id":6,"date":"2017-02-13T06:24:05","date_gmt":"2017-02-13T06:24:05","guid":{"rendered":"https:\/\/teamlevine.ca\/?page_id=6"},"modified":"2021-04-09T09:31:20","modified_gmt":"2021-04-09T13:31:20","slug":"why-team-levine","status":"publish","type":"page","link":"https:\/\/teamlevine.ca\/fr\/pourquoi-nous\/","title":{"rendered":"Pourquoi nous : Team Levine"},"content":{"rendered":"<p>Forte de ses nombreuses ann\u00e9es d\u2019exp\u00e9rience dans les domaines du pr\u00eat hypoth\u00e9caire, de l\u2019immobilier et de l\u2019assurance, \u00c9quipe Levine est votre destination unique pour tous vos besoins. Vous pourrez profiter de notre vaste r\u00e9seau de relations. Commencez par une pr\u00e9autorisation\u00a0: elle vous permettra de bloquer un taux avantageux et de d\u00e9terminer le montant qui correspond \u00e0 votre pouvoir d\u2019achat. Nous vous mettrons alors en contact avec un de nos courtiers immobiliers, qui vous trouvera la propri\u00e9t\u00e9 de vos r\u00eaves. Vous avez d\u00e9j\u00e0 trouv\u00e9? Formidable! Nous obtiendrons l\u2019approbation de votre pr\u00eat hypoth\u00e9caire et vous sugg\u00e9rerons le type d\u2019assurance vie appropri\u00e9 pour vous prot\u00e9ger, vous-m\u00eame ainsi que votre investissement.<\/p>\n<div class=\"clear10px\"><\/div>\n<p>L\u2019achat d\u2019une maison peut s\u2019av\u00e9rer un processus tr\u00e8s stressant, parfois m\u00eame accablant. Il y a tellement de choses \u00e0 faire et de professionnels \u00e0 consulter. Vous voulez que tout se d\u00e9roule sans heurt. Voil\u00e0 pourquoi nous sommes l\u00e0! Les courtiers en pr\u00eat hypoth\u00e9caire, les courtiers en immobilier, les conseillers financiers et les notaires de notre \u00e9quipe travaillent en \u00e9troite collaboration afin de vous faciliter la t\u00e2che.<\/p>","protected":false},"excerpt":{"rendered":"<p>Forte de ses nombreuses ann\u00e9es d\u2019exp\u00e9rience dans les domaines du pr\u00eat hypoth\u00e9caire, de l\u2019immobilier et de l\u2019assurance, \u00c9quipe Levine est votre destination unique pour tous vos besoins. Vous pourrez profiter de notre vaste r\u00e9seau de relations. Commencez par une pr\u00e9autorisation\u00a0: elle vous permettra de bloquer un taux avantageux et de d\u00e9terminer le montant qui correspond [&hellip;]<\/p>\n","protected":false},"author":1,"featured_media":0,"parent":0,"menu_order":75,"comment_status":"closed","ping_status":"closed","template":"page-whyus.php","meta":{"_acf_changed":false,"footnotes":""},"class_list":["post-6","page","type-page","status-publish","hentry"],"acf":[],"yoast_head":"<!-- This site is optimized with the Yoast SEO plugin v27.3 - https:\/\/yoast.com\/product\/yoast-seo-wordpress\/ -->\n<title>Team Levine<\/title>\n<meta name=\"description\" content=\"Team Levine\" \/>\n<meta name=\"robots\" content=\"index, follow, max-snippet:-1, max-image-preview:large, max-video-preview:-1\" \/>\n<link rel=\"canonical\" href=\"https:\/\/teamlevine.ca\/why-us\/\" \/>\n<meta property=\"og:locale\" content=\"fr_FR\" \/>\n<meta property=\"og:type\" content=\"article\" \/>\n<meta property=\"og:title\" content=\"Team Levine\" \/>\n<meta property=\"og:description\" content=\"Team Levine\" \/>\n<meta property=\"og:url\" content=\"https:\/\/teamlevine.ca\/why-us\/\" \/>\n<meta property=\"og:site_name\" content=\"Team Levine\" \/>\n<meta property=\"article:modified_time\" content=\"2021-04-09T13:31:20+00:00\" \/>\n<meta name=\"twitter:card\" content=\"summary_large_image\" \/>\n<meta name=\"twitter:label1\" content=\"Dur\u00e9e de lecture estim\u00e9e\" \/>\n\t<meta name=\"twitter:data1\" content=\"2 minutes\" \/>\n<script type=\"application\/ld+json\" class=\"yoast-schema-graph\">{\"@context\":\"https:\\\/\\\/schema.org\",\"@graph\":[{\"@type\":\"WebPage\",\"@id\":\"https:\\\/\\\/teamlevine.ca\\\/why-us\\\/\",\"url\":\"https:\\\/\\\/teamlevine.ca\\\/why-us\\\/\",\"name\":\"Team Levine\",\"isPartOf\":{\"@id\":\"https:\\\/\\\/teamlevine.ca\\\/#website\"},\"datePublished\":\"2017-02-13T06:24:05+00:00\",\"dateModified\":\"2021-04-09T13:31:20+00:00\",\"description\":\"Team Levine\",\"breadcrumb\":{\"@id\":\"https:\\\/\\\/teamlevine.ca\\\/why-us\\\/#breadcrumb\"},\"inLanguage\":\"fr-FR\",\"potentialAction\":[{\"@type\":\"ReadAction\",\"target\":[\"https:\\\/\\\/teamlevine.ca\\\/why-us\\\/\"]}]},{\"@type\":\"BreadcrumbList\",\"@id\":\"https:\\\/\\\/teamlevine.ca\\\/why-us\\\/#breadcrumb\",\"itemListElement\":[{\"@type\":\"ListItem\",\"position\":1,\"name\":\"Home\",\"item\":\"https:\\\/\\\/teamlevine.ca\\\/\"},{\"@type\":\"ListItem\",\"position\":2,\"name\":\"Why Team Levine\"}]},{\"@type\":\"WebSite\",\"@id\":\"https:\\\/\\\/teamlevine.ca\\\/#website\",\"url\":\"https:\\\/\\\/teamlevine.ca\\\/\",\"name\":\"Team Levine\",\"description\":\"\",\"potentialAction\":[{\"@type\":\"SearchAction\",\"target\":{\"@type\":\"EntryPoint\",\"urlTemplate\":\"https:\\\/\\\/teamlevine.ca\\\/?s={search_term_string}\"},\"query-input\":{\"@type\":\"PropertyValueSpecification\",\"valueRequired\":true,\"valueName\":\"search_term_string\"}}],\"inLanguage\":\"fr-FR\"}]}<\/script>\n<!-- \/ Yoast SEO plugin. -->","yoast_head_json":{"title":"Team Levine","description":"Team Levine","robots":{"index":"index","follow":"follow","max-snippet":"max-snippet:-1","max-image-preview":"max-image-preview:large","max-video-preview":"max-video-preview:-1"},"canonical":"https:\/\/teamlevine.ca\/why-us\/","og_locale":"fr_FR","og_type":"article","og_title":"Team Levine","og_description":"Team Levine","og_url":"https:\/\/teamlevine.ca\/why-us\/","og_site_name":"Team Levine","article_modified_time":"2021-04-09T13:31:20+00:00","twitter_card":"summary_large_image","twitter_misc":{"Dur\u00e9e de lecture estim\u00e9e":"2 minutes"},"schema":{"@context":"https:\/\/schema.org","@graph":[{"@type":"WebPage","@id":"https:\/\/teamlevine.ca\/why-us\/","url":"https:\/\/teamlevine.ca\/why-us\/","name":"Team Levine","isPartOf":{"@id":"https:\/\/teamlevine.ca\/#website"},"datePublished":"2017-02-13T06:24:05+00:00","dateModified":"2021-04-09T13:31:20+00:00","description":"Team Levine","breadcrumb":{"@id":"https:\/\/teamlevine.ca\/why-us\/#breadcrumb"},"inLanguage":"fr-FR","potentialAction":[{"@type":"ReadAction","target":["https:\/\/teamlevine.ca\/why-us\/"]}]},{"@type":"BreadcrumbList","@id":"https:\/\/teamlevine.ca\/why-us\/#breadcrumb","itemListElement":[{"@type":"ListItem","position":1,"name":"Home","item":"https:\/\/teamlevine.ca\/"},{"@type":"ListItem","position":2,"name":"Why Team Levine"}]},{"@type":"WebSite","@id":"https:\/\/teamlevine.ca\/#website","url":"https:\/\/teamlevine.ca\/","name":"Team Levine","description":"","potentialAction":[{"@type":"SearchAction","target":{"@type":"EntryPoint","urlTemplate":"https:\/\/teamlevine.ca\/?s={search_term_string}"},"query-input":{"@type":"PropertyValueSpecification","valueRequired":true,"valueName":"search_term_string"}}],"inLanguage":"fr-FR"}]}},"_links":{"self":[{"href":"https:\/\/teamlevine.ca\/fr\/wp-json\/wp\/v2\/pages\/6","targetHints":{"allow":["GET"]}}],"collection":[{"href":"https:\/\/teamlevine.ca\/fr\/wp-json\/wp\/v2\/pages"}],"about":[{"href":"https:\/\/teamlevine.ca\/fr\/wp-json\/wp\/v2\/types\/page"}],"author":[{"embeddable":true,"href":"https:\/\/teamlevine.ca\/fr\/wp-json\/wp\/v2\/users\/1"}],"replies":[{"embeddable":true,"href":"https:\/\/teamlevine.ca\/fr\/wp-json\/wp\/v2\/comments?post=6"}],"version-history":[{"count":10,"href":"https:\/\/teamlevine.ca\/fr\/wp-json\/wp\/v2\/pages\/6\/revisions"}],"predecessor-version":[{"id":1022,"href":"https:\/\/teamlevine.ca\/fr\/wp-json\/wp\/v2\/pages\/6\/revisions\/1022"}],"wp:attachment":[{"href":"https:\/\/teamlevine.ca\/fr\/wp-json\/wp\/v2\/media?parent=6"}],"curies":[{"name":"wp","href":"https:\/\/api.w.org\/{rel}","templated":true}]}}