{"id":58,"date":"2017-02-14T07:54:16","date_gmt":"2017-02-14T07:54:16","guid":{"rendered":"https:\/\/teamlevine.ca\/?page_id=58"},"modified":"2025-11-25T13:41:03","modified_gmt":"2025-11-25T18:41:03","slug":"calculator","status":"publish","type":"page","link":"https:\/\/teamlevine.ca\/fr\/hypotheques\/calculatrice\/","title":{"rendered":"Calculatrice hypoth\u00e9caire"},"content":{"rendered":"<p><\/p>\n<h3>Veuillez entrer ci-dessous les param\u00e8tres du pr\u00eat hypoth\u00e9caire que vous d\u00e9sirez obtenir. Notre calculatrice \u00e9valuera votre paiement selon le taux fixe ou variable que vous aurez choisi. Cliquez sur le bouton Appliquer afin de demander le produit d\u00e9sir\u00e9.<\/h3>\n<p><\/p>","protected":false},"excerpt":{"rendered":"<p>Veuillez entrer ci-dessous les param\u00e8tres du pr\u00eat hypoth\u00e9caire que vous d\u00e9sirez obtenir. Notre calculatrice \u00e9valuera votre paiement selon le taux fixe ou variable que vous aurez choisi. Cliquez sur le bouton Appliquer afin de demander le produit d\u00e9sir\u00e9.<\/p>\n","protected":false},"author":1,"featured_media":0,"parent":56,"menu_order":69,"comment_status":"closed","ping_status":"closed","template":"page-calculator.php","meta":{"_acf_changed":false,"footnotes":""},"class_list":["post-58","page","type-page","status-publish","hentry"],"acf":[],"yoast_head":"<!-- This site is optimized with the Yoast SEO plugin v27.4 - https:\/\/yoast.com\/product\/yoast-seo-wordpress\/ -->\n<title>Calculatrice hypoth\u00e9caire | Calculez simplement | Team Levine<\/title>\n<meta name=\"description\" content=\"Calculez facilement votre hypoth\u00e8que et lancez-vous dans votre projet aux meilleurs taux de Montr\u00e9al ! Team Levine, vos experts en services d&#039;hypoth\u00e8que \u00e0 Montr\u00e9al.Calculez facilement votre hypoth\u00e8que et lancez-vous dans votre projet aux meilleurs taux de Montr\u00e9al ! Team Levine, vos experts en services d&#039;hypoth\u00e8que \u00e0 Montr\u00e9al.\" \/>\n<meta name=\"robots\" content=\"index, follow, max-snippet:-1, max-image-preview:large, max-video-preview:-1\" \/>\n<link rel=\"canonical\" href=\"https:\/\/teamlevine.ca\/mortgage\/calculator\/\" \/>\n<meta property=\"og:locale\" content=\"fr_FR\" \/>\n<meta property=\"og:type\" content=\"article\" \/>\n<meta property=\"og:title\" content=\"[:en]Montreal Mortgage Calculator, Mortgage Calculator Montreal[:fr]Calculatrice hypoth\u00e9caire | Calculez simplement | Team Levine[:]\" \/>\n<meta property=\"og:description\" content=\"{:en}Plan your finances efficiently with our Montreal mortgage calculator. Easily estimate payments and make informed decisions for your dream home.{:fr}Calculez facilement votre hypoth\u00e8que et lancez-vous dans votre projet aux meilleurs taux de Montr\u00e9al ! Team Levine, vos experts en services d&#039;hypoth\u00e8que \u00e0 Montr\u00e9al.Calculez facilement votre hypoth\u00e8que et lancez-vous dans votre projet aux meilleurs taux de Montr\u00e9al ! Team Levine, vos experts en services d&#039;hypoth\u00e8que \u00e0 Montr\u00e9al.{:}\" \/>\n<meta property=\"og:url\" content=\"https:\/\/teamlevine.ca\/mortgage\/calculator\/\" \/>\n<meta property=\"og:site_name\" content=\"Team Levine\" \/>\n<meta property=\"article:modified_time\" content=\"2025-11-25T18:41:03+00:00\" \/>\n<meta name=\"twitter:card\" content=\"summary_large_image\" \/>\n<meta name=\"twitter:label1\" content=\"Dur\u00e9e de lecture estim\u00e9e\" \/>\n\t<meta name=\"twitter:data1\" content=\"1 minute\" \/>\n<script type=\"application\/ld+json\" class=\"yoast-schema-graph\">{\"@context\":\"https:\\\/\\\/schema.org\",\"@graph\":[{\"@type\":\"WebPage\",\"@id\":\"https:\\\/\\\/teamlevine.ca\\\/mortgage\\\/calculator\\\/\",\"url\":\"https:\\\/\\\/teamlevine.ca\\\/mortgage\\\/calculator\\\/\",\"name\":\"[:en]Montreal Mortgage Calculator, Mortgage Calculator Montreal[:fr]Calculatrice hypoth\u00e9caire | Calculez simplement | Team Levine[:]\",\"isPartOf\":{\"@id\":\"https:\\\/\\\/teamlevine.ca\\\/#website\"},\"datePublished\":\"2017-02-14T07:54:16+00:00\",\"dateModified\":\"2025-11-25T18:41:03+00:00\",\"description\":\"{:en}Plan your finances efficiently with our Montreal mortgage calculator. Easily estimate payments and make informed decisions for your dream home.{:fr}Calculez facilement votre hypoth\u00e8que et lancez-vous dans votre projet aux meilleurs taux de Montr\u00e9al ! Team Levine, vos experts en services d'hypoth\u00e8que \u00e0 Montr\u00e9al.Calculez facilement votre hypoth\u00e8que et lancez-vous dans votre projet aux meilleurs taux de Montr\u00e9al ! Team Levine, vos experts en services d'hypoth\u00e8que \u00e0 Montr\u00e9al.{:}\",\"breadcrumb\":{\"@id\":\"https:\\\/\\\/teamlevine.ca\\\/mortgage\\\/calculator\\\/#breadcrumb\"},\"inLanguage\":\"fr-FR\",\"potentialAction\":[{\"@type\":\"ReadAction\",\"target\":[\"https:\\\/\\\/teamlevine.ca\\\/mortgage\\\/calculator\\\/\"]}]},{\"@type\":\"BreadcrumbList\",\"@id\":\"https:\\\/\\\/teamlevine.ca\\\/mortgage\\\/calculator\\\/#breadcrumb\",\"itemListElement\":[{\"@type\":\"ListItem\",\"position\":1,\"name\":\"Home\",\"item\":\"https:\\\/\\\/teamlevine.ca\\\/\"},{\"@type\":\"ListItem\",\"position\":2,\"name\":\"Mortgage\",\"item\":\"https:\\\/\\\/teamlevine.ca\\\/mortgage\\\/\"},{\"@type\":\"ListItem\",\"position\":3,\"name\":\"Calculator\"}]},{\"@type\":\"WebSite\",\"@id\":\"https:\\\/\\\/teamlevine.ca\\\/#website\",\"url\":\"https:\\\/\\\/teamlevine.ca\\\/\",\"name\":\"Team Levine\",\"description\":\"\",\"potentialAction\":[{\"@type\":\"SearchAction\",\"target\":{\"@type\":\"EntryPoint\",\"urlTemplate\":\"https:\\\/\\\/teamlevine.ca\\\/?s={search_term_string}\"},\"query-input\":{\"@type\":\"PropertyValueSpecification\",\"valueRequired\":true,\"valueName\":\"search_term_string\"}}],\"inLanguage\":\"fr-FR\"}]}<\/script>\n<!-- \/ Yoast SEO plugin. -->","yoast_head_json":{"title":"Calculatrice hypoth\u00e9caire | Calculez simplement | Team Levine","description":"Calculez facilement votre hypoth\u00e8que et lancez-vous dans votre projet aux meilleurs taux de Montr\u00e9al ! Team Levine, vos experts en services d'hypoth\u00e8que \u00e0 Montr\u00e9al.Calculez facilement votre hypoth\u00e8que et lancez-vous dans votre projet aux meilleurs taux de Montr\u00e9al ! Team Levine, vos experts en services d'hypoth\u00e8que \u00e0 Montr\u00e9al.","robots":{"index":"index","follow":"follow","max-snippet":"max-snippet:-1","max-image-preview":"max-image-preview:large","max-video-preview":"max-video-preview:-1"},"canonical":"https:\/\/teamlevine.ca\/mortgage\/calculator\/","og_locale":"fr_FR","og_type":"article","og_title":"[:en]Montreal Mortgage Calculator, Mortgage Calculator Montreal[:fr]Calculatrice hypoth\u00e9caire | Calculez simplement | Team Levine[:]","og_description":"{:en}Plan your finances efficiently with our Montreal mortgage calculator. Easily estimate payments and make informed decisions for your dream home.{:fr}Calculez facilement votre hypoth\u00e8que et lancez-vous dans votre projet aux meilleurs taux de Montr\u00e9al ! Team Levine, vos experts en services d'hypoth\u00e8que \u00e0 Montr\u00e9al.Calculez facilement votre hypoth\u00e8que et lancez-vous dans votre projet aux meilleurs taux de Montr\u00e9al ! Team Levine, vos experts en services d'hypoth\u00e8que \u00e0 Montr\u00e9al.{:}","og_url":"https:\/\/teamlevine.ca\/mortgage\/calculator\/","og_site_name":"Team Levine","article_modified_time":"2025-11-25T18:41:03+00:00","twitter_card":"summary_large_image","twitter_misc":{"Dur\u00e9e de lecture estim\u00e9e":"1 minute"},"schema":{"@context":"https:\/\/schema.org","@graph":[{"@type":"WebPage","@id":"https:\/\/teamlevine.ca\/mortgage\/calculator\/","url":"https:\/\/teamlevine.ca\/mortgage\/calculator\/","name":"[:en]Montreal Mortgage Calculator, Mortgage Calculator Montreal[:fr]Calculatrice hypoth\u00e9caire | Calculez simplement | Team Levine[:]","isPartOf":{"@id":"https:\/\/teamlevine.ca\/#website"},"datePublished":"2017-02-14T07:54:16+00:00","dateModified":"2025-11-25T18:41:03+00:00","description":"{:en}Plan your finances efficiently with our Montreal mortgage calculator. Easily estimate payments and make informed decisions for your dream home.{:fr}Calculez facilement votre hypoth\u00e8que et lancez-vous dans votre projet aux meilleurs taux de Montr\u00e9al ! Team Levine, vos experts en services d'hypoth\u00e8que \u00e0 Montr\u00e9al.Calculez facilement votre hypoth\u00e8que et lancez-vous dans votre projet aux meilleurs taux de Montr\u00e9al ! Team Levine, vos experts en services d'hypoth\u00e8que \u00e0 Montr\u00e9al.{:}","breadcrumb":{"@id":"https:\/\/teamlevine.ca\/mortgage\/calculator\/#breadcrumb"},"inLanguage":"fr-FR","potentialAction":[{"@type":"ReadAction","target":["https:\/\/teamlevine.ca\/mortgage\/calculator\/"]}]},{"@type":"BreadcrumbList","@id":"https:\/\/teamlevine.ca\/mortgage\/calculator\/#breadcrumb","itemListElement":[{"@type":"ListItem","position":1,"name":"Home","item":"https:\/\/teamlevine.ca\/"},{"@type":"ListItem","position":2,"name":"Mortgage","item":"https:\/\/teamlevine.ca\/mortgage\/"},{"@type":"ListItem","position":3,"name":"Calculator"}]},{"@type":"WebSite","@id":"https:\/\/teamlevine.ca\/#website","url":"https:\/\/teamlevine.ca\/","name":"Team Levine","description":"","potentialAction":[{"@type":"SearchAction","target":{"@type":"EntryPoint","urlTemplate":"https:\/\/teamlevine.ca\/?s={search_term_string}"},"query-input":{"@type":"PropertyValueSpecification","valueRequired":true,"valueName":"search_term_string"}}],"inLanguage":"fr-FR"}]}},"_links":{"self":[{"href":"https:\/\/teamlevine.ca\/fr\/wp-json\/wp\/v2\/pages\/58","targetHints":{"allow":["GET"]}}],"collection":[{"href":"https:\/\/teamlevine.ca\/fr\/wp-json\/wp\/v2\/pages"}],"about":[{"href":"https:\/\/teamlevine.ca\/fr\/wp-json\/wp\/v2\/types\/page"}],"author":[{"embeddable":true,"href":"https:\/\/teamlevine.ca\/fr\/wp-json\/wp\/v2\/users\/1"}],"replies":[{"embeddable":true,"href":"https:\/\/teamlevine.ca\/fr\/wp-json\/wp\/v2\/comments?post=58"}],"version-history":[{"count":69,"href":"https:\/\/teamlevine.ca\/fr\/wp-json\/wp\/v2\/pages\/58\/revisions"}],"predecessor-version":[{"id":1798,"href":"https:\/\/teamlevine.ca\/fr\/wp-json\/wp\/v2\/pages\/58\/revisions\/1798"}],"up":[{"embeddable":true,"href":"https:\/\/teamlevine.ca\/fr\/wp-json\/wp\/v2\/pages\/56"}],"wp:attachment":[{"href":"https:\/\/teamlevine.ca\/fr\/wp-json\/wp\/v2\/media?parent=58"}],"curies":[{"name":"wp","href":"https:\/\/api.w.org\/{rel}","templated":true}]}}