{"id":573,"date":"2017-04-21T13:56:07","date_gmt":"2017-04-21T13:56:07","guid":{"rendered":"https:\/\/teamlevine.ca\/?page_id=573"},"modified":"2024-10-15T03:02:37","modified_gmt":"2024-10-15T07:02:37","slug":"pret-hypothecaire-inverse","status":"publish","type":"page","link":"https:\/\/teamlevine.ca\/fr\/hypotheques\/pret-hypothecaire-inverse\/","title":{"rendered":"Pr\u00eat hypoth\u00e9caire invers\u00e9"},"content":{"rendered":"<p>Le concept du pr\u00eat hypoth\u00e9caire invers\u00e9 est g\u00e9nial\u00a0: il vous permet de puiser dans l\u2019\u00e9quit\u00e9 de votre propri\u00e9t\u00e9, et de profiter ainsi des bonnes choses de la vie. Voil\u00e0 le type d\u2019hypoth\u00e8que parfait si vous avez 55 ans et plus !<\/p>\n<p>Votre admissibilit\u00e9 \u00e0 ce type d\u2019hypoth\u00e8que d\u00e9pend de nombreux facteurs comme votre \u00e2ge, l\u2019emplacement de votre propri\u00e9t\u00e9, sa valeur marchande et le solde de votre hypoth\u00e8que, le cas \u00e9ch\u00e9ant. Si vous remplissez ces crit\u00e8res, vous \u00eates \u00e0 m\u00eame de contracter un pr\u00eat hypoth\u00e9caire invers\u00e9, puis d\u2019en utiliser les fonds \u00e0 votre guise.<\/p>\n<p>Aussi longtemps que vous vivrez dans la propri\u00e9t\u00e9, vous ne serez pas tenu d\u2019effectuer de versements. De cette mani\u00e8re, si vos revenus ont baiss\u00e9 depuis la retraite, le pr\u00eat hypoth\u00e9caire invers\u00e9 vous permettrait de compenser cette baisse et de continuer ainsi \u00e0 mener le m\u00eame train de vie qu\u2019avant. D\u2019autre part, si vous avez attrap\u00e9 la piq\u00fbre du voyage et que vous souhaitez parcourir le monde ou \u00e9chapper \u00e0 la froide saison hivernale, voil\u00e0 votre chance ! Exempte d\u2019imp\u00f4t, cette somme d\u2019argent peut \u00eatre utilis\u00e9e comme vous le voulez !<\/p>\n<h2><strong><u>Les types de pr\u00eats hypoth\u00e9caires invers\u00e9s<\/u><\/strong><\/h2>\n<p>Il existe deux types de pr\u00eats hypoth\u00e9caires invers\u00e9s. Le premier vous permet de recevoir jusqu\u2019\u00e0 55\u00a0% de la valeur marchande de votre propri\u00e9t\u00e9 en un seul versement forfaitaire. Il s\u2019agit d\u2019un bon choix si vous visez l\u2019am\u00e9lioration de la situation financi\u00e8re de votre famille ou que vous souhaitez payer des dettes que vous tra\u00eenez depuis longtemps. Cette option convient \u00e9galement si vous souhaitez vous offrir des vacances bien m\u00e9rit\u00e9es.<\/p>\n<p>Le deuxi\u00e8me type vous permet de recevoir jusqu\u2019\u00e0 40\u00a0% de la valeur marchande de votre propri\u00e9t\u00e9 en paiements mensuels ou p\u00e9riodiques. Il vous est m\u00eame possible d\u2019opter pour une combinaison d\u2019un versement forfaitaire unique et de versements mensuels ou p\u00e9riodiques.<\/p>\n<p>Voil\u00e0 une option id\u00e9ale si vous souhaitez mener un train de vie ais\u00e9 au quotidien. Cet argent suppl\u00e9mentaire vous \u00e9viterait d\u2019avoir \u00e0 puiser dans votre portefeuille de placement.<\/p>\n<h3><strong>Admissibilit\u00e9<\/strong><\/h3>\n<ul>\n<li>Vous poss\u00e9dez au Canada une propri\u00e9t\u00e9 qui constitue votre r\u00e9sidence principale;<\/li>\n<li>Vous avez au moins 55 ans.<\/li>\n<\/ul>\n<h3><strong>Avantages<\/strong><\/h3>\n<ul>\n<li>Les fonds sont exempts d\u2019imp\u00f4t;<\/li>\n<li>Ils n\u2019ont aucune incidence sur les montants re\u00e7us \u00e0 titre de prestation de retraite ou de suppl\u00e9ment;<\/li>\n<li>Vous n\u2019aurez \u00e0 effectuer aucun versement hypoth\u00e9caire tant que votre conjoint (ou conjointe) demeure dans la maison;<\/li>\n<li>Vous demeurez propri\u00e9taire de votre maison;<\/li>\n<li>Lors du remboursement de votre hypoth\u00e8que ou en cas de vente, vous conservez l\u2019\u00e9quit\u00e9 restante de votre propri\u00e9t\u00e9.<\/li>\n<\/ul>\n<h3><strong>Obligations<\/strong><\/h3>\n<ul>\n<li>Continuer \u00e0 entretenir votre propri\u00e9t\u00e9;<\/li>\n<li>Continuer \u00e0 payer l\u2019imp\u00f4t foncier ainsi que l\u2019assurance habitation.<\/li>\n<\/ul>\n<p>Pour v\u00e9rifier votre admissibilit\u00e9 \u00e0 un pr\u00eat hypoth\u00e9caire invers\u00e9 ou \u00e9valuer le montant du pr\u00eat auquel vous pourriez avoir droit, communiquez avec l\u2019\u00e9quipe Levine! Celle-ci \u00e9valuera votre admissibilit\u00e9 et vous assistera durant toutes vos d\u00e9marches. Comme des milliers d\u2019autres propri\u00e9taires, d\u00e9couvrez les avantages d\u2019un pr\u00eat hypoth\u00e9caire invers\u00e9.<\/p>","protected":false},"excerpt":{"rendered":"<p>Le concept du pr\u00eat hypoth\u00e9caire invers\u00e9 est g\u00e9nial\u00a0: il vous permet de puiser dans l\u2019\u00e9quit\u00e9 de votre propri\u00e9t\u00e9, et de profiter ainsi des bonnes choses de la vie. Voil\u00e0 le type d\u2019hypoth\u00e8que parfait si vous avez 55 ans et plus ! Votre admissibilit\u00e9 \u00e0 ce type d\u2019hypoth\u00e8que d\u00e9pend de nombreux facteurs comme votre \u00e2ge, l\u2019emplacement [&hellip;]<\/p>\n","protected":false},"author":1,"featured_media":0,"parent":56,"menu_order":67,"comment_status":"closed","ping_status":"closed","template":"page-reverse-mortgage.php","meta":{"_acf_changed":false,"footnotes":""},"class_list":["post-573","page","type-page","status-publish","hentry"],"acf":[],"yoast_head":"<!-- This site is optimized with the Yoast SEO plugin v27.3 - https:\/\/yoast.com\/product\/yoast-seo-wordpress\/ -->\n<title>Pr\u00eat hypoth\u00e9caire invers\u00e9 : nos services | Team LevinePr\u00eat hypoth\u00e9caire invers\u00e9 : nos services | Team Levine<\/title>\n<meta name=\"description\" content=\"D\u00e9couvrez nos services de pr\u00eat hypoth\u00e9caire invers\u00e9 et lancez-vous sereinement dans vos projets. Team Levine, vos experts en services d&#039;hypoth\u00e8que \u00e0 Montr\u00e9al.D\u00e9couvrez nos services de pr\u00eat hypoth\u00e9caire invers\u00e9 et lancez-vous sereinement dans vos projets. Team Levine, vos experts en services d&#039;hypoth\u00e8que \u00e0 Montr\u00e9al.\" \/>\n<meta name=\"robots\" content=\"index, follow, max-snippet:-1, max-image-preview:large, max-video-preview:-1\" \/>\n<link rel=\"canonical\" href=\"https:\/\/teamlevine.ca\/mortgage\/reverse-mortgage\/\" \/>\n<meta property=\"og:locale\" content=\"fr_FR\" \/>\n<meta property=\"og:type\" content=\"article\" \/>\n<meta property=\"og:title\" content=\"[:en]Reverse Mortgage Montreal, Chip Mortgage Montreal[:fr]Pr\u00eat hypoth\u00e9caire invers\u00e9 : nos services | Team LevinePr\u00eat hypoth\u00e9caire invers\u00e9 : nos services | Team Levine[:]\" \/>\n<meta property=\"og:description\" content=\"{:en}Unlock your home&#039;s equity with a reverse mortgage in Montreal. Explore CHIP mortgage options for financial flexibility and peace of mind.{:fr}D\u00e9couvrez nos services de pr\u00eat hypoth\u00e9caire invers\u00e9 et lancez-vous sereinement dans vos projets. Team Levine, vos experts en services d&#039;hypoth\u00e8que \u00e0 Montr\u00e9al.D\u00e9couvrez nos services de pr\u00eat hypoth\u00e9caire invers\u00e9 et lancez-vous sereinement dans vos projets. Team Levine, vos experts en services d&#039;hypoth\u00e8que \u00e0 Montr\u00e9al.{:}\" \/>\n<meta property=\"og:url\" content=\"https:\/\/teamlevine.ca\/mortgage\/reverse-mortgage\/\" \/>\n<meta property=\"og:site_name\" content=\"Team Levine\" \/>\n<meta property=\"article:modified_time\" content=\"2024-10-15T07:02:37+00:00\" \/>\n<meta name=\"twitter:card\" content=\"summary_large_image\" \/>\n<meta name=\"twitter:label1\" content=\"Dur\u00e9e de lecture estim\u00e9e\" \/>\n\t<meta name=\"twitter:data1\" content=\"3 minutes\" \/>\n<script type=\"application\/ld+json\" class=\"yoast-schema-graph\">{\"@context\":\"https:\\\/\\\/schema.org\",\"@graph\":[{\"@type\":\"WebPage\",\"@id\":\"https:\\\/\\\/teamlevine.ca\\\/mortgage\\\/reverse-mortgage\\\/\",\"url\":\"https:\\\/\\\/teamlevine.ca\\\/mortgage\\\/reverse-mortgage\\\/\",\"name\":\"[:en]Reverse Mortgage Montreal, Chip Mortgage Montreal[:fr]Pr\u00eat hypoth\u00e9caire invers\u00e9 : nos services | Team LevinePr\u00eat hypoth\u00e9caire invers\u00e9 : nos services | Team Levine[:]\",\"isPartOf\":{\"@id\":\"https:\\\/\\\/teamlevine.ca\\\/#website\"},\"datePublished\":\"2017-04-21T13:56:07+00:00\",\"dateModified\":\"2024-10-15T07:02:37+00:00\",\"description\":\"{:en}Unlock your home's equity with a reverse mortgage in Montreal. Explore CHIP mortgage options for financial flexibility and peace of mind.{:fr}D\u00e9couvrez nos services de pr\u00eat hypoth\u00e9caire invers\u00e9 et lancez-vous sereinement dans vos projets. Team Levine, vos experts en services d'hypoth\u00e8que \u00e0 Montr\u00e9al.D\u00e9couvrez nos services de pr\u00eat hypoth\u00e9caire invers\u00e9 et lancez-vous sereinement dans vos projets. Team Levine, vos experts en services d'hypoth\u00e8que \u00e0 Montr\u00e9al.{:}\",\"breadcrumb\":{\"@id\":\"https:\\\/\\\/teamlevine.ca\\\/mortgage\\\/reverse-mortgage\\\/#breadcrumb\"},\"inLanguage\":\"fr-FR\",\"potentialAction\":[{\"@type\":\"ReadAction\",\"target\":[\"https:\\\/\\\/teamlevine.ca\\\/mortgage\\\/reverse-mortgage\\\/\"]}]},{\"@type\":\"BreadcrumbList\",\"@id\":\"https:\\\/\\\/teamlevine.ca\\\/mortgage\\\/reverse-mortgage\\\/#breadcrumb\",\"itemListElement\":[{\"@type\":\"ListItem\",\"position\":1,\"name\":\"Home\",\"item\":\"https:\\\/\\\/teamlevine.ca\\\/\"},{\"@type\":\"ListItem\",\"position\":2,\"name\":\"Mortgage\",\"item\":\"https:\\\/\\\/teamlevine.ca\\\/mortgage\\\/\"},{\"@type\":\"ListItem\",\"position\":3,\"name\":\"Reverse Mortgage\"}]},{\"@type\":\"WebSite\",\"@id\":\"https:\\\/\\\/teamlevine.ca\\\/#website\",\"url\":\"https:\\\/\\\/teamlevine.ca\\\/\",\"name\":\"Team Levine\",\"description\":\"\",\"potentialAction\":[{\"@type\":\"SearchAction\",\"target\":{\"@type\":\"EntryPoint\",\"urlTemplate\":\"https:\\\/\\\/teamlevine.ca\\\/?s={search_term_string}\"},\"query-input\":{\"@type\":\"PropertyValueSpecification\",\"valueRequired\":true,\"valueName\":\"search_term_string\"}}],\"inLanguage\":\"fr-FR\"}]}<\/script>\n<!-- \/ Yoast SEO plugin. -->","yoast_head_json":{"title":"Pr\u00eat hypoth\u00e9caire invers\u00e9 : nos services | Team LevinePr\u00eat hypoth\u00e9caire invers\u00e9 : nos services | Team Levine","description":"D\u00e9couvrez nos services de pr\u00eat hypoth\u00e9caire invers\u00e9 et lancez-vous sereinement dans vos projets. Team Levine, vos experts en services d'hypoth\u00e8que \u00e0 Montr\u00e9al.D\u00e9couvrez nos services de pr\u00eat hypoth\u00e9caire invers\u00e9 et lancez-vous sereinement dans vos projets. Team Levine, vos experts en services d'hypoth\u00e8que \u00e0 Montr\u00e9al.","robots":{"index":"index","follow":"follow","max-snippet":"max-snippet:-1","max-image-preview":"max-image-preview:large","max-video-preview":"max-video-preview:-1"},"canonical":"https:\/\/teamlevine.ca\/mortgage\/reverse-mortgage\/","og_locale":"fr_FR","og_type":"article","og_title":"[:en]Reverse Mortgage Montreal, Chip Mortgage Montreal[:fr]Pr\u00eat hypoth\u00e9caire invers\u00e9 : nos services | Team LevinePr\u00eat hypoth\u00e9caire invers\u00e9 : nos services | Team Levine[:]","og_description":"{:en}Unlock your home's equity with a reverse mortgage in Montreal. Explore CHIP mortgage options for financial flexibility and peace of mind.{:fr}D\u00e9couvrez nos services de pr\u00eat hypoth\u00e9caire invers\u00e9 et lancez-vous sereinement dans vos projets. Team Levine, vos experts en services d'hypoth\u00e8que \u00e0 Montr\u00e9al.D\u00e9couvrez nos services de pr\u00eat hypoth\u00e9caire invers\u00e9 et lancez-vous sereinement dans vos projets. Team Levine, vos experts en services d'hypoth\u00e8que \u00e0 Montr\u00e9al.{:}","og_url":"https:\/\/teamlevine.ca\/mortgage\/reverse-mortgage\/","og_site_name":"Team Levine","article_modified_time":"2024-10-15T07:02:37+00:00","twitter_card":"summary_large_image","twitter_misc":{"Dur\u00e9e de lecture estim\u00e9e":"3 minutes"},"schema":{"@context":"https:\/\/schema.org","@graph":[{"@type":"WebPage","@id":"https:\/\/teamlevine.ca\/mortgage\/reverse-mortgage\/","url":"https:\/\/teamlevine.ca\/mortgage\/reverse-mortgage\/","name":"[:en]Reverse Mortgage Montreal, Chip Mortgage Montreal[:fr]Pr\u00eat hypoth\u00e9caire invers\u00e9 : nos services | Team LevinePr\u00eat hypoth\u00e9caire invers\u00e9 : nos services | Team Levine[:]","isPartOf":{"@id":"https:\/\/teamlevine.ca\/#website"},"datePublished":"2017-04-21T13:56:07+00:00","dateModified":"2024-10-15T07:02:37+00:00","description":"{:en}Unlock your home's equity with a reverse mortgage in Montreal. Explore CHIP mortgage options for financial flexibility and peace of mind.{:fr}D\u00e9couvrez nos services de pr\u00eat hypoth\u00e9caire invers\u00e9 et lancez-vous sereinement dans vos projets. Team Levine, vos experts en services d'hypoth\u00e8que \u00e0 Montr\u00e9al.D\u00e9couvrez nos services de pr\u00eat hypoth\u00e9caire invers\u00e9 et lancez-vous sereinement dans vos projets. Team Levine, vos experts en services d'hypoth\u00e8que \u00e0 Montr\u00e9al.{:}","breadcrumb":{"@id":"https:\/\/teamlevine.ca\/mortgage\/reverse-mortgage\/#breadcrumb"},"inLanguage":"fr-FR","potentialAction":[{"@type":"ReadAction","target":["https:\/\/teamlevine.ca\/mortgage\/reverse-mortgage\/"]}]},{"@type":"BreadcrumbList","@id":"https:\/\/teamlevine.ca\/mortgage\/reverse-mortgage\/#breadcrumb","itemListElement":[{"@type":"ListItem","position":1,"name":"Home","item":"https:\/\/teamlevine.ca\/"},{"@type":"ListItem","position":2,"name":"Mortgage","item":"https:\/\/teamlevine.ca\/mortgage\/"},{"@type":"ListItem","position":3,"name":"Reverse Mortgage"}]},{"@type":"WebSite","@id":"https:\/\/teamlevine.ca\/#website","url":"https:\/\/teamlevine.ca\/","name":"Team Levine","description":"","potentialAction":[{"@type":"SearchAction","target":{"@type":"EntryPoint","urlTemplate":"https:\/\/teamlevine.ca\/?s={search_term_string}"},"query-input":{"@type":"PropertyValueSpecification","valueRequired":true,"valueName":"search_term_string"}}],"inLanguage":"fr-FR"}]}},"_links":{"self":[{"href":"https:\/\/teamlevine.ca\/fr\/wp-json\/wp\/v2\/pages\/573","targetHints":{"allow":["GET"]}}],"collection":[{"href":"https:\/\/teamlevine.ca\/fr\/wp-json\/wp\/v2\/pages"}],"about":[{"href":"https:\/\/teamlevine.ca\/fr\/wp-json\/wp\/v2\/types\/page"}],"author":[{"embeddable":true,"href":"https:\/\/teamlevine.ca\/fr\/wp-json\/wp\/v2\/users\/1"}],"replies":[{"embeddable":true,"href":"https:\/\/teamlevine.ca\/fr\/wp-json\/wp\/v2\/comments?post=573"}],"version-history":[{"count":2,"href":"https:\/\/teamlevine.ca\/fr\/wp-json\/wp\/v2\/pages\/573\/revisions"}],"predecessor-version":[{"id":651,"href":"https:\/\/teamlevine.ca\/fr\/wp-json\/wp\/v2\/pages\/573\/revisions\/651"}],"up":[{"embeddable":true,"href":"https:\/\/teamlevine.ca\/fr\/wp-json\/wp\/v2\/pages\/56"}],"wp:attachment":[{"href":"https:\/\/teamlevine.ca\/fr\/wp-json\/wp\/v2\/media?parent=573"}],"curies":[{"name":"wp","href":"https:\/\/api.w.org\/{rel}","templated":true}]}}