{"id":56,"date":"2017-02-14T07:48:07","date_gmt":"2017-02-14T07:48:07","guid":{"rendered":"https:\/\/teamlevine.ca\/?page_id=56"},"modified":"2024-10-15T02:58:30","modified_gmt":"2024-10-15T06:58:30","slug":"nos-services","status":"publish","type":"page","link":"https:\/\/teamlevine.ca\/fr\/hypotheques\/","title":{"rendered":"Services d&rsquo;hypoth\u00e8que"},"content":{"rendered":"","protected":false},"excerpt":{"rendered":"","protected":false},"author":1,"featured_media":0,"parent":0,"menu_order":51,"comment_status":"closed","ping_status":"closed","template":"page-services.php","meta":{"_acf_changed":false,"footnotes":""},"class_list":["post-56","page","type-page","status-publish","hentry"],"acf":[],"yoast_head":"<!-- This site is optimized with the Yoast SEO plugin v27.3 - https:\/\/yoast.com\/product\/yoast-seo-wordpress\/ -->\n<title>Experts en services d&#039;hypoth\u00e8que \u00e0 Montr\u00e9al | Team Levine<\/title>\n<meta name=\"description\" content=\"D\u00e9couvrez nos services d&#039;hypoth\u00e8que avec les meilleurs taux de Montr\u00e9al et lancez-vous dans vos projets Team Levine, vos experts en services d&#039;hypoth\u00e8que \u00e0 Montr\u00e9al.\" \/>\n<meta name=\"robots\" content=\"index, follow, max-snippet:-1, max-image-preview:large, max-video-preview:-1\" \/>\n<link rel=\"canonical\" href=\"https:\/\/teamlevine.ca\/mortgage\/\" \/>\n<meta property=\"og:locale\" content=\"fr_FR\" \/>\n<meta property=\"og:type\" content=\"article\" \/>\n<meta property=\"og:title\" content=\"[:en]Montreal Mortgage Broker, Montreal Mortgage Brokers[:fr]Experts en services d&#039;hypoth\u00e8que \u00e0 Montr\u00e9al | Team Levine[:]\" \/>\n<meta property=\"og:description\" content=\"{:en}Unlock the best mortgage deals in Montreal with our expert brokers. Trust our dedicated team for tailored solutions and competitive rates.{:fr}D\u00e9couvrez nos services d&#039;hypoth\u00e8que avec les meilleurs taux de Montr\u00e9al et lancez-vous dans vos projets Team Levine, vos experts en services d&#039;hypoth\u00e8que \u00e0 Montr\u00e9al.{:}\" \/>\n<meta property=\"og:url\" content=\"https:\/\/teamlevine.ca\/mortgage\/\" \/>\n<meta property=\"og:site_name\" content=\"Team Levine\" \/>\n<meta property=\"article:modified_time\" content=\"2024-10-15T06:58:30+00:00\" \/>\n<meta name=\"twitter:card\" content=\"summary_large_image\" \/>\n<script type=\"application\/ld+json\" class=\"yoast-schema-graph\">{\"@context\":\"https:\\\/\\\/schema.org\",\"@graph\":[{\"@type\":\"WebPage\",\"@id\":\"https:\\\/\\\/teamlevine.ca\\\/mortgage\\\/\",\"url\":\"https:\\\/\\\/teamlevine.ca\\\/mortgage\\\/\",\"name\":\"[:en]Montreal Mortgage Broker, Montreal Mortgage Brokers[:fr]Experts en services d'hypoth\u00e8que \u00e0 Montr\u00e9al | Team Levine[:]\",\"isPartOf\":{\"@id\":\"https:\\\/\\\/teamlevine.ca\\\/#website\"},\"datePublished\":\"2017-02-14T07:48:07+00:00\",\"dateModified\":\"2024-10-15T06:58:30+00:00\",\"description\":\"{:en}Unlock the best mortgage deals in Montreal with our expert brokers. Trust our dedicated team for tailored solutions and competitive rates.{:fr}D\u00e9couvrez nos services d'hypoth\u00e8que avec les meilleurs taux de Montr\u00e9al et lancez-vous dans vos projets Team Levine, vos experts en services d'hypoth\u00e8que \u00e0 Montr\u00e9al.{:}\",\"breadcrumb\":{\"@id\":\"https:\\\/\\\/teamlevine.ca\\\/mortgage\\\/#breadcrumb\"},\"inLanguage\":\"fr-FR\",\"potentialAction\":[{\"@type\":\"ReadAction\",\"target\":[\"https:\\\/\\\/teamlevine.ca\\\/mortgage\\\/\"]}]},{\"@type\":\"BreadcrumbList\",\"@id\":\"https:\\\/\\\/teamlevine.ca\\\/mortgage\\\/#breadcrumb\",\"itemListElement\":[{\"@type\":\"ListItem\",\"position\":1,\"name\":\"Home\",\"item\":\"https:\\\/\\\/teamlevine.ca\\\/\"},{\"@type\":\"ListItem\",\"position\":2,\"name\":\"Mortgage\"}]},{\"@type\":\"WebSite\",\"@id\":\"https:\\\/\\\/teamlevine.ca\\\/#website\",\"url\":\"https:\\\/\\\/teamlevine.ca\\\/\",\"name\":\"Team Levine\",\"description\":\"\",\"potentialAction\":[{\"@type\":\"SearchAction\",\"target\":{\"@type\":\"EntryPoint\",\"urlTemplate\":\"https:\\\/\\\/teamlevine.ca\\\/?s={search_term_string}\"},\"query-input\":{\"@type\":\"PropertyValueSpecification\",\"valueRequired\":true,\"valueName\":\"search_term_string\"}}],\"inLanguage\":\"fr-FR\"}]}<\/script>\n<!-- \/ Yoast SEO plugin. -->","yoast_head_json":{"title":"Experts en services d'hypoth\u00e8que \u00e0 Montr\u00e9al | Team Levine","description":"D\u00e9couvrez nos services d'hypoth\u00e8que avec les meilleurs taux de Montr\u00e9al et lancez-vous dans vos projets Team Levine, vos experts en services d'hypoth\u00e8que \u00e0 Montr\u00e9al.","robots":{"index":"index","follow":"follow","max-snippet":"max-snippet:-1","max-image-preview":"max-image-preview:large","max-video-preview":"max-video-preview:-1"},"canonical":"https:\/\/teamlevine.ca\/mortgage\/","og_locale":"fr_FR","og_type":"article","og_title":"[:en]Montreal Mortgage Broker, Montreal Mortgage Brokers[:fr]Experts en services d'hypoth\u00e8que \u00e0 Montr\u00e9al | Team Levine[:]","og_description":"{:en}Unlock the best mortgage deals in Montreal with our expert brokers. Trust our dedicated team for tailored solutions and competitive rates.{:fr}D\u00e9couvrez nos services d'hypoth\u00e8que avec les meilleurs taux de Montr\u00e9al et lancez-vous dans vos projets Team Levine, vos experts en services d'hypoth\u00e8que \u00e0 Montr\u00e9al.{:}","og_url":"https:\/\/teamlevine.ca\/mortgage\/","og_site_name":"Team Levine","article_modified_time":"2024-10-15T06:58:30+00:00","twitter_card":"summary_large_image","schema":{"@context":"https:\/\/schema.org","@graph":[{"@type":"WebPage","@id":"https:\/\/teamlevine.ca\/mortgage\/","url":"https:\/\/teamlevine.ca\/mortgage\/","name":"[:en]Montreal Mortgage Broker, Montreal Mortgage Brokers[:fr]Experts en services d'hypoth\u00e8que \u00e0 Montr\u00e9al | Team Levine[:]","isPartOf":{"@id":"https:\/\/teamlevine.ca\/#website"},"datePublished":"2017-02-14T07:48:07+00:00","dateModified":"2024-10-15T06:58:30+00:00","description":"{:en}Unlock the best mortgage deals in Montreal with our expert brokers. Trust our dedicated team for tailored solutions and competitive rates.{:fr}D\u00e9couvrez nos services d'hypoth\u00e8que avec les meilleurs taux de Montr\u00e9al et lancez-vous dans vos projets Team Levine, vos experts en services d'hypoth\u00e8que \u00e0 Montr\u00e9al.{:}","breadcrumb":{"@id":"https:\/\/teamlevine.ca\/mortgage\/#breadcrumb"},"inLanguage":"fr-FR","potentialAction":[{"@type":"ReadAction","target":["https:\/\/teamlevine.ca\/mortgage\/"]}]},{"@type":"BreadcrumbList","@id":"https:\/\/teamlevine.ca\/mortgage\/#breadcrumb","itemListElement":[{"@type":"ListItem","position":1,"name":"Home","item":"https:\/\/teamlevine.ca\/"},{"@type":"ListItem","position":2,"name":"Mortgage"}]},{"@type":"WebSite","@id":"https:\/\/teamlevine.ca\/#website","url":"https:\/\/teamlevine.ca\/","name":"Team Levine","description":"","potentialAction":[{"@type":"SearchAction","target":{"@type":"EntryPoint","urlTemplate":"https:\/\/teamlevine.ca\/?s={search_term_string}"},"query-input":{"@type":"PropertyValueSpecification","valueRequired":true,"valueName":"search_term_string"}}],"inLanguage":"fr-FR"}]}},"_links":{"self":[{"href":"https:\/\/teamlevine.ca\/fr\/wp-json\/wp\/v2\/pages\/56","targetHints":{"allow":["GET"]}}],"collection":[{"href":"https:\/\/teamlevine.ca\/fr\/wp-json\/wp\/v2\/pages"}],"about":[{"href":"https:\/\/teamlevine.ca\/fr\/wp-json\/wp\/v2\/types\/page"}],"author":[{"embeddable":true,"href":"https:\/\/teamlevine.ca\/fr\/wp-json\/wp\/v2\/users\/1"}],"replies":[{"embeddable":true,"href":"https:\/\/teamlevine.ca\/fr\/wp-json\/wp\/v2\/comments?post=56"}],"version-history":[{"count":6,"href":"https:\/\/teamlevine.ca\/fr\/wp-json\/wp\/v2\/pages\/56\/revisions"}],"predecessor-version":[{"id":1020,"href":"https:\/\/teamlevine.ca\/fr\/wp-json\/wp\/v2\/pages\/56\/revisions\/1020"}],"wp:attachment":[{"href":"https:\/\/teamlevine.ca\/fr\/wp-json\/wp\/v2\/media?parent=56"}],"curies":[{"name":"wp","href":"https:\/\/api.w.org\/{rel}","templated":true}]}}