{"id":54,"date":"2017-02-14T07:28:45","date_gmt":"2017-02-14T07:28:45","guid":{"rendered":"https:\/\/teamlevine.ca\/?page_id=54"},"modified":"2024-10-15T03:01:13","modified_gmt":"2024-10-15T07:01:13","slug":"taux","status":"publish","type":"page","link":"https:\/\/teamlevine.ca\/fr\/hypotheques\/taux\/","title":{"rendered":"Taux hypoth\u00e9caires \u00e0 Montr\u00e9al"},"content":{"rendered":"<p>Gr\u00e2ce \u00e0 l&rsquo;\u00e9norme volume d&rsquo;affaires que nous r\u00e9alisons avec les banques chaque ann\u00e9e, nous sommes en mesure d&rsquo;obtenir des r\u00e9ductions sur leurs taux. Nous sommes heureux de vous en faire profiter. Jetez un coup d&rsquo;\u0153il \u00e0 nos meilleurs taux ci-dessous. Et oui, nous pouvons m\u00eame obtenir pour vous ces excellents taux \u00e0 votre propre banque.<\/p>\n<p><strong>Gel de taux:<\/strong><\/p>\n<p>Ces taux peuvent \u00eatre garantis jusqu&rsquo;\u00e0 4 mois. Besoin d&rsquo;une plus longue p\u00e9riode? Aucun souci, nous offrons aussi des garantis de taux prolong\u00e9s!<\/p>","protected":false},"excerpt":{"rendered":"<p>Gr\u00e2ce \u00e0 l&rsquo;\u00e9norme volume d&rsquo;affaires que nous r\u00e9alisons avec les banques chaque ann\u00e9e, nous sommes en mesure d&rsquo;obtenir des r\u00e9ductions sur leurs taux. Nous sommes heureux de vous en faire profiter. Jetez un coup d&rsquo;\u0153il \u00e0 nos meilleurs taux ci-dessous. Et oui, nous pouvons m\u00eame obtenir pour vous ces excellents taux \u00e0 votre propre banque. [&hellip;]<\/p>\n","protected":false},"author":1,"featured_media":0,"parent":56,"menu_order":68,"comment_status":"closed","ping_status":"closed","template":"page-rates.php","meta":{"_acf_changed":false,"footnotes":""},"class_list":["post-54","page","type-page","status-publish","hentry"],"acf":[],"yoast_head":"<!-- This site is optimized with the Yoast SEO plugin v27.3 - https:\/\/yoast.com\/product\/yoast-seo-wordpress\/ -->\n<title>Taux hypoth\u00e9caires \u00e0 Montr\u00e9al | Tout savoir ! | Team LevineTaux hypoth\u00e9caires \u00e0 Montr\u00e9al | Tout savoir ! | Team Levine<\/title>\n<meta name=\"description\" content=\"Trouvez quels sont les meilleurs taux hypoth\u00e9caires \u00e0 Montr\u00e9al et faites le bon choix pour vos projets. Team Levine, vos experts en services d&#039;hypoth\u00e8que \u00e0 Montr\u00e9al.\" \/>\n<meta name=\"robots\" content=\"index, follow, max-snippet:-1, max-image-preview:large, max-video-preview:-1\" \/>\n<link rel=\"canonical\" href=\"https:\/\/teamlevine.ca\/mortgage\/mortgage-rates\/\" \/>\n<meta property=\"og:locale\" content=\"fr_FR\" \/>\n<meta property=\"og:type\" content=\"article\" \/>\n<meta property=\"og:title\" content=\"[:en]Montreal Mortgage Rates, Best Mortgage Rate Montreal[:fr]Taux hypoth\u00e9caires \u00e0 Montr\u00e9al | Tout savoir ! | Team LevineTaux hypoth\u00e9caires \u00e0 Montr\u00e9al | Tout savoir ! | Team Levine[:]\" \/>\n<meta property=\"og:description\" content=\"{:en}Find the best mortgage rates in Montreal tailored to your needs. Explore competitive offers and secure your dream home affordably.{:fr}Trouvez quels sont les meilleurs taux hypoth\u00e9caires \u00e0 Montr\u00e9al et faites le bon choix pour vos projets. Team Levine, vos experts en services d&#039;hypoth\u00e8que \u00e0 Montr\u00e9al.{:}\" \/>\n<meta property=\"og:url\" content=\"https:\/\/teamlevine.ca\/mortgage\/mortgage-rates\/\" \/>\n<meta property=\"og:site_name\" content=\"Team Levine\" \/>\n<meta property=\"article:modified_time\" content=\"2024-10-15T07:01:13+00:00\" \/>\n<meta name=\"twitter:card\" content=\"summary_large_image\" \/>\n<meta name=\"twitter:label1\" content=\"Dur\u00e9e de lecture estim\u00e9e\" \/>\n\t<meta name=\"twitter:data1\" content=\"1 minute\" \/>\n<script type=\"application\/ld+json\" class=\"yoast-schema-graph\">{\"@context\":\"https:\\\/\\\/schema.org\",\"@graph\":[{\"@type\":\"WebPage\",\"@id\":\"https:\\\/\\\/teamlevine.ca\\\/mortgage\\\/mortgage-rates\\\/\",\"url\":\"https:\\\/\\\/teamlevine.ca\\\/mortgage\\\/mortgage-rates\\\/\",\"name\":\"[:en]Montreal Mortgage Rates, Best Mortgage Rate Montreal[:fr]Taux hypoth\u00e9caires \u00e0 Montr\u00e9al | Tout savoir ! | Team LevineTaux hypoth\u00e9caires \u00e0 Montr\u00e9al | Tout savoir ! | Team Levine[:]\",\"isPartOf\":{\"@id\":\"https:\\\/\\\/teamlevine.ca\\\/#website\"},\"datePublished\":\"2017-02-14T07:28:45+00:00\",\"dateModified\":\"2024-10-15T07:01:13+00:00\",\"description\":\"{:en}Find the best mortgage rates in Montreal tailored to your needs. Explore competitive offers and secure your dream home affordably.{:fr}Trouvez quels sont les meilleurs taux hypoth\u00e9caires \u00e0 Montr\u00e9al et faites le bon choix pour vos projets. Team Levine, vos experts en services d'hypoth\u00e8que \u00e0 Montr\u00e9al.{:}\",\"breadcrumb\":{\"@id\":\"https:\\\/\\\/teamlevine.ca\\\/mortgage\\\/mortgage-rates\\\/#breadcrumb\"},\"inLanguage\":\"fr-FR\",\"potentialAction\":[{\"@type\":\"ReadAction\",\"target\":[\"https:\\\/\\\/teamlevine.ca\\\/mortgage\\\/mortgage-rates\\\/\"]}]},{\"@type\":\"BreadcrumbList\",\"@id\":\"https:\\\/\\\/teamlevine.ca\\\/mortgage\\\/mortgage-rates\\\/#breadcrumb\",\"itemListElement\":[{\"@type\":\"ListItem\",\"position\":1,\"name\":\"Home\",\"item\":\"https:\\\/\\\/teamlevine.ca\\\/\"},{\"@type\":\"ListItem\",\"position\":2,\"name\":\"Mortgage\",\"item\":\"https:\\\/\\\/teamlevine.ca\\\/mortgage\\\/\"},{\"@type\":\"ListItem\",\"position\":3,\"name\":\"Mortgage Rates\"}]},{\"@type\":\"WebSite\",\"@id\":\"https:\\\/\\\/teamlevine.ca\\\/#website\",\"url\":\"https:\\\/\\\/teamlevine.ca\\\/\",\"name\":\"Team Levine\",\"description\":\"\",\"potentialAction\":[{\"@type\":\"SearchAction\",\"target\":{\"@type\":\"EntryPoint\",\"urlTemplate\":\"https:\\\/\\\/teamlevine.ca\\\/?s={search_term_string}\"},\"query-input\":{\"@type\":\"PropertyValueSpecification\",\"valueRequired\":true,\"valueName\":\"search_term_string\"}}],\"inLanguage\":\"fr-FR\"}]}<\/script>\n<!-- \/ Yoast SEO plugin. -->","yoast_head_json":{"title":"Taux hypoth\u00e9caires \u00e0 Montr\u00e9al | Tout savoir ! | Team LevineTaux hypoth\u00e9caires \u00e0 Montr\u00e9al | Tout savoir ! | Team Levine","description":"Trouvez quels sont les meilleurs taux hypoth\u00e9caires \u00e0 Montr\u00e9al et faites le bon choix pour vos projets. Team Levine, vos experts en services d'hypoth\u00e8que \u00e0 Montr\u00e9al.","robots":{"index":"index","follow":"follow","max-snippet":"max-snippet:-1","max-image-preview":"max-image-preview:large","max-video-preview":"max-video-preview:-1"},"canonical":"https:\/\/teamlevine.ca\/mortgage\/mortgage-rates\/","og_locale":"fr_FR","og_type":"article","og_title":"[:en]Montreal Mortgage Rates, Best Mortgage Rate Montreal[:fr]Taux hypoth\u00e9caires \u00e0 Montr\u00e9al | Tout savoir ! | Team LevineTaux hypoth\u00e9caires \u00e0 Montr\u00e9al | Tout savoir ! | Team Levine[:]","og_description":"{:en}Find the best mortgage rates in Montreal tailored to your needs. Explore competitive offers and secure your dream home affordably.{:fr}Trouvez quels sont les meilleurs taux hypoth\u00e9caires \u00e0 Montr\u00e9al et faites le bon choix pour vos projets. Team Levine, vos experts en services d'hypoth\u00e8que \u00e0 Montr\u00e9al.{:}","og_url":"https:\/\/teamlevine.ca\/mortgage\/mortgage-rates\/","og_site_name":"Team Levine","article_modified_time":"2024-10-15T07:01:13+00:00","twitter_card":"summary_large_image","twitter_misc":{"Dur\u00e9e de lecture estim\u00e9e":"1 minute"},"schema":{"@context":"https:\/\/schema.org","@graph":[{"@type":"WebPage","@id":"https:\/\/teamlevine.ca\/mortgage\/mortgage-rates\/","url":"https:\/\/teamlevine.ca\/mortgage\/mortgage-rates\/","name":"[:en]Montreal Mortgage Rates, Best Mortgage Rate Montreal[:fr]Taux hypoth\u00e9caires \u00e0 Montr\u00e9al | Tout savoir ! | Team LevineTaux hypoth\u00e9caires \u00e0 Montr\u00e9al | Tout savoir ! | Team Levine[:]","isPartOf":{"@id":"https:\/\/teamlevine.ca\/#website"},"datePublished":"2017-02-14T07:28:45+00:00","dateModified":"2024-10-15T07:01:13+00:00","description":"{:en}Find the best mortgage rates in Montreal tailored to your needs. Explore competitive offers and secure your dream home affordably.{:fr}Trouvez quels sont les meilleurs taux hypoth\u00e9caires \u00e0 Montr\u00e9al et faites le bon choix pour vos projets. Team Levine, vos experts en services d'hypoth\u00e8que \u00e0 Montr\u00e9al.{:}","breadcrumb":{"@id":"https:\/\/teamlevine.ca\/mortgage\/mortgage-rates\/#breadcrumb"},"inLanguage":"fr-FR","potentialAction":[{"@type":"ReadAction","target":["https:\/\/teamlevine.ca\/mortgage\/mortgage-rates\/"]}]},{"@type":"BreadcrumbList","@id":"https:\/\/teamlevine.ca\/mortgage\/mortgage-rates\/#breadcrumb","itemListElement":[{"@type":"ListItem","position":1,"name":"Home","item":"https:\/\/teamlevine.ca\/"},{"@type":"ListItem","position":2,"name":"Mortgage","item":"https:\/\/teamlevine.ca\/mortgage\/"},{"@type":"ListItem","position":3,"name":"Mortgage Rates"}]},{"@type":"WebSite","@id":"https:\/\/teamlevine.ca\/#website","url":"https:\/\/teamlevine.ca\/","name":"Team Levine","description":"","potentialAction":[{"@type":"SearchAction","target":{"@type":"EntryPoint","urlTemplate":"https:\/\/teamlevine.ca\/?s={search_term_string}"},"query-input":{"@type":"PropertyValueSpecification","valueRequired":true,"valueName":"search_term_string"}}],"inLanguage":"fr-FR"}]}},"_links":{"self":[{"href":"https:\/\/teamlevine.ca\/fr\/wp-json\/wp\/v2\/pages\/54","targetHints":{"allow":["GET"]}}],"collection":[{"href":"https:\/\/teamlevine.ca\/fr\/wp-json\/wp\/v2\/pages"}],"about":[{"href":"https:\/\/teamlevine.ca\/fr\/wp-json\/wp\/v2\/types\/page"}],"author":[{"embeddable":true,"href":"https:\/\/teamlevine.ca\/fr\/wp-json\/wp\/v2\/users\/1"}],"replies":[{"embeddable":true,"href":"https:\/\/teamlevine.ca\/fr\/wp-json\/wp\/v2\/comments?post=54"}],"version-history":[{"count":9,"href":"https:\/\/teamlevine.ca\/fr\/wp-json\/wp\/v2\/pages\/54\/revisions"}],"predecessor-version":[{"id":1043,"href":"https:\/\/teamlevine.ca\/fr\/wp-json\/wp\/v2\/pages\/54\/revisions\/1043"}],"up":[{"embeddable":true,"href":"https:\/\/teamlevine.ca\/fr\/wp-json\/wp\/v2\/pages\/56"}],"wp:attachment":[{"href":"https:\/\/teamlevine.ca\/fr\/wp-json\/wp\/v2\/media?parent=54"}],"curies":[{"name":"wp","href":"https:\/\/api.w.org\/{rel}","templated":true}]}}