{"id":52,"date":"2017-02-14T07:15:42","date_gmt":"2017-02-14T07:15:42","guid":{"rendered":"https:\/\/teamlevine.ca\/?page_id=52"},"modified":"2021-04-09T09:27:41","modified_gmt":"2021-04-09T13:27:41","slug":"about-us","status":"publish","type":"page","link":"https:\/\/teamlevine.ca\/fr\/a-propos-de-nous\/","title":{"rendered":"\u00c0 propos de nous : Team Levine"},"content":{"rendered":"<p><\/p>\n<h3>\u00c9quipe Levine a \u00e9t\u00e9 fond\u00e9e afin d&rsquo;aider les gens \u00e0 satisfaire leurs besoins hypoth\u00e9caires. Elle a toujours eu pour mission d&rsquo;offrir \u00e0 ses clients des solutions adapt\u00e9es \u00e0 leurs situations particuli\u00e8res ainsi que les meilleurs taux de l&rsquo;industrie. Nous avons acc\u00e8s \u00e0 tous les produits bancaires ainsi qu&rsquo;\u00e0 des r\u00e9ductions sur leurs taux. \u00c9quipe Levine a la solution pour vous!<\/h3>\n<div class=\"clear30px\"><\/div>\n<div class=\"row\">\n<div class=\"col-sm-4\"><img loading=\"lazy\" decoding=\"async\" class=\"thumbn alignnone\" src=\"https:\/\/teamlevine.ca\/wp-content\/themes\/teamlevine\/images\/LevineS.jpg\" alt=\"a-propos-de-nous-experts-en-hypotheque-a-montreal\" width=\"557\" height=\"836\" \/><\/div>\n<div class=\"col-sm-8\">\n<p>Steven a commenc\u00e9 sa carri\u00e8re comme courtier immobilier, mais il a rapidement \u00e9t\u00e9 recrut\u00e9 par le secteur des pr\u00eats hypoth\u00e9caires, o\u00f9 il est devenu chef des op\u00e9rations pour la r\u00e9gion du Qu\u00e9bec de la plus grande agence hypoth\u00e9caire ind\u00e9pendante au Canada. Il a \u00e9t\u00e9 en nomination et a remport\u00e9 plusieurs prix dans l&rsquo;industrie hypoth\u00e9caire. En 2013, il a re\u00e7u le prix du meilleur nouveau courtier hypoth\u00e9caire au Canada. Il a \u00e9t\u00e9 nomm\u00e9 dans la m\u00eame cat\u00e9gorie en 2014 et, en 2015, il s&rsquo;est class\u00e9 parmi les huit meilleurs courtiers hypoth\u00e9caires au pays.<\/p>\n<div class=\"all-logos\"><img decoding=\"async\" src=\"https:\/\/teamlevine.ca\/wp-content\/themes\/teamlevine\/images\/alllogos.png\" alt=\"\" \/><\/div>\n<\/div>\n<\/div>\n<div class=\"row\">\n<div class=\"col-sm-4\"><a href=\"http:\/\/www.mortgagebrokernews.ca\/contents\/e-magazine.aspx?id=179193\" target=\"_blank\" rel=\"noopener noreferrer\"><img decoding=\"async\" class=\"thumbn\" src=\"https:\/\/teamlevine.ca\/wp-content\/themes\/teamlevine\/images\/2015-05-14_0032.png\" alt=\"\" \/><\/a><\/div>\n<div class=\"col-sm-8\">\n<p>En 2014, 2015 et 2016, Steven a \u00e9galement fait la manchette du magazine <strong><em>Canadian Mortgage Professional<\/em><\/strong>, figurant au palmar\u00e8s des 35 meilleurs courtiers de moins de 35 ans au Canada. Le secret de son succ\u00e8s? Toujours accorder la priorit\u00e9 au client!<\/p>\n<\/div>\n<\/div>\n<div class=\"row\">\n<div class=\"col-sm-4\"><a href=\"https:\/\/issuu.com\/keymedia\/docs\/cmp_10.7_updated\/30\" target=\"_blank\" rel=\"noopener noreferrer\"><img decoding=\"async\" class=\"thumbn\" src=\"https:\/\/teamlevine.ca\/wp-content\/themes\/teamlevine\/images\/cmp2015.png\" alt=\"\" \/><\/a><\/div>\n<div class=\"col-sm-4\"><a href=\"https:\/\/issuu.com\/keymedia\/docs\/cmp11.7_2\/43\" target=\"_blank\" rel=\"noopener noreferrer\"><img decoding=\"async\" class=\"thumbn\" src=\"https:\/\/teamlevine.ca\/wp-content\/themes\/teamlevine\/images\/cmp3.png\" alt=\"\" \/><\/a><\/div>\n<\/div>\n<p><\/p>","protected":false},"excerpt":{"rendered":"<p>\u00c9quipe Levine a \u00e9t\u00e9 fond\u00e9e afin d&rsquo;aider les gens \u00e0 satisfaire leurs besoins hypoth\u00e9caires. Elle a toujours eu pour mission d&rsquo;offrir \u00e0 ses clients des solutions adapt\u00e9es \u00e0 leurs situations particuli\u00e8res ainsi que les meilleurs taux de l&rsquo;industrie. Nous avons acc\u00e8s \u00e0 tous les produits bancaires ainsi qu&rsquo;\u00e0 des r\u00e9ductions sur leurs taux. \u00c9quipe Levine [&hellip;]<\/p>\n","protected":false},"author":1,"featured_media":0,"parent":0,"menu_order":10,"comment_status":"closed","ping_status":"closed","template":"page-about.php","meta":{"_acf_changed":false,"footnotes":""},"class_list":["post-52","page","type-page","status-publish","hentry"],"acf":[],"yoast_head":"<!-- This site is optimized with the Yoast SEO plugin v27.3 - https:\/\/yoast.com\/product\/yoast-seo-wordpress\/ -->\n<title>Team Levine<\/title>\n<meta name=\"description\" content=\"Team Levine\" \/>\n<meta name=\"robots\" content=\"index, follow, max-snippet:-1, max-image-preview:large, max-video-preview:-1\" \/>\n<link rel=\"canonical\" href=\"https:\/\/teamlevine.ca\/about-us\/\" \/>\n<meta property=\"og:locale\" content=\"fr_FR\" \/>\n<meta property=\"og:type\" content=\"article\" \/>\n<meta property=\"og:title\" content=\"Team Levine\" \/>\n<meta property=\"og:description\" content=\"Team Levine\" \/>\n<meta property=\"og:url\" content=\"https:\/\/teamlevine.ca\/about-us\/\" \/>\n<meta property=\"og:site_name\" content=\"Team Levine\" \/>\n<meta property=\"article:modified_time\" content=\"2021-04-09T13:27:41+00:00\" \/>\n<meta property=\"og:image\" content=\"https:\/\/teamlevine.ca\/wp-content\/themes\/teamlevine\/images\/LevineS.jpg\" \/>\n<meta name=\"twitter:card\" content=\"summary_large_image\" \/>\n<meta name=\"twitter:label1\" content=\"Dur\u00e9e de lecture estim\u00e9e\" \/>\n\t<meta name=\"twitter:data1\" content=\"2 minutes\" \/>\n<script type=\"application\/ld+json\" class=\"yoast-schema-graph\">{\"@context\":\"https:\\\/\\\/schema.org\",\"@graph\":[{\"@type\":\"WebPage\",\"@id\":\"https:\\\/\\\/teamlevine.ca\\\/about-us\\\/\",\"url\":\"https:\\\/\\\/teamlevine.ca\\\/about-us\\\/\",\"name\":\"Team Levine\",\"isPartOf\":{\"@id\":\"https:\\\/\\\/teamlevine.ca\\\/#website\"},\"primaryImageOfPage\":{\"@id\":\"https:\\\/\\\/teamlevine.ca\\\/about-us\\\/#primaryimage\"},\"image\":{\"@id\":\"https:\\\/\\\/teamlevine.ca\\\/about-us\\\/#primaryimage\"},\"thumbnailUrl\":\"https:\\\/\\\/teamlevine.ca\\\/wp-content\\\/themes\\\/teamlevine\\\/images\\\/LevineS.jpg\",\"datePublished\":\"2017-02-14T07:15:42+00:00\",\"dateModified\":\"2021-04-09T13:27:41+00:00\",\"description\":\"Team Levine\",\"breadcrumb\":{\"@id\":\"https:\\\/\\\/teamlevine.ca\\\/about-us\\\/#breadcrumb\"},\"inLanguage\":\"fr-FR\",\"potentialAction\":[{\"@type\":\"ReadAction\",\"target\":[\"https:\\\/\\\/teamlevine.ca\\\/about-us\\\/\"]}]},{\"@type\":\"ImageObject\",\"inLanguage\":\"fr-FR\",\"@id\":\"https:\\\/\\\/teamlevine.ca\\\/about-us\\\/#primaryimage\",\"url\":\"https:\\\/\\\/teamlevine.ca\\\/wp-content\\\/themes\\\/teamlevine\\\/images\\\/LevineS.jpg\",\"contentUrl\":\"https:\\\/\\\/teamlevine.ca\\\/wp-content\\\/themes\\\/teamlevine\\\/images\\\/LevineS.jpg\"},{\"@type\":\"BreadcrumbList\",\"@id\":\"https:\\\/\\\/teamlevine.ca\\\/about-us\\\/#breadcrumb\",\"itemListElement\":[{\"@type\":\"ListItem\",\"position\":1,\"name\":\"Home\",\"item\":\"https:\\\/\\\/teamlevine.ca\\\/\"},{\"@type\":\"ListItem\",\"position\":2,\"name\":\"About Us\"}]},{\"@type\":\"WebSite\",\"@id\":\"https:\\\/\\\/teamlevine.ca\\\/#website\",\"url\":\"https:\\\/\\\/teamlevine.ca\\\/\",\"name\":\"Team Levine\",\"description\":\"\",\"potentialAction\":[{\"@type\":\"SearchAction\",\"target\":{\"@type\":\"EntryPoint\",\"urlTemplate\":\"https:\\\/\\\/teamlevine.ca\\\/?s={search_term_string}\"},\"query-input\":{\"@type\":\"PropertyValueSpecification\",\"valueRequired\":true,\"valueName\":\"search_term_string\"}}],\"inLanguage\":\"fr-FR\"}]}<\/script>\n<!-- \/ Yoast SEO plugin. -->","yoast_head_json":{"title":"Team Levine","description":"Team Levine","robots":{"index":"index","follow":"follow","max-snippet":"max-snippet:-1","max-image-preview":"max-image-preview:large","max-video-preview":"max-video-preview:-1"},"canonical":"https:\/\/teamlevine.ca\/about-us\/","og_locale":"fr_FR","og_type":"article","og_title":"Team Levine","og_description":"Team Levine","og_url":"https:\/\/teamlevine.ca\/about-us\/","og_site_name":"Team Levine","article_modified_time":"2021-04-09T13:27:41+00:00","og_image":[{"url":"https:\/\/teamlevine.ca\/wp-content\/themes\/teamlevine\/images\/LevineS.jpg","type":"","width":"","height":""}],"twitter_card":"summary_large_image","twitter_misc":{"Dur\u00e9e de lecture estim\u00e9e":"2 minutes"},"schema":{"@context":"https:\/\/schema.org","@graph":[{"@type":"WebPage","@id":"https:\/\/teamlevine.ca\/about-us\/","url":"https:\/\/teamlevine.ca\/about-us\/","name":"Team Levine","isPartOf":{"@id":"https:\/\/teamlevine.ca\/#website"},"primaryImageOfPage":{"@id":"https:\/\/teamlevine.ca\/about-us\/#primaryimage"},"image":{"@id":"https:\/\/teamlevine.ca\/about-us\/#primaryimage"},"thumbnailUrl":"https:\/\/teamlevine.ca\/wp-content\/themes\/teamlevine\/images\/LevineS.jpg","datePublished":"2017-02-14T07:15:42+00:00","dateModified":"2021-04-09T13:27:41+00:00","description":"Team Levine","breadcrumb":{"@id":"https:\/\/teamlevine.ca\/about-us\/#breadcrumb"},"inLanguage":"fr-FR","potentialAction":[{"@type":"ReadAction","target":["https:\/\/teamlevine.ca\/about-us\/"]}]},{"@type":"ImageObject","inLanguage":"fr-FR","@id":"https:\/\/teamlevine.ca\/about-us\/#primaryimage","url":"https:\/\/teamlevine.ca\/wp-content\/themes\/teamlevine\/images\/LevineS.jpg","contentUrl":"https:\/\/teamlevine.ca\/wp-content\/themes\/teamlevine\/images\/LevineS.jpg"},{"@type":"BreadcrumbList","@id":"https:\/\/teamlevine.ca\/about-us\/#breadcrumb","itemListElement":[{"@type":"ListItem","position":1,"name":"Home","item":"https:\/\/teamlevine.ca\/"},{"@type":"ListItem","position":2,"name":"About Us"}]},{"@type":"WebSite","@id":"https:\/\/teamlevine.ca\/#website","url":"https:\/\/teamlevine.ca\/","name":"Team Levine","description":"","potentialAction":[{"@type":"SearchAction","target":{"@type":"EntryPoint","urlTemplate":"https:\/\/teamlevine.ca\/?s={search_term_string}"},"query-input":{"@type":"PropertyValueSpecification","valueRequired":true,"valueName":"search_term_string"}}],"inLanguage":"fr-FR"}]}},"_links":{"self":[{"href":"https:\/\/teamlevine.ca\/fr\/wp-json\/wp\/v2\/pages\/52","targetHints":{"allow":["GET"]}}],"collection":[{"href":"https:\/\/teamlevine.ca\/fr\/wp-json\/wp\/v2\/pages"}],"about":[{"href":"https:\/\/teamlevine.ca\/fr\/wp-json\/wp\/v2\/types\/page"}],"author":[{"embeddable":true,"href":"https:\/\/teamlevine.ca\/fr\/wp-json\/wp\/v2\/users\/1"}],"replies":[{"embeddable":true,"href":"https:\/\/teamlevine.ca\/fr\/wp-json\/wp\/v2\/comments?post=52"}],"version-history":[{"count":14,"href":"https:\/\/teamlevine.ca\/fr\/wp-json\/wp\/v2\/pages\/52\/revisions"}],"predecessor-version":[{"id":1019,"href":"https:\/\/teamlevine.ca\/fr\/wp-json\/wp\/v2\/pages\/52\/revisions\/1019"}],"wp:attachment":[{"href":"https:\/\/teamlevine.ca\/fr\/wp-json\/wp\/v2\/media?parent=52"}],"curies":[{"name":"wp","href":"https:\/\/api.w.org\/{rel}","templated":true}]}}