{"id":404,"date":"2017-02-28T07:24:26","date_gmt":"2017-02-28T07:24:26","guid":{"rendered":"https:\/\/teamlevine.ca\/?page_id=404"},"modified":"2017-04-13T16:26:26","modified_gmt":"2017-04-13T16:26:26","slug":"quest-ce-quun-fonds-distinct","status":"publish","type":"page","link":"https:\/\/teamlevine.ca\/fr\/investissements\/centre-dinformation-dinvestissement\/quest-ce-quun-fonds-distinct\/","title":{"rendered":"Qu\u2019est-ce qu\u2019un fonds distinct?"},"content":{"rendered":"<p><\/p>\n<p>La plupart des gens ont d\u00e9j\u00e0 entendu parler des fonds communs de placement, puisque ces produits sont g\u00e9n\u00e9ralement offerts par les banques. Lorsque vous entrez dans la succursale de votre institution financi\u00e8re, celle-ci utilise une vari\u00e9t\u00e9 de strat\u00e9gies pour vous vendre des produits financiers. Et lorsque vient le temps d\u2019investir, la plupart du temps, le sujet des fonds communs de placement est abord\u00e9. Les fonds distincts fonctionnent selon le m\u00eame principe que les fonds communs de placement, \u00e0 l\u2019exception qu\u2019ils sont vendus uniquement par les compagnies d\u2019assurance.<\/p>\n<p>Cela signifie que ces produits de placement ne peuvent \u00eatre vendus que par l\u2019interm\u00e9diaire d\u2019un courtier d\u2019assurance, comme votre courtier de Team Levine. Les deux produits sont bas\u00e9s sur le m\u00eame concept o\u00f9 plusieurs personnes investissent leur argent dans un fonds qui est compos\u00e9 de diff\u00e9rents types d\u2019investissements. Vous avez alors le choix d\u2019investir dans le march\u00e9 boursier, dans des obligations ou dans diff\u00e9rentes formes de titres.<\/p>\n<p>Selon votre profil d\u2019investisseur, vous pouvez investir de mani\u00e8re conservatrice ou audacieuse ou choisir un \u00e9quilibre entre les deux. Puisque le concept des fonds communs de placement et des fonds distincts est le m\u00eame, vous vous demandez sans doute quels en sont les b\u00e9n\u00e9fices. Alors, voici quelques explications.<\/p>\n<p><strong><em>Qu\u2019est-ce qu\u2019un fonds distinct?<\/em><\/strong><\/p>\n<p>Un fonds distinct est un fonds qui est cr\u00e9\u00e9 et g\u00e9r\u00e9 par une compagnie d\u2019assurance. Il est appel\u00e9 fonds distinct parce que le fonds est maintenu s\u00e9par\u00e9ment des fonds d\u2019assurance vie de la compagnie d\u2019assurance. L\u2019argent des investisseurs est conserv\u00e9 dans une tout autre r\u00e9serve de fonds, et celle-ci est g\u00e9r\u00e9e uniquement par une \u00e9quipe de sp\u00e9cialistes en fonds d\u2019investissement.<\/p>\n<p><strong><em>Les avantages d\u2019un fonds distinct :<\/em><\/strong><\/p>\n<ul>\n<li>Dans certains cas, les fonds distincts sont prot\u00e9g\u00e9s contre la faillite. Cela signifie que dans le cas d\u2019une faillite, les cr\u00e9anciers ne peuvent saisir vos actifs dans un fonds distinct. De nombreux propri\u00e9taires d\u2019entreprises appr\u00e9cient les fonds distincts pour cette raison, puisqu\u2019il s\u2019agit d\u2019une forme de protection des actifs dans l\u2019\u00e9ventualit\u00e9 o\u00f9 l\u2019entreprise prend un mauvais virage. Cette protection contre les cr\u00e9anciers est applicable d\u00fb au fait qu\u2019un fonds distinct est un produit d\u2019assurance, ce qui signifie que les b\u00e9n\u00e9ficiaires de la police sont trait\u00e9s en priorit\u00e9.<\/li>\n<li>Les fonds distincts garantissent \u00e9galement un certain pourcentage de votre investissement. Si vous perdez de l\u2019argent sur votre placement dans le fonds, vous \u00eates assur\u00e9 que vos pertes ne d\u00e9passeront pas un certain pourcentage de votre investissement initial. Vous n\u2019avez qu\u2019\u00e0 conserver votre investissement jusqu\u2019\u00e0 la date d\u2019\u00e9ch\u00e9ance de votre fonds ou jusqu\u2019\u00e0 votre d\u00e9c\u00e8s. Habituellement, cette garantie se situe autour de 75 % de votre investissement initial, mais elle peut varier. En outre, certains fonds vous permettent de revaloriser la garantie de votre investissement afin de saisir les occasions de la croissance du march\u00e9. Cependant, vous ne pouvez utiliser cette option de revalorisation que lorsque la valeur de votre fonds a d\u00e9pass\u00e9 votre investissement initial. Lorsque vous utilisez la fonction de revalorisation, la date d\u2019\u00e9ch\u00e9ance de votre fonds est automatiquement r\u00e9initialis\u00e9e.<\/li>\n<li>Lors de votre d\u00e9c\u00e8s, le fonds distinct vous permet d\u2019\u00e9viter les frais d\u2019homologation, en plus de prot\u00e9ger un certain pourcentage de votre investissement au b\u00e9n\u00e9fice de vos h\u00e9ritiers. Cela signifie que vos b\u00e9n\u00e9ficiaires re\u00e7oivent les fonds directement sans avoir \u00e0 attendre que les modalit\u00e9s de votre testament soient r\u00e9gl\u00e9es. Vous pouvez ainsi leur laisser un h\u00e9ritage plus important, et ce, en toute confidentialit\u00e9, puisque cet argent permet d\u2019\u00e9viter le processus testamentaire ainsi que tous autres frais comptables, de liquidation ou juridiques.<\/li>\n<\/ul>\n<p>Ces avantages d\u00e9coulent du fait que les fonds distincts sont bas\u00e9s sur des contrats d\u2019assurance vie et, par cons\u00e9quent, ceux-ci b\u00e9n\u00e9ficient des avantages que procure une assurance vie \u00e0 m\u00eame votre investissement.<\/p>\n<p>Ce produit pourrait-il vous convenir? Communiquez avec Team Levine d\u00e8s aujourd\u2019hui pour obtenir une \u00e9valuation gratuite!<\/p>\n<p><\/p>","protected":false},"excerpt":{"rendered":"<p>La plupart des gens ont d\u00e9j\u00e0 entendu parler des fonds communs de placement, puisque ces produits sont g\u00e9n\u00e9ralement offerts par les banques. Lorsque vous entrez dans la succursale de votre institution financi\u00e8re, celle-ci utilise une vari\u00e9t\u00e9 de strat\u00e9gies pour vous vendre des produits financiers. Et lorsque vient le temps d\u2019investir, la plupart du temps, le [&hellip;]<\/p>\n","protected":false},"author":1,"featured_media":0,"parent":398,"menu_order":47,"comment_status":"closed","ping_status":"closed","template":"page-information-detail.php","meta":{"_acf_changed":false,"footnotes":""},"class_list":["post-404","page","type-page","status-publish","hentry"],"acf":[],"yoast_head":"<!-- This site is optimized with the Yoast SEO plugin v27.3 - https:\/\/yoast.com\/product\/yoast-seo-wordpress\/ -->\n<title>Team Levine<\/title>\n<meta name=\"description\" content=\"Team Levine\" \/>\n<meta name=\"robots\" content=\"index, follow, max-snippet:-1, max-image-preview:large, max-video-preview:-1\" \/>\n<link rel=\"canonical\" href=\"https:\/\/teamlevine.ca\/investments\/investment-information-center\/what-is-a-segregated-fund\/\" \/>\n<meta property=\"og:locale\" content=\"fr_FR\" \/>\n<meta property=\"og:type\" content=\"article\" \/>\n<meta property=\"og:title\" content=\"Team Levine\" \/>\n<meta property=\"og:description\" content=\"Team Levine\" \/>\n<meta property=\"og:url\" content=\"https:\/\/teamlevine.ca\/investments\/investment-information-center\/what-is-a-segregated-fund\/\" \/>\n<meta property=\"og:site_name\" content=\"Team Levine\" \/>\n<meta property=\"article:modified_time\" content=\"2017-04-13T16:26:26+00:00\" \/>\n<meta name=\"twitter:card\" content=\"summary_large_image\" \/>\n<meta name=\"twitter:label1\" content=\"Dur\u00e9e de lecture estim\u00e9e\" \/>\n\t<meta name=\"twitter:data1\" content=\"6 minutes\" \/>\n<script type=\"application\/ld+json\" class=\"yoast-schema-graph\">{\"@context\":\"https:\\\/\\\/schema.org\",\"@graph\":[{\"@type\":\"WebPage\",\"@id\":\"https:\\\/\\\/teamlevine.ca\\\/investments\\\/investment-information-center\\\/what-is-a-segregated-fund\\\/\",\"url\":\"https:\\\/\\\/teamlevine.ca\\\/investments\\\/investment-information-center\\\/what-is-a-segregated-fund\\\/\",\"name\":\"Team Levine\",\"isPartOf\":{\"@id\":\"https:\\\/\\\/teamlevine.ca\\\/#website\"},\"datePublished\":\"2017-02-28T07:24:26+00:00\",\"dateModified\":\"2017-04-13T16:26:26+00:00\",\"description\":\"Team Levine\",\"breadcrumb\":{\"@id\":\"https:\\\/\\\/teamlevine.ca\\\/investments\\\/investment-information-center\\\/what-is-a-segregated-fund\\\/#breadcrumb\"},\"inLanguage\":\"fr-FR\",\"potentialAction\":[{\"@type\":\"ReadAction\",\"target\":[\"https:\\\/\\\/teamlevine.ca\\\/investments\\\/investment-information-center\\\/what-is-a-segregated-fund\\\/\"]}]},{\"@type\":\"BreadcrumbList\",\"@id\":\"https:\\\/\\\/teamlevine.ca\\\/investments\\\/investment-information-center\\\/what-is-a-segregated-fund\\\/#breadcrumb\",\"itemListElement\":[{\"@type\":\"ListItem\",\"position\":1,\"name\":\"Home\",\"item\":\"https:\\\/\\\/teamlevine.ca\\\/\"},{\"@type\":\"ListItem\",\"position\":2,\"name\":\"Investments\",\"item\":\"https:\\\/\\\/teamlevine.ca\\\/investments\\\/\"},{\"@type\":\"ListItem\",\"position\":3,\"name\":\"Investment Information center\",\"item\":\"https:\\\/\\\/teamlevine.ca\\\/investments\\\/investment-information-center\\\/\"},{\"@type\":\"ListItem\",\"position\":4,\"name\":\"What is a Segregated Fund?\"}]},{\"@type\":\"WebSite\",\"@id\":\"https:\\\/\\\/teamlevine.ca\\\/#website\",\"url\":\"https:\\\/\\\/teamlevine.ca\\\/\",\"name\":\"Team Levine\",\"description\":\"\",\"potentialAction\":[{\"@type\":\"SearchAction\",\"target\":{\"@type\":\"EntryPoint\",\"urlTemplate\":\"https:\\\/\\\/teamlevine.ca\\\/?s={search_term_string}\"},\"query-input\":{\"@type\":\"PropertyValueSpecification\",\"valueRequired\":true,\"valueName\":\"search_term_string\"}}],\"inLanguage\":\"fr-FR\"}]}<\/script>\n<!-- \/ Yoast SEO plugin. -->","yoast_head_json":{"title":"Team Levine","description":"Team Levine","robots":{"index":"index","follow":"follow","max-snippet":"max-snippet:-1","max-image-preview":"max-image-preview:large","max-video-preview":"max-video-preview:-1"},"canonical":"https:\/\/teamlevine.ca\/investments\/investment-information-center\/what-is-a-segregated-fund\/","og_locale":"fr_FR","og_type":"article","og_title":"Team Levine","og_description":"Team Levine","og_url":"https:\/\/teamlevine.ca\/investments\/investment-information-center\/what-is-a-segregated-fund\/","og_site_name":"Team Levine","article_modified_time":"2017-04-13T16:26:26+00:00","twitter_card":"summary_large_image","twitter_misc":{"Dur\u00e9e de lecture estim\u00e9e":"6 minutes"},"schema":{"@context":"https:\/\/schema.org","@graph":[{"@type":"WebPage","@id":"https:\/\/teamlevine.ca\/investments\/investment-information-center\/what-is-a-segregated-fund\/","url":"https:\/\/teamlevine.ca\/investments\/investment-information-center\/what-is-a-segregated-fund\/","name":"Team Levine","isPartOf":{"@id":"https:\/\/teamlevine.ca\/#website"},"datePublished":"2017-02-28T07:24:26+00:00","dateModified":"2017-04-13T16:26:26+00:00","description":"Team Levine","breadcrumb":{"@id":"https:\/\/teamlevine.ca\/investments\/investment-information-center\/what-is-a-segregated-fund\/#breadcrumb"},"inLanguage":"fr-FR","potentialAction":[{"@type":"ReadAction","target":["https:\/\/teamlevine.ca\/investments\/investment-information-center\/what-is-a-segregated-fund\/"]}]},{"@type":"BreadcrumbList","@id":"https:\/\/teamlevine.ca\/investments\/investment-information-center\/what-is-a-segregated-fund\/#breadcrumb","itemListElement":[{"@type":"ListItem","position":1,"name":"Home","item":"https:\/\/teamlevine.ca\/"},{"@type":"ListItem","position":2,"name":"Investments","item":"https:\/\/teamlevine.ca\/investments\/"},{"@type":"ListItem","position":3,"name":"Investment Information center","item":"https:\/\/teamlevine.ca\/investments\/investment-information-center\/"},{"@type":"ListItem","position":4,"name":"What is a Segregated Fund?"}]},{"@type":"WebSite","@id":"https:\/\/teamlevine.ca\/#website","url":"https:\/\/teamlevine.ca\/","name":"Team Levine","description":"","potentialAction":[{"@type":"SearchAction","target":{"@type":"EntryPoint","urlTemplate":"https:\/\/teamlevine.ca\/?s={search_term_string}"},"query-input":{"@type":"PropertyValueSpecification","valueRequired":true,"valueName":"search_term_string"}}],"inLanguage":"fr-FR"}]}},"_links":{"self":[{"href":"https:\/\/teamlevine.ca\/fr\/wp-json\/wp\/v2\/pages\/404","targetHints":{"allow":["GET"]}}],"collection":[{"href":"https:\/\/teamlevine.ca\/fr\/wp-json\/wp\/v2\/pages"}],"about":[{"href":"https:\/\/teamlevine.ca\/fr\/wp-json\/wp\/v2\/types\/page"}],"author":[{"embeddable":true,"href":"https:\/\/teamlevine.ca\/fr\/wp-json\/wp\/v2\/users\/1"}],"replies":[{"embeddable":true,"href":"https:\/\/teamlevine.ca\/fr\/wp-json\/wp\/v2\/comments?post=404"}],"version-history":[{"count":2,"href":"https:\/\/teamlevine.ca\/fr\/wp-json\/wp\/v2\/pages\/404\/revisions"}],"predecessor-version":[{"id":568,"href":"https:\/\/teamlevine.ca\/fr\/wp-json\/wp\/v2\/pages\/404\/revisions\/568"}],"up":[{"embeddable":true,"href":"https:\/\/teamlevine.ca\/fr\/wp-json\/wp\/v2\/pages\/398"}],"wp:attachment":[{"href":"https:\/\/teamlevine.ca\/fr\/wp-json\/wp\/v2\/media?parent=404"}],"curies":[{"name":"wp","href":"https:\/\/api.w.org\/{rel}","templated":true}]}}