{"id":401,"date":"2017-02-28T07:04:26","date_gmt":"2017-02-28T07:04:26","guid":{"rendered":"https:\/\/teamlevine.ca\/?page_id=401"},"modified":"2021-03-17T06:45:51","modified_gmt":"2021-03-17T10:45:51","slug":"quest-ce-quun-courtier-en-assurance","status":"publish","type":"page","link":"https:\/\/teamlevine.ca\/fr\/investissements\/centre-dinformation-dinvestissement\/quest-ce-que-la-planification-financiere\/","title":{"rendered":"Qu\u2019est-ce que la planification financi\u00e8re?"},"content":{"rendered":"<p><\/p>\n<p>Si vous lisez ces lignes, c&rsquo;est qu&rsquo;il est fort probable que vous souhaitiez r\u00e9aliser certains projets de vie qui entra\u00eenent certains co\u00fbts. Si tel est le cas, il vous faut songer \u00e0 la planification financi\u00e8re. Si votre situation est simple, vous \u00eates peut-\u00eatre en mesure d&rsquo;effectuer votre planification financi\u00e8re vous-m\u00eame.<\/p>\n<p>Cependant, la plupart du temps, il est n\u00e9cessaire de faire appel aux services d&rsquo;un planificateur financier. Vous vous demandez sans doute pourquoi vous auriez besoin d&rsquo;un planificateur financier? La r\u00e9ponse est simple! Chaque planificateur financier a re\u00e7u une formation professionnelle en la mati\u00e8re. Il est donc nettement plus qualifi\u00e9 que quiconque pour vous aider dans vos d\u00e9marches. Puisque vous travaillez fort pour gagner votre vie et pour b\u00e2tir votre avenir, il est tout \u00e0 fait logique de solliciter les services d&rsquo;un professionnel pour vous aider \u00e0 g\u00e9rer vos finances. Apr\u00e8s tout, chaque personne passe en moyenne un tiers de sa vie au travail. Par cons\u00e9quent, il serait peut-\u00eatre judicieux de s&rsquo;assurer que vous puissiez r\u00e9colter les fruits de votre travail.<\/p>\n<p><strong><em>Qu&rsquo;est-ce que la planification financi\u00e8re?<\/em><\/strong><\/p>\n<p>Toute activit\u00e9 qui implique de l&rsquo;argent peut s&rsquo;inscrire dans le cadre de la planification financi\u00e8re. Fondamentalement, la planification financi\u00e8re se veut un plan d&rsquo;action pour votre avenir. La plupart des gens travaillent dans le but de b\u00e2tir un avenir et une stabilit\u00e9 pour leur famille. Par cons\u00e9quent, il est important d&rsquo;\u00e9tablir une strat\u00e9gie afin de paver la voie \u00e0 un avenir prosp\u00e8re. Ce plan d&rsquo;action doit se doter d&rsquo;objectifs \u00e0 court, \u00e0 moyen et \u00e0 long terme. Il doit \u00e9galement pr\u00e9voir des solutions pour s&rsquo;assurer que ces objectifs soient atteints, et ce, m\u00eame dans le cas de votre d\u00e9c\u00e8s afin de prot\u00e9ger votre famille. Il est donc important de mettre en place des strat\u00e9gies d&rsquo;\u00e9pargne et d&rsquo;investissement afin de faire cro\u00eetre vos actifs et d&rsquo;assurer l&rsquo;\u00e9ducation de vos enfants. Il convient \u00e9galement de mettre en place des plans d&rsquo;action pour r\u00e9aliser des achats importants comme une maison, un chalet ou un bateau. Bien \u00e9videmment, bien pr\u00e9parer le terrain pour la retraite est un objectif \u00e0 long terme.<\/p>\n<p><strong><em>En quoi cela consiste-t-il?<\/em><\/strong><\/p>\n<p>Vous avez enfin d\u00e9termin\u00e9 quels sont vos objectifs, mais vous ne savez pas comment les r\u00e9aliser? Une fois que vous avez \u00e9tabli vos objectifs \u00e0 court, \u00e0 moyen et \u00e0 long terme, il est temps de les mettre sur papier. Dressez une liste de vos actifs et de vos passifs. D\u00e9terminez quels sont vos objectifs, et \u00e0 quel point vous \u00eates pr\u00e8s de les atteindre, et surtout, quelles mesures vous comptez prendre pour les atteindre.<\/p>\n<p>Une fois que votre liste est termin\u00e9e, il est temps de mettre en \u0153uvre votre plan d&rsquo;action et de le passer en revue r\u00e9guli\u00e8rement. Comme la vie change et \u00e9volue, votre plan financier doit s&rsquo;adapter en fonction de celle-ci.<\/p>\n<p><strong><em>Les produits n\u00e9cessaires<\/em><\/strong><\/p>\n<p>Une fois que votre plan d&rsquo;action est \u00e9tabli, vous aurez besoin de mettre en place une gamme de produits, notamment une assurance vie, une<strong> <a href=\"https:\/\/teamlevine.ca\/fr\/assurance\/assurance-maladies-graves\/\">assurance contre maladies graves<\/a>, <a href=\"https:\/\/teamlevine.ca\/fr\/investissements\/centre-dinformation-2\/quest-ce-quun-fonds-distinct\/\">des fonds distincts<\/a>, des <a href=\"https:\/\/teamlevine.ca\/fr\/investissements\/reer\/\">REER<\/a>, des <a href=\"https:\/\/teamlevine.ca\/fr\/investissements\/reee\/\">REEE<\/a> et des <a href=\"https:\/\/teamlevine.ca\/fr\/investissements\/celi\/\">CELI<\/a>.<\/strong><\/p>\n<p>Il existe tant de soci\u00e9t\u00e9s et de produits parmi lesquels choisir que la r\u00e9ussite ou l&rsquo;\u00e9chec de votre plan d&rsquo;action se jouera sur votre capacit\u00e9 \u00e0 faire les bons choix. C&rsquo;est l\u00e0 que votre planificateur financier entre en jeu. Communiquez avec Team Levine d\u00e8s aujourd&rsquo;hui, et mettez le cap sur votre libert\u00e9 financi\u00e8re!<\/p>\n<p><\/p>","protected":false},"excerpt":{"rendered":"<p>Si vous lisez ces lignes, c&rsquo;est qu&rsquo;il est fort probable que vous souhaitiez r\u00e9aliser certains projets de vie qui entra\u00eenent certains co\u00fbts. Si tel est le cas, il vous faut songer \u00e0 la planification financi\u00e8re. Si votre situation est simple, vous \u00eates peut-\u00eatre en mesure d&rsquo;effectuer votre planification financi\u00e8re vous-m\u00eame. Cependant, la plupart du temps, [&hellip;]<\/p>\n","protected":false},"author":1,"featured_media":0,"parent":398,"menu_order":46,"comment_status":"closed","ping_status":"closed","template":"page-information-detail.php","meta":{"_acf_changed":false,"footnotes":""},"class_list":["post-401","page","type-page","status-publish","hentry"],"acf":[],"yoast_head":"<!-- This site is optimized with the Yoast SEO plugin v27.3 - https:\/\/yoast.com\/product\/yoast-seo-wordpress\/ -->\n<title>Team Levine<\/title>\n<meta name=\"description\" content=\"Team Levine\" \/>\n<meta name=\"robots\" content=\"index, follow, max-snippet:-1, max-image-preview:large, max-video-preview:-1\" \/>\n<link rel=\"canonical\" href=\"https:\/\/teamlevine.ca\/investments\/investment-information-center\/what-is-financial-planning\/\" \/>\n<meta property=\"og:locale\" content=\"fr_FR\" \/>\n<meta property=\"og:type\" content=\"article\" \/>\n<meta property=\"og:title\" content=\"Team Levine\" \/>\n<meta property=\"og:description\" content=\"Team Levine\" \/>\n<meta property=\"og:url\" content=\"https:\/\/teamlevine.ca\/investments\/investment-information-center\/what-is-financial-planning\/\" \/>\n<meta property=\"og:site_name\" content=\"Team Levine\" \/>\n<meta property=\"article:modified_time\" content=\"2021-03-17T10:45:51+00:00\" \/>\n<meta name=\"twitter:card\" content=\"summary_large_image\" \/>\n<meta name=\"twitter:label1\" content=\"Dur\u00e9e de lecture estim\u00e9e\" \/>\n\t<meta name=\"twitter:data1\" content=\"6 minutes\" \/>\n<script type=\"application\/ld+json\" class=\"yoast-schema-graph\">{\"@context\":\"https:\\\/\\\/schema.org\",\"@graph\":[{\"@type\":\"WebPage\",\"@id\":\"https:\\\/\\\/teamlevine.ca\\\/investments\\\/investment-information-center\\\/what-is-financial-planning\\\/\",\"url\":\"https:\\\/\\\/teamlevine.ca\\\/investments\\\/investment-information-center\\\/what-is-financial-planning\\\/\",\"name\":\"Team Levine\",\"isPartOf\":{\"@id\":\"https:\\\/\\\/teamlevine.ca\\\/#website\"},\"datePublished\":\"2017-02-28T07:04:26+00:00\",\"dateModified\":\"2021-03-17T10:45:51+00:00\",\"description\":\"Team Levine\",\"breadcrumb\":{\"@id\":\"https:\\\/\\\/teamlevine.ca\\\/investments\\\/investment-information-center\\\/what-is-financial-planning\\\/#breadcrumb\"},\"inLanguage\":\"fr-FR\",\"potentialAction\":[{\"@type\":\"ReadAction\",\"target\":[\"https:\\\/\\\/teamlevine.ca\\\/investments\\\/investment-information-center\\\/what-is-financial-planning\\\/\"]}]},{\"@type\":\"BreadcrumbList\",\"@id\":\"https:\\\/\\\/teamlevine.ca\\\/investments\\\/investment-information-center\\\/what-is-financial-planning\\\/#breadcrumb\",\"itemListElement\":[{\"@type\":\"ListItem\",\"position\":1,\"name\":\"Home\",\"item\":\"https:\\\/\\\/teamlevine.ca\\\/\"},{\"@type\":\"ListItem\",\"position\":2,\"name\":\"Investments\",\"item\":\"https:\\\/\\\/teamlevine.ca\\\/investments\\\/\"},{\"@type\":\"ListItem\",\"position\":3,\"name\":\"Investment Information center\",\"item\":\"https:\\\/\\\/teamlevine.ca\\\/investments\\\/investment-information-center\\\/\"},{\"@type\":\"ListItem\",\"position\":4,\"name\":\"What is Financial Planning?\"}]},{\"@type\":\"WebSite\",\"@id\":\"https:\\\/\\\/teamlevine.ca\\\/#website\",\"url\":\"https:\\\/\\\/teamlevine.ca\\\/\",\"name\":\"Team Levine\",\"description\":\"\",\"potentialAction\":[{\"@type\":\"SearchAction\",\"target\":{\"@type\":\"EntryPoint\",\"urlTemplate\":\"https:\\\/\\\/teamlevine.ca\\\/?s={search_term_string}\"},\"query-input\":{\"@type\":\"PropertyValueSpecification\",\"valueRequired\":true,\"valueName\":\"search_term_string\"}}],\"inLanguage\":\"fr-FR\"}]}<\/script>\n<!-- \/ Yoast SEO plugin. -->","yoast_head_json":{"title":"Team Levine","description":"Team Levine","robots":{"index":"index","follow":"follow","max-snippet":"max-snippet:-1","max-image-preview":"max-image-preview:large","max-video-preview":"max-video-preview:-1"},"canonical":"https:\/\/teamlevine.ca\/investments\/investment-information-center\/what-is-financial-planning\/","og_locale":"fr_FR","og_type":"article","og_title":"Team Levine","og_description":"Team Levine","og_url":"https:\/\/teamlevine.ca\/investments\/investment-information-center\/what-is-financial-planning\/","og_site_name":"Team Levine","article_modified_time":"2021-03-17T10:45:51+00:00","twitter_card":"summary_large_image","twitter_misc":{"Dur\u00e9e de lecture estim\u00e9e":"6 minutes"},"schema":{"@context":"https:\/\/schema.org","@graph":[{"@type":"WebPage","@id":"https:\/\/teamlevine.ca\/investments\/investment-information-center\/what-is-financial-planning\/","url":"https:\/\/teamlevine.ca\/investments\/investment-information-center\/what-is-financial-planning\/","name":"Team Levine","isPartOf":{"@id":"https:\/\/teamlevine.ca\/#website"},"datePublished":"2017-02-28T07:04:26+00:00","dateModified":"2021-03-17T10:45:51+00:00","description":"Team Levine","breadcrumb":{"@id":"https:\/\/teamlevine.ca\/investments\/investment-information-center\/what-is-financial-planning\/#breadcrumb"},"inLanguage":"fr-FR","potentialAction":[{"@type":"ReadAction","target":["https:\/\/teamlevine.ca\/investments\/investment-information-center\/what-is-financial-planning\/"]}]},{"@type":"BreadcrumbList","@id":"https:\/\/teamlevine.ca\/investments\/investment-information-center\/what-is-financial-planning\/#breadcrumb","itemListElement":[{"@type":"ListItem","position":1,"name":"Home","item":"https:\/\/teamlevine.ca\/"},{"@type":"ListItem","position":2,"name":"Investments","item":"https:\/\/teamlevine.ca\/investments\/"},{"@type":"ListItem","position":3,"name":"Investment Information center","item":"https:\/\/teamlevine.ca\/investments\/investment-information-center\/"},{"@type":"ListItem","position":4,"name":"What is Financial Planning?"}]},{"@type":"WebSite","@id":"https:\/\/teamlevine.ca\/#website","url":"https:\/\/teamlevine.ca\/","name":"Team Levine","description":"","potentialAction":[{"@type":"SearchAction","target":{"@type":"EntryPoint","urlTemplate":"https:\/\/teamlevine.ca\/?s={search_term_string}"},"query-input":{"@type":"PropertyValueSpecification","valueRequired":true,"valueName":"search_term_string"}}],"inLanguage":"fr-FR"}]}},"_links":{"self":[{"href":"https:\/\/teamlevine.ca\/fr\/wp-json\/wp\/v2\/pages\/401","targetHints":{"allow":["GET"]}}],"collection":[{"href":"https:\/\/teamlevine.ca\/fr\/wp-json\/wp\/v2\/pages"}],"about":[{"href":"https:\/\/teamlevine.ca\/fr\/wp-json\/wp\/v2\/types\/page"}],"author":[{"embeddable":true,"href":"https:\/\/teamlevine.ca\/fr\/wp-json\/wp\/v2\/users\/1"}],"replies":[{"embeddable":true,"href":"https:\/\/teamlevine.ca\/fr\/wp-json\/wp\/v2\/comments?post=401"}],"version-history":[{"count":7,"href":"https:\/\/teamlevine.ca\/fr\/wp-json\/wp\/v2\/pages\/401\/revisions"}],"predecessor-version":[{"id":996,"href":"https:\/\/teamlevine.ca\/fr\/wp-json\/wp\/v2\/pages\/401\/revisions\/996"}],"up":[{"embeddable":true,"href":"https:\/\/teamlevine.ca\/fr\/wp-json\/wp\/v2\/pages\/398"}],"wp:attachment":[{"href":"https:\/\/teamlevine.ca\/fr\/wp-json\/wp\/v2\/media?parent=401"}],"curies":[{"name":"wp","href":"https:\/\/api.w.org\/{rel}","templated":true}]}}