{"id":393,"date":"2017-02-28T06:46:24","date_gmt":"2017-02-28T06:46:24","guid":{"rendered":"https:\/\/teamlevine.ca\/?page_id=393"},"modified":"2017-04-13T16:18:51","modified_gmt":"2017-04-13T16:18:51","slug":"rentes","status":"publish","type":"page","link":"https:\/\/teamlevine.ca\/fr\/investissements\/rentes\/","title":{"rendered":"Rentes"},"content":{"rendered":"<p><\/p>\n<p>Les rentes repr\u00e9sentent une forme de contrat d\u2019assurance qui vous permet de mettre de l\u2019argent de c\u00f4t\u00e9 pour votre retraite. En vertu d\u2019un contrat de rente, vous d\u00e9boursez un montant forfaitaire \u00e0 la compagnie d\u2019assurance (ou vous effectuez des paiements mensuels jusqu\u2019\u00e0 ce que vous atteigniez une somme forfaitaire), que celle-ci utilise ensuite pour vous verser une rente.<\/p>\n<p>Ces paiements peuvent \u00eatre effectu\u00e9s mensuellement, trimestriellement, semestriellement ou annuellement. Il existe plusieurs types de produits de rente selon la compagnie d\u2019assurance avec laquelle vous choisissez d\u2019investir. Cependant, les deux formes de rentes les plus connues sont la rente d\u2019une dur\u00e9e garantie (autrement connue sous le nom de rente certaine) et la rente viag\u00e8re.<\/p>\n<p><strong><em>La rente certaine<\/em><\/strong><\/p>\n<p>Ce type de rente est garanti pour un certain nombre d\u2019ann\u00e9es. Vous choisissez la dur\u00e9e au moment de souscrire la police. Cette dur\u00e9e est bas\u00e9e sur le type d\u2019investissement que vous utilisez pour votre rente. Par exemple, si vous financez une rente avec des REER, vos paiements de rente se poursuivront jusqu\u2019\u00e0 ce que vous atteignez l\u2019\u00e2ge de 90 ans. Si vous d\u00e9c\u00e9dez avant que vos prestations ne soient vers\u00e9es en entier, votre b\u00e9n\u00e9ficiaire ou votre succession (si vous n\u2019avez pas de b\u00e9n\u00e9ficiaire ou si lui-m\u00eame est d\u00e9c\u00e9d\u00e9) recevra le reste de votre rente sous la forme d\u2019un montant forfaitaire.\u00a0<\/p>\n<p>Lorsqu\u2019une rente est financ\u00e9e par un FERR, les paiements se poursuivent \u00e9galement jusqu\u2019\u00e0 ce que vous atteignez 90 ans. Si vous avez des paiements en souffrance au moment de votre d\u00e9c\u00e8s, une somme forfaitaire sera d\u00e9pos\u00e9e dans votre succession, ou remise \u00e0 votre b\u00e9n\u00e9ficiaire si vous en avez choisi un.<\/p>\n<p><strong><em>D\u2019autres formes d\u2019investissements acceptables<\/em><\/strong><\/p>\n<p>Vous pouvez \u00e9galement financer votre rente avec des fonds non enregistr\u00e9s ou avec un r\u00e9gime de participation diff\u00e9r\u00e9e aux b\u00e9n\u00e9fices (RPDB).<\/p>\n<p><strong><em>\u00c2ge minimal pour acheter des rentes<\/em><\/strong><\/p>\n<p>Si vous choisissez d\u2019investir en utilisant des fonds non enregistr\u00e9s, sachez qu\u2019il existe des polices qui peuvent \u00eatre mises en place m\u00eame pour les enfants en bas \u00e2ge comme les nouveaux n\u00e9s. Ce type de police offre une grande souplesse, et peut \u00eatre \u00e9mise pour toute personne \u00e2g\u00e9e de 0 \u00e0 100 ans (des restrictions peuvent s\u2019appliquer en fonction de la compagnie d\u2019assurance).<\/p>\n<p>Si vous choisissez d\u2019investir en utilisant des fonds enregistr\u00e9s, le titulaire de la police doit alors \u00eatre \u00e2g\u00e9 d\u2019au moins 18 ans.<\/p>\n<p><strong><em>Rente viag\u00e8re<\/em><\/strong><\/p>\n<p>Ce type de rente garantit que vous recevrez des paiements fixes \u00e0 vie. Peu importe la fa\u00e7on dont votre argent est investi, vos paiements de rente seront garantis \u00e0 vie. Les paiements peuvent \u00e9galement \u00eatre effectu\u00e9s mensuellement, trimestriellement, semestriellement et annuellement.<\/p>\n<p><strong><em>Il est possible de cotiser \u00e0 votre rente viag\u00e8re en utilisant les types d\u2019investissements indiqu\u00e9s ci-dessous :<\/em><\/strong><\/p>\n<ul>\n<li>Les fonds non enregistr\u00e9s<\/li>\n<li>Le r\u00e9gime enregistr\u00e9 d\u2019\u00e9pargne-retraite (REER)<\/li>\n<li>Le compte de retraite immobilis\u00e9 (CRI)<\/li>\n<li>Le fonds enregistr\u00e9 de revenu de retraite (FERR)<\/li>\n<li>Le r\u00e9gime de participation diff\u00e9r\u00e9e aux b\u00e9n\u00e9fices (RPDB)<\/li>\n<li>Le fonds de revenu viager (FRV)<\/li>\n<\/ul>\n<p>La rente est une excellente fa\u00e7on de vous assurer que vous disposerez de suffisamment de fonds pour votre retraite. Il existe de nombreux avantages \u00e0 l\u2019achat de rentes. Un sp\u00e9cialiste de Team Levine sera heureux de vous aider \u00e0 examiner ces avantages. Communiquez avec nous d\u00e8s aujourd\u2019hui. Nous vous aiderons \u00e0 d\u00e9terminer si ce produit d\u2019investissement r\u00e9pond \u00e0 vos besoins!<\/p>\n<p><\/p>","protected":false},"excerpt":{"rendered":"<p>Les rentes repr\u00e9sentent une forme de contrat d\u2019assurance qui vous permet de mettre de l\u2019argent de c\u00f4t\u00e9 pour votre retraite. En vertu d\u2019un contrat de rente, vous d\u00e9boursez un montant forfaitaire \u00e0 la compagnie d\u2019assurance (ou vous effectuez des paiements mensuels jusqu\u2019\u00e0 ce que vous atteigniez une somme forfaitaire), que celle-ci utilise ensuite pour vous [&hellip;]<\/p>\n","protected":false},"author":1,"featured_media":0,"parent":213,"menu_order":44,"comment_status":"closed","ping_status":"closed","template":"page-investment-detail.php","meta":{"_acf_changed":false,"footnotes":""},"class_list":["post-393","page","type-page","status-publish","hentry"],"acf":[],"yoast_head":"<!-- This site is optimized with the Yoast SEO plugin v27.3 - https:\/\/yoast.com\/product\/yoast-seo-wordpress\/ -->\n<title>Team Levine<\/title>\n<meta name=\"description\" content=\"Team Levine\" \/>\n<meta name=\"robots\" content=\"index, follow, max-snippet:-1, max-image-preview:large, max-video-preview:-1\" \/>\n<link rel=\"canonical\" href=\"https:\/\/teamlevine.ca\/investments\/annuities\/\" \/>\n<meta property=\"og:locale\" content=\"fr_FR\" \/>\n<meta property=\"og:type\" content=\"article\" \/>\n<meta property=\"og:title\" content=\"Team Levine\" \/>\n<meta property=\"og:description\" content=\"Team Levine\" \/>\n<meta property=\"og:url\" content=\"https:\/\/teamlevine.ca\/investments\/annuities\/\" \/>\n<meta property=\"og:site_name\" content=\"Team Levine\" \/>\n<meta property=\"article:modified_time\" content=\"2017-04-13T16:18:51+00:00\" \/>\n<meta name=\"twitter:card\" content=\"summary_large_image\" \/>\n<meta name=\"twitter:label1\" content=\"Dur\u00e9e de lecture estim\u00e9e\" \/>\n\t<meta name=\"twitter:data1\" content=\"6 minutes\" \/>\n<script type=\"application\/ld+json\" class=\"yoast-schema-graph\">{\"@context\":\"https:\\\/\\\/schema.org\",\"@graph\":[{\"@type\":\"WebPage\",\"@id\":\"https:\\\/\\\/teamlevine.ca\\\/investments\\\/annuities\\\/\",\"url\":\"https:\\\/\\\/teamlevine.ca\\\/investments\\\/annuities\\\/\",\"name\":\"Team Levine\",\"isPartOf\":{\"@id\":\"https:\\\/\\\/teamlevine.ca\\\/#website\"},\"datePublished\":\"2017-02-28T06:46:24+00:00\",\"dateModified\":\"2017-04-13T16:18:51+00:00\",\"description\":\"Team Levine\",\"breadcrumb\":{\"@id\":\"https:\\\/\\\/teamlevine.ca\\\/investments\\\/annuities\\\/#breadcrumb\"},\"inLanguage\":\"fr-FR\",\"potentialAction\":[{\"@type\":\"ReadAction\",\"target\":[\"https:\\\/\\\/teamlevine.ca\\\/investments\\\/annuities\\\/\"]}]},{\"@type\":\"BreadcrumbList\",\"@id\":\"https:\\\/\\\/teamlevine.ca\\\/investments\\\/annuities\\\/#breadcrumb\",\"itemListElement\":[{\"@type\":\"ListItem\",\"position\":1,\"name\":\"Home\",\"item\":\"https:\\\/\\\/teamlevine.ca\\\/\"},{\"@type\":\"ListItem\",\"position\":2,\"name\":\"Investments\",\"item\":\"https:\\\/\\\/teamlevine.ca\\\/investments\\\/\"},{\"@type\":\"ListItem\",\"position\":3,\"name\":\"Annuities\"}]},{\"@type\":\"WebSite\",\"@id\":\"https:\\\/\\\/teamlevine.ca\\\/#website\",\"url\":\"https:\\\/\\\/teamlevine.ca\\\/\",\"name\":\"Team Levine\",\"description\":\"\",\"potentialAction\":[{\"@type\":\"SearchAction\",\"target\":{\"@type\":\"EntryPoint\",\"urlTemplate\":\"https:\\\/\\\/teamlevine.ca\\\/?s={search_term_string}\"},\"query-input\":{\"@type\":\"PropertyValueSpecification\",\"valueRequired\":true,\"valueName\":\"search_term_string\"}}],\"inLanguage\":\"fr-FR\"}]}<\/script>\n<!-- \/ Yoast SEO plugin. -->","yoast_head_json":{"title":"Team Levine","description":"Team Levine","robots":{"index":"index","follow":"follow","max-snippet":"max-snippet:-1","max-image-preview":"max-image-preview:large","max-video-preview":"max-video-preview:-1"},"canonical":"https:\/\/teamlevine.ca\/investments\/annuities\/","og_locale":"fr_FR","og_type":"article","og_title":"Team Levine","og_description":"Team Levine","og_url":"https:\/\/teamlevine.ca\/investments\/annuities\/","og_site_name":"Team Levine","article_modified_time":"2017-04-13T16:18:51+00:00","twitter_card":"summary_large_image","twitter_misc":{"Dur\u00e9e de lecture estim\u00e9e":"6 minutes"},"schema":{"@context":"https:\/\/schema.org","@graph":[{"@type":"WebPage","@id":"https:\/\/teamlevine.ca\/investments\/annuities\/","url":"https:\/\/teamlevine.ca\/investments\/annuities\/","name":"Team Levine","isPartOf":{"@id":"https:\/\/teamlevine.ca\/#website"},"datePublished":"2017-02-28T06:46:24+00:00","dateModified":"2017-04-13T16:18:51+00:00","description":"Team Levine","breadcrumb":{"@id":"https:\/\/teamlevine.ca\/investments\/annuities\/#breadcrumb"},"inLanguage":"fr-FR","potentialAction":[{"@type":"ReadAction","target":["https:\/\/teamlevine.ca\/investments\/annuities\/"]}]},{"@type":"BreadcrumbList","@id":"https:\/\/teamlevine.ca\/investments\/annuities\/#breadcrumb","itemListElement":[{"@type":"ListItem","position":1,"name":"Home","item":"https:\/\/teamlevine.ca\/"},{"@type":"ListItem","position":2,"name":"Investments","item":"https:\/\/teamlevine.ca\/investments\/"},{"@type":"ListItem","position":3,"name":"Annuities"}]},{"@type":"WebSite","@id":"https:\/\/teamlevine.ca\/#website","url":"https:\/\/teamlevine.ca\/","name":"Team Levine","description":"","potentialAction":[{"@type":"SearchAction","target":{"@type":"EntryPoint","urlTemplate":"https:\/\/teamlevine.ca\/?s={search_term_string}"},"query-input":{"@type":"PropertyValueSpecification","valueRequired":true,"valueName":"search_term_string"}}],"inLanguage":"fr-FR"}]}},"_links":{"self":[{"href":"https:\/\/teamlevine.ca\/fr\/wp-json\/wp\/v2\/pages\/393","targetHints":{"allow":["GET"]}}],"collection":[{"href":"https:\/\/teamlevine.ca\/fr\/wp-json\/wp\/v2\/pages"}],"about":[{"href":"https:\/\/teamlevine.ca\/fr\/wp-json\/wp\/v2\/types\/page"}],"author":[{"embeddable":true,"href":"https:\/\/teamlevine.ca\/fr\/wp-json\/wp\/v2\/users\/1"}],"replies":[{"embeddable":true,"href":"https:\/\/teamlevine.ca\/fr\/wp-json\/wp\/v2\/comments?post=393"}],"version-history":[{"count":3,"href":"https:\/\/teamlevine.ca\/fr\/wp-json\/wp\/v2\/pages\/393\/revisions"}],"predecessor-version":[{"id":562,"href":"https:\/\/teamlevine.ca\/fr\/wp-json\/wp\/v2\/pages\/393\/revisions\/562"}],"up":[{"embeddable":true,"href":"https:\/\/teamlevine.ca\/fr\/wp-json\/wp\/v2\/pages\/213"}],"wp:attachment":[{"href":"https:\/\/teamlevine.ca\/fr\/wp-json\/wp\/v2\/media?parent=393"}],"curies":[{"name":"wp","href":"https:\/\/api.w.org\/{rel}","templated":true}]}}