{"id":391,"date":"2017-02-28T06:37:59","date_gmt":"2017-02-28T06:37:59","guid":{"rendered":"https:\/\/teamlevine.ca\/?page_id=391"},"modified":"2021-03-17T06:41:46","modified_gmt":"2021-03-17T10:41:46","slug":"tfsa","status":"publish","type":"page","link":"https:\/\/teamlevine.ca\/fr\/investissements\/celi\/","title":{"rendered":"CELI"},"content":{"rendered":"<p><\/p>\n<p>Vous cherchez \u00e0 rehausser la valeur de votre portefeuille de placements? Le compte d&rsquo;\u00e9pargne libre d&rsquo;imp\u00f4t (CELI) pourrait \u00eatre une option int\u00e9ressante pour vous. Le CELI vous permet de contribuer \u00e0 votre compte, tout en faisant cro\u00eetre votre \u00e9pargne sans payer d&rsquo;imp\u00f4t. M\u00eame si vous d\u00e9cidez de retirer votre argent, celui-ci demeure \u00e0 l&rsquo;abri de l&rsquo;imp\u00f4t. Ainsi, \u00e0 la diff\u00e9rence du <strong><a href=\"https:\/\/teamlevine.ca\/fr\/investissements\/reer\/\">REER<\/a><\/strong>, le CELI peut \u00eatre retir\u00e9 sans payer d&rsquo;imp\u00f4t. Et de la m\u00eame fa\u00e7on, \u00e0 la diff\u00e9rence du REER, le CELI n&rsquo;est pas d\u00e9ductible d&rsquo;imp\u00f4t.<\/p>\n<p><strong><em>Plusieurs fa\u00e7ons d&rsquo;investir dans votre CELI<\/em><\/strong><\/p>\n<p>Vous pouvez investir aupr\u00e8s des banques par l&rsquo;interm\u00e9diaire de leurs comptes d&rsquo;\u00e9pargne \u00e0 int\u00e9r\u00eat \u00e9lev\u00e9, ou m\u00eame dans un CELI de type CPG, mais ces produits bancaires g\u00e9n\u00e8rent de faibles taux de rendement comparativement aux produits non bancaires. Cette solution peut convenir \u00e0 tout investisseur qui pr\u00e9f\u00e8re la stabilit\u00e9 \u00e0 la croissance.<\/p>\n<p>Il existe d&rsquo;autres produits CELI qui vous permettent d&rsquo;investir dans des compagnies d&rsquo;assurance, c&rsquo;est-\u00e0-dire dans un fonds distinct qui offre une vari\u00e9t\u00e9 d&rsquo;options et qui vous permet de prendre le contr\u00f4le de votre investissement. Vous pouvez choisir d&rsquo;\u00eatre plus prudent ou d&rsquo;\u00eatre plus audacieux afin de maximiser votre rendement. Rappelez-vous que le but d&rsquo;investir est de faire cro\u00eetre vos actifs, et la croissance par l&rsquo;interm\u00e9diaire de <strong><a href=\"https:\/\/teamlevine.ca\/fr\/investissements\/centre-dinformation-2\/quest-ce-quun-fonds-distinct\/\">fonds distincts<\/a><\/strong> vous permet de choisir le type de placement que vous souhaitez effectuer dans votre fonds CELI. Vous pouvez choisir diff\u00e9rents types d&rsquo;actions, d&rsquo;obligations, de titres, etc.<\/p>\n<p>Les fonds communs de placement repr\u00e9sentent un autre type bien connu d&rsquo;investissement. Ils sont semblables aux <strong><a href=\"https:\/\/teamlevine.ca\/fr\/investissements\/centre-dinformation-2\/quest-ce-quun-fonds-distinct\/\">fonds distincts<\/a><\/strong>, mais n&rsquo;offrent pas les m\u00eames avantages.<\/p>\n<p><strong><em>Cotisations<\/em><\/strong><\/p>\n<p>Gardez \u00e0 l&rsquo;esprit que le gouvernement impose un plafond sur le montant que vous pouvez investir dans votre CELI chaque ann\u00e9e. Au fil du temps, le montant de votre cotisation annuelle maximale augmentera avec l&rsquo;inflation. Depuis l&rsquo;ann\u00e9e civile 2016, les cotisations annuelles maximales s&rsquo;\u00e9l\u00e8vent \u00e0 5 500 $.<\/p>\n<p><strong><em>Admissibilit\u00e9<\/em><\/strong><\/p>\n<p>Les r\u00e9sidents canadiens sont autoris\u00e9s \u00e0 participer \u00e0 ce programme. Il suffit d&rsquo;avoir un num\u00e9ro d&rsquo;assurance sociale et d&rsquo;avoir atteint l&rsquo;\u00e2ge l\u00e9gal.<\/p>\n<p><strong><em>Choses \u00e0 savoir :<\/em><\/strong><\/p>\n<ul>\n<li>Les montants que vous retirez de votre compte CELI peuvent \u00eatre cotis\u00e9s \u00e0 nouveau \u00e0 votre compte au cours des prochaines ann\u00e9es.<\/li>\n<li>Si vous avez d\u00e9j\u00e0 cotis\u00e9 le montant maximal \u00e0 votre compte CELI, aucun probl\u00e8me! Vous pouvez \u00e9galement cotiser au compte de votre conjointe. \u00c0 cet \u00e9gard, il convient de garder \u00e0 l&rsquo;esprit que vous devez respecter les limites de contributions annuelles.<\/li>\n<li>Toute cotisation inutilis\u00e9e peut \u00eatre report\u00e9e aux ann\u00e9es subs\u00e9quentes.<\/li>\n<\/ul>\n<p><strong><em>Qui devrait cotiser \u00e0 un CELI?<\/em><\/strong><\/p>\n<ul>\n<li>Si vous avez d\u00e9j\u00e0 atteint la limite de vos cotisations REER, le CELI pourrait \u00eatre une bonne fa\u00e7on de b\u00e2tir votre actif et de parfaire votre strat\u00e9gie de placement.<\/li>\n<li>Si vous ne voulez pas immobiliser votre argent jusqu&rsquo;\u00e0 la retraite, et que vous souhaitez disposer de la souplesse de pouvoir retirer votre argent sans avoir \u00e0 payer d&rsquo;imp\u00f4t.<\/li>\n<li>Si vous avez des objectifs \u00e0 court ou \u00e0 moyen terme, comme acheter une voiture ou un bateau, r\u00e9nover votre maison ou prendre des vacances.<\/li>\n<li>Si vous souhaitez \u00e9pargner pour la retraite et investir dans un r\u00e9gime o\u00f9 le taux de rendement est avantageux, le CELI de <strong><a href=\"https:\/\/teamlevine.ca\/fr\/investissements\/centre-dinformation-2\/quest-ce-quun-fonds-distinct\/\">fonds distincts<\/a><\/strong> est une strat\u00e9gie judicieuse puisqu&rsquo;il vous permet \u00e9galement de faire cro\u00eetre vos actifs \u00e0 l&rsquo;abri de l&rsquo;imp\u00f4t en vue de votre retraite. <\/li>\n<\/ul>\n<p>Communiquez avec Team Levine d\u00e8s aujourd&rsquo;hui! Nos repr\u00e9sentants se feront un plaisir de vous donner les conseils que vous recherchez en mati\u00e8re de placement.<\/p>\n<p><\/p>","protected":false},"excerpt":{"rendered":"<p>Vous cherchez \u00e0 rehausser la valeur de votre portefeuille de placements? Le compte d&rsquo;\u00e9pargne libre d&rsquo;imp\u00f4t (CELI) pourrait \u00eatre une option int\u00e9ressante pour vous. Le CELI vous permet de contribuer \u00e0 votre compte, tout en faisant cro\u00eetre votre \u00e9pargne sans payer d&rsquo;imp\u00f4t. M\u00eame si vous d\u00e9cidez de retirer votre argent, celui-ci demeure \u00e0 l&rsquo;abri de [&hellip;]<\/p>\n","protected":false},"author":1,"featured_media":0,"parent":213,"menu_order":43,"comment_status":"closed","ping_status":"closed","template":"page-investment-detail.php","meta":{"_acf_changed":false,"footnotes":""},"class_list":["post-391","page","type-page","status-publish","hentry"],"acf":[],"yoast_head":"<!-- This site is optimized with the Yoast SEO plugin v27.3 - https:\/\/yoast.com\/product\/yoast-seo-wordpress\/ -->\n<title>Team Levine<\/title>\n<meta name=\"description\" content=\"Team Levine\" \/>\n<meta name=\"robots\" content=\"index, follow, max-snippet:-1, max-image-preview:large, max-video-preview:-1\" \/>\n<link rel=\"canonical\" href=\"https:\/\/teamlevine.ca\/investments\/tfsa\/\" \/>\n<meta property=\"og:locale\" content=\"fr_FR\" \/>\n<meta property=\"og:type\" content=\"article\" \/>\n<meta property=\"og:title\" content=\"Team Levine\" \/>\n<meta property=\"og:description\" content=\"Team Levine\" \/>\n<meta property=\"og:url\" content=\"https:\/\/teamlevine.ca\/investments\/tfsa\/\" \/>\n<meta property=\"og:site_name\" content=\"Team Levine\" \/>\n<meta property=\"article:modified_time\" content=\"2021-03-17T10:41:46+00:00\" \/>\n<meta name=\"twitter:card\" content=\"summary_large_image\" \/>\n<meta name=\"twitter:label1\" content=\"Dur\u00e9e de lecture estim\u00e9e\" \/>\n\t<meta name=\"twitter:data1\" content=\"6 minutes\" \/>\n<script type=\"application\/ld+json\" class=\"yoast-schema-graph\">{\"@context\":\"https:\\\/\\\/schema.org\",\"@graph\":[{\"@type\":\"WebPage\",\"@id\":\"https:\\\/\\\/teamlevine.ca\\\/investments\\\/tfsa\\\/\",\"url\":\"https:\\\/\\\/teamlevine.ca\\\/investments\\\/tfsa\\\/\",\"name\":\"Team Levine\",\"isPartOf\":{\"@id\":\"https:\\\/\\\/teamlevine.ca\\\/#website\"},\"datePublished\":\"2017-02-28T06:37:59+00:00\",\"dateModified\":\"2021-03-17T10:41:46+00:00\",\"description\":\"Team Levine\",\"breadcrumb\":{\"@id\":\"https:\\\/\\\/teamlevine.ca\\\/investments\\\/tfsa\\\/#breadcrumb\"},\"inLanguage\":\"fr-FR\",\"potentialAction\":[{\"@type\":\"ReadAction\",\"target\":[\"https:\\\/\\\/teamlevine.ca\\\/investments\\\/tfsa\\\/\"]}]},{\"@type\":\"BreadcrumbList\",\"@id\":\"https:\\\/\\\/teamlevine.ca\\\/investments\\\/tfsa\\\/#breadcrumb\",\"itemListElement\":[{\"@type\":\"ListItem\",\"position\":1,\"name\":\"Home\",\"item\":\"https:\\\/\\\/teamlevine.ca\\\/\"},{\"@type\":\"ListItem\",\"position\":2,\"name\":\"Investments\",\"item\":\"https:\\\/\\\/teamlevine.ca\\\/investments\\\/\"},{\"@type\":\"ListItem\",\"position\":3,\"name\":\"TFSA\"}]},{\"@type\":\"WebSite\",\"@id\":\"https:\\\/\\\/teamlevine.ca\\\/#website\",\"url\":\"https:\\\/\\\/teamlevine.ca\\\/\",\"name\":\"Team Levine\",\"description\":\"\",\"potentialAction\":[{\"@type\":\"SearchAction\",\"target\":{\"@type\":\"EntryPoint\",\"urlTemplate\":\"https:\\\/\\\/teamlevine.ca\\\/?s={search_term_string}\"},\"query-input\":{\"@type\":\"PropertyValueSpecification\",\"valueRequired\":true,\"valueName\":\"search_term_string\"}}],\"inLanguage\":\"fr-FR\"}]}<\/script>\n<!-- \/ Yoast SEO plugin. -->","yoast_head_json":{"title":"Team Levine","description":"Team Levine","robots":{"index":"index","follow":"follow","max-snippet":"max-snippet:-1","max-image-preview":"max-image-preview:large","max-video-preview":"max-video-preview:-1"},"canonical":"https:\/\/teamlevine.ca\/investments\/tfsa\/","og_locale":"fr_FR","og_type":"article","og_title":"Team Levine","og_description":"Team Levine","og_url":"https:\/\/teamlevine.ca\/investments\/tfsa\/","og_site_name":"Team Levine","article_modified_time":"2021-03-17T10:41:46+00:00","twitter_card":"summary_large_image","twitter_misc":{"Dur\u00e9e de lecture estim\u00e9e":"6 minutes"},"schema":{"@context":"https:\/\/schema.org","@graph":[{"@type":"WebPage","@id":"https:\/\/teamlevine.ca\/investments\/tfsa\/","url":"https:\/\/teamlevine.ca\/investments\/tfsa\/","name":"Team Levine","isPartOf":{"@id":"https:\/\/teamlevine.ca\/#website"},"datePublished":"2017-02-28T06:37:59+00:00","dateModified":"2021-03-17T10:41:46+00:00","description":"Team Levine","breadcrumb":{"@id":"https:\/\/teamlevine.ca\/investments\/tfsa\/#breadcrumb"},"inLanguage":"fr-FR","potentialAction":[{"@type":"ReadAction","target":["https:\/\/teamlevine.ca\/investments\/tfsa\/"]}]},{"@type":"BreadcrumbList","@id":"https:\/\/teamlevine.ca\/investments\/tfsa\/#breadcrumb","itemListElement":[{"@type":"ListItem","position":1,"name":"Home","item":"https:\/\/teamlevine.ca\/"},{"@type":"ListItem","position":2,"name":"Investments","item":"https:\/\/teamlevine.ca\/investments\/"},{"@type":"ListItem","position":3,"name":"TFSA"}]},{"@type":"WebSite","@id":"https:\/\/teamlevine.ca\/#website","url":"https:\/\/teamlevine.ca\/","name":"Team Levine","description":"","potentialAction":[{"@type":"SearchAction","target":{"@type":"EntryPoint","urlTemplate":"https:\/\/teamlevine.ca\/?s={search_term_string}"},"query-input":{"@type":"PropertyValueSpecification","valueRequired":true,"valueName":"search_term_string"}}],"inLanguage":"fr-FR"}]}},"_links":{"self":[{"href":"https:\/\/teamlevine.ca\/fr\/wp-json\/wp\/v2\/pages\/391","targetHints":{"allow":["GET"]}}],"collection":[{"href":"https:\/\/teamlevine.ca\/fr\/wp-json\/wp\/v2\/pages"}],"about":[{"href":"https:\/\/teamlevine.ca\/fr\/wp-json\/wp\/v2\/types\/page"}],"author":[{"embeddable":true,"href":"https:\/\/teamlevine.ca\/fr\/wp-json\/wp\/v2\/users\/1"}],"replies":[{"embeddable":true,"href":"https:\/\/teamlevine.ca\/fr\/wp-json\/wp\/v2\/comments?post=391"}],"version-history":[{"count":5,"href":"https:\/\/teamlevine.ca\/fr\/wp-json\/wp\/v2\/pages\/391\/revisions"}],"predecessor-version":[{"id":993,"href":"https:\/\/teamlevine.ca\/fr\/wp-json\/wp\/v2\/pages\/391\/revisions\/993"}],"up":[{"embeddable":true,"href":"https:\/\/teamlevine.ca\/fr\/wp-json\/wp\/v2\/pages\/213"}],"wp:attachment":[{"href":"https:\/\/teamlevine.ca\/fr\/wp-json\/wp\/v2\/media?parent=391"}],"curies":[{"name":"wp","href":"https:\/\/api.w.org\/{rel}","templated":true}]}}