{"id":387,"date":"2017-02-28T06:30:04","date_gmt":"2017-02-28T06:30:04","guid":{"rendered":"https:\/\/teamlevine.ca\/?page_id=387"},"modified":"2021-03-17T06:44:54","modified_gmt":"2021-03-17T10:44:54","slug":"reee","status":"publish","type":"page","link":"https:\/\/teamlevine.ca\/fr\/investissements\/reee\/","title":{"rendered":"REEE"},"content":{"rendered":"<p><\/p>\n<p><strong><em>R\u00e9gime enregistr\u00e9 d\u2019\u00e9pargne-\u00e9tudes : de quoi s\u2019agit-il, et en avez-vous besoin?\u00a0<\/em><\/strong><\/p>\n<p>Il existe diff\u00e9rents types de r\u00e9gimes d\u2019\u00e9pargne enregistr\u00e9s, qui servent des fins et des objectifs diff\u00e9rents. En ce qui concerne le REEE, vos enfants sont les b\u00e9n\u00e9ficiaires vis\u00e9s. Le co\u00fbt de l\u2019\u00e9ducation est d\u00e9j\u00e0 \u00e9lev\u00e9 et le temps, combin\u00e9 \u00e0 l\u2019inflation, contribuera sans doute \u00e0 le rendre encore plus prohibitif.<\/p>\n<p>Le REEE permet aux parents d\u2019investir des sommes dans un fonds enregistr\u00e9, dont la valeur cro\u00eet au fil du temps pour ainsi fournir des capitaux pour l\u2019\u00e9ducation de leurs enfants. \u00c0 condition que le REEE soit ouvert \u00e0 un tr\u00e8s jeune \u00e2ge, puis investi dans le produit ou dans le fonds appropri\u00e9, vos enfants disposeront de l\u2019argent n\u00e9cessaire pour fr\u00e9quenter l\u2019\u00e9cole de leur choix. En effet, les int\u00e9r\u00eats courus vous permettront de prot\u00e9ger vos fonds contre l\u2019inflation des co\u00fbts li\u00e9s \u00e0 l\u2019\u00e9ducation.<\/p>\n<p><strong><em>Quand puis-je commencer \u00e0 cotiser au REEE de mon enfant?<\/em><\/strong><\/p>\n<p>Vous pouvez commencer \u00e0 contribuer au REEE de votre enfant d\u00e8s qu\u2019il a re\u00e7u un num\u00e9ro d\u2019assurance sociale (NAS). Les deux seules exigences sont les suivantes :<\/p>\n<ul>\n<li>Votre enfant doit \u00eatre un citoyen canadien\u00a0<\/li>\n<li>Votre enfant doit disposer d\u2019un num\u00e9ro d\u2019assurance sociale<\/li>\n<\/ul>\n<p><strong><em>Contributions maximales :<\/em><\/strong><\/p>\n<p>Vous pouvez cotiser jusqu\u2019\u00e0 un maximum \u00e0 vie de 50 000 $ par enfant. Contrairement aux REER, lorsque vous cotisez \u00e0 un REEE, vous ne pouvez pas d\u00e9duire les cotisations de votre revenu imposable. Toutefois, votre placement fructifie \u00e0 l\u2019abri de l\u2019imp\u00f4t jusqu\u2019\u00e0 ce que votre enfant ait besoin de l\u2019argent pour son \u00e9ducation postsecondaire, et qu\u2019il retire les fonds. C\u2019est le b\u00e9n\u00e9ficiaire qui paie alors le montant d\u2019imp\u00f4t, en fonction de sa tranche de revenu imposable pour l\u2019ann\u00e9e concern\u00e9e.<\/p>\n<p><strong><em>Les avantages de cotiser \u00e0 un REEE:<\/em><\/strong><\/p>\n<p>Saviez-vous que le gouvernement f\u00e9d\u00e9ral et le gouvernement du Qu\u00e9bec contribuent \u00e9galement au REEE de votre enfant? Et saviez-vous que lorsque vous utilisez les services de Team Levine pour ouvrir un REEE, vous recevez des contributions suppl\u00e9mentaires en plus des subventions gouvernementales?<\/p>\n<p><strong><em>Voici comment le gouvernement f\u00e9d\u00e9ral contribue au REEE de votre enfant :<\/em><\/strong><\/p>\n<p>Le gouvernement f\u00e9d\u00e9ral pr\u00e9voit des mesures incitatives pour les familles qui souhaitent accro\u00eetre les cotisations \u00e0 leur REEE. Lorsque vous cotisez dans le REEE de votre enfant, vous b\u00e9n\u00e9ficiez de la subvention canadienne pour l\u2019\u00e9pargne-\u00e9tudes (SCEE) du gouvernement f\u00e9d\u00e9ral. La subvention peut diff\u00e9rer en fonction du revenu de votre famille.<\/p>\n<p>De fa\u00e7on g\u00e9n\u00e9rale, toutes les familles re\u00e7oivent un montant pouvant aller jusqu\u2019\u00e0\u00a0<br \/>\n  20 % de leur contribution annuelle, et ce, jusqu\u2019\u00e0 une subvention maximale de 500 $ par ann\u00e9e. Cela signifie que si vous cotisez 2 500 $ par ann\u00e9e \u00e0 votre REEE, vous y contribuez au maximum et vous recevez la contribution maximale annuelle du gouvernement f\u00e9d\u00e9ral. Ce montant est directement cotis\u00e9 \u00e0 votre fonds REEE.<\/p>\n<p>Pour les familles qui disposent d\u2019un revenu net de 44 701 $ ou moins, elles re\u00e7oivent un suppl\u00e9ment de 20 % sur la premi\u00e8re tranche de 500 $ qu\u2019elles cotisent par an. En d\u2019autres termes, le gouvernement vous accorde un suppl\u00e9ment de 40 % sur votre premi\u00e8re contribution de 500 $, puis le montant r\u00e9gulier de 20 % sur les contributions de 500 $ \u00e0 2 500 $, pour une subvention annuelle maximale de 600 $.<\/p>\n<p>Pour les familles qui disposent d\u2019un revenu net de 44 702 $ \u00e0 89 401 $, celles-ci re\u00e7oivent un suppl\u00e9ment de 10 % de la subvention sur leur premi\u00e8re tranche de 500 $ de cotisations annuelles. Cela signifie que le gouvernement f\u00e9d\u00e9ral vous accorde 30 % sur les premiers 500 $ de cotisations de l\u2019ann\u00e9e, pour ensuite revenir au montant de subvention r\u00e9gulier de 20 % pour vos contributions de 500 $ \u00e0 2 500 $, pour une subvention annuelle maximale de 550 $.<\/p>\n<p>En fin de compte, quelle que soit la tranche de revenu \u00e0 laquelle vous appartenez, le total maximal \u00e0 vie de la SCEE est de 7 200 $.<\/p>\n<p>En outre, si vous n\u2019avez pas contribu\u00e9 au maximum au cours des ann\u00e9es pr\u00e9c\u00e9dentes, vous pouvez reporter la portion non utilis\u00e9e aux ann\u00e9es de cotisation subs\u00e9quentes.<\/p>\n<p><strong><em>\u00c2ge maximal pour b\u00e9n\u00e9ficier de la SCEE :<\/em><\/strong><\/p>\n<p>Afin de recevoir ces subventions, vous devez commencer \u00e0 cotiser avant la fin de l\u2019ann\u00e9e civile au cours de laquelle votre enfant atteint l\u2019\u00e2ge de 15 ans. Cependant, plus vous commencez t\u00f4t \u00e0 cotiser, plus vos placements prennent de l\u2019ampleur!<\/p>\n<p><strong><em>Voici comment le gouvernement provincial contribue au REEE de votre enfant :<\/em><\/strong><\/p>\n<p>Le gouvernement provincial pr\u00e9voit des mesures incitatives pour les familles qui souhaitent accro\u00eetre leurs cotisations dans un REEE. Lorsque vous cotisez dans le REEE de votre enfant, vous b\u00e9n\u00e9ficiez de l\u2019incitatif qu\u00e9b\u00e9cois \u00e0 l\u2019\u00e9pargne-\u00e9tudes (IQEE) du gouvernement provincial.<\/p>\n<p>Pour les familles \u00e0 revenu r\u00e9gulier, la contribution de base s\u2019\u00e9l\u00e8ve \u00e0 10 % de vos cotisations annuelles. Vous pouvez recevoir ce 10 % jusqu\u2019\u00e0 une contribution maximale de 2 500 $ par ann\u00e9e, ce qui vous permet d\u2019obtenir l\u2019IQEE annuel maximal de 250 $. Cette somme est vers\u00e9e directement dans votre fonds REEE.<\/p>\n<p>Les familles qui sont consid\u00e9r\u00e9es comme ayant un niveau de revenu moins \u00e9lev\u00e9 peuvent \u00eatre admissibles \u00e0 un incitatif suppl\u00e9mentaire de 50 $ par an, ce qui pourrait augmenter le montant total annuel de la subvention IQEE \u00e0 300 $.<\/p>\n<p>Il importe de garder \u00e0 l\u2019esprit que toutes les contributions \u00e0 l\u2019IQEE inutilis\u00e9es des ann\u00e9es pr\u00e9c\u00e9dentes peuvent \u00eatre report\u00e9es aux ann\u00e9es \u00e0 venir, jusqu\u2019\u00e0 un maximum annuel de 250 $ ajout\u00e9 au montant de base.<\/p>\n<p><strong><em>Admissibilit\u00e9 \u00e0 l\u2019IQEE :<\/em><\/strong><\/p>\n<p>Pour \u00eatre admissible \u00e0 l\u2019incitatif qu\u00e9b\u00e9cois \u00e0 l\u2019\u00e9pargne-\u00e9tudes (IQEE), vous devez r\u00e9pondre aux crit\u00e8res suivants :<\/p>\n<ul>\n<li>\u00catre un r\u00e9sident de la province de Qu\u00e9bec<\/li>\n<li>Poss\u00e9der un num\u00e9ro d\u2019assurance sociale<\/li>\n<li>\u00catre \u00e2g\u00e9 de moins de 18 ans<\/li>\n<\/ul>\n<p><strong><em>Voici comment Team Levine peut vous aider \u00e0 cotiser :<\/em><\/strong><\/p>\n<p>En tant que courtier d\u2019assurance, Team Levine peut ouvrir un REEE par l\u2019interm\u00e9diaire d\u2019un contrat d\u2019assurance. Gr\u00e2ce \u00e0 notre r\u00e9seau, nous sommes en mesure de verser une part \u00e9gale \u00e0 15 % des cotisations annuelles du client. C\u2019est exact! En plus de la contribution de base du gouvernement f\u00e9d\u00e9ral de 20 % (peut-\u00eatre davantage) ainsi que celle du gouvernement provincial de 10 % (peut-\u00eatre davantage), Team Levine peut \u00e9galement verser un montant \u00e9quivalent \u00e0 15 % de votre cotisation annuelle. Cette mesure vous permet de b\u00e9n\u00e9ficier d\u2019un montant allant jusqu\u2019\u00e0 45 % de vos cotisations annuelles, sur lesquelles vous pourrez ensuite r\u00e9aliser des int\u00e9r\u00eats, tout d\u00e9pendant du type de fonds dans lequel vous souhaitez investir.<\/p>\n<p>L\u2019objectif de Team Levine est d\u2019aider les familles \u00e0 atteindre leurs objectifs d\u2019\u00e9pargne-\u00e9tudes plus rapidement et plus efficacement. Communiquez avec nous d\u00e8s aujourd\u2019hui. Nous serons heureux de vous aider!<\/p>\n<p><\/p>","protected":false},"excerpt":{"rendered":"<p>R\u00e9gime enregistr\u00e9 d\u2019\u00e9pargne-\u00e9tudes : de quoi s\u2019agit-il, et en avez-vous besoin?\u00a0 Il existe diff\u00e9rents types de r\u00e9gimes d\u2019\u00e9pargne enregistr\u00e9s, qui servent des fins et des objectifs diff\u00e9rents. En ce qui concerne le REEE, vos enfants sont les b\u00e9n\u00e9ficiaires vis\u00e9s. Le co\u00fbt de l\u2019\u00e9ducation est d\u00e9j\u00e0 \u00e9lev\u00e9 et le temps, combin\u00e9 \u00e0 l\u2019inflation, contribuera sans doute [&hellip;]<\/p>\n","protected":false},"author":1,"featured_media":0,"parent":213,"menu_order":42,"comment_status":"closed","ping_status":"closed","template":"page-investment-detail.php","meta":{"_acf_changed":false,"footnotes":""},"class_list":["post-387","page","type-page","status-publish","hentry"],"acf":[],"yoast_head":"<!-- This site is optimized with the Yoast SEO plugin v27.3 - https:\/\/yoast.com\/product\/yoast-seo-wordpress\/ -->\n<title>Team Levine<\/title>\n<meta name=\"description\" content=\"Team Levine\" \/>\n<meta name=\"robots\" content=\"index, follow, max-snippet:-1, max-image-preview:large, max-video-preview:-1\" \/>\n<link rel=\"canonical\" href=\"https:\/\/teamlevine.ca\/investments\/resp\/\" \/>\n<meta property=\"og:locale\" content=\"fr_FR\" \/>\n<meta property=\"og:type\" content=\"article\" \/>\n<meta property=\"og:title\" content=\"Team Levine\" \/>\n<meta property=\"og:description\" content=\"Team Levine\" \/>\n<meta property=\"og:url\" content=\"https:\/\/teamlevine.ca\/investments\/resp\/\" \/>\n<meta property=\"og:site_name\" content=\"Team Levine\" \/>\n<meta property=\"article:modified_time\" content=\"2021-03-17T10:44:54+00:00\" \/>\n<meta name=\"twitter:card\" content=\"summary_large_image\" \/>\n<meta name=\"twitter:label1\" content=\"Dur\u00e9e de lecture estim\u00e9e\" \/>\n\t<meta name=\"twitter:data1\" content=\"11 minutes\" \/>\n<script type=\"application\/ld+json\" class=\"yoast-schema-graph\">{\"@context\":\"https:\\\/\\\/schema.org\",\"@graph\":[{\"@type\":\"WebPage\",\"@id\":\"https:\\\/\\\/teamlevine.ca\\\/investments\\\/resp\\\/\",\"url\":\"https:\\\/\\\/teamlevine.ca\\\/investments\\\/resp\\\/\",\"name\":\"Team Levine\",\"isPartOf\":{\"@id\":\"https:\\\/\\\/teamlevine.ca\\\/#website\"},\"datePublished\":\"2017-02-28T06:30:04+00:00\",\"dateModified\":\"2021-03-17T10:44:54+00:00\",\"description\":\"Team Levine\",\"breadcrumb\":{\"@id\":\"https:\\\/\\\/teamlevine.ca\\\/investments\\\/resp\\\/#breadcrumb\"},\"inLanguage\":\"fr-FR\",\"potentialAction\":[{\"@type\":\"ReadAction\",\"target\":[\"https:\\\/\\\/teamlevine.ca\\\/investments\\\/resp\\\/\"]}]},{\"@type\":\"BreadcrumbList\",\"@id\":\"https:\\\/\\\/teamlevine.ca\\\/investments\\\/resp\\\/#breadcrumb\",\"itemListElement\":[{\"@type\":\"ListItem\",\"position\":1,\"name\":\"Home\",\"item\":\"https:\\\/\\\/teamlevine.ca\\\/\"},{\"@type\":\"ListItem\",\"position\":2,\"name\":\"Investments\",\"item\":\"https:\\\/\\\/teamlevine.ca\\\/investments\\\/\"},{\"@type\":\"ListItem\",\"position\":3,\"name\":\"RESP\"}]},{\"@type\":\"WebSite\",\"@id\":\"https:\\\/\\\/teamlevine.ca\\\/#website\",\"url\":\"https:\\\/\\\/teamlevine.ca\\\/\",\"name\":\"Team Levine\",\"description\":\"\",\"potentialAction\":[{\"@type\":\"SearchAction\",\"target\":{\"@type\":\"EntryPoint\",\"urlTemplate\":\"https:\\\/\\\/teamlevine.ca\\\/?s={search_term_string}\"},\"query-input\":{\"@type\":\"PropertyValueSpecification\",\"valueRequired\":true,\"valueName\":\"search_term_string\"}}],\"inLanguage\":\"fr-FR\"}]}<\/script>\n<!-- \/ Yoast SEO plugin. -->","yoast_head_json":{"title":"Team Levine","description":"Team Levine","robots":{"index":"index","follow":"follow","max-snippet":"max-snippet:-1","max-image-preview":"max-image-preview:large","max-video-preview":"max-video-preview:-1"},"canonical":"https:\/\/teamlevine.ca\/investments\/resp\/","og_locale":"fr_FR","og_type":"article","og_title":"Team Levine","og_description":"Team Levine","og_url":"https:\/\/teamlevine.ca\/investments\/resp\/","og_site_name":"Team Levine","article_modified_time":"2021-03-17T10:44:54+00:00","twitter_card":"summary_large_image","twitter_misc":{"Dur\u00e9e de lecture estim\u00e9e":"11 minutes"},"schema":{"@context":"https:\/\/schema.org","@graph":[{"@type":"WebPage","@id":"https:\/\/teamlevine.ca\/investments\/resp\/","url":"https:\/\/teamlevine.ca\/investments\/resp\/","name":"Team Levine","isPartOf":{"@id":"https:\/\/teamlevine.ca\/#website"},"datePublished":"2017-02-28T06:30:04+00:00","dateModified":"2021-03-17T10:44:54+00:00","description":"Team Levine","breadcrumb":{"@id":"https:\/\/teamlevine.ca\/investments\/resp\/#breadcrumb"},"inLanguage":"fr-FR","potentialAction":[{"@type":"ReadAction","target":["https:\/\/teamlevine.ca\/investments\/resp\/"]}]},{"@type":"BreadcrumbList","@id":"https:\/\/teamlevine.ca\/investments\/resp\/#breadcrumb","itemListElement":[{"@type":"ListItem","position":1,"name":"Home","item":"https:\/\/teamlevine.ca\/"},{"@type":"ListItem","position":2,"name":"Investments","item":"https:\/\/teamlevine.ca\/investments\/"},{"@type":"ListItem","position":3,"name":"RESP"}]},{"@type":"WebSite","@id":"https:\/\/teamlevine.ca\/#website","url":"https:\/\/teamlevine.ca\/","name":"Team Levine","description":"","potentialAction":[{"@type":"SearchAction","target":{"@type":"EntryPoint","urlTemplate":"https:\/\/teamlevine.ca\/?s={search_term_string}"},"query-input":{"@type":"PropertyValueSpecification","valueRequired":true,"valueName":"search_term_string"}}],"inLanguage":"fr-FR"}]}},"_links":{"self":[{"href":"https:\/\/teamlevine.ca\/fr\/wp-json\/wp\/v2\/pages\/387","targetHints":{"allow":["GET"]}}],"collection":[{"href":"https:\/\/teamlevine.ca\/fr\/wp-json\/wp\/v2\/pages"}],"about":[{"href":"https:\/\/teamlevine.ca\/fr\/wp-json\/wp\/v2\/types\/page"}],"author":[{"embeddable":true,"href":"https:\/\/teamlevine.ca\/fr\/wp-json\/wp\/v2\/users\/1"}],"replies":[{"embeddable":true,"href":"https:\/\/teamlevine.ca\/fr\/wp-json\/wp\/v2\/comments?post=387"}],"version-history":[{"count":5,"href":"https:\/\/teamlevine.ca\/fr\/wp-json\/wp\/v2\/pages\/387\/revisions"}],"predecessor-version":[{"id":995,"href":"https:\/\/teamlevine.ca\/fr\/wp-json\/wp\/v2\/pages\/387\/revisions\/995"}],"up":[{"embeddable":true,"href":"https:\/\/teamlevine.ca\/fr\/wp-json\/wp\/v2\/pages\/213"}],"wp:attachment":[{"href":"https:\/\/teamlevine.ca\/fr\/wp-json\/wp\/v2\/media?parent=387"}],"curies":[{"name":"wp","href":"https:\/\/api.w.org\/{rel}","templated":true}]}}