{"id":380,"date":"2017-02-28T05:50:37","date_gmt":"2017-02-28T05:50:37","guid":{"rendered":"https:\/\/teamlevine.ca\/?page_id=380"},"modified":"2021-03-17T06:49:46","modified_gmt":"2021-03-17T10:49:46","slug":"temporaire-100","status":"publish","type":"page","link":"https:\/\/teamlevine.ca\/fr\/assurance\/assurance-vie\/temporaire-100\/","title":{"rendered":"Temporaire 100"},"content":{"rendered":"<p><\/p>\n<p>Ne vous laissez pas tromper par le fait que le mot \u00ab temporaire \u00bb apparaisse dans le nom de ce produit, car il fait quand m\u00eame partie de la famille des produits d\u2019assurance vie permanente. Il s\u2019agit cependant d\u2019une version simplifi\u00e9e de l\u2019assurance vie permanente. Contrairement \u00e0 l\u2019assurance vie universelle, qui comporte un aspect investissement (ou une assurance vie enti\u00e8re qui comprend une valeur mon\u00e9taire), le r\u00e9gime temporaire 100 est une assurance de base. Les primes demeurent les m\u00eames tout au long de la dur\u00e9e du contrat, et le montant du capital-d\u00e9c\u00e8s demeure \u00e9galement le m\u00eame. Il s\u2019agit de la forme d\u2019assurance permanente la moins ch\u00e8re, puisqu\u2019elle se veut une assurance de base, sans toutefois inclure les autres avantages. Cela signifie que dans l\u2019\u00e9ventualit\u00e9 o\u00f9 vous d\u00e9cidiez d\u2019annuler la police, vous perdriez toutes les primes vers\u00e9es. Ce produit est id\u00e9al pour les personnes qui cherchent \u00e0 obtenir une assurance permanente, et qui disposent d\u2019un plus petit budget. Elle peut \u00e9galement convenir aux personnes qui sont pr\u00eates \u00e0 sacrifier certains des avantages suppl\u00e9mentaires qu\u2019offrent les polices d\u2019assurance vie permanentes plus extravagantes<\/p>\n<p><\/p>","protected":false},"excerpt":{"rendered":"<p>Ne vous laissez pas tromper par le fait que le mot \u00ab temporaire \u00bb apparaisse dans le nom de ce produit, car il fait quand m\u00eame partie de la famille des produits d\u2019assurance vie permanente. Il s\u2019agit cependant d\u2019une version simplifi\u00e9e de l\u2019assurance vie permanente. Contrairement \u00e0 l\u2019assurance vie universelle, qui comporte un aspect investissement [&hellip;]<\/p>\n","protected":false},"author":1,"featured_media":0,"parent":357,"menu_order":25,"comment_status":"closed","ping_status":"closed","template":"page-insurance-detail.php","meta":{"_acf_changed":false,"footnotes":""},"class_list":["post-380","page","type-page","status-publish","hentry"],"acf":[],"yoast_head":"<!-- This site is optimized with the Yoast SEO plugin v27.4 - https:\/\/yoast.com\/product\/yoast-seo-wordpress\/ -->\n<title>Team Levine<\/title>\n<meta name=\"description\" content=\"Team Levine\" \/>\n<meta name=\"robots\" content=\"index, follow, max-snippet:-1, max-image-preview:large, max-video-preview:-1\" \/>\n<link rel=\"canonical\" href=\"https:\/\/teamlevine.ca\/insurance\/life-insurance\/term-to-100\/\" \/>\n<meta property=\"og:locale\" content=\"fr_FR\" \/>\n<meta property=\"og:type\" content=\"article\" \/>\n<meta property=\"og:title\" content=\"Team Levine\" \/>\n<meta property=\"og:description\" content=\"Team Levine\" \/>\n<meta property=\"og:url\" content=\"https:\/\/teamlevine.ca\/insurance\/life-insurance\/term-to-100\/\" \/>\n<meta property=\"og:site_name\" content=\"Team Levine\" \/>\n<meta property=\"article:modified_time\" content=\"2021-03-17T10:49:46+00:00\" \/>\n<meta name=\"twitter:card\" content=\"summary_large_image\" \/>\n<meta name=\"twitter:label1\" content=\"Dur\u00e9e de lecture estim\u00e9e\" \/>\n\t<meta name=\"twitter:data1\" content=\"2 minutes\" \/>\n<script type=\"application\/ld+json\" class=\"yoast-schema-graph\">{\"@context\":\"https:\\\/\\\/schema.org\",\"@graph\":[{\"@type\":\"WebPage\",\"@id\":\"https:\\\/\\\/teamlevine.ca\\\/insurance\\\/life-insurance\\\/term-to-100\\\/\",\"url\":\"https:\\\/\\\/teamlevine.ca\\\/insurance\\\/life-insurance\\\/term-to-100\\\/\",\"name\":\"Team Levine\",\"isPartOf\":{\"@id\":\"https:\\\/\\\/teamlevine.ca\\\/#website\"},\"datePublished\":\"2017-02-28T05:50:37+00:00\",\"dateModified\":\"2021-03-17T10:49:46+00:00\",\"description\":\"Team Levine\",\"breadcrumb\":{\"@id\":\"https:\\\/\\\/teamlevine.ca\\\/insurance\\\/life-insurance\\\/term-to-100\\\/#breadcrumb\"},\"inLanguage\":\"fr-FR\",\"potentialAction\":[{\"@type\":\"ReadAction\",\"target\":[\"https:\\\/\\\/teamlevine.ca\\\/insurance\\\/life-insurance\\\/term-to-100\\\/\"]}]},{\"@type\":\"BreadcrumbList\",\"@id\":\"https:\\\/\\\/teamlevine.ca\\\/insurance\\\/life-insurance\\\/term-to-100\\\/#breadcrumb\",\"itemListElement\":[{\"@type\":\"ListItem\",\"position\":1,\"name\":\"Home\",\"item\":\"https:\\\/\\\/teamlevine.ca\\\/\"},{\"@type\":\"ListItem\",\"position\":2,\"name\":\"Services d&rsquo;assurance\",\"item\":\"https:\\\/\\\/teamlevine.ca\\\/fr\\\/assurance\\\/\"},{\"@type\":\"ListItem\",\"position\":3,\"name\":\"Assurance vie\",\"item\":\"https:\\\/\\\/teamlevine.ca\\\/fr\\\/assurance\\\/assurance-vie\\\/\"},{\"@type\":\"ListItem\",\"position\":4,\"name\":\"Term to 100\"}]},{\"@type\":\"WebSite\",\"@id\":\"https:\\\/\\\/teamlevine.ca\\\/#website\",\"url\":\"https:\\\/\\\/teamlevine.ca\\\/\",\"name\":\"Team Levine\",\"description\":\"\",\"potentialAction\":[{\"@type\":\"SearchAction\",\"target\":{\"@type\":\"EntryPoint\",\"urlTemplate\":\"https:\\\/\\\/teamlevine.ca\\\/?s={search_term_string}\"},\"query-input\":{\"@type\":\"PropertyValueSpecification\",\"valueRequired\":true,\"valueName\":\"search_term_string\"}}],\"inLanguage\":\"fr-FR\"}]}<\/script>\n<!-- \/ Yoast SEO plugin. -->","yoast_head_json":{"title":"Team Levine","description":"Team Levine","robots":{"index":"index","follow":"follow","max-snippet":"max-snippet:-1","max-image-preview":"max-image-preview:large","max-video-preview":"max-video-preview:-1"},"canonical":"https:\/\/teamlevine.ca\/insurance\/life-insurance\/term-to-100\/","og_locale":"fr_FR","og_type":"article","og_title":"Team Levine","og_description":"Team Levine","og_url":"https:\/\/teamlevine.ca\/insurance\/life-insurance\/term-to-100\/","og_site_name":"Team Levine","article_modified_time":"2021-03-17T10:49:46+00:00","twitter_card":"summary_large_image","twitter_misc":{"Dur\u00e9e de lecture estim\u00e9e":"2 minutes"},"schema":{"@context":"https:\/\/schema.org","@graph":[{"@type":"WebPage","@id":"https:\/\/teamlevine.ca\/insurance\/life-insurance\/term-to-100\/","url":"https:\/\/teamlevine.ca\/insurance\/life-insurance\/term-to-100\/","name":"Team Levine","isPartOf":{"@id":"https:\/\/teamlevine.ca\/#website"},"datePublished":"2017-02-28T05:50:37+00:00","dateModified":"2021-03-17T10:49:46+00:00","description":"Team Levine","breadcrumb":{"@id":"https:\/\/teamlevine.ca\/insurance\/life-insurance\/term-to-100\/#breadcrumb"},"inLanguage":"fr-FR","potentialAction":[{"@type":"ReadAction","target":["https:\/\/teamlevine.ca\/insurance\/life-insurance\/term-to-100\/"]}]},{"@type":"BreadcrumbList","@id":"https:\/\/teamlevine.ca\/insurance\/life-insurance\/term-to-100\/#breadcrumb","itemListElement":[{"@type":"ListItem","position":1,"name":"Home","item":"https:\/\/teamlevine.ca\/"},{"@type":"ListItem","position":2,"name":"Services d&rsquo;assurance","item":"https:\/\/teamlevine.ca\/fr\/assurance\/"},{"@type":"ListItem","position":3,"name":"Assurance vie","item":"https:\/\/teamlevine.ca\/fr\/assurance\/assurance-vie\/"},{"@type":"ListItem","position":4,"name":"Term to 100"}]},{"@type":"WebSite","@id":"https:\/\/teamlevine.ca\/#website","url":"https:\/\/teamlevine.ca\/","name":"Team Levine","description":"","potentialAction":[{"@type":"SearchAction","target":{"@type":"EntryPoint","urlTemplate":"https:\/\/teamlevine.ca\/?s={search_term_string}"},"query-input":{"@type":"PropertyValueSpecification","valueRequired":true,"valueName":"search_term_string"}}],"inLanguage":"fr-FR"}]}},"_links":{"self":[{"href":"https:\/\/teamlevine.ca\/fr\/wp-json\/wp\/v2\/pages\/380","targetHints":{"allow":["GET"]}}],"collection":[{"href":"https:\/\/teamlevine.ca\/fr\/wp-json\/wp\/v2\/pages"}],"about":[{"href":"https:\/\/teamlevine.ca\/fr\/wp-json\/wp\/v2\/types\/page"}],"author":[{"embeddable":true,"href":"https:\/\/teamlevine.ca\/fr\/wp-json\/wp\/v2\/users\/1"}],"replies":[{"embeddable":true,"href":"https:\/\/teamlevine.ca\/fr\/wp-json\/wp\/v2\/comments?post=380"}],"version-history":[{"count":7,"href":"https:\/\/teamlevine.ca\/fr\/wp-json\/wp\/v2\/pages\/380\/revisions"}],"predecessor-version":[{"id":999,"href":"https:\/\/teamlevine.ca\/fr\/wp-json\/wp\/v2\/pages\/380\/revisions\/999"}],"up":[{"embeddable":true,"href":"https:\/\/teamlevine.ca\/fr\/wp-json\/wp\/v2\/pages\/357"}],"wp:attachment":[{"href":"https:\/\/teamlevine.ca\/fr\/wp-json\/wp\/v2\/media?parent=380"}],"curies":[{"name":"wp","href":"https:\/\/api.w.org\/{rel}","templated":true}]}}