{"id":378,"date":"2017-02-28T05:46:50","date_gmt":"2017-02-28T05:46:50","guid":{"rendered":"https:\/\/teamlevine.ca\/?page_id=378"},"modified":"2021-03-17T06:48:49","modified_gmt":"2021-03-17T10:48:49","slug":"assurance-vie-entiere","status":"publish","type":"page","link":"https:\/\/teamlevine.ca\/fr\/assurance\/assurance-vie\/assurance-vie-entiere\/","title":{"rendered":"Assurance vie enti\u00e8re"},"content":{"rendered":"<p><\/p>\n<p>L\u2019assurance vie enti\u00e8re fait partie de la famille des assurances vie permanentes. Cela signifie que les primes ne changent jamais tout au long de la dur\u00e9e de la police, autrement connu sous le nom de primes uniformes. Au d\u00e9part, ce type d\u2019assurance co\u00fbte plus cher que l\u2019assurance vie temporaire, mais puisque les primes demeurent fixes au cours des derni\u00e8res ann\u00e9es, la police finit par co\u00fbter moins cher \u00e0 long terme.<\/p>\n<p>En principe, vous payez un montant plus \u00e9lev\u00e9 lorsque vous \u00eates plus jeune afin de payer moins lorsque vous \u00eates plus \u00e2g\u00e9. L\u2019assurance vie enti\u00e8re verse \u00e9galement un certain montant dans un compte \u00e0 valeur en esp\u00e8ces, autrement connu sous le nom de valeur de rachat. Si vous annulez votre police apr\u00e8s un certain temps, vous pouvez retirer la valeur de rachat.<\/p>\n<p>Vous voulez savoir si ce produit vous convient? Communiquez avec Team Levine d\u00e8s aujourd\u2019hui. Nous serons heureux de vous offrir une \u00e9valuation d\u2019assurance sans obligation.<\/p>\n<p><\/p>","protected":false},"excerpt":{"rendered":"<p>L\u2019assurance vie enti\u00e8re fait partie de la famille des assurances vie permanentes. Cela signifie que les primes ne changent jamais tout au long de la dur\u00e9e de la police, autrement connu sous le nom de primes uniformes. Au d\u00e9part, ce type d\u2019assurance co\u00fbte plus cher que l\u2019assurance vie temporaire, mais puisque les primes demeurent fixes [&hellip;]<\/p>\n","protected":false},"author":1,"featured_media":0,"parent":357,"menu_order":24,"comment_status":"closed","ping_status":"closed","template":"page-insurance-detail.php","meta":{"_acf_changed":false,"footnotes":""},"class_list":["post-378","page","type-page","status-publish","hentry"],"acf":[],"yoast_head":"<!-- This site is optimized with the Yoast SEO plugin v27.3 - https:\/\/yoast.com\/product\/yoast-seo-wordpress\/ -->\n<title>Team Levine<\/title>\n<meta name=\"description\" content=\"Team Levine\" \/>\n<meta name=\"robots\" content=\"index, follow, max-snippet:-1, max-image-preview:large, max-video-preview:-1\" \/>\n<link rel=\"canonical\" href=\"https:\/\/teamlevine.ca\/insurance\/life-insurance\/whole-life-insurance\/\" \/>\n<meta property=\"og:locale\" content=\"fr_FR\" \/>\n<meta property=\"og:type\" content=\"article\" \/>\n<meta property=\"og:title\" content=\"Team Levine\" \/>\n<meta property=\"og:description\" content=\"Team Levine\" \/>\n<meta property=\"og:url\" content=\"https:\/\/teamlevine.ca\/insurance\/life-insurance\/whole-life-insurance\/\" \/>\n<meta property=\"og:site_name\" content=\"Team Levine\" \/>\n<meta property=\"article:modified_time\" content=\"2021-03-17T10:48:49+00:00\" \/>\n<meta name=\"twitter:card\" content=\"summary_large_image\" \/>\n<meta name=\"twitter:label1\" content=\"Dur\u00e9e de lecture estim\u00e9e\" \/>\n\t<meta name=\"twitter:data1\" content=\"2 minutes\" \/>\n<script type=\"application\/ld+json\" class=\"yoast-schema-graph\">{\"@context\":\"https:\\\/\\\/schema.org\",\"@graph\":[{\"@type\":\"WebPage\",\"@id\":\"https:\\\/\\\/teamlevine.ca\\\/insurance\\\/life-insurance\\\/whole-life-insurance\\\/\",\"url\":\"https:\\\/\\\/teamlevine.ca\\\/insurance\\\/life-insurance\\\/whole-life-insurance\\\/\",\"name\":\"Team Levine\",\"isPartOf\":{\"@id\":\"https:\\\/\\\/teamlevine.ca\\\/#website\"},\"datePublished\":\"2017-02-28T05:46:50+00:00\",\"dateModified\":\"2021-03-17T10:48:49+00:00\",\"description\":\"Team Levine\",\"breadcrumb\":{\"@id\":\"https:\\\/\\\/teamlevine.ca\\\/insurance\\\/life-insurance\\\/whole-life-insurance\\\/#breadcrumb\"},\"inLanguage\":\"fr-FR\",\"potentialAction\":[{\"@type\":\"ReadAction\",\"target\":[\"https:\\\/\\\/teamlevine.ca\\\/insurance\\\/life-insurance\\\/whole-life-insurance\\\/\"]}]},{\"@type\":\"BreadcrumbList\",\"@id\":\"https:\\\/\\\/teamlevine.ca\\\/insurance\\\/life-insurance\\\/whole-life-insurance\\\/#breadcrumb\",\"itemListElement\":[{\"@type\":\"ListItem\",\"position\":1,\"name\":\"Home\",\"item\":\"https:\\\/\\\/teamlevine.ca\\\/\"},{\"@type\":\"ListItem\",\"position\":2,\"name\":\"Services d&rsquo;assurance\",\"item\":\"https:\\\/\\\/teamlevine.ca\\\/fr\\\/assurance\\\/\"},{\"@type\":\"ListItem\",\"position\":3,\"name\":\"Assurance vie\",\"item\":\"https:\\\/\\\/teamlevine.ca\\\/fr\\\/assurance\\\/assurance-vie\\\/\"},{\"@type\":\"ListItem\",\"position\":4,\"name\":\"Whole Life Insurance\"}]},{\"@type\":\"WebSite\",\"@id\":\"https:\\\/\\\/teamlevine.ca\\\/#website\",\"url\":\"https:\\\/\\\/teamlevine.ca\\\/\",\"name\":\"Team Levine\",\"description\":\"\",\"potentialAction\":[{\"@type\":\"SearchAction\",\"target\":{\"@type\":\"EntryPoint\",\"urlTemplate\":\"https:\\\/\\\/teamlevine.ca\\\/?s={search_term_string}\"},\"query-input\":{\"@type\":\"PropertyValueSpecification\",\"valueRequired\":true,\"valueName\":\"search_term_string\"}}],\"inLanguage\":\"fr-FR\"}]}<\/script>\n<!-- \/ Yoast SEO plugin. -->","yoast_head_json":{"title":"Team Levine","description":"Team Levine","robots":{"index":"index","follow":"follow","max-snippet":"max-snippet:-1","max-image-preview":"max-image-preview:large","max-video-preview":"max-video-preview:-1"},"canonical":"https:\/\/teamlevine.ca\/insurance\/life-insurance\/whole-life-insurance\/","og_locale":"fr_FR","og_type":"article","og_title":"Team Levine","og_description":"Team Levine","og_url":"https:\/\/teamlevine.ca\/insurance\/life-insurance\/whole-life-insurance\/","og_site_name":"Team Levine","article_modified_time":"2021-03-17T10:48:49+00:00","twitter_card":"summary_large_image","twitter_misc":{"Dur\u00e9e de lecture estim\u00e9e":"2 minutes"},"schema":{"@context":"https:\/\/schema.org","@graph":[{"@type":"WebPage","@id":"https:\/\/teamlevine.ca\/insurance\/life-insurance\/whole-life-insurance\/","url":"https:\/\/teamlevine.ca\/insurance\/life-insurance\/whole-life-insurance\/","name":"Team Levine","isPartOf":{"@id":"https:\/\/teamlevine.ca\/#website"},"datePublished":"2017-02-28T05:46:50+00:00","dateModified":"2021-03-17T10:48:49+00:00","description":"Team Levine","breadcrumb":{"@id":"https:\/\/teamlevine.ca\/insurance\/life-insurance\/whole-life-insurance\/#breadcrumb"},"inLanguage":"fr-FR","potentialAction":[{"@type":"ReadAction","target":["https:\/\/teamlevine.ca\/insurance\/life-insurance\/whole-life-insurance\/"]}]},{"@type":"BreadcrumbList","@id":"https:\/\/teamlevine.ca\/insurance\/life-insurance\/whole-life-insurance\/#breadcrumb","itemListElement":[{"@type":"ListItem","position":1,"name":"Home","item":"https:\/\/teamlevine.ca\/"},{"@type":"ListItem","position":2,"name":"Services d&rsquo;assurance","item":"https:\/\/teamlevine.ca\/fr\/assurance\/"},{"@type":"ListItem","position":3,"name":"Assurance vie","item":"https:\/\/teamlevine.ca\/fr\/assurance\/assurance-vie\/"},{"@type":"ListItem","position":4,"name":"Whole Life Insurance"}]},{"@type":"WebSite","@id":"https:\/\/teamlevine.ca\/#website","url":"https:\/\/teamlevine.ca\/","name":"Team Levine","description":"","potentialAction":[{"@type":"SearchAction","target":{"@type":"EntryPoint","urlTemplate":"https:\/\/teamlevine.ca\/?s={search_term_string}"},"query-input":{"@type":"PropertyValueSpecification","valueRequired":true,"valueName":"search_term_string"}}],"inLanguage":"fr-FR"}]}},"_links":{"self":[{"href":"https:\/\/teamlevine.ca\/fr\/wp-json\/wp\/v2\/pages\/378","targetHints":{"allow":["GET"]}}],"collection":[{"href":"https:\/\/teamlevine.ca\/fr\/wp-json\/wp\/v2\/pages"}],"about":[{"href":"https:\/\/teamlevine.ca\/fr\/wp-json\/wp\/v2\/types\/page"}],"author":[{"embeddable":true,"href":"https:\/\/teamlevine.ca\/fr\/wp-json\/wp\/v2\/users\/1"}],"replies":[{"embeddable":true,"href":"https:\/\/teamlevine.ca\/fr\/wp-json\/wp\/v2\/comments?post=378"}],"version-history":[{"count":6,"href":"https:\/\/teamlevine.ca\/fr\/wp-json\/wp\/v2\/pages\/378\/revisions"}],"predecessor-version":[{"id":998,"href":"https:\/\/teamlevine.ca\/fr\/wp-json\/wp\/v2\/pages\/378\/revisions\/998"}],"up":[{"embeddable":true,"href":"https:\/\/teamlevine.ca\/fr\/wp-json\/wp\/v2\/pages\/357"}],"wp:attachment":[{"href":"https:\/\/teamlevine.ca\/fr\/wp-json\/wp\/v2\/media?parent=378"}],"curies":[{"name":"wp","href":"https:\/\/api.w.org\/{rel}","templated":true}]}}