{"id":374,"date":"2017-02-28T05:35:07","date_gmt":"2017-02-28T05:35:07","guid":{"rendered":"https:\/\/teamlevine.ca\/?page_id=374"},"modified":"2017-05-25T17:04:22","modified_gmt":"2017-05-25T17:04:22","slug":"no-medical","status":"publish","type":"page","link":"https:\/\/teamlevine.ca\/fr\/assurance\/assurance-vie\/assurance-vie-sans-exigence-medicale\/","title":{"rendered":"Assurance vie sans exigence m\u00e9dicale"},"content":{"rendered":"<p><\/p>\n<p>Ce type d&rsquo;assurance vie a \u00e9volu\u00e9 au fil des ans. Si vous \u00e9prouvez des probl\u00e8mes de sant\u00e9, ce produit pourrait vous convenir. Certaines compagnies d&rsquo;assurance offrent le produit d&rsquo;assurance vie sans exigence m\u00e9dicale ou \u00e0 \u00e9mission simplifi\u00e9e. Si vous vous \u00eates d\u00e9j\u00e0 vu refuser une assurance vie dans le pass\u00e9, l&rsquo;assurance vie sans exigence m\u00e9dicale pourrait \u00eatre le produit tout indiqu\u00e9 pour vous. En effet, dans le march\u00e9 d&rsquo;aujourd&rsquo;hui, l&rsquo;assurance vie sans exigence m\u00e9dicale est disponible pour tous.<\/p>\n<p><em><u>Qui peut b\u00e9n\u00e9ficier d&rsquo;une assurance vie sans exigence m\u00e9dicale?<\/u><\/em><\/p>\n<ul>\n<li>Toute personne ayant des probl\u00e8mes de sant\u00e9<\/li>\n<li>Toute personne qui s&rsquo;est d\u00e9j\u00e0 vu refuser une assurance par une compagnie d&rsquo;assurance dans le pass\u00e9 <\/li>\n<li>Les personnes \u00e2g\u00e9es<\/li>\n<li>Toute personne qui pratique des sports dangereux<\/li>\n<li>Toute personne qui est en bonne sant\u00e9, et qui cherche \u00e0 obtenir une assurance rapidement.<\/li>\n<li>Toute personne ayant une phobie des aiguilles et qui cherche \u00e0 contourner les examens m\u00e9dicaux.<\/li>\n<\/ul>\n<p>Essentiellement, il existe un r\u00e9gime d&rsquo;assurance vie sans exigence m\u00e9dicale accessible \u00e0 tous. Vous pouvez m\u00eame choisir une<strong> <a href=\"https:\/\/teamlevine.ca\/fr\/assurance\/assurance-vie\/assurance-temporaire-2\/\">assurance vie temporaire<\/a><\/strong> ou <strong><a href=\"https:\/\/teamlevine.ca\/fr\/assurance\/assurance-vie\/assurance-vie-permanente-2\/\">permanente<\/a><\/strong> dans le cadre d&rsquo;une assurance vie sans exigence m\u00e9dicale. Si vous souhaitez en savoir davantage sur la fa\u00e7on dont ce programme fonctionne, ou si vous souhaitez profiter des avantages qu&rsquo;offre l&rsquo;assurance vie sans exigence m\u00e9dicale, communiquez avec nous d\u00e8s maintenant. Team Levine est l\u00e0 pour vous aider \u00e0 naviguer \u00e0 travers le monde de l&rsquo;assurance.<\/p>\n<p><\/p>","protected":false},"excerpt":{"rendered":"<p>Ce type d&rsquo;assurance vie a \u00e9volu\u00e9 au fil des ans. Si vous \u00e9prouvez des probl\u00e8mes de sant\u00e9, ce produit pourrait vous convenir. Certaines compagnies d&rsquo;assurance offrent le produit d&rsquo;assurance vie sans exigence m\u00e9dicale ou \u00e0 \u00e9mission simplifi\u00e9e. Si vous vous \u00eates d\u00e9j\u00e0 vu refuser une assurance vie dans le pass\u00e9, l&rsquo;assurance vie sans exigence m\u00e9dicale [&hellip;]<\/p>\n","protected":false},"author":1,"featured_media":0,"parent":357,"menu_order":29,"comment_status":"closed","ping_status":"closed","template":"page-insurance-detail.php","meta":{"_acf_changed":false,"footnotes":""},"class_list":["post-374","page","type-page","status-publish","hentry"],"acf":[],"yoast_head":"<!-- This site is optimized with the Yoast SEO plugin v27.3 - https:\/\/yoast.com\/product\/yoast-seo-wordpress\/ -->\n<title>Team Levine<\/title>\n<meta name=\"description\" content=\"Team Levine\" \/>\n<meta name=\"robots\" content=\"index, follow, max-snippet:-1, max-image-preview:large, max-video-preview:-1\" \/>\n<link rel=\"canonical\" href=\"https:\/\/teamlevine.ca\/insurance\/life-insurance\/no-medical\/\" \/>\n<meta property=\"og:locale\" content=\"fr_FR\" \/>\n<meta property=\"og:type\" content=\"article\" \/>\n<meta property=\"og:title\" content=\"Team Levine\" \/>\n<meta property=\"og:description\" content=\"Team Levine\" \/>\n<meta property=\"og:url\" content=\"https:\/\/teamlevine.ca\/insurance\/life-insurance\/no-medical\/\" \/>\n<meta property=\"og:site_name\" content=\"Team Levine\" \/>\n<meta property=\"article:modified_time\" content=\"2017-05-25T17:04:22+00:00\" \/>\n<meta name=\"twitter:card\" content=\"summary_large_image\" \/>\n<meta name=\"twitter:label1\" content=\"Dur\u00e9e de lecture estim\u00e9e\" \/>\n\t<meta name=\"twitter:data1\" content=\"2 minutes\" \/>\n<script type=\"application\/ld+json\" class=\"yoast-schema-graph\">{\"@context\":\"https:\\\/\\\/schema.org\",\"@graph\":[{\"@type\":\"WebPage\",\"@id\":\"https:\\\/\\\/teamlevine.ca\\\/insurance\\\/life-insurance\\\/no-medical\\\/\",\"url\":\"https:\\\/\\\/teamlevine.ca\\\/insurance\\\/life-insurance\\\/no-medical\\\/\",\"name\":\"Team Levine\",\"isPartOf\":{\"@id\":\"https:\\\/\\\/teamlevine.ca\\\/#website\"},\"datePublished\":\"2017-02-28T05:35:07+00:00\",\"dateModified\":\"2017-05-25T17:04:22+00:00\",\"description\":\"Team Levine\",\"breadcrumb\":{\"@id\":\"https:\\\/\\\/teamlevine.ca\\\/insurance\\\/life-insurance\\\/no-medical\\\/#breadcrumb\"},\"inLanguage\":\"fr-FR\",\"potentialAction\":[{\"@type\":\"ReadAction\",\"target\":[\"https:\\\/\\\/teamlevine.ca\\\/insurance\\\/life-insurance\\\/no-medical\\\/\"]}]},{\"@type\":\"BreadcrumbList\",\"@id\":\"https:\\\/\\\/teamlevine.ca\\\/insurance\\\/life-insurance\\\/no-medical\\\/#breadcrumb\",\"itemListElement\":[{\"@type\":\"ListItem\",\"position\":1,\"name\":\"Home\",\"item\":\"https:\\\/\\\/teamlevine.ca\\\/\"},{\"@type\":\"ListItem\",\"position\":2,\"name\":\"Services d&rsquo;assurance\",\"item\":\"https:\\\/\\\/teamlevine.ca\\\/fr\\\/assurance\\\/\"},{\"@type\":\"ListItem\",\"position\":3,\"name\":\"Assurance vie\",\"item\":\"https:\\\/\\\/teamlevine.ca\\\/fr\\\/assurance\\\/assurance-vie\\\/\"},{\"@type\":\"ListItem\",\"position\":4,\"name\":\"No Medical\"}]},{\"@type\":\"WebSite\",\"@id\":\"https:\\\/\\\/teamlevine.ca\\\/#website\",\"url\":\"https:\\\/\\\/teamlevine.ca\\\/\",\"name\":\"Team Levine\",\"description\":\"\",\"potentialAction\":[{\"@type\":\"SearchAction\",\"target\":{\"@type\":\"EntryPoint\",\"urlTemplate\":\"https:\\\/\\\/teamlevine.ca\\\/?s={search_term_string}\"},\"query-input\":{\"@type\":\"PropertyValueSpecification\",\"valueRequired\":true,\"valueName\":\"search_term_string\"}}],\"inLanguage\":\"fr-FR\"}]}<\/script>\n<!-- \/ Yoast SEO plugin. -->","yoast_head_json":{"title":"Team Levine","description":"Team Levine","robots":{"index":"index","follow":"follow","max-snippet":"max-snippet:-1","max-image-preview":"max-image-preview:large","max-video-preview":"max-video-preview:-1"},"canonical":"https:\/\/teamlevine.ca\/insurance\/life-insurance\/no-medical\/","og_locale":"fr_FR","og_type":"article","og_title":"Team Levine","og_description":"Team Levine","og_url":"https:\/\/teamlevine.ca\/insurance\/life-insurance\/no-medical\/","og_site_name":"Team Levine","article_modified_time":"2017-05-25T17:04:22+00:00","twitter_card":"summary_large_image","twitter_misc":{"Dur\u00e9e de lecture estim\u00e9e":"2 minutes"},"schema":{"@context":"https:\/\/schema.org","@graph":[{"@type":"WebPage","@id":"https:\/\/teamlevine.ca\/insurance\/life-insurance\/no-medical\/","url":"https:\/\/teamlevine.ca\/insurance\/life-insurance\/no-medical\/","name":"Team Levine","isPartOf":{"@id":"https:\/\/teamlevine.ca\/#website"},"datePublished":"2017-02-28T05:35:07+00:00","dateModified":"2017-05-25T17:04:22+00:00","description":"Team Levine","breadcrumb":{"@id":"https:\/\/teamlevine.ca\/insurance\/life-insurance\/no-medical\/#breadcrumb"},"inLanguage":"fr-FR","potentialAction":[{"@type":"ReadAction","target":["https:\/\/teamlevine.ca\/insurance\/life-insurance\/no-medical\/"]}]},{"@type":"BreadcrumbList","@id":"https:\/\/teamlevine.ca\/insurance\/life-insurance\/no-medical\/#breadcrumb","itemListElement":[{"@type":"ListItem","position":1,"name":"Home","item":"https:\/\/teamlevine.ca\/"},{"@type":"ListItem","position":2,"name":"Services d&rsquo;assurance","item":"https:\/\/teamlevine.ca\/fr\/assurance\/"},{"@type":"ListItem","position":3,"name":"Assurance vie","item":"https:\/\/teamlevine.ca\/fr\/assurance\/assurance-vie\/"},{"@type":"ListItem","position":4,"name":"No Medical"}]},{"@type":"WebSite","@id":"https:\/\/teamlevine.ca\/#website","url":"https:\/\/teamlevine.ca\/","name":"Team Levine","description":"","potentialAction":[{"@type":"SearchAction","target":{"@type":"EntryPoint","urlTemplate":"https:\/\/teamlevine.ca\/?s={search_term_string}"},"query-input":{"@type":"PropertyValueSpecification","valueRequired":true,"valueName":"search_term_string"}}],"inLanguage":"fr-FR"}]}},"_links":{"self":[{"href":"https:\/\/teamlevine.ca\/fr\/wp-json\/wp\/v2\/pages\/374","targetHints":{"allow":["GET"]}}],"collection":[{"href":"https:\/\/teamlevine.ca\/fr\/wp-json\/wp\/v2\/pages"}],"about":[{"href":"https:\/\/teamlevine.ca\/fr\/wp-json\/wp\/v2\/types\/page"}],"author":[{"embeddable":true,"href":"https:\/\/teamlevine.ca\/fr\/wp-json\/wp\/v2\/users\/1"}],"replies":[{"embeddable":true,"href":"https:\/\/teamlevine.ca\/fr\/wp-json\/wp\/v2\/comments?post=374"}],"version-history":[{"count":6,"href":"https:\/\/teamlevine.ca\/fr\/wp-json\/wp\/v2\/pages\/374\/revisions"}],"predecessor-version":[{"id":609,"href":"https:\/\/teamlevine.ca\/fr\/wp-json\/wp\/v2\/pages\/374\/revisions\/609"}],"up":[{"embeddable":true,"href":"https:\/\/teamlevine.ca\/fr\/wp-json\/wp\/v2\/pages\/357"}],"wp:attachment":[{"href":"https:\/\/teamlevine.ca\/fr\/wp-json\/wp\/v2\/media?parent=374"}],"curies":[{"name":"wp","href":"https:\/\/api.w.org\/{rel}","templated":true}]}}