{"id":372,"date":"2017-02-28T05:26:43","date_gmt":"2017-02-28T05:26:43","guid":{"rendered":"https:\/\/teamlevine.ca\/?page_id=372"},"modified":"2017-05-25T17:03:59","modified_gmt":"2017-05-25T17:03:59","slug":"joint-last-die","status":"publish","type":"page","link":"https:\/\/teamlevine.ca\/fr\/assurance\/assurance-vie\/assurance-vie-conjointe-dernier-deces\/","title":{"rendered":"Assurance vie conjointe dernier d\u00e9c\u00e8s"},"content":{"rendered":"<p><\/p>\n<p>Il s\u2019agit de la m\u00e9thode la moins co\u00fbteuse pour assurer deux personnes. L\u2019assurance vie conjointe payable au dernier d\u00e9c\u00e8s, aussi connue comme l\u2019assurance vie du dernier survivant verse le capital-d\u00e9c\u00e8s seulement apr\u00e8s le d\u00e9c\u00e8s des deux personnes inscrites \u00e0 la police.<\/p>\n<p><strong><em>Les deux types d\u2019assurance vie conjointe<\/em><\/strong><\/p>\n<p>Dans le premier type de r\u00e9gime, le co\u00fbt de la protection cesse d\u2019\u00eatre appliqu\u00e9 lorsque la premi\u00e8re personne d\u00e9c\u00e8de. Cela signifie que le survivant ne paie plus de primes mensuelles, et l\u2019indemnit\u00e9 de d\u00e9c\u00e8s sera toujours vers\u00e9e lors du d\u00e9c\u00e8s du survivant.<\/p>\n<p>En vertu du deuxi\u00e8me type de police conjointe, les primes mensuelles continuent d\u2019\u00eatre pay\u00e9es jusqu\u2019au versement du capital-d\u00e9c\u00e8s. Cela signifie que le conjoint survivant continue de payer les primes jusqu\u2019\u00e0 ce qu\u2019il ou elle d\u00e9c\u00e8de.<\/p>\n<p><strong><em>Sc\u00e9nario:<\/em><\/strong><\/p>\n<p>Janice et Ron sont les fiers parents de trois enfants et de six petits enfants. Lors de leur d\u00e9c\u00e8s, ils aimeraient laisser de l\u2019argent \u00e0 leurs descendants. L\u2019assurance vie conjointe payable au dernier d\u00e9c\u00e8s est une option int\u00e9ressante pour eux.<\/p>\n<p><\/p>","protected":false},"excerpt":{"rendered":"<p>Il s\u2019agit de la m\u00e9thode la moins co\u00fbteuse pour assurer deux personnes. L\u2019assurance vie conjointe payable au dernier d\u00e9c\u00e8s, aussi connue comme l\u2019assurance vie du dernier survivant verse le capital-d\u00e9c\u00e8s seulement apr\u00e8s le d\u00e9c\u00e8s des deux personnes inscrites \u00e0 la police. Les deux types d\u2019assurance vie conjointe Dans le premier type de r\u00e9gime, le co\u00fbt [&hellip;]<\/p>\n","protected":false},"author":1,"featured_media":0,"parent":357,"menu_order":28,"comment_status":"closed","ping_status":"closed","template":"page-insurance-detail.php","meta":{"_acf_changed":false,"footnotes":""},"class_list":["post-372","page","type-page","status-publish","hentry"],"acf":[],"yoast_head":"<!-- This site is optimized with the Yoast SEO plugin v27.3 - https:\/\/yoast.com\/product\/yoast-seo-wordpress\/ -->\n<title>Team Levine<\/title>\n<meta name=\"description\" content=\"Team Levine\" \/>\n<meta name=\"robots\" content=\"index, follow, max-snippet:-1, max-image-preview:large, max-video-preview:-1\" \/>\n<link rel=\"canonical\" href=\"https:\/\/teamlevine.ca\/insurance\/life-insurance\/joint-last-to-die\/\" \/>\n<meta property=\"og:locale\" content=\"fr_FR\" \/>\n<meta property=\"og:type\" content=\"article\" \/>\n<meta property=\"og:title\" content=\"Team Levine\" \/>\n<meta property=\"og:description\" content=\"Team Levine\" \/>\n<meta property=\"og:url\" content=\"https:\/\/teamlevine.ca\/insurance\/life-insurance\/joint-last-to-die\/\" \/>\n<meta property=\"og:site_name\" content=\"Team Levine\" \/>\n<meta property=\"article:modified_time\" content=\"2017-05-25T17:03:59+00:00\" \/>\n<meta name=\"twitter:card\" content=\"summary_large_image\" \/>\n<meta name=\"twitter:label1\" content=\"Dur\u00e9e de lecture estim\u00e9e\" \/>\n\t<meta name=\"twitter:data1\" content=\"2 minutes\" \/>\n<script type=\"application\/ld+json\" class=\"yoast-schema-graph\">{\"@context\":\"https:\\\/\\\/schema.org\",\"@graph\":[{\"@type\":\"WebPage\",\"@id\":\"https:\\\/\\\/teamlevine.ca\\\/insurance\\\/life-insurance\\\/joint-last-to-die\\\/\",\"url\":\"https:\\\/\\\/teamlevine.ca\\\/insurance\\\/life-insurance\\\/joint-last-to-die\\\/\",\"name\":\"Team Levine\",\"isPartOf\":{\"@id\":\"https:\\\/\\\/teamlevine.ca\\\/#website\"},\"datePublished\":\"2017-02-28T05:26:43+00:00\",\"dateModified\":\"2017-05-25T17:03:59+00:00\",\"description\":\"Team Levine\",\"breadcrumb\":{\"@id\":\"https:\\\/\\\/teamlevine.ca\\\/insurance\\\/life-insurance\\\/joint-last-to-die\\\/#breadcrumb\"},\"inLanguage\":\"fr-FR\",\"potentialAction\":[{\"@type\":\"ReadAction\",\"target\":[\"https:\\\/\\\/teamlevine.ca\\\/insurance\\\/life-insurance\\\/joint-last-to-die\\\/\"]}]},{\"@type\":\"BreadcrumbList\",\"@id\":\"https:\\\/\\\/teamlevine.ca\\\/insurance\\\/life-insurance\\\/joint-last-to-die\\\/#breadcrumb\",\"itemListElement\":[{\"@type\":\"ListItem\",\"position\":1,\"name\":\"Home\",\"item\":\"https:\\\/\\\/teamlevine.ca\\\/\"},{\"@type\":\"ListItem\",\"position\":2,\"name\":\"Services d&rsquo;assurance\",\"item\":\"https:\\\/\\\/teamlevine.ca\\\/fr\\\/assurance\\\/\"},{\"@type\":\"ListItem\",\"position\":3,\"name\":\"Assurance vie\",\"item\":\"https:\\\/\\\/teamlevine.ca\\\/fr\\\/assurance\\\/assurance-vie\\\/\"},{\"@type\":\"ListItem\",\"position\":4,\"name\":\"Joint Last to Die\"}]},{\"@type\":\"WebSite\",\"@id\":\"https:\\\/\\\/teamlevine.ca\\\/#website\",\"url\":\"https:\\\/\\\/teamlevine.ca\\\/\",\"name\":\"Team Levine\",\"description\":\"\",\"potentialAction\":[{\"@type\":\"SearchAction\",\"target\":{\"@type\":\"EntryPoint\",\"urlTemplate\":\"https:\\\/\\\/teamlevine.ca\\\/?s={search_term_string}\"},\"query-input\":{\"@type\":\"PropertyValueSpecification\",\"valueRequired\":true,\"valueName\":\"search_term_string\"}}],\"inLanguage\":\"fr-FR\"}]}<\/script>\n<!-- \/ Yoast SEO plugin. -->","yoast_head_json":{"title":"Team Levine","description":"Team Levine","robots":{"index":"index","follow":"follow","max-snippet":"max-snippet:-1","max-image-preview":"max-image-preview:large","max-video-preview":"max-video-preview:-1"},"canonical":"https:\/\/teamlevine.ca\/insurance\/life-insurance\/joint-last-to-die\/","og_locale":"fr_FR","og_type":"article","og_title":"Team Levine","og_description":"Team Levine","og_url":"https:\/\/teamlevine.ca\/insurance\/life-insurance\/joint-last-to-die\/","og_site_name":"Team Levine","article_modified_time":"2017-05-25T17:03:59+00:00","twitter_card":"summary_large_image","twitter_misc":{"Dur\u00e9e de lecture estim\u00e9e":"2 minutes"},"schema":{"@context":"https:\/\/schema.org","@graph":[{"@type":"WebPage","@id":"https:\/\/teamlevine.ca\/insurance\/life-insurance\/joint-last-to-die\/","url":"https:\/\/teamlevine.ca\/insurance\/life-insurance\/joint-last-to-die\/","name":"Team Levine","isPartOf":{"@id":"https:\/\/teamlevine.ca\/#website"},"datePublished":"2017-02-28T05:26:43+00:00","dateModified":"2017-05-25T17:03:59+00:00","description":"Team Levine","breadcrumb":{"@id":"https:\/\/teamlevine.ca\/insurance\/life-insurance\/joint-last-to-die\/#breadcrumb"},"inLanguage":"fr-FR","potentialAction":[{"@type":"ReadAction","target":["https:\/\/teamlevine.ca\/insurance\/life-insurance\/joint-last-to-die\/"]}]},{"@type":"BreadcrumbList","@id":"https:\/\/teamlevine.ca\/insurance\/life-insurance\/joint-last-to-die\/#breadcrumb","itemListElement":[{"@type":"ListItem","position":1,"name":"Home","item":"https:\/\/teamlevine.ca\/"},{"@type":"ListItem","position":2,"name":"Services d&rsquo;assurance","item":"https:\/\/teamlevine.ca\/fr\/assurance\/"},{"@type":"ListItem","position":3,"name":"Assurance vie","item":"https:\/\/teamlevine.ca\/fr\/assurance\/assurance-vie\/"},{"@type":"ListItem","position":4,"name":"Joint Last to Die"}]},{"@type":"WebSite","@id":"https:\/\/teamlevine.ca\/#website","url":"https:\/\/teamlevine.ca\/","name":"Team Levine","description":"","potentialAction":[{"@type":"SearchAction","target":{"@type":"EntryPoint","urlTemplate":"https:\/\/teamlevine.ca\/?s={search_term_string}"},"query-input":{"@type":"PropertyValueSpecification","valueRequired":true,"valueName":"search_term_string"}}],"inLanguage":"fr-FR"}]}},"_links":{"self":[{"href":"https:\/\/teamlevine.ca\/fr\/wp-json\/wp\/v2\/pages\/372","targetHints":{"allow":["GET"]}}],"collection":[{"href":"https:\/\/teamlevine.ca\/fr\/wp-json\/wp\/v2\/pages"}],"about":[{"href":"https:\/\/teamlevine.ca\/fr\/wp-json\/wp\/v2\/types\/page"}],"author":[{"embeddable":true,"href":"https:\/\/teamlevine.ca\/fr\/wp-json\/wp\/v2\/users\/1"}],"replies":[{"embeddable":true,"href":"https:\/\/teamlevine.ca\/fr\/wp-json\/wp\/v2\/comments?post=372"}],"version-history":[{"count":4,"href":"https:\/\/teamlevine.ca\/fr\/wp-json\/wp\/v2\/pages\/372\/revisions"}],"predecessor-version":[{"id":608,"href":"https:\/\/teamlevine.ca\/fr\/wp-json\/wp\/v2\/pages\/372\/revisions\/608"}],"up":[{"embeddable":true,"href":"https:\/\/teamlevine.ca\/fr\/wp-json\/wp\/v2\/pages\/357"}],"wp:attachment":[{"href":"https:\/\/teamlevine.ca\/fr\/wp-json\/wp\/v2\/media?parent=372"}],"curies":[{"name":"wp","href":"https:\/\/api.w.org\/{rel}","templated":true}]}}