{"id":370,"date":"2017-02-28T05:20:38","date_gmt":"2017-02-28T05:20:38","guid":{"rendered":"https:\/\/teamlevine.ca\/?page_id=370"},"modified":"2017-05-25T17:11:52","modified_gmt":"2017-05-25T17:11:52","slug":"assurance-vie-conjointe-premier-deces","status":"publish","type":"page","link":"https:\/\/teamlevine.ca\/fr\/assurance\/assurance-vie\/assurance-vie-conjointe-premier-deces\/","title":{"rendered":"Assurance vie conjointe premier d\u00e9c\u00e8s"},"content":{"rendered":"<p><\/p>\n<p>Recherchez-vous une police moins co\u00fbteuse qui vous permettrait de profiter d\u2019un sp\u00e9cial 2 pour 1? Eh bien, c\u2019est exactement ce que propose l\u2019assurance vie conjointe payable au premier d\u00e9c\u00e8s. Cette assurance vous permet d\u2019inscrire deux personnes sur la m\u00eame police et ainsi r\u00e9duire vos co\u00fbts. M\u00eame si deux personnes sont inscrites \u00e0 la police, une seule d\u2019entre elles b\u00e9n\u00e9ficie d\u2019une protection d\u2019assurance vie. La personne qui est assur\u00e9e est celle qui d\u00e9c\u00e8de en premier. Lorsque cette premi\u00e8re personne d\u00e9c\u00e8de, le capital-d\u00e9c\u00e8s est vers\u00e9 et la police n\u2019est plus en vigueur.<\/p>\n<p><strong><em>Sc\u00e9nario :<\/em><\/strong><\/p>\n<p>Suzanne et Jeff sont mari\u00e9s et ont deux enfants, \u00e2g\u00e9s de 13 et 15 ans. Ils d\u00e9cident de souscrire \u00e0 une assurance conjointe payable au premier d\u00e9c\u00e8s de 500 000 $. Lorsque l\u2019un d\u2019eux d\u00e9c\u00e8de, la compagnie d\u2019assurance verse un capital-d\u00e9c\u00e8s de 500 000 $ au conjoint survivant. La police d\u2019assurance est alors pay\u00e9e et annul\u00e9e.<\/p>\n<p><\/p>","protected":false},"excerpt":{"rendered":"<p>Recherchez-vous une police moins co\u00fbteuse qui vous permettrait de profiter d\u2019un sp\u00e9cial 2 pour 1? Eh bien, c\u2019est exactement ce que propose l\u2019assurance vie conjointe payable au premier d\u00e9c\u00e8s. Cette assurance vous permet d\u2019inscrire deux personnes sur la m\u00eame police et ainsi r\u00e9duire vos co\u00fbts. M\u00eame si deux personnes sont inscrites \u00e0 la police, une [&hellip;]<\/p>\n","protected":false},"author":1,"featured_media":0,"parent":357,"menu_order":27,"comment_status":"closed","ping_status":"closed","template":"page-insurance-detail.php","meta":{"_acf_changed":false,"footnotes":""},"class_list":["post-370","page","type-page","status-publish","hentry"],"acf":[],"yoast_head":"<!-- This site is optimized with the Yoast SEO plugin v27.3 - https:\/\/yoast.com\/product\/yoast-seo-wordpress\/ -->\n<title>Team Levine<\/title>\n<meta name=\"description\" content=\"Team Levine\" \/>\n<meta name=\"robots\" content=\"index, follow, max-snippet:-1, max-image-preview:large, max-video-preview:-1\" \/>\n<link rel=\"canonical\" href=\"https:\/\/teamlevine.ca\/insurance\/life-insurance\/joint-first-to-die\/\" \/>\n<meta property=\"og:locale\" content=\"fr_FR\" \/>\n<meta property=\"og:type\" content=\"article\" \/>\n<meta property=\"og:title\" content=\"Team Levine\" \/>\n<meta property=\"og:description\" content=\"Team Levine\" \/>\n<meta property=\"og:url\" content=\"https:\/\/teamlevine.ca\/insurance\/life-insurance\/joint-first-to-die\/\" \/>\n<meta property=\"og:site_name\" content=\"Team Levine\" \/>\n<meta property=\"article:modified_time\" content=\"2017-05-25T17:11:52+00:00\" \/>\n<meta name=\"twitter:card\" content=\"summary_large_image\" \/>\n<meta name=\"twitter:label1\" content=\"Dur\u00e9e de lecture estim\u00e9e\" \/>\n\t<meta name=\"twitter:data1\" content=\"2 minutes\" \/>\n<script type=\"application\/ld+json\" class=\"yoast-schema-graph\">{\"@context\":\"https:\\\/\\\/schema.org\",\"@graph\":[{\"@type\":\"WebPage\",\"@id\":\"https:\\\/\\\/teamlevine.ca\\\/insurance\\\/life-insurance\\\/joint-first-to-die\\\/\",\"url\":\"https:\\\/\\\/teamlevine.ca\\\/insurance\\\/life-insurance\\\/joint-first-to-die\\\/\",\"name\":\"Team Levine\",\"isPartOf\":{\"@id\":\"https:\\\/\\\/teamlevine.ca\\\/#website\"},\"datePublished\":\"2017-02-28T05:20:38+00:00\",\"dateModified\":\"2017-05-25T17:11:52+00:00\",\"description\":\"Team Levine\",\"breadcrumb\":{\"@id\":\"https:\\\/\\\/teamlevine.ca\\\/insurance\\\/life-insurance\\\/joint-first-to-die\\\/#breadcrumb\"},\"inLanguage\":\"fr-FR\",\"potentialAction\":[{\"@type\":\"ReadAction\",\"target\":[\"https:\\\/\\\/teamlevine.ca\\\/insurance\\\/life-insurance\\\/joint-first-to-die\\\/\"]}]},{\"@type\":\"BreadcrumbList\",\"@id\":\"https:\\\/\\\/teamlevine.ca\\\/insurance\\\/life-insurance\\\/joint-first-to-die\\\/#breadcrumb\",\"itemListElement\":[{\"@type\":\"ListItem\",\"position\":1,\"name\":\"Home\",\"item\":\"https:\\\/\\\/teamlevine.ca\\\/\"},{\"@type\":\"ListItem\",\"position\":2,\"name\":\"Services d&rsquo;assurance\",\"item\":\"https:\\\/\\\/teamlevine.ca\\\/fr\\\/assurance\\\/\"},{\"@type\":\"ListItem\",\"position\":3,\"name\":\"Assurance vie\",\"item\":\"https:\\\/\\\/teamlevine.ca\\\/fr\\\/assurance\\\/assurance-vie\\\/\"},{\"@type\":\"ListItem\",\"position\":4,\"name\":\"Joint First to Die\"}]},{\"@type\":\"WebSite\",\"@id\":\"https:\\\/\\\/teamlevine.ca\\\/#website\",\"url\":\"https:\\\/\\\/teamlevine.ca\\\/\",\"name\":\"Team Levine\",\"description\":\"\",\"potentialAction\":[{\"@type\":\"SearchAction\",\"target\":{\"@type\":\"EntryPoint\",\"urlTemplate\":\"https:\\\/\\\/teamlevine.ca\\\/?s={search_term_string}\"},\"query-input\":{\"@type\":\"PropertyValueSpecification\",\"valueRequired\":true,\"valueName\":\"search_term_string\"}}],\"inLanguage\":\"fr-FR\"}]}<\/script>\n<!-- \/ Yoast SEO plugin. -->","yoast_head_json":{"title":"Team Levine","description":"Team Levine","robots":{"index":"index","follow":"follow","max-snippet":"max-snippet:-1","max-image-preview":"max-image-preview:large","max-video-preview":"max-video-preview:-1"},"canonical":"https:\/\/teamlevine.ca\/insurance\/life-insurance\/joint-first-to-die\/","og_locale":"fr_FR","og_type":"article","og_title":"Team Levine","og_description":"Team Levine","og_url":"https:\/\/teamlevine.ca\/insurance\/life-insurance\/joint-first-to-die\/","og_site_name":"Team Levine","article_modified_time":"2017-05-25T17:11:52+00:00","twitter_card":"summary_large_image","twitter_misc":{"Dur\u00e9e de lecture estim\u00e9e":"2 minutes"},"schema":{"@context":"https:\/\/schema.org","@graph":[{"@type":"WebPage","@id":"https:\/\/teamlevine.ca\/insurance\/life-insurance\/joint-first-to-die\/","url":"https:\/\/teamlevine.ca\/insurance\/life-insurance\/joint-first-to-die\/","name":"Team Levine","isPartOf":{"@id":"https:\/\/teamlevine.ca\/#website"},"datePublished":"2017-02-28T05:20:38+00:00","dateModified":"2017-05-25T17:11:52+00:00","description":"Team Levine","breadcrumb":{"@id":"https:\/\/teamlevine.ca\/insurance\/life-insurance\/joint-first-to-die\/#breadcrumb"},"inLanguage":"fr-FR","potentialAction":[{"@type":"ReadAction","target":["https:\/\/teamlevine.ca\/insurance\/life-insurance\/joint-first-to-die\/"]}]},{"@type":"BreadcrumbList","@id":"https:\/\/teamlevine.ca\/insurance\/life-insurance\/joint-first-to-die\/#breadcrumb","itemListElement":[{"@type":"ListItem","position":1,"name":"Home","item":"https:\/\/teamlevine.ca\/"},{"@type":"ListItem","position":2,"name":"Services d&rsquo;assurance","item":"https:\/\/teamlevine.ca\/fr\/assurance\/"},{"@type":"ListItem","position":3,"name":"Assurance vie","item":"https:\/\/teamlevine.ca\/fr\/assurance\/assurance-vie\/"},{"@type":"ListItem","position":4,"name":"Joint First to Die"}]},{"@type":"WebSite","@id":"https:\/\/teamlevine.ca\/#website","url":"https:\/\/teamlevine.ca\/","name":"Team Levine","description":"","potentialAction":[{"@type":"SearchAction","target":{"@type":"EntryPoint","urlTemplate":"https:\/\/teamlevine.ca\/?s={search_term_string}"},"query-input":{"@type":"PropertyValueSpecification","valueRequired":true,"valueName":"search_term_string"}}],"inLanguage":"fr-FR"}]}},"_links":{"self":[{"href":"https:\/\/teamlevine.ca\/fr\/wp-json\/wp\/v2\/pages\/370","targetHints":{"allow":["GET"]}}],"collection":[{"href":"https:\/\/teamlevine.ca\/fr\/wp-json\/wp\/v2\/pages"}],"about":[{"href":"https:\/\/teamlevine.ca\/fr\/wp-json\/wp\/v2\/types\/page"}],"author":[{"embeddable":true,"href":"https:\/\/teamlevine.ca\/fr\/wp-json\/wp\/v2\/users\/1"}],"replies":[{"embeddable":true,"href":"https:\/\/teamlevine.ca\/fr\/wp-json\/wp\/v2\/comments?post=370"}],"version-history":[{"count":5,"href":"https:\/\/teamlevine.ca\/fr\/wp-json\/wp\/v2\/pages\/370\/revisions"}],"predecessor-version":[{"id":615,"href":"https:\/\/teamlevine.ca\/fr\/wp-json\/wp\/v2\/pages\/370\/revisions\/615"}],"up":[{"embeddable":true,"href":"https:\/\/teamlevine.ca\/fr\/wp-json\/wp\/v2\/pages\/357"}],"wp:attachment":[{"href":"https:\/\/teamlevine.ca\/fr\/wp-json\/wp\/v2\/media?parent=370"}],"curies":[{"name":"wp","href":"https:\/\/api.w.org\/{rel}","templated":true}]}}