{"id":365,"date":"2017-02-27T13:55:10","date_gmt":"2017-02-27T13:55:10","guid":{"rendered":"https:\/\/teamlevine.ca\/?page_id=365"},"modified":"2021-03-17T06:52:57","modified_gmt":"2021-03-17T10:52:57","slug":"assurance-vie-avec-participation","status":"publish","type":"page","link":"https:\/\/teamlevine.ca\/fr\/assurance\/assurance-vie\/assurance-vie-avec-participation\/","title":{"rendered":"Assurance vie avec participation"},"content":{"rendered":"<p><\/p>\n<p>L\u2019assurance vie avec participation s\u2019inscrit dans la famille des d\u2019assurances vie permanentes. Cependant, ce ne sont pas toutes les compagnies d\u2019assurance qui offrent ce type d\u2019assurance vie, puisque pour offrir ce type de produit, la compagnie d\u2019assurance doit disposer d\u2019une structure de dividendes. Dans le cas o\u00f9 la compagnie d\u2019assurance qui fournit l\u2019assurance vie avec participation dispose de fonds suppl\u00e9mentaires dans ses coffres (le montant des entr\u00e9es des primes est sup\u00e9rieur aux prestations de d\u00e9c\u00e8s vers\u00e9es aux familles ainsi qu\u2019aux frais d\u2019exploitation de l\u2019entreprise), chaque d\u00e9tenteur d\u2019une police d\u2019assurance vie avec participation recevra des dividendes.<\/p>\n<p>Vous \u00e9tablissez un compte de tr\u00e9sorerie en vertu de la police, qui se trouve \u00e0 \u00eatre une composante d\u2019\u00e9pargne avantageuse du point de vue fiscal \u00e0 m\u00eame votre police d\u2019assurance. Les dividendes obtenus peuvent servir \u00e0 augmenter la prestation de d\u00e9c\u00e8s de votre police, ou \u00e0 r\u00e9duire vos primes mensuelles ou annuelles.<\/p>\n<p><u><em>\u00c0 qui s\u2019adresse l\u2019assurance vie avec participation?<\/em><\/u><\/p>\n<ul>\n<li>Toute personne qui est \u00e0 la recherche d\u2019une assurance dans laquelle les primes demeurent fixes, et qui dispose d\u2019un budget suffisant pour souscrire \u00e0 une assurance permanente.<\/li>\n<li>Toute personne qui envisage une composante d\u2019investissement \u00e0 m\u00eame son assurance vie comme une m\u00e9thode d\u2019\u00e9pargne avantageuse d\u2019un point de vue fiscal.<\/li>\n<li>Toute personne qui souhaite souscrire \u00e0 une assurance \u00e0 primes fixes qui offre l\u2019option de faire cro\u00eetre leur capital-d\u00e9c\u00e8s au fil du temps.<\/li>\n<li>Toute personne qui cherche de nouvelles m\u00e9thodes pour diversifier ses \u00e9pargnes en vue de la retraite.<\/li>\n<li>Toute personne qui souhaite planifier sa succession afin de prot\u00e9ger son patrimoine.<\/li>\n<\/ul>\n<p>Vous aimeriez savoir si ce produit vous convient? Communiquez avec Team Levine d\u00e8s aujourd\u2019hui, nous serons heureux de vous aider!<\/p>\n<p><\/p>","protected":false},"excerpt":{"rendered":"<p>L\u2019assurance vie avec participation s\u2019inscrit dans la famille des d\u2019assurances vie permanentes. Cependant, ce ne sont pas toutes les compagnies d\u2019assurance qui offrent ce type d\u2019assurance vie, puisque pour offrir ce type de produit, la compagnie d\u2019assurance doit disposer d\u2019une structure de dividendes. Dans le cas o\u00f9 la compagnie d\u2019assurance qui fournit l\u2019assurance vie avec [&hellip;]<\/p>\n","protected":false},"author":1,"featured_media":0,"parent":357,"menu_order":23,"comment_status":"closed","ping_status":"closed","template":"page-insurance-detail.php","meta":{"_acf_changed":false,"footnotes":""},"class_list":["post-365","page","type-page","status-publish","hentry"],"acf":[],"yoast_head":"<!-- This site is optimized with the Yoast SEO plugin v27.3 - https:\/\/yoast.com\/product\/yoast-seo-wordpress\/ -->\n<title>Team Levine<\/title>\n<meta name=\"description\" content=\"Team Levine\" \/>\n<meta name=\"robots\" content=\"index, follow, max-snippet:-1, max-image-preview:large, max-video-preview:-1\" \/>\n<link rel=\"canonical\" href=\"https:\/\/teamlevine.ca\/fr\/assurance\/assurance-vie\/assurance-vie-avec-participation\/\" \/>\n<meta property=\"og:locale\" content=\"fr_FR\" \/>\n<meta property=\"og:type\" content=\"article\" \/>\n<meta property=\"og:title\" content=\"Team Levine\" \/>\n<meta property=\"og:description\" content=\"Team Levine\" \/>\n<meta property=\"og:url\" content=\"https:\/\/teamlevine.ca\/fr\/assurance\/assurance-vie\/assurance-vie-avec-participation\/\" \/>\n<meta property=\"og:site_name\" content=\"Team Levine\" \/>\n<meta property=\"article:modified_time\" content=\"2021-03-17T10:52:57+00:00\" \/>\n<meta name=\"twitter:card\" content=\"summary_large_image\" \/>\n<meta name=\"twitter:label1\" content=\"Dur\u00e9e de lecture estim\u00e9e\" \/>\n\t<meta name=\"twitter:data1\" content=\"3 minutes\" \/>\n<script type=\"application\/ld+json\" class=\"yoast-schema-graph\">{\"@context\":\"https:\\\/\\\/schema.org\",\"@graph\":[{\"@type\":\"WebPage\",\"@id\":\"https:\\\/\\\/teamlevine.ca\\\/fr\\\/assurance\\\/assurance-vie\\\/assurance-vie-avec-participation\\\/\",\"url\":\"https:\\\/\\\/teamlevine.ca\\\/fr\\\/assurance\\\/assurance-vie\\\/assurance-vie-avec-participation\\\/\",\"name\":\"Team Levine\",\"isPartOf\":{\"@id\":\"https:\\\/\\\/teamlevine.ca\\\/#website\"},\"datePublished\":\"2017-02-27T13:55:10+00:00\",\"dateModified\":\"2021-03-17T10:52:57+00:00\",\"description\":\"Team Levine\",\"breadcrumb\":{\"@id\":\"https:\\\/\\\/teamlevine.ca\\\/fr\\\/assurance\\\/assurance-vie\\\/assurance-vie-avec-participation\\\/#breadcrumb\"},\"inLanguage\":\"fr-FR\",\"potentialAction\":[{\"@type\":\"ReadAction\",\"target\":[\"https:\\\/\\\/teamlevine.ca\\\/fr\\\/assurance\\\/assurance-vie\\\/assurance-vie-avec-participation\\\/\"]}]},{\"@type\":\"BreadcrumbList\",\"@id\":\"https:\\\/\\\/teamlevine.ca\\\/fr\\\/assurance\\\/assurance-vie\\\/assurance-vie-avec-participation\\\/#breadcrumb\",\"itemListElement\":[{\"@type\":\"ListItem\",\"position\":1,\"name\":\"Home\",\"item\":\"https:\\\/\\\/teamlevine.ca\\\/\"},{\"@type\":\"ListItem\",\"position\":2,\"name\":\"Services d&rsquo;assurance\",\"item\":\"https:\\\/\\\/teamlevine.ca\\\/fr\\\/assurance\\\/\"},{\"@type\":\"ListItem\",\"position\":3,\"name\":\"Assurance vie\",\"item\":\"https:\\\/\\\/teamlevine.ca\\\/fr\\\/assurance\\\/assurance-vie\\\/\"},{\"@type\":\"ListItem\",\"position\":4,\"name\":\"Assurance vie avec participation\"}]},{\"@type\":\"WebSite\",\"@id\":\"https:\\\/\\\/teamlevine.ca\\\/#website\",\"url\":\"https:\\\/\\\/teamlevine.ca\\\/\",\"name\":\"Team Levine\",\"description\":\"\",\"potentialAction\":[{\"@type\":\"SearchAction\",\"target\":{\"@type\":\"EntryPoint\",\"urlTemplate\":\"https:\\\/\\\/teamlevine.ca\\\/?s={search_term_string}\"},\"query-input\":{\"@type\":\"PropertyValueSpecification\",\"valueRequired\":true,\"valueName\":\"search_term_string\"}}],\"inLanguage\":\"fr-FR\"}]}<\/script>\n<!-- \/ Yoast SEO plugin. -->","yoast_head_json":{"title":"Team Levine","description":"Team Levine","robots":{"index":"index","follow":"follow","max-snippet":"max-snippet:-1","max-image-preview":"max-image-preview:large","max-video-preview":"max-video-preview:-1"},"canonical":"https:\/\/teamlevine.ca\/fr\/assurance\/assurance-vie\/assurance-vie-avec-participation\/","og_locale":"fr_FR","og_type":"article","og_title":"Team Levine","og_description":"Team Levine","og_url":"https:\/\/teamlevine.ca\/fr\/assurance\/assurance-vie\/assurance-vie-avec-participation\/","og_site_name":"Team Levine","article_modified_time":"2021-03-17T10:52:57+00:00","twitter_card":"summary_large_image","twitter_misc":{"Dur\u00e9e de lecture estim\u00e9e":"3 minutes"},"schema":{"@context":"https:\/\/schema.org","@graph":[{"@type":"WebPage","@id":"https:\/\/teamlevine.ca\/fr\/assurance\/assurance-vie\/assurance-vie-avec-participation\/","url":"https:\/\/teamlevine.ca\/fr\/assurance\/assurance-vie\/assurance-vie-avec-participation\/","name":"Team Levine","isPartOf":{"@id":"https:\/\/teamlevine.ca\/#website"},"datePublished":"2017-02-27T13:55:10+00:00","dateModified":"2021-03-17T10:52:57+00:00","description":"Team Levine","breadcrumb":{"@id":"https:\/\/teamlevine.ca\/fr\/assurance\/assurance-vie\/assurance-vie-avec-participation\/#breadcrumb"},"inLanguage":"fr-FR","potentialAction":[{"@type":"ReadAction","target":["https:\/\/teamlevine.ca\/fr\/assurance\/assurance-vie\/assurance-vie-avec-participation\/"]}]},{"@type":"BreadcrumbList","@id":"https:\/\/teamlevine.ca\/fr\/assurance\/assurance-vie\/assurance-vie-avec-participation\/#breadcrumb","itemListElement":[{"@type":"ListItem","position":1,"name":"Home","item":"https:\/\/teamlevine.ca\/"},{"@type":"ListItem","position":2,"name":"Services d&rsquo;assurance","item":"https:\/\/teamlevine.ca\/fr\/assurance\/"},{"@type":"ListItem","position":3,"name":"Assurance vie","item":"https:\/\/teamlevine.ca\/fr\/assurance\/assurance-vie\/"},{"@type":"ListItem","position":4,"name":"Assurance vie avec participation"}]},{"@type":"WebSite","@id":"https:\/\/teamlevine.ca\/#website","url":"https:\/\/teamlevine.ca\/","name":"Team Levine","description":"","potentialAction":[{"@type":"SearchAction","target":{"@type":"EntryPoint","urlTemplate":"https:\/\/teamlevine.ca\/?s={search_term_string}"},"query-input":{"@type":"PropertyValueSpecification","valueRequired":true,"valueName":"search_term_string"}}],"inLanguage":"fr-FR"}]}},"_links":{"self":[{"href":"https:\/\/teamlevine.ca\/fr\/wp-json\/wp\/v2\/pages\/365","targetHints":{"allow":["GET"]}}],"collection":[{"href":"https:\/\/teamlevine.ca\/fr\/wp-json\/wp\/v2\/pages"}],"about":[{"href":"https:\/\/teamlevine.ca\/fr\/wp-json\/wp\/v2\/types\/page"}],"author":[{"embeddable":true,"href":"https:\/\/teamlevine.ca\/fr\/wp-json\/wp\/v2\/users\/1"}],"replies":[{"embeddable":true,"href":"https:\/\/teamlevine.ca\/fr\/wp-json\/wp\/v2\/comments?post=365"}],"version-history":[{"count":7,"href":"https:\/\/teamlevine.ca\/fr\/wp-json\/wp\/v2\/pages\/365\/revisions"}],"predecessor-version":[{"id":1002,"href":"https:\/\/teamlevine.ca\/fr\/wp-json\/wp\/v2\/pages\/365\/revisions\/1002"}],"up":[{"embeddable":true,"href":"https:\/\/teamlevine.ca\/fr\/wp-json\/wp\/v2\/pages\/357"}],"wp:attachment":[{"href":"https:\/\/teamlevine.ca\/fr\/wp-json\/wp\/v2\/media?parent=365"}],"curies":[{"name":"wp","href":"https:\/\/api.w.org\/{rel}","templated":true}]}}