{"id":362,"date":"2017-02-27T12:34:06","date_gmt":"2017-02-27T12:34:06","guid":{"rendered":"https:\/\/teamlevine.ca\/?page_id=362"},"modified":"2017-05-25T16:55:19","modified_gmt":"2017-05-25T16:55:19","slug":"assurance-vie-universelle","status":"publish","type":"page","link":"https:\/\/teamlevine.ca\/fr\/assurance\/assurance-vie\/assurance-vie-universelle\/","title":{"rendered":"Assurance vie universelle"},"content":{"rendered":"<p><\/p>\n<p>L\u2019assurance vie universelle s\u2019inscrit dans la cat\u00e9gorie de l\u2019assurance vie permanente. Cependant, elle s\u2019inscrit \u00e9galement dans la cat\u00e9gorie des investissements. En souscrivant \u00e0 une assurance vie universelle, vous combinez les deux mondes. Ce type d\u2019assurance vous permet de verser une cotisation annuelle minimale ou maximale. Si vous d\u00e9cidez de payer la cotisation minimale seulement, vous optez alors pour ce que l\u2019on appelle une assurance vie universelle simplifi\u00e9e.<\/p>\n<p>Cela signifie que vous payez le strict minimum afin de maintenir votre assurance vie en vigueur. Cependant, si vous d\u00e9cidez de cotiser des sommes exc\u00e9dentaires \u00e0 votre police, toutes les sommes vers\u00e9es au-del\u00e0 de votre paiement minimum s\u2019ajouteront au compte de votre police, et seront utilis\u00e9es pour l\u2019achat d\u2019actions dans le cadre de votre police.<\/p>\n<p><strong><em>L\u2019assurance vie universelle comme investissement<\/em><\/strong><\/p>\n<p>Les cotisations exc\u00e9dentaires effectu\u00e9es dans votre police d\u2019assurance vie universelle (\u00e9galement connue sous le nom abr\u00e9g\u00e9 \u00ab AVU \u00bb) seront utilis\u00e9es pour l\u2019achat d\u2019actions de votre choix. Vous pouvez choisir d\u2019opter pour la s\u00e9curit\u00e9 et d\u2019investir dans des obligations, ou d\u2019\u00eatre plus audacieux et d\u2019investir dans des actions. En fonction de votre profil d\u2019investisseur, nous pouvons choisir une combinaison d\u2019actions vari\u00e9es afin de vous b\u00e2tir un portefeuille \u00e9quilibr\u00e9, conservateur ou dynamique. Le plus grand avantage est que les gains r\u00e9alis\u00e9s dans la portion investissement de votre police d\u2019assurance peuvent cro\u00eetre dans un compte \u00e0 faible taux d\u2019imposition.<\/p>\n<p><strong><em>Ce produit est-il pour vous?<\/em><\/strong><\/p>\n<p>Si vous avez atteint le maximum de cotisation \u00e0 votre REER, ou que vous \u00eates propri\u00e9taire d\u2019une entreprise, ou que vous souhaitez simplement augmenter la valeur de votre succession, ce produit pourrait vous convenir. Communiquez avec Team Levine d\u00e8s aujourd\u2019hui pour obtenir une \u00e9valuation gratuite et sans engagement.<\/p>\n<p><\/p>","protected":false},"excerpt":{"rendered":"<p>L\u2019assurance vie universelle s\u2019inscrit dans la cat\u00e9gorie de l\u2019assurance vie permanente. Cependant, elle s\u2019inscrit \u00e9galement dans la cat\u00e9gorie des investissements. En souscrivant \u00e0 une assurance vie universelle, vous combinez les deux mondes. Ce type d\u2019assurance vous permet de verser une cotisation annuelle minimale ou maximale. Si vous d\u00e9cidez de payer la cotisation minimale seulement, vous [&hellip;]<\/p>\n","protected":false},"author":1,"featured_media":0,"parent":357,"menu_order":22,"comment_status":"closed","ping_status":"closed","template":"page-insurance-detail.php","meta":{"_acf_changed":false,"footnotes":""},"class_list":["post-362","page","type-page","status-publish","hentry"],"acf":[],"yoast_head":"<!-- This site is optimized with the Yoast SEO plugin v27.3 - https:\/\/yoast.com\/product\/yoast-seo-wordpress\/ -->\n<title>Team Levine<\/title>\n<meta name=\"description\" content=\"Team Levine\" \/>\n<meta name=\"robots\" content=\"index, follow, max-snippet:-1, max-image-preview:large, max-video-preview:-1\" \/>\n<link rel=\"canonical\" href=\"https:\/\/teamlevine.ca\/insurance\/life-insurance\/universal-life-insurance\/\" \/>\n<meta property=\"og:locale\" content=\"fr_FR\" \/>\n<meta property=\"og:type\" content=\"article\" \/>\n<meta property=\"og:title\" content=\"Team Levine\" \/>\n<meta property=\"og:description\" content=\"Team Levine\" \/>\n<meta property=\"og:url\" content=\"https:\/\/teamlevine.ca\/insurance\/life-insurance\/universal-life-insurance\/\" \/>\n<meta property=\"og:site_name\" content=\"Team Levine\" \/>\n<meta property=\"article:modified_time\" content=\"2017-05-25T16:55:19+00:00\" \/>\n<meta name=\"twitter:card\" content=\"summary_large_image\" \/>\n<meta name=\"twitter:label1\" content=\"Dur\u00e9e de lecture estim\u00e9e\" \/>\n\t<meta name=\"twitter:data1\" content=\"3 minutes\" \/>\n<script type=\"application\/ld+json\" class=\"yoast-schema-graph\">{\"@context\":\"https:\\\/\\\/schema.org\",\"@graph\":[{\"@type\":\"WebPage\",\"@id\":\"https:\\\/\\\/teamlevine.ca\\\/insurance\\\/life-insurance\\\/universal-life-insurance\\\/\",\"url\":\"https:\\\/\\\/teamlevine.ca\\\/insurance\\\/life-insurance\\\/universal-life-insurance\\\/\",\"name\":\"Team Levine\",\"isPartOf\":{\"@id\":\"https:\\\/\\\/teamlevine.ca\\\/#website\"},\"datePublished\":\"2017-02-27T12:34:06+00:00\",\"dateModified\":\"2017-05-25T16:55:19+00:00\",\"description\":\"Team Levine\",\"breadcrumb\":{\"@id\":\"https:\\\/\\\/teamlevine.ca\\\/insurance\\\/life-insurance\\\/universal-life-insurance\\\/#breadcrumb\"},\"inLanguage\":\"fr-FR\",\"potentialAction\":[{\"@type\":\"ReadAction\",\"target\":[\"https:\\\/\\\/teamlevine.ca\\\/insurance\\\/life-insurance\\\/universal-life-insurance\\\/\"]}]},{\"@type\":\"BreadcrumbList\",\"@id\":\"https:\\\/\\\/teamlevine.ca\\\/insurance\\\/life-insurance\\\/universal-life-insurance\\\/#breadcrumb\",\"itemListElement\":[{\"@type\":\"ListItem\",\"position\":1,\"name\":\"Home\",\"item\":\"https:\\\/\\\/teamlevine.ca\\\/\"},{\"@type\":\"ListItem\",\"position\":2,\"name\":\"Services d&rsquo;assurance\",\"item\":\"https:\\\/\\\/teamlevine.ca\\\/fr\\\/assurance\\\/\"},{\"@type\":\"ListItem\",\"position\":3,\"name\":\"Assurance vie\",\"item\":\"https:\\\/\\\/teamlevine.ca\\\/fr\\\/assurance\\\/assurance-vie\\\/\"},{\"@type\":\"ListItem\",\"position\":4,\"name\":\"Universal Life Insurance\"}]},{\"@type\":\"WebSite\",\"@id\":\"https:\\\/\\\/teamlevine.ca\\\/#website\",\"url\":\"https:\\\/\\\/teamlevine.ca\\\/\",\"name\":\"Team Levine\",\"description\":\"\",\"potentialAction\":[{\"@type\":\"SearchAction\",\"target\":{\"@type\":\"EntryPoint\",\"urlTemplate\":\"https:\\\/\\\/teamlevine.ca\\\/?s={search_term_string}\"},\"query-input\":{\"@type\":\"PropertyValueSpecification\",\"valueRequired\":true,\"valueName\":\"search_term_string\"}}],\"inLanguage\":\"fr-FR\"}]}<\/script>\n<!-- \/ Yoast SEO plugin. -->","yoast_head_json":{"title":"Team Levine","description":"Team Levine","robots":{"index":"index","follow":"follow","max-snippet":"max-snippet:-1","max-image-preview":"max-image-preview:large","max-video-preview":"max-video-preview:-1"},"canonical":"https:\/\/teamlevine.ca\/insurance\/life-insurance\/universal-life-insurance\/","og_locale":"fr_FR","og_type":"article","og_title":"Team Levine","og_description":"Team Levine","og_url":"https:\/\/teamlevine.ca\/insurance\/life-insurance\/universal-life-insurance\/","og_site_name":"Team Levine","article_modified_time":"2017-05-25T16:55:19+00:00","twitter_card":"summary_large_image","twitter_misc":{"Dur\u00e9e de lecture estim\u00e9e":"3 minutes"},"schema":{"@context":"https:\/\/schema.org","@graph":[{"@type":"WebPage","@id":"https:\/\/teamlevine.ca\/insurance\/life-insurance\/universal-life-insurance\/","url":"https:\/\/teamlevine.ca\/insurance\/life-insurance\/universal-life-insurance\/","name":"Team Levine","isPartOf":{"@id":"https:\/\/teamlevine.ca\/#website"},"datePublished":"2017-02-27T12:34:06+00:00","dateModified":"2017-05-25T16:55:19+00:00","description":"Team Levine","breadcrumb":{"@id":"https:\/\/teamlevine.ca\/insurance\/life-insurance\/universal-life-insurance\/#breadcrumb"},"inLanguage":"fr-FR","potentialAction":[{"@type":"ReadAction","target":["https:\/\/teamlevine.ca\/insurance\/life-insurance\/universal-life-insurance\/"]}]},{"@type":"BreadcrumbList","@id":"https:\/\/teamlevine.ca\/insurance\/life-insurance\/universal-life-insurance\/#breadcrumb","itemListElement":[{"@type":"ListItem","position":1,"name":"Home","item":"https:\/\/teamlevine.ca\/"},{"@type":"ListItem","position":2,"name":"Services d&rsquo;assurance","item":"https:\/\/teamlevine.ca\/fr\/assurance\/"},{"@type":"ListItem","position":3,"name":"Assurance vie","item":"https:\/\/teamlevine.ca\/fr\/assurance\/assurance-vie\/"},{"@type":"ListItem","position":4,"name":"Universal Life Insurance"}]},{"@type":"WebSite","@id":"https:\/\/teamlevine.ca\/#website","url":"https:\/\/teamlevine.ca\/","name":"Team Levine","description":"","potentialAction":[{"@type":"SearchAction","target":{"@type":"EntryPoint","urlTemplate":"https:\/\/teamlevine.ca\/?s={search_term_string}"},"query-input":{"@type":"PropertyValueSpecification","valueRequired":true,"valueName":"search_term_string"}}],"inLanguage":"fr-FR"}]}},"_links":{"self":[{"href":"https:\/\/teamlevine.ca\/fr\/wp-json\/wp\/v2\/pages\/362","targetHints":{"allow":["GET"]}}],"collection":[{"href":"https:\/\/teamlevine.ca\/fr\/wp-json\/wp\/v2\/pages"}],"about":[{"href":"https:\/\/teamlevine.ca\/fr\/wp-json\/wp\/v2\/types\/page"}],"author":[{"embeddable":true,"href":"https:\/\/teamlevine.ca\/fr\/wp-json\/wp\/v2\/users\/1"}],"replies":[{"embeddable":true,"href":"https:\/\/teamlevine.ca\/fr\/wp-json\/wp\/v2\/comments?post=362"}],"version-history":[{"count":9,"href":"https:\/\/teamlevine.ca\/fr\/wp-json\/wp\/v2\/pages\/362\/revisions"}],"predecessor-version":[{"id":605,"href":"https:\/\/teamlevine.ca\/fr\/wp-json\/wp\/v2\/pages\/362\/revisions\/605"}],"up":[{"embeddable":true,"href":"https:\/\/teamlevine.ca\/fr\/wp-json\/wp\/v2\/pages\/357"}],"wp:attachment":[{"href":"https:\/\/teamlevine.ca\/fr\/wp-json\/wp\/v2\/media?parent=362"}],"curies":[{"name":"wp","href":"https:\/\/api.w.org\/{rel}","templated":true}]}}