{"id":325,"date":"2017-02-27T09:42:25","date_gmt":"2017-02-27T09:42:25","guid":{"rendered":"https:\/\/teamlevine.ca\/?page_id=325"},"modified":"2017-04-13T16:08:59","modified_gmt":"2017-04-13T16:08:59","slug":"quels-sont-les-facteurs-qui-determinent-les-taux-dassurance-vie","status":"publish","type":"page","link":"https:\/\/teamlevine.ca\/fr\/assurance\/centre-dinformation-dassurance\/quels-sont-les-facteurs-qui-determinent-les-taux-dassurance-vie\/","title":{"rendered":"Quels sont les facteurs qui d\u00e9terminent les taux d\u2019assurance vie?"},"content":{"rendered":"<p><\/p>\n<p>Vous souhaitez donc mettre tous les atouts de votre c\u00f4t\u00e9 pour prot\u00e9ger le bien-\u00eatre de votre famille. Vous avez pris la peine d\u2019examiner les diff\u00e9rents types d\u2019assurance vie, et vous avez trouv\u00e9 le produit qui convient \u00e0 vos besoins et \u00e0 votre budget. Il existe diff\u00e9rents facteurs qui influent sur le prix de votre police d\u2019assurance vie. Ces facteurs comprennent :<\/p>\n<p><strong><em>L\u2019\u00e2ge de l\u2019assur\u00e9 :<\/em><\/strong><\/p>\n<p>Plus vous \u00eates jeune, moins votre prime d\u2019assurance vous co\u00fbtera cher. Adh\u00e9rez \u00e0 une assurance vie le plus t\u00f4t possible afin de garantir votre assurabilit\u00e9 et d\u2019obtenir un bon prix! Rappelez-vous que les compagnies d\u2019assurance vous consid\u00e8rent comme \u00e9tant \u00e2g\u00e9 d\u2019un an de plus si votre date d\u2019anniversaire tombe durant les 6 prochains mois.<\/p>\n<p><strong><em>Le sexe de l\u2019assur\u00e9 :<\/em><\/strong><\/p>\n<p>Des \u00e9tudes d\u00e9montrent que les femmes vivent plus longtemps que les hommes. Selon les calculs actuariels, votre police d\u2019assurance co\u00fbte moins cher si vous \u00eates une femme.<\/p>\n<p><strong><em>Les habitudes de tabagisme de l\u2019assur\u00e9 :<\/em><\/strong><\/p>\n<p>\u00cates-vous fumeur ou non-fumeur? Comme vous l\u2019avez s\u00fbrement constat\u00e9, les fumeurs sont p\u00e9nalis\u00e9s lorsqu\u2019ils pr\u00e9sentent une demande d\u2019assurance. Cela signifie que les primes sont plus \u00e9lev\u00e9es pour les fumeurs.<\/p>\n<p><strong><em>Le type de produit choisi par l\u2019assur\u00e9 :<\/em><\/strong><\/p>\n<p>Il est important de savoir que tous les produits n\u2019offrent pas les m\u00eames possibilit\u00e9s. Vous pouvez choisir un produit d\u2019assurance temporaire de base, qui repr\u00e9sente la forme la plus abordable en mati\u00e8re d\u2019assurance vie, ou opter pour un produit permanent, qui repr\u00e9sente la forme la plus co\u00fbteuse. Chaque produit sert un objectif pr\u00e9cis, et chaque produit n\u00e9cessite un budget diff\u00e9rent.\u00a0<\/p>\n<p><strong><em>La valeur nominale choisie par l\u2019assur\u00e9 :<\/em><\/strong><\/p>\n<p>Le montant de la valeur nominale a \u00e9galement un impact sur votre portefeuille. En r\u00e8gle g\u00e9n\u00e9rale, plus votre couverture est \u00e9lev\u00e9e, plus votre police vous co\u00fbtera cher. L\u2019exception \u00e0 cette r\u00e8gle est due \u00e0 ce que l\u2019on appelle une tarification par paliers. Les compagnies d\u2019assurance demandent un certain taux par tranche de mille de dollars de couverture.<\/p>\n<p>Lorsque vous obtenez une protection de 250 000 $, votre co\u00fbt par tranche de mille dollars diminue. Votre co\u00fbt par tranche de mille dollars diminue encore lorsque vous atteignez 500 000 $, 750 000 $, 1 000 000 $, etc. Voil\u00e0 ce qui constitue une tarification par paliers. Par cons\u00e9quent, il se peut qu\u2019une protection de 500 000 $ co\u00fbte moins cher qu\u2019une protection de 450 000 $. Mais il ne s\u2019agit l\u00e0 que de quelques astuces du m\u00e9tier!<\/p>\n<p><strong><em>L\u2019\u00e9tat de sant\u00e9 et les ant\u00e9c\u00e9dents m\u00e9dicaux de l\u2019assur\u00e9 :<\/em><\/strong><\/p>\n<p>Lorsque vous faites votre demande, la compagnie d\u2019assurance vous pose des questions d\u2019ordre m\u00e9dical, et examine vos ant\u00e9c\u00e9dents m\u00e9dicaux familiaux. Tout probl\u00e8me de sant\u00e9 potentiel peut entra\u00eener une augmentation des primes. Il arrive parfois que certains probl\u00e8mes de sant\u00e9 puissent entra\u00eener un refus de la compagnie d\u2019assurance de vous offrir une protection.<\/p>\n<p>Il y a de nombreuses choses \u00e0 savoir, et Team Levine est l\u00e0 pour vous aider. Communiquez avec Team Levine d\u00e8s aujourd\u2019hui et mettez le cap sur votre libert\u00e9 financi\u00e8re.<\/p>\n<p><\/p>","protected":false},"excerpt":{"rendered":"<p>Vous souhaitez donc mettre tous les atouts de votre c\u00f4t\u00e9 pour prot\u00e9ger le bien-\u00eatre de votre famille. Vous avez pris la peine d\u2019examiner les diff\u00e9rents types d\u2019assurance vie, et vous avez trouv\u00e9 le produit qui convient \u00e0 vos besoins et \u00e0 votre budget. Il existe diff\u00e9rents facteurs qui influent sur le prix de votre police [&hellip;]<\/p>\n","protected":false},"author":1,"featured_media":0,"parent":316,"menu_order":37,"comment_status":"closed","ping_status":"closed","template":"page-information-detail.php","meta":{"_acf_changed":false,"footnotes":""},"class_list":["post-325","page","type-page","status-publish","hentry"],"acf":[],"yoast_head":"<!-- This site is optimized with the Yoast SEO plugin v27.3 - https:\/\/yoast.com\/product\/yoast-seo-wordpress\/ -->\n<title>Team Levine<\/title>\n<meta name=\"description\" content=\"Team Levine\" \/>\n<meta name=\"robots\" content=\"index, follow, max-snippet:-1, max-image-preview:large, max-video-preview:-1\" \/>\n<link rel=\"canonical\" href=\"https:\/\/teamlevine.ca\/insurance\/insurance-information-center\/what-factors-determine-life-insurance-rates\/\" \/>\n<meta property=\"og:locale\" content=\"fr_FR\" \/>\n<meta property=\"og:type\" content=\"article\" \/>\n<meta property=\"og:title\" content=\"Team Levine\" \/>\n<meta property=\"og:description\" content=\"Team Levine\" \/>\n<meta property=\"og:url\" content=\"https:\/\/teamlevine.ca\/insurance\/insurance-information-center\/what-factors-determine-life-insurance-rates\/\" \/>\n<meta property=\"og:site_name\" content=\"Team Levine\" \/>\n<meta property=\"article:modified_time\" content=\"2017-04-13T16:08:59+00:00\" \/>\n<meta name=\"twitter:card\" content=\"summary_large_image\" \/>\n<meta name=\"twitter:label1\" content=\"Dur\u00e9e de lecture estim\u00e9e\" \/>\n\t<meta name=\"twitter:data1\" content=\"5 minutes\" \/>\n<script type=\"application\/ld+json\" class=\"yoast-schema-graph\">{\"@context\":\"https:\\\/\\\/schema.org\",\"@graph\":[{\"@type\":\"WebPage\",\"@id\":\"https:\\\/\\\/teamlevine.ca\\\/insurance\\\/insurance-information-center\\\/what-factors-determine-life-insurance-rates\\\/\",\"url\":\"https:\\\/\\\/teamlevine.ca\\\/insurance\\\/insurance-information-center\\\/what-factors-determine-life-insurance-rates\\\/\",\"name\":\"Team Levine\",\"isPartOf\":{\"@id\":\"https:\\\/\\\/teamlevine.ca\\\/#website\"},\"datePublished\":\"2017-02-27T09:42:25+00:00\",\"dateModified\":\"2017-04-13T16:08:59+00:00\",\"description\":\"Team Levine\",\"breadcrumb\":{\"@id\":\"https:\\\/\\\/teamlevine.ca\\\/insurance\\\/insurance-information-center\\\/what-factors-determine-life-insurance-rates\\\/#breadcrumb\"},\"inLanguage\":\"fr-FR\",\"potentialAction\":[{\"@type\":\"ReadAction\",\"target\":[\"https:\\\/\\\/teamlevine.ca\\\/insurance\\\/insurance-information-center\\\/what-factors-determine-life-insurance-rates\\\/\"]}]},{\"@type\":\"BreadcrumbList\",\"@id\":\"https:\\\/\\\/teamlevine.ca\\\/insurance\\\/insurance-information-center\\\/what-factors-determine-life-insurance-rates\\\/#breadcrumb\",\"itemListElement\":[{\"@type\":\"ListItem\",\"position\":1,\"name\":\"Home\",\"item\":\"https:\\\/\\\/teamlevine.ca\\\/\"},{\"@type\":\"ListItem\",\"position\":2,\"name\":\"Services d&rsquo;assurance\",\"item\":\"https:\\\/\\\/teamlevine.ca\\\/fr\\\/assurance\\\/\"},{\"@type\":\"ListItem\",\"position\":3,\"name\":\"Information center\",\"item\":\"https:\\\/\\\/teamlevine.ca\\\/insurance\\\/insurance-information-center\\\/\"},{\"@type\":\"ListItem\",\"position\":4,\"name\":\"What Factors Determine Life Insurance Rates?\"}]},{\"@type\":\"WebSite\",\"@id\":\"https:\\\/\\\/teamlevine.ca\\\/#website\",\"url\":\"https:\\\/\\\/teamlevine.ca\\\/\",\"name\":\"Team Levine\",\"description\":\"\",\"potentialAction\":[{\"@type\":\"SearchAction\",\"target\":{\"@type\":\"EntryPoint\",\"urlTemplate\":\"https:\\\/\\\/teamlevine.ca\\\/?s={search_term_string}\"},\"query-input\":{\"@type\":\"PropertyValueSpecification\",\"valueRequired\":true,\"valueName\":\"search_term_string\"}}],\"inLanguage\":\"fr-FR\"}]}<\/script>\n<!-- \/ Yoast SEO plugin. -->","yoast_head_json":{"title":"Team Levine","description":"Team Levine","robots":{"index":"index","follow":"follow","max-snippet":"max-snippet:-1","max-image-preview":"max-image-preview:large","max-video-preview":"max-video-preview:-1"},"canonical":"https:\/\/teamlevine.ca\/insurance\/insurance-information-center\/what-factors-determine-life-insurance-rates\/","og_locale":"fr_FR","og_type":"article","og_title":"Team Levine","og_description":"Team Levine","og_url":"https:\/\/teamlevine.ca\/insurance\/insurance-information-center\/what-factors-determine-life-insurance-rates\/","og_site_name":"Team Levine","article_modified_time":"2017-04-13T16:08:59+00:00","twitter_card":"summary_large_image","twitter_misc":{"Dur\u00e9e de lecture estim\u00e9e":"5 minutes"},"schema":{"@context":"https:\/\/schema.org","@graph":[{"@type":"WebPage","@id":"https:\/\/teamlevine.ca\/insurance\/insurance-information-center\/what-factors-determine-life-insurance-rates\/","url":"https:\/\/teamlevine.ca\/insurance\/insurance-information-center\/what-factors-determine-life-insurance-rates\/","name":"Team Levine","isPartOf":{"@id":"https:\/\/teamlevine.ca\/#website"},"datePublished":"2017-02-27T09:42:25+00:00","dateModified":"2017-04-13T16:08:59+00:00","description":"Team Levine","breadcrumb":{"@id":"https:\/\/teamlevine.ca\/insurance\/insurance-information-center\/what-factors-determine-life-insurance-rates\/#breadcrumb"},"inLanguage":"fr-FR","potentialAction":[{"@type":"ReadAction","target":["https:\/\/teamlevine.ca\/insurance\/insurance-information-center\/what-factors-determine-life-insurance-rates\/"]}]},{"@type":"BreadcrumbList","@id":"https:\/\/teamlevine.ca\/insurance\/insurance-information-center\/what-factors-determine-life-insurance-rates\/#breadcrumb","itemListElement":[{"@type":"ListItem","position":1,"name":"Home","item":"https:\/\/teamlevine.ca\/"},{"@type":"ListItem","position":2,"name":"Services d&rsquo;assurance","item":"https:\/\/teamlevine.ca\/fr\/assurance\/"},{"@type":"ListItem","position":3,"name":"Information center","item":"https:\/\/teamlevine.ca\/insurance\/insurance-information-center\/"},{"@type":"ListItem","position":4,"name":"What Factors Determine Life Insurance Rates?"}]},{"@type":"WebSite","@id":"https:\/\/teamlevine.ca\/#website","url":"https:\/\/teamlevine.ca\/","name":"Team Levine","description":"","potentialAction":[{"@type":"SearchAction","target":{"@type":"EntryPoint","urlTemplate":"https:\/\/teamlevine.ca\/?s={search_term_string}"},"query-input":{"@type":"PropertyValueSpecification","valueRequired":true,"valueName":"search_term_string"}}],"inLanguage":"fr-FR"}]}},"_links":{"self":[{"href":"https:\/\/teamlevine.ca\/fr\/wp-json\/wp\/v2\/pages\/325","targetHints":{"allow":["GET"]}}],"collection":[{"href":"https:\/\/teamlevine.ca\/fr\/wp-json\/wp\/v2\/pages"}],"about":[{"href":"https:\/\/teamlevine.ca\/fr\/wp-json\/wp\/v2\/types\/page"}],"author":[{"embeddable":true,"href":"https:\/\/teamlevine.ca\/fr\/wp-json\/wp\/v2\/users\/1"}],"replies":[{"embeddable":true,"href":"https:\/\/teamlevine.ca\/fr\/wp-json\/wp\/v2\/comments?post=325"}],"version-history":[{"count":3,"href":"https:\/\/teamlevine.ca\/fr\/wp-json\/wp\/v2\/pages\/325\/revisions"}],"predecessor-version":[{"id":549,"href":"https:\/\/teamlevine.ca\/fr\/wp-json\/wp\/v2\/pages\/325\/revisions\/549"}],"up":[{"embeddable":true,"href":"https:\/\/teamlevine.ca\/fr\/wp-json\/wp\/v2\/pages\/316"}],"wp:attachment":[{"href":"https:\/\/teamlevine.ca\/fr\/wp-json\/wp\/v2\/media?parent=325"}],"curies":[{"name":"wp","href":"https:\/\/api.w.org\/{rel}","templated":true}]}}