{"id":322,"date":"2017-02-27T08:06:03","date_gmt":"2017-02-27T08:06:03","guid":{"rendered":"https:\/\/teamlevine.ca\/?page_id=322"},"modified":"2021-03-17T06:53:39","modified_gmt":"2021-03-17T10:53:39","slug":"what-is-life-insurance","status":"publish","type":"page","link":"https:\/\/teamlevine.ca\/fr\/assurance\/centre-dinformation-dassurance\/quest-ce-quune-assurance-vie\/","title":{"rendered":"Qu\u2019est-ce qu\u2019une assurance vie?"},"content":{"rendered":"<p><\/p>\n<p>Un d\u00e9c\u00e8s peut \u00eatre un \u00e9v\u00e9nement d\u00e9vastateur pour les proches du d\u00e9funt. Et en cette p\u00e9riode de deuil, les proches ne devraient pas avoir \u00e0 se soucier des questions d\u2019ordre financier. L\u2019objectif d\u2019une assurance vie est d\u2019\u00e9viter toute forme de stress financier \u00e0 votre famille. Une assurance vie en vigueur signifie que vous obtenez une tranquillit\u00e9 d\u2019esprit en sachant qu\u2019une somme forfaitaire sera vers\u00e9e \u00e0 votre famille dans le cas de votre d\u00e9c\u00e8s. Les deux principaux types d\u2019assurance vie sont l\u2019assurance vie temporaire et l\u2019assurance vie permanente.<\/p>\n<p><strong><em>Comment d\u00e9terminer vos besoins en mati\u00e8re d\u2019assurance vie<\/em><\/strong><\/p>\n<p>Plus vous \u00eates jeune, moins le tarif de votre assurance vie sera \u00e9lev\u00e9. Dans cette perspective, vous \u00e9conomisez de l\u2019argent en souscrivant \u00e0 une assurance vie \u00e0 un jeune \u00e2ge, et ce, peu importe le type d\u2019assurance vie que vous choisissez.<\/p>\n<p>Si vous vivez seul, il pourrait \u00eatre judicieux d\u2019adh\u00e9rer \u00e0 une assurance vie le plus t\u00f4t possible afin de garantir votre assurabilit\u00e9 et d\u2019obtenir un taux pr\u00e9f\u00e9rentiel. Il serait \u00e9galement pr\u00e9f\u00e9rable de souscrire \u00e0 une assurance vie pendant que vous \u00eates en bonne sant\u00e9, car vous pourriez ne plus \u00eatre admissible \u00e0 une assurance vie dans l\u2019avenir, advenant une d\u00e9t\u00e9rioration de votre sant\u00e9.<\/p>\n<p>Vos besoins en assurance vie augmentent lorsque vous avez un conjoint, puisque vous souhaitez assurer son bien-\u00eatre dans l\u2019\u00e9ventualit\u00e9 o\u00f9 il vous arriverait quelque chose.<\/p>\n<p>Lorsque votre famille grandit et que vous avez des enfants, vos besoins en assurance vie grandissent \u00e9galement, car vous devez, en plus de prot\u00e9ger votre conjoint, assurer le bien-\u00eatre de vos enfants. Il s\u2019agit de la p\u00e9riode de votre vie o\u00f9 vos besoins en assurance sont les plus importants.<\/p>\n<p>Si vos enfants ont termin\u00e9 l\u2019\u00e9cole, et qu\u2019ils ne vivent plus \u00e0 la maison, vous devez songer \u00e0 souscrire \u00e0 une assurance vie afin de prot\u00e9ger votre succession.<\/p>\n<p>Bref, vos besoins en assurance vie sont toujours pr\u00e9sents, et ce, peu importe votre situation. Et c\u2019est l\u00e0 qu\u2019un courtier d\u2019assurance devient un atout important pour vous aider \u00e0 d\u00e9terminer vos besoins et le produit qui convient le mieux \u00e0 votre situation. Communiquez avec Team Levine d\u00e8s aujourd\u2019hui. Nous serons heureux de vous aider \u00e0 choisir parmi les nombreux produits d\u2019assurance vie, question de vous aider \u00e0 vous y retrouver!<\/p>\n<p><\/p>","protected":false},"excerpt":{"rendered":"<p>Un d\u00e9c\u00e8s peut \u00eatre un \u00e9v\u00e9nement d\u00e9vastateur pour les proches du d\u00e9funt. Et en cette p\u00e9riode de deuil, les proches ne devraient pas avoir \u00e0 se soucier des questions d\u2019ordre financier. L\u2019objectif d\u2019une assurance vie est d\u2019\u00e9viter toute forme de stress financier \u00e0 votre famille. Une assurance vie en vigueur signifie que vous obtenez une [&hellip;]<\/p>\n","protected":false},"author":1,"featured_media":0,"parent":316,"menu_order":36,"comment_status":"closed","ping_status":"closed","template":"page-information-detail.php","meta":{"_acf_changed":false,"footnotes":""},"class_list":["post-322","page","type-page","status-publish","hentry"],"acf":[],"yoast_head":"<!-- This site is optimized with the Yoast SEO plugin v27.3 - https:\/\/yoast.com\/product\/yoast-seo-wordpress\/ -->\n<title>Team Levine<\/title>\n<meta name=\"description\" content=\"Team Levine\" \/>\n<meta name=\"robots\" content=\"index, follow, max-snippet:-1, max-image-preview:large, max-video-preview:-1\" \/>\n<link rel=\"canonical\" href=\"https:\/\/teamlevine.ca\/insurance\/insurance-information-center\/what-is-life-insurance\/\" \/>\n<meta property=\"og:locale\" content=\"fr_FR\" \/>\n<meta property=\"og:type\" content=\"article\" \/>\n<meta property=\"og:title\" content=\"Team Levine\" \/>\n<meta property=\"og:description\" content=\"Team Levine\" \/>\n<meta property=\"og:url\" content=\"https:\/\/teamlevine.ca\/insurance\/insurance-information-center\/what-is-life-insurance\/\" \/>\n<meta property=\"og:site_name\" content=\"Team Levine\" \/>\n<meta property=\"article:modified_time\" content=\"2021-03-17T10:53:39+00:00\" \/>\n<meta name=\"twitter:card\" content=\"summary_large_image\" \/>\n<meta name=\"twitter:label1\" content=\"Dur\u00e9e de lecture estim\u00e9e\" \/>\n\t<meta name=\"twitter:data1\" content=\"4 minutes\" \/>\n<script type=\"application\/ld+json\" class=\"yoast-schema-graph\">{\"@context\":\"https:\\\/\\\/schema.org\",\"@graph\":[{\"@type\":\"WebPage\",\"@id\":\"https:\\\/\\\/teamlevine.ca\\\/insurance\\\/insurance-information-center\\\/what-is-life-insurance\\\/\",\"url\":\"https:\\\/\\\/teamlevine.ca\\\/insurance\\\/insurance-information-center\\\/what-is-life-insurance\\\/\",\"name\":\"Team Levine\",\"isPartOf\":{\"@id\":\"https:\\\/\\\/teamlevine.ca\\\/#website\"},\"datePublished\":\"2017-02-27T08:06:03+00:00\",\"dateModified\":\"2021-03-17T10:53:39+00:00\",\"description\":\"Team Levine\",\"breadcrumb\":{\"@id\":\"https:\\\/\\\/teamlevine.ca\\\/insurance\\\/insurance-information-center\\\/what-is-life-insurance\\\/#breadcrumb\"},\"inLanguage\":\"fr-FR\",\"potentialAction\":[{\"@type\":\"ReadAction\",\"target\":[\"https:\\\/\\\/teamlevine.ca\\\/insurance\\\/insurance-information-center\\\/what-is-life-insurance\\\/\"]}]},{\"@type\":\"BreadcrumbList\",\"@id\":\"https:\\\/\\\/teamlevine.ca\\\/insurance\\\/insurance-information-center\\\/what-is-life-insurance\\\/#breadcrumb\",\"itemListElement\":[{\"@type\":\"ListItem\",\"position\":1,\"name\":\"Home\",\"item\":\"https:\\\/\\\/teamlevine.ca\\\/\"},{\"@type\":\"ListItem\",\"position\":2,\"name\":\"Services d&rsquo;assurance\",\"item\":\"https:\\\/\\\/teamlevine.ca\\\/fr\\\/assurance\\\/\"},{\"@type\":\"ListItem\",\"position\":3,\"name\":\"Information center\",\"item\":\"https:\\\/\\\/teamlevine.ca\\\/insurance\\\/insurance-information-center\\\/\"},{\"@type\":\"ListItem\",\"position\":4,\"name\":\"What is life insurance?\"}]},{\"@type\":\"WebSite\",\"@id\":\"https:\\\/\\\/teamlevine.ca\\\/#website\",\"url\":\"https:\\\/\\\/teamlevine.ca\\\/\",\"name\":\"Team Levine\",\"description\":\"\",\"potentialAction\":[{\"@type\":\"SearchAction\",\"target\":{\"@type\":\"EntryPoint\",\"urlTemplate\":\"https:\\\/\\\/teamlevine.ca\\\/?s={search_term_string}\"},\"query-input\":{\"@type\":\"PropertyValueSpecification\",\"valueRequired\":true,\"valueName\":\"search_term_string\"}}],\"inLanguage\":\"fr-FR\"}]}<\/script>\n<!-- \/ Yoast SEO plugin. -->","yoast_head_json":{"title":"Team Levine","description":"Team Levine","robots":{"index":"index","follow":"follow","max-snippet":"max-snippet:-1","max-image-preview":"max-image-preview:large","max-video-preview":"max-video-preview:-1"},"canonical":"https:\/\/teamlevine.ca\/insurance\/insurance-information-center\/what-is-life-insurance\/","og_locale":"fr_FR","og_type":"article","og_title":"Team Levine","og_description":"Team Levine","og_url":"https:\/\/teamlevine.ca\/insurance\/insurance-information-center\/what-is-life-insurance\/","og_site_name":"Team Levine","article_modified_time":"2021-03-17T10:53:39+00:00","twitter_card":"summary_large_image","twitter_misc":{"Dur\u00e9e de lecture estim\u00e9e":"4 minutes"},"schema":{"@context":"https:\/\/schema.org","@graph":[{"@type":"WebPage","@id":"https:\/\/teamlevine.ca\/insurance\/insurance-information-center\/what-is-life-insurance\/","url":"https:\/\/teamlevine.ca\/insurance\/insurance-information-center\/what-is-life-insurance\/","name":"Team Levine","isPartOf":{"@id":"https:\/\/teamlevine.ca\/#website"},"datePublished":"2017-02-27T08:06:03+00:00","dateModified":"2021-03-17T10:53:39+00:00","description":"Team Levine","breadcrumb":{"@id":"https:\/\/teamlevine.ca\/insurance\/insurance-information-center\/what-is-life-insurance\/#breadcrumb"},"inLanguage":"fr-FR","potentialAction":[{"@type":"ReadAction","target":["https:\/\/teamlevine.ca\/insurance\/insurance-information-center\/what-is-life-insurance\/"]}]},{"@type":"BreadcrumbList","@id":"https:\/\/teamlevine.ca\/insurance\/insurance-information-center\/what-is-life-insurance\/#breadcrumb","itemListElement":[{"@type":"ListItem","position":1,"name":"Home","item":"https:\/\/teamlevine.ca\/"},{"@type":"ListItem","position":2,"name":"Services d&rsquo;assurance","item":"https:\/\/teamlevine.ca\/fr\/assurance\/"},{"@type":"ListItem","position":3,"name":"Information center","item":"https:\/\/teamlevine.ca\/insurance\/insurance-information-center\/"},{"@type":"ListItem","position":4,"name":"What is life insurance?"}]},{"@type":"WebSite","@id":"https:\/\/teamlevine.ca\/#website","url":"https:\/\/teamlevine.ca\/","name":"Team Levine","description":"","potentialAction":[{"@type":"SearchAction","target":{"@type":"EntryPoint","urlTemplate":"https:\/\/teamlevine.ca\/?s={search_term_string}"},"query-input":{"@type":"PropertyValueSpecification","valueRequired":true,"valueName":"search_term_string"}}],"inLanguage":"fr-FR"}]}},"_links":{"self":[{"href":"https:\/\/teamlevine.ca\/fr\/wp-json\/wp\/v2\/pages\/322","targetHints":{"allow":["GET"]}}],"collection":[{"href":"https:\/\/teamlevine.ca\/fr\/wp-json\/wp\/v2\/pages"}],"about":[{"href":"https:\/\/teamlevine.ca\/fr\/wp-json\/wp\/v2\/types\/page"}],"author":[{"embeddable":true,"href":"https:\/\/teamlevine.ca\/fr\/wp-json\/wp\/v2\/users\/1"}],"replies":[{"embeddable":true,"href":"https:\/\/teamlevine.ca\/fr\/wp-json\/wp\/v2\/comments?post=322"}],"version-history":[{"count":4,"href":"https:\/\/teamlevine.ca\/fr\/wp-json\/wp\/v2\/pages\/322\/revisions"}],"predecessor-version":[{"id":1003,"href":"https:\/\/teamlevine.ca\/fr\/wp-json\/wp\/v2\/pages\/322\/revisions\/1003"}],"up":[{"embeddable":true,"href":"https:\/\/teamlevine.ca\/fr\/wp-json\/wp\/v2\/pages\/316"}],"wp:attachment":[{"href":"https:\/\/teamlevine.ca\/fr\/wp-json\/wp\/v2\/media?parent=322"}],"curies":[{"name":"wp","href":"https:\/\/api.w.org\/{rel}","templated":true}]}}