{"id":319,"date":"2017-02-27T07:50:41","date_gmt":"2017-02-27T07:50:41","guid":{"rendered":"https:\/\/teamlevine.ca\/?page_id=319"},"modified":"2017-04-13T16:08:30","modified_gmt":"2017-04-13T16:08:30","slug":"quest-ce-quun-courtier-en-assurance","status":"publish","type":"page","link":"https:\/\/teamlevine.ca\/fr\/assurance\/centre-dinformation-dassurance\/quest-ce-quun-courtier-en-assurance\/","title":{"rendered":"Qu\u2019est-ce qu\u2019un courtier en assurance?"},"content":{"rendered":"<p><\/p>\n<p>Team Levine poss\u00e8de une division de courtiers en assurance.\u00a0<\/p>\n<p><strong><em>Qu\u2019est-ce qu\u2019un courtier en assurance?<\/em><\/strong><\/p>\n<p>Les courtiers en assurance sont les conseillers professionnels les plus qualifi\u00e9s en mati\u00e8re d\u2019assurance, car ils ont acc\u00e8s \u00e0 des dizaines de compagnies d\u2019assurance. Cela signifie qu\u2019ils poss\u00e8dent une connaissance approfondie de tous les produits d\u2019assurance offerts ainsi que des avantages et des inconv\u00e9nients de chacun. Chaque personne ou famille a des besoins diff\u00e9rents, et chaque compagnie d\u2019assurance a ses propres avantages.<\/p>\n<p>Votre courtier d\u2019assurance vous aidera \u00e0 choisir la compagnie d\u2019assurance qui vous convient le mieux, \u00e0 trouver le produit d\u2019assurance appropri\u00e9 selon votre situation particuli\u00e8re et \u00e0 obtenir les meilleurs tarifs. Votre courtier d\u2019assurance agit comme un \u00ab coach financier \u00bb et comme votre assistant d\u2019achat personnel, et ce, gratuitement! Notre objectif est de faire de vous un client satisfait! Communiquez avec Team Levine d\u00e8s aujourd\u2019hui pour une consultation gratuite et sans obligation.<\/p>\n<p><\/p>","protected":false},"excerpt":{"rendered":"<p>Team Levine poss\u00e8de une division de courtiers en assurance.\u00a0 Qu\u2019est-ce qu\u2019un courtier en assurance? Les courtiers en assurance sont les conseillers professionnels les plus qualifi\u00e9s en mati\u00e8re d\u2019assurance, car ils ont acc\u00e8s \u00e0 des dizaines de compagnies d\u2019assurance. Cela signifie qu\u2019ils poss\u00e8dent une connaissance approfondie de tous les produits d\u2019assurance offerts ainsi que des avantages [&hellip;]<\/p>\n","protected":false},"author":1,"featured_media":0,"parent":316,"menu_order":35,"comment_status":"closed","ping_status":"closed","template":"page-information-detail.php","meta":{"_acf_changed":false,"footnotes":""},"class_list":["post-319","page","type-page","status-publish","hentry"],"acf":[],"yoast_head":"<!-- This site is optimized with the Yoast SEO plugin v27.3 - https:\/\/yoast.com\/product\/yoast-seo-wordpress\/ -->\n<title>Team Levine<\/title>\n<meta name=\"description\" content=\"Team Levine\" \/>\n<meta name=\"robots\" content=\"index, follow, max-snippet:-1, max-image-preview:large, max-video-preview:-1\" \/>\n<link rel=\"canonical\" href=\"https:\/\/teamlevine.ca\/insurance\/insurance-information-center\/what-is-an-insurance-broker\/\" \/>\n<meta property=\"og:locale\" content=\"fr_FR\" \/>\n<meta property=\"og:type\" content=\"article\" \/>\n<meta property=\"og:title\" content=\"Team Levine\" \/>\n<meta property=\"og:description\" content=\"Team Levine\" \/>\n<meta property=\"og:url\" content=\"https:\/\/teamlevine.ca\/insurance\/insurance-information-center\/what-is-an-insurance-broker\/\" \/>\n<meta property=\"og:site_name\" content=\"Team Levine\" \/>\n<meta property=\"article:modified_time\" content=\"2017-04-13T16:08:30+00:00\" \/>\n<meta name=\"twitter:card\" content=\"summary_large_image\" \/>\n<meta name=\"twitter:label1\" content=\"Dur\u00e9e de lecture estim\u00e9e\" \/>\n\t<meta name=\"twitter:data1\" content=\"2 minutes\" \/>\n<script type=\"application\/ld+json\" class=\"yoast-schema-graph\">{\"@context\":\"https:\\\/\\\/schema.org\",\"@graph\":[{\"@type\":\"WebPage\",\"@id\":\"https:\\\/\\\/teamlevine.ca\\\/insurance\\\/insurance-information-center\\\/what-is-an-insurance-broker\\\/\",\"url\":\"https:\\\/\\\/teamlevine.ca\\\/insurance\\\/insurance-information-center\\\/what-is-an-insurance-broker\\\/\",\"name\":\"Team Levine\",\"isPartOf\":{\"@id\":\"https:\\\/\\\/teamlevine.ca\\\/#website\"},\"datePublished\":\"2017-02-27T07:50:41+00:00\",\"dateModified\":\"2017-04-13T16:08:30+00:00\",\"description\":\"Team Levine\",\"breadcrumb\":{\"@id\":\"https:\\\/\\\/teamlevine.ca\\\/insurance\\\/insurance-information-center\\\/what-is-an-insurance-broker\\\/#breadcrumb\"},\"inLanguage\":\"fr-FR\",\"potentialAction\":[{\"@type\":\"ReadAction\",\"target\":[\"https:\\\/\\\/teamlevine.ca\\\/insurance\\\/insurance-information-center\\\/what-is-an-insurance-broker\\\/\"]}]},{\"@type\":\"BreadcrumbList\",\"@id\":\"https:\\\/\\\/teamlevine.ca\\\/insurance\\\/insurance-information-center\\\/what-is-an-insurance-broker\\\/#breadcrumb\",\"itemListElement\":[{\"@type\":\"ListItem\",\"position\":1,\"name\":\"Home\",\"item\":\"https:\\\/\\\/teamlevine.ca\\\/\"},{\"@type\":\"ListItem\",\"position\":2,\"name\":\"Services d&rsquo;assurance\",\"item\":\"https:\\\/\\\/teamlevine.ca\\\/fr\\\/assurance\\\/\"},{\"@type\":\"ListItem\",\"position\":3,\"name\":\"Information center\",\"item\":\"https:\\\/\\\/teamlevine.ca\\\/insurance\\\/insurance-information-center\\\/\"},{\"@type\":\"ListItem\",\"position\":4,\"name\":\"What is an insurance broker?\"}]},{\"@type\":\"WebSite\",\"@id\":\"https:\\\/\\\/teamlevine.ca\\\/#website\",\"url\":\"https:\\\/\\\/teamlevine.ca\\\/\",\"name\":\"Team Levine\",\"description\":\"\",\"potentialAction\":[{\"@type\":\"SearchAction\",\"target\":{\"@type\":\"EntryPoint\",\"urlTemplate\":\"https:\\\/\\\/teamlevine.ca\\\/?s={search_term_string}\"},\"query-input\":{\"@type\":\"PropertyValueSpecification\",\"valueRequired\":true,\"valueName\":\"search_term_string\"}}],\"inLanguage\":\"fr-FR\"}]}<\/script>\n<!-- \/ Yoast SEO plugin. -->","yoast_head_json":{"title":"Team Levine","description":"Team Levine","robots":{"index":"index","follow":"follow","max-snippet":"max-snippet:-1","max-image-preview":"max-image-preview:large","max-video-preview":"max-video-preview:-1"},"canonical":"https:\/\/teamlevine.ca\/insurance\/insurance-information-center\/what-is-an-insurance-broker\/","og_locale":"fr_FR","og_type":"article","og_title":"Team Levine","og_description":"Team Levine","og_url":"https:\/\/teamlevine.ca\/insurance\/insurance-information-center\/what-is-an-insurance-broker\/","og_site_name":"Team Levine","article_modified_time":"2017-04-13T16:08:30+00:00","twitter_card":"summary_large_image","twitter_misc":{"Dur\u00e9e de lecture estim\u00e9e":"2 minutes"},"schema":{"@context":"https:\/\/schema.org","@graph":[{"@type":"WebPage","@id":"https:\/\/teamlevine.ca\/insurance\/insurance-information-center\/what-is-an-insurance-broker\/","url":"https:\/\/teamlevine.ca\/insurance\/insurance-information-center\/what-is-an-insurance-broker\/","name":"Team Levine","isPartOf":{"@id":"https:\/\/teamlevine.ca\/#website"},"datePublished":"2017-02-27T07:50:41+00:00","dateModified":"2017-04-13T16:08:30+00:00","description":"Team Levine","breadcrumb":{"@id":"https:\/\/teamlevine.ca\/insurance\/insurance-information-center\/what-is-an-insurance-broker\/#breadcrumb"},"inLanguage":"fr-FR","potentialAction":[{"@type":"ReadAction","target":["https:\/\/teamlevine.ca\/insurance\/insurance-information-center\/what-is-an-insurance-broker\/"]}]},{"@type":"BreadcrumbList","@id":"https:\/\/teamlevine.ca\/insurance\/insurance-information-center\/what-is-an-insurance-broker\/#breadcrumb","itemListElement":[{"@type":"ListItem","position":1,"name":"Home","item":"https:\/\/teamlevine.ca\/"},{"@type":"ListItem","position":2,"name":"Services d&rsquo;assurance","item":"https:\/\/teamlevine.ca\/fr\/assurance\/"},{"@type":"ListItem","position":3,"name":"Information center","item":"https:\/\/teamlevine.ca\/insurance\/insurance-information-center\/"},{"@type":"ListItem","position":4,"name":"What is an insurance broker?"}]},{"@type":"WebSite","@id":"https:\/\/teamlevine.ca\/#website","url":"https:\/\/teamlevine.ca\/","name":"Team Levine","description":"","potentialAction":[{"@type":"SearchAction","target":{"@type":"EntryPoint","urlTemplate":"https:\/\/teamlevine.ca\/?s={search_term_string}"},"query-input":{"@type":"PropertyValueSpecification","valueRequired":true,"valueName":"search_term_string"}}],"inLanguage":"fr-FR"}]}},"_links":{"self":[{"href":"https:\/\/teamlevine.ca\/fr\/wp-json\/wp\/v2\/pages\/319","targetHints":{"allow":["GET"]}}],"collection":[{"href":"https:\/\/teamlevine.ca\/fr\/wp-json\/wp\/v2\/pages"}],"about":[{"href":"https:\/\/teamlevine.ca\/fr\/wp-json\/wp\/v2\/types\/page"}],"author":[{"embeddable":true,"href":"https:\/\/teamlevine.ca\/fr\/wp-json\/wp\/v2\/users\/1"}],"replies":[{"embeddable":true,"href":"https:\/\/teamlevine.ca\/fr\/wp-json\/wp\/v2\/comments?post=319"}],"version-history":[{"count":2,"href":"https:\/\/teamlevine.ca\/fr\/wp-json\/wp\/v2\/pages\/319\/revisions"}],"predecessor-version":[{"id":547,"href":"https:\/\/teamlevine.ca\/fr\/wp-json\/wp\/v2\/pages\/319\/revisions\/547"}],"up":[{"embeddable":true,"href":"https:\/\/teamlevine.ca\/fr\/wp-json\/wp\/v2\/pages\/316"}],"wp:attachment":[{"href":"https:\/\/teamlevine.ca\/fr\/wp-json\/wp\/v2\/media?parent=319"}],"curies":[{"name":"wp","href":"https:\/\/api.w.org\/{rel}","templated":true}]}}