{"id":308,"date":"2017-02-27T07:06:26","date_gmt":"2017-02-27T07:06:26","guid":{"rendered":"https:\/\/teamlevine.ca\/?page_id=308"},"modified":"2018-03-02T07:11:14","modified_gmt":"2018-03-02T07:11:14","slug":"term-insurance","status":"publish","type":"page","link":"https:\/\/teamlevine.ca\/fr\/assurance\/assurance-temporaire\/","title":{"rendered":"Assurance temporaire"},"content":{"rendered":"<p><\/p>\n<p>Il existe diff\u00e9rents types d\u2019assurance vie. Et malgr\u00e9 leur grande vari\u00e9t\u00e9, celles-ci peuvent \u00eatre divis\u00e9es en deux cat\u00e9gories principales, la premi\u00e8re \u00e9tant l\u2019assurance temporaire (puisque la nature du produit est temporaire).<\/p>\n<p>Ce type d\u2019assurance vie est sp\u00e9cialement con\u00e7ue pour r\u00e9pondre \u00e0 des besoins temporaires, comme pour rembourser une hypoth\u00e8que, offrir une protection pour vos enfants jusqu\u2019\u00e0 un certain \u00e2ge, pourvoir \u00e0 leur \u00e9ducation ou maintenir le style de vie de votre famille dans l\u2019\u00e9ventualit\u00e9 o\u00f9 il vous arriverait quelque chose. L\u2019assurance vie temporaire est la forme d\u2019assurance la plus abordable, puisque vos primes mensuelles ne sont garanties que pour la p\u00e9riode de couverture stipul\u00e9e dans le contrat.<\/p>\n<p><strong><em>Les diff\u00e9rents types de p\u00e9riodes<\/em><\/strong><\/p>\n<p>L\u2019assurance temporaire est propos\u00e9e \u00e0 des conditions diff\u00e9rentes, de sorte que vous pouvez choisir la p\u00e9riode de temps selon laquelle vous souhaitez fixer votre taux. Plus cette p\u00e9riode est longue, plus votre produit d\u2019assurance vous co\u00fbtera cher. La p\u00e9riode la plus courte que vous pouvez choisir est de 10 ans, autrement connue sous le nom de temporaire 10. Vous pouvez \u00e9galement choisir des p\u00e9riodes de 15, 20, 25 ou 30 ans. Toute personne qui souhaite fixer une protection pour une p\u00e9riode plus longue peut choisir un produit d\u2019assurance vie permanente.<\/p>\n<p>Vous avez des questions? Nous sommes toujours l\u00e0 pour vous aider! Communiquez avec Team Levine d\u00e8s aujourd\u2019hui pour une consultation gratuite sans obligation!<\/p>\n<p><\/p>","protected":false},"excerpt":{"rendered":"<p>Il existe diff\u00e9rents types d\u2019assurance vie. Et malgr\u00e9 leur grande vari\u00e9t\u00e9, celles-ci peuvent \u00eatre divis\u00e9es en deux cat\u00e9gories principales, la premi\u00e8re \u00e9tant l\u2019assurance temporaire (puisque la nature du produit est temporaire). Ce type d\u2019assurance vie est sp\u00e9cialement con\u00e7ue pour r\u00e9pondre \u00e0 des besoins temporaires, comme pour rembourser une hypoth\u00e8que, offrir une protection pour vos enfants [&hellip;]<\/p>\n","protected":false},"author":1,"featured_media":0,"parent":211,"menu_order":32,"comment_status":"closed","ping_status":"closed","template":"page-insurance-detail.php","meta":{"_acf_changed":false,"footnotes":""},"class_list":["post-308","page","type-page","status-publish","hentry"],"acf":[],"yoast_head":"<!-- This site is optimized with the Yoast SEO plugin v27.3 - https:\/\/yoast.com\/product\/yoast-seo-wordpress\/ -->\n<title>Team Levine<\/title>\n<meta name=\"description\" content=\"Team Levine\" \/>\n<meta name=\"robots\" content=\"index, follow, max-snippet:-1, max-image-preview:large, max-video-preview:-1\" \/>\n<link rel=\"canonical\" href=\"https:\/\/teamlevine.ca\/insurance\/term-insurance\/\" \/>\n<meta property=\"og:locale\" content=\"fr_FR\" \/>\n<meta property=\"og:type\" content=\"article\" \/>\n<meta property=\"og:title\" content=\"Team Levine\" \/>\n<meta property=\"og:description\" content=\"Team Levine\" \/>\n<meta property=\"og:url\" content=\"https:\/\/teamlevine.ca\/insurance\/term-insurance\/\" \/>\n<meta property=\"og:site_name\" content=\"Team Levine\" \/>\n<meta property=\"article:modified_time\" content=\"2018-03-02T07:11:14+00:00\" \/>\n<meta name=\"twitter:card\" content=\"summary_large_image\" \/>\n<meta name=\"twitter:label1\" content=\"Dur\u00e9e de lecture estim\u00e9e\" \/>\n\t<meta name=\"twitter:data1\" content=\"3 minutes\" \/>\n<script type=\"application\/ld+json\" class=\"yoast-schema-graph\">{\"@context\":\"https:\\\/\\\/schema.org\",\"@graph\":[{\"@type\":\"WebPage\",\"@id\":\"https:\\\/\\\/teamlevine.ca\\\/insurance\\\/term-insurance\\\/\",\"url\":\"https:\\\/\\\/teamlevine.ca\\\/insurance\\\/term-insurance\\\/\",\"name\":\"Team Levine\",\"isPartOf\":{\"@id\":\"https:\\\/\\\/teamlevine.ca\\\/#website\"},\"datePublished\":\"2017-02-27T07:06:26+00:00\",\"dateModified\":\"2018-03-02T07:11:14+00:00\",\"description\":\"Team Levine\",\"breadcrumb\":{\"@id\":\"https:\\\/\\\/teamlevine.ca\\\/insurance\\\/term-insurance\\\/#breadcrumb\"},\"inLanguage\":\"fr-FR\",\"potentialAction\":[{\"@type\":\"ReadAction\",\"target\":[\"https:\\\/\\\/teamlevine.ca\\\/insurance\\\/term-insurance\\\/\"]}]},{\"@type\":\"BreadcrumbList\",\"@id\":\"https:\\\/\\\/teamlevine.ca\\\/insurance\\\/term-insurance\\\/#breadcrumb\",\"itemListElement\":[{\"@type\":\"ListItem\",\"position\":1,\"name\":\"Home\",\"item\":\"https:\\\/\\\/teamlevine.ca\\\/\"},{\"@type\":\"ListItem\",\"position\":2,\"name\":\"Services d&rsquo;assurance\",\"item\":\"https:\\\/\\\/teamlevine.ca\\\/fr\\\/assurance\\\/\"},{\"@type\":\"ListItem\",\"position\":3,\"name\":\"Term Insurance\"}]},{\"@type\":\"WebSite\",\"@id\":\"https:\\\/\\\/teamlevine.ca\\\/#website\",\"url\":\"https:\\\/\\\/teamlevine.ca\\\/\",\"name\":\"Team Levine\",\"description\":\"\",\"potentialAction\":[{\"@type\":\"SearchAction\",\"target\":{\"@type\":\"EntryPoint\",\"urlTemplate\":\"https:\\\/\\\/teamlevine.ca\\\/?s={search_term_string}\"},\"query-input\":{\"@type\":\"PropertyValueSpecification\",\"valueRequired\":true,\"valueName\":\"search_term_string\"}}],\"inLanguage\":\"fr-FR\"}]}<\/script>\n<!-- \/ Yoast SEO plugin. -->","yoast_head_json":{"title":"Team Levine","description":"Team Levine","robots":{"index":"index","follow":"follow","max-snippet":"max-snippet:-1","max-image-preview":"max-image-preview:large","max-video-preview":"max-video-preview:-1"},"canonical":"https:\/\/teamlevine.ca\/insurance\/term-insurance\/","og_locale":"fr_FR","og_type":"article","og_title":"Team Levine","og_description":"Team Levine","og_url":"https:\/\/teamlevine.ca\/insurance\/term-insurance\/","og_site_name":"Team Levine","article_modified_time":"2018-03-02T07:11:14+00:00","twitter_card":"summary_large_image","twitter_misc":{"Dur\u00e9e de lecture estim\u00e9e":"3 minutes"},"schema":{"@context":"https:\/\/schema.org","@graph":[{"@type":"WebPage","@id":"https:\/\/teamlevine.ca\/insurance\/term-insurance\/","url":"https:\/\/teamlevine.ca\/insurance\/term-insurance\/","name":"Team Levine","isPartOf":{"@id":"https:\/\/teamlevine.ca\/#website"},"datePublished":"2017-02-27T07:06:26+00:00","dateModified":"2018-03-02T07:11:14+00:00","description":"Team Levine","breadcrumb":{"@id":"https:\/\/teamlevine.ca\/insurance\/term-insurance\/#breadcrumb"},"inLanguage":"fr-FR","potentialAction":[{"@type":"ReadAction","target":["https:\/\/teamlevine.ca\/insurance\/term-insurance\/"]}]},{"@type":"BreadcrumbList","@id":"https:\/\/teamlevine.ca\/insurance\/term-insurance\/#breadcrumb","itemListElement":[{"@type":"ListItem","position":1,"name":"Home","item":"https:\/\/teamlevine.ca\/"},{"@type":"ListItem","position":2,"name":"Services d&rsquo;assurance","item":"https:\/\/teamlevine.ca\/fr\/assurance\/"},{"@type":"ListItem","position":3,"name":"Term Insurance"}]},{"@type":"WebSite","@id":"https:\/\/teamlevine.ca\/#website","url":"https:\/\/teamlevine.ca\/","name":"Team Levine","description":"","potentialAction":[{"@type":"SearchAction","target":{"@type":"EntryPoint","urlTemplate":"https:\/\/teamlevine.ca\/?s={search_term_string}"},"query-input":{"@type":"PropertyValueSpecification","valueRequired":true,"valueName":"search_term_string"}}],"inLanguage":"fr-FR"}]}},"_links":{"self":[{"href":"https:\/\/teamlevine.ca\/fr\/wp-json\/wp\/v2\/pages\/308","targetHints":{"allow":["GET"]}}],"collection":[{"href":"https:\/\/teamlevine.ca\/fr\/wp-json\/wp\/v2\/pages"}],"about":[{"href":"https:\/\/teamlevine.ca\/fr\/wp-json\/wp\/v2\/types\/page"}],"author":[{"embeddable":true,"href":"https:\/\/teamlevine.ca\/fr\/wp-json\/wp\/v2\/users\/1"}],"replies":[{"embeddable":true,"href":"https:\/\/teamlevine.ca\/fr\/wp-json\/wp\/v2\/comments?post=308"}],"version-history":[{"count":7,"href":"https:\/\/teamlevine.ca\/fr\/wp-json\/wp\/v2\/pages\/308\/revisions"}],"predecessor-version":[{"id":662,"href":"https:\/\/teamlevine.ca\/fr\/wp-json\/wp\/v2\/pages\/308\/revisions\/662"}],"up":[{"embeddable":true,"href":"https:\/\/teamlevine.ca\/fr\/wp-json\/wp\/v2\/pages\/211"}],"wp:attachment":[{"href":"https:\/\/teamlevine.ca\/fr\/wp-json\/wp\/v2\/media?parent=308"}],"curies":[{"name":"wp","href":"https:\/\/api.w.org\/{rel}","templated":true}]}}