{"id":306,"date":"2017-02-27T07:01:09","date_gmt":"2017-02-27T07:01:09","guid":{"rendered":"https:\/\/teamlevine.ca\/?page_id=306"},"modified":"2021-03-17T06:47:32","modified_gmt":"2021-03-17T10:47:32","slug":"assurance-vie-permanente","status":"publish","type":"page","link":"https:\/\/teamlevine.ca\/fr\/assurance\/assurance-vie-permanente\/","title":{"rendered":"Assurance vie permanente"},"content":{"rendered":"<p><\/p>\n<p>L&rsquo;assurance vie permanente est l&rsquo;une des deux principales cat\u00e9gories d&rsquo;assurance vie. Tous les produits d&rsquo;assurance vie s&rsquo;inscrivent soit dans la cat\u00e9gorie d&rsquo;assurance vie permanente, soit dans la cat\u00e9gorie <a href=\"https:\/\/teamlevine.ca\/fr\/assurance\/assurance-temporaire\/\">d&rsquo;assurance vie temporaire.<\/a><\/p>\n<p>L&rsquo;assurance vie permanente est une forme d&rsquo;assurance en vertu de laquelle vos primes demeurent fixes pour la vie. Votre capital-d\u00e9c\u00e8s demeure \u00e9galement fixe; il peut toutefois augmenter en fonction du type de produit que vous choisissez. Dans l&rsquo;\u00e9ventualit\u00e9 o\u00f9 vous d\u00e9cidiez d&rsquo;annuler votre police apr\u00e8s un certain temps, vous pourriez \u00e9galement r\u00e9cup\u00e9rer une partie des primes ou des investissements que vous avez vers\u00e9s dans celle-ci. Les diff\u00e9rents types d&rsquo;assurance permanente sont les suivants :<\/p>\n<ul>\n<li><a href=\"https:\/\/teamlevine.ca\/fr\/assurance\/temporaire-100\/\">Temporaire 100<\/a><\/li>\n<li><a href=\"https:\/\/teamlevine.ca\/fr\/assurance\/assurance-vie-universelle\/\">Assurance vie universelle<\/a><\/li>\n<li><a href=\"https:\/\/teamlevine.ca\/fr\/assurance\/assurance-vie-avec-participation\/\">Assurance vie participante<\/a><\/li>\n<li><a href=\"https:\/\/teamlevine.ca\/fr\/assurance\/assurance-vie-entiere\/\">Assurance vie enti\u00e8re<\/a><\/li>\n<\/ul>\n<p>Si vous avez des questions ou si vous souhaitez en apprendre davantage sur le type d&rsquo;assurance vie permanente qui vous convient le mieux, n&rsquo;h\u00e9sitez pas \u00e0 communiquer avec Team Levine d\u00e8s maintenant!<\/p>\n<p><\/p>","protected":false},"excerpt":{"rendered":"<p>L&rsquo;assurance vie permanente est l&rsquo;une des deux principales cat\u00e9gories d&rsquo;assurance vie. Tous les produits d&rsquo;assurance vie s&rsquo;inscrivent soit dans la cat\u00e9gorie d&rsquo;assurance vie permanente, soit dans la cat\u00e9gorie d&rsquo;assurance vie temporaire. L&rsquo;assurance vie permanente est une forme d&rsquo;assurance en vertu de laquelle vos primes demeurent fixes pour la vie. Votre capital-d\u00e9c\u00e8s demeure \u00e9galement fixe; il [&hellip;]<\/p>\n","protected":false},"author":1,"featured_media":0,"parent":211,"menu_order":18,"comment_status":"closed","ping_status":"closed","template":"page-insurance-detail.php","meta":{"_acf_changed":false,"footnotes":""},"class_list":["post-306","page","type-page","status-publish","hentry"],"acf":[],"yoast_head":"<!-- This site is optimized with the Yoast SEO plugin v27.4 - https:\/\/yoast.com\/product\/yoast-seo-wordpress\/ -->\n<title>Team Levine<\/title>\n<meta name=\"description\" content=\"Team Levine\" \/>\n<meta name=\"robots\" content=\"index, follow, max-snippet:-1, max-image-preview:large, max-video-preview:-1\" \/>\n<link rel=\"canonical\" href=\"https:\/\/teamlevine.ca\/insurance\/permanent-life\/\" \/>\n<meta property=\"og:locale\" content=\"fr_FR\" \/>\n<meta property=\"og:type\" content=\"article\" \/>\n<meta property=\"og:title\" content=\"Team Levine\" \/>\n<meta property=\"og:description\" content=\"Team Levine\" \/>\n<meta property=\"og:url\" content=\"https:\/\/teamlevine.ca\/insurance\/permanent-life\/\" \/>\n<meta property=\"og:site_name\" content=\"Team Levine\" \/>\n<meta property=\"article:modified_time\" content=\"2021-03-17T10:47:32+00:00\" \/>\n<meta name=\"twitter:card\" content=\"summary_large_image\" \/>\n<meta name=\"twitter:label1\" content=\"Dur\u00e9e de lecture estim\u00e9e\" \/>\n\t<meta name=\"twitter:data1\" content=\"1 minute\" \/>\n<script type=\"application\/ld+json\" class=\"yoast-schema-graph\">{\"@context\":\"https:\\\/\\\/schema.org\",\"@graph\":[{\"@type\":\"WebPage\",\"@id\":\"https:\\\/\\\/teamlevine.ca\\\/insurance\\\/permanent-life\\\/\",\"url\":\"https:\\\/\\\/teamlevine.ca\\\/insurance\\\/permanent-life\\\/\",\"name\":\"Team Levine\",\"isPartOf\":{\"@id\":\"https:\\\/\\\/teamlevine.ca\\\/#website\"},\"datePublished\":\"2017-02-27T07:01:09+00:00\",\"dateModified\":\"2021-03-17T10:47:32+00:00\",\"description\":\"Team Levine\",\"breadcrumb\":{\"@id\":\"https:\\\/\\\/teamlevine.ca\\\/insurance\\\/permanent-life\\\/#breadcrumb\"},\"inLanguage\":\"fr-FR\",\"potentialAction\":[{\"@type\":\"ReadAction\",\"target\":[\"https:\\\/\\\/teamlevine.ca\\\/insurance\\\/permanent-life\\\/\"]}]},{\"@type\":\"BreadcrumbList\",\"@id\":\"https:\\\/\\\/teamlevine.ca\\\/insurance\\\/permanent-life\\\/#breadcrumb\",\"itemListElement\":[{\"@type\":\"ListItem\",\"position\":1,\"name\":\"Home\",\"item\":\"https:\\\/\\\/teamlevine.ca\\\/\"},{\"@type\":\"ListItem\",\"position\":2,\"name\":\"Services d&rsquo;assurance\",\"item\":\"https:\\\/\\\/teamlevine.ca\\\/fr\\\/assurance\\\/\"},{\"@type\":\"ListItem\",\"position\":3,\"name\":\"Permanent Life\"}]},{\"@type\":\"WebSite\",\"@id\":\"https:\\\/\\\/teamlevine.ca\\\/#website\",\"url\":\"https:\\\/\\\/teamlevine.ca\\\/\",\"name\":\"Team Levine\",\"description\":\"\",\"potentialAction\":[{\"@type\":\"SearchAction\",\"target\":{\"@type\":\"EntryPoint\",\"urlTemplate\":\"https:\\\/\\\/teamlevine.ca\\\/?s={search_term_string}\"},\"query-input\":{\"@type\":\"PropertyValueSpecification\",\"valueRequired\":true,\"valueName\":\"search_term_string\"}}],\"inLanguage\":\"fr-FR\"}]}<\/script>\n<!-- \/ Yoast SEO plugin. -->","yoast_head_json":{"title":"Team Levine","description":"Team Levine","robots":{"index":"index","follow":"follow","max-snippet":"max-snippet:-1","max-image-preview":"max-image-preview:large","max-video-preview":"max-video-preview:-1"},"canonical":"https:\/\/teamlevine.ca\/insurance\/permanent-life\/","og_locale":"fr_FR","og_type":"article","og_title":"Team Levine","og_description":"Team Levine","og_url":"https:\/\/teamlevine.ca\/insurance\/permanent-life\/","og_site_name":"Team Levine","article_modified_time":"2021-03-17T10:47:32+00:00","twitter_card":"summary_large_image","twitter_misc":{"Dur\u00e9e de lecture estim\u00e9e":"1 minute"},"schema":{"@context":"https:\/\/schema.org","@graph":[{"@type":"WebPage","@id":"https:\/\/teamlevine.ca\/insurance\/permanent-life\/","url":"https:\/\/teamlevine.ca\/insurance\/permanent-life\/","name":"Team Levine","isPartOf":{"@id":"https:\/\/teamlevine.ca\/#website"},"datePublished":"2017-02-27T07:01:09+00:00","dateModified":"2021-03-17T10:47:32+00:00","description":"Team Levine","breadcrumb":{"@id":"https:\/\/teamlevine.ca\/insurance\/permanent-life\/#breadcrumb"},"inLanguage":"fr-FR","potentialAction":[{"@type":"ReadAction","target":["https:\/\/teamlevine.ca\/insurance\/permanent-life\/"]}]},{"@type":"BreadcrumbList","@id":"https:\/\/teamlevine.ca\/insurance\/permanent-life\/#breadcrumb","itemListElement":[{"@type":"ListItem","position":1,"name":"Home","item":"https:\/\/teamlevine.ca\/"},{"@type":"ListItem","position":2,"name":"Services d&rsquo;assurance","item":"https:\/\/teamlevine.ca\/fr\/assurance\/"},{"@type":"ListItem","position":3,"name":"Permanent Life"}]},{"@type":"WebSite","@id":"https:\/\/teamlevine.ca\/#website","url":"https:\/\/teamlevine.ca\/","name":"Team Levine","description":"","potentialAction":[{"@type":"SearchAction","target":{"@type":"EntryPoint","urlTemplate":"https:\/\/teamlevine.ca\/?s={search_term_string}"},"query-input":{"@type":"PropertyValueSpecification","valueRequired":true,"valueName":"search_term_string"}}],"inLanguage":"fr-FR"}]}},"_links":{"self":[{"href":"https:\/\/teamlevine.ca\/fr\/wp-json\/wp\/v2\/pages\/306","targetHints":{"allow":["GET"]}}],"collection":[{"href":"https:\/\/teamlevine.ca\/fr\/wp-json\/wp\/v2\/pages"}],"about":[{"href":"https:\/\/teamlevine.ca\/fr\/wp-json\/wp\/v2\/types\/page"}],"author":[{"embeddable":true,"href":"https:\/\/teamlevine.ca\/fr\/wp-json\/wp\/v2\/users\/1"}],"replies":[{"embeddable":true,"href":"https:\/\/teamlevine.ca\/fr\/wp-json\/wp\/v2\/comments?post=306"}],"version-history":[{"count":9,"href":"https:\/\/teamlevine.ca\/fr\/wp-json\/wp\/v2\/pages\/306\/revisions"}],"predecessor-version":[{"id":997,"href":"https:\/\/teamlevine.ca\/fr\/wp-json\/wp\/v2\/pages\/306\/revisions\/997"}],"up":[{"embeddable":true,"href":"https:\/\/teamlevine.ca\/fr\/wp-json\/wp\/v2\/pages\/211"}],"wp:attachment":[{"href":"https:\/\/teamlevine.ca\/fr\/wp-json\/wp\/v2\/media?parent=306"}],"curies":[{"name":"wp","href":"https:\/\/api.w.org\/{rel}","templated":true}]}}