{"id":300,"date":"2017-02-27T06:39:07","date_gmt":"2017-02-27T06:39:07","guid":{"rendered":"https:\/\/teamlevine.ca\/?page_id=300"},"modified":"2021-03-17T06:15:57","modified_gmt":"2021-03-17T10:15:57","slug":"critical-illness-insurance","status":"publish","type":"page","link":"https:\/\/teamlevine.ca\/fr\/assurance\/assurance-maladies-graves\/","title":{"rendered":"Assurance maladies graves"},"content":{"rendered":"<p>Contrairement \u00e0 <strong><a href=\"https:\/\/teamlevine.ca\/fr\/assurance\/centre-dinformation-dassurance\/quest-ce-quune-assurance-vie\/\" target=\"_blank\" rel=\"noopener noreferrer\">l&rsquo;assurance vie<\/a><\/strong>, l&rsquo;assurance contre les maladies graves fonctionne selon le principe de prestation du vivant. Elle agit comme un service compl\u00e9mentaire \u00e0 l&rsquo;assurance vie, car elle vous prot\u00e8ge contre les diff\u00e9rentes formes de maladies graves. Selon le type de police que vous choisissez, vous pouvez b\u00e9n\u00e9ficier d&rsquo;une protection pouvant couvrir jusqu&rsquo;\u00e0 26 maladies ou affections graves. Les maladies graves, comme le cancer ou une crise cardiaque, peuvent \u00eatre d\u00e9vastatrices \u00e0 la fois physiquement et financi\u00e8rement, \u00e9tant donn\u00e9 qu&rsquo;elles n\u00e9cessitent l&rsquo;achat de m\u00e9dicaments et le recours \u00e0 des traitements m\u00e9dicaux, en plus de causer des pertes importantes en heures de travail.<\/p>\n<p>Certaines de ces maladies n\u00e9cessitent une intervention chirurgicale, et les meilleurs chirurgiens se trouvent parfois \u00e0 l&rsquo;ext\u00e9rieur du Canada. Ainsi, une protection contre les maladies graves peut vous sauver la vie. De plus, en recevant la valeur nominale sous forme de paiement forfaitaire, vous \u00eates assur\u00e9 d&rsquo;obtenir l&rsquo;acc\u00e8s aux meilleurs m\u00e9decins et aux meilleurs soins m\u00e9dicaux, et ce, m\u00eame si vous devez voyager \u00e0 l&rsquo;ext\u00e9rieur du Canada pour les obtenir. Il existe diff\u00e9rents r\u00e9gimes d&rsquo;assurance contre les maladies graves, notamment :<\/p>\n<p><strong>Temporaire 10 :<\/strong> Il s&rsquo;agit de la forme de protection la moins ch\u00e8re contre les maladies graves. Vos primes sont garanties pendant 10 ans, apr\u00e8s quoi votre r\u00e9gime est renouvel\u00e9 \u00e0 un taux plus \u00e9lev\u00e9.<\/p>\n<p><strong>Temporaire 20 :<\/strong> Il s&rsquo;agit de la deuxi\u00e8me forme de protection la moins ch\u00e8re, puisque vos primes sont garanties pendant 20 ans. Au terme des 20 ans, vous pouvez renouveler votre prime \u00e0 un taux plus \u00e9lev\u00e9, opter pour un autre type de protection contre les maladies graves ou choisir de ne pas renouveler votre police.<\/p>\n<p><strong>Temporaire 75 ans :<\/strong> Ce produit offre une protection jusqu&rsquo;\u00e0 l&rsquo;\u00e2ge de 75 ans. Il est plus co\u00fbteux que les deux produits pr\u00e9c\u00e9dents. Cependant, comme le co\u00fbt des soins pour les maladies graves augmente \u00e0 mesure que vous prenez de l&rsquo;\u00e2ge, il serait peut-\u00eatre sage de souscrire \u00e0 une protection lorsque vous \u00eates plus jeune et pour une p\u00e9riode de temps plus longue.<\/p>\n<p><strong>Temporaire 100 ans :<\/strong> Il s&rsquo;agit d&rsquo;un produit \u00e0 vie, car il vous offre une protection jusqu&rsquo;\u00e0 l&rsquo;\u00e2ge de 100 ans. Ce produit est plus cher que le temporaire 75 ans, cependant vous \u00eates assur\u00e9 d&rsquo;\u00eatre prot\u00e9g\u00e9 pour la vie. Il serait sage de comparer ce produit avec le T75 afin de d\u00e9terminer quel produit r\u00e9pond le mieux \u00e0 vos besoins et \u00e0 votre budget.<\/p>\n<p><strong>Temporaire 100 ans \u2013 acquitt\u00e9 apr\u00e8s 20 ans : <\/strong>Ce produit vous offre une protection jusqu&rsquo;\u00e0 l&rsquo;\u00e2ge de 100 ans. Toutefois, \u00e9tant donn\u00e9 qu&rsquo;il s&rsquo;agit d&rsquo;un r\u00e9gime acquitt\u00e9 apr\u00e8s 20 ans, la police est vers\u00e9e en totalit\u00e9 lorsque vous compl\u00e9tez 20 ans de paiements. \u00c0 cette \u00e9tape, vous pouvez \u00eatre rassur\u00e9 en sachant qu&rsquo;il ne vous reste plus de primes \u00e0 payer, et que votre protection demeure en vigueur.<\/p>\n<p><strong>Temporaire 100 ans \u2013 acquitt\u00e9 apr\u00e8s 15 ans :<\/strong> Il s&rsquo;agit de la police contre les maladies graves la plus co\u00fbteuse. Cette protection est g\u00e9n\u00e9ralement recommand\u00e9e aux personnes qui disposent d&rsquo;un budget respectable. Vous b\u00e9n\u00e9ficiez d&rsquo;une protection jusqu&rsquo;\u00e0 l&rsquo;\u00e2ge de 100 ans, mais la police est pay\u00e9e apr\u00e8s seulement 15 ans. C&rsquo;est exact! Vous payez 15 ans de primes, et vous b\u00e9n\u00e9ficiez d&rsquo;une police enti\u00e8rement pay\u00e9e \u00e0 vie.<\/p>\n<p><u><em>Envisager l&rsquo;assurance maladies graves comme un investissement<\/em><\/u><\/p>\n<p>Pour ceux qui souhaitent envisager l&rsquo;assurance comme une forme possible d&rsquo;investissement, il est possible d&rsquo;adapter la protection contre les maladies graves \u00e0 cette fin pr\u00e9cise. Vous pouvez d\u00e9finir votre police d&rsquo;assurance de mani\u00e8re \u00e0 ce que toutes vos primes vous soient rembours\u00e9es, dans le cas o\u00f9 vous n&rsquo;avez jamais eu \u00e0 l&rsquo;utiliser. Qu&rsquo;est-ce que cela signifie pour vous? Essentiellement, il s&rsquo;agit d&rsquo;une protection gratuite!<\/p>\n<p>Communiquez avec Team Levine d\u00e8s aujourd&rsquo;hui. Nous serons heureux de discuter avec vous de la fa\u00e7on dont nous pouvons vous aider \u00e0 profiter au maximum des avantages qu&rsquo;offre cette assurance!<\/p>","protected":false},"excerpt":{"rendered":"<p>Contrairement \u00e0 l&rsquo;assurance vie, l&rsquo;assurance contre les maladies graves fonctionne selon le principe de prestation du vivant. Elle agit comme un service compl\u00e9mentaire \u00e0 l&rsquo;assurance vie, car elle vous prot\u00e8ge contre les diff\u00e9rentes formes de maladies graves. Selon le type de police que vous choisissez, vous pouvez b\u00e9n\u00e9ficier d&rsquo;une protection pouvant couvrir jusqu&rsquo;\u00e0 26 maladies [&hellip;]<\/p>\n","protected":false},"author":1,"featured_media":0,"parent":211,"menu_order":17,"comment_status":"closed","ping_status":"closed","template":"page-insurance-detail.php","meta":{"_acf_changed":false,"footnotes":""},"class_list":["post-300","page","type-page","status-publish","hentry"],"acf":[],"yoast_head":"<!-- This site is optimized with the Yoast SEO plugin v27.3 - https:\/\/yoast.com\/product\/yoast-seo-wordpress\/ -->\n<title>Team Levine<\/title>\n<meta name=\"description\" content=\"Team Levine\" \/>\n<meta name=\"robots\" content=\"index, follow, max-snippet:-1, max-image-preview:large, max-video-preview:-1\" \/>\n<link rel=\"canonical\" href=\"https:\/\/teamlevine.ca\/insurance\/critical-illness-insurance\/\" \/>\n<meta property=\"og:locale\" content=\"fr_FR\" \/>\n<meta property=\"og:type\" content=\"article\" \/>\n<meta property=\"og:title\" content=\"Team Levine\" \/>\n<meta property=\"og:description\" content=\"Team Levine\" \/>\n<meta property=\"og:url\" content=\"https:\/\/teamlevine.ca\/insurance\/critical-illness-insurance\/\" \/>\n<meta property=\"og:site_name\" content=\"Team Levine\" \/>\n<meta property=\"article:modified_time\" content=\"2021-03-17T10:15:57+00:00\" \/>\n<meta name=\"twitter:card\" content=\"summary_large_image\" \/>\n<meta name=\"twitter:label1\" content=\"Dur\u00e9e de lecture estim\u00e9e\" \/>\n\t<meta name=\"twitter:data1\" content=\"5 minutes\" \/>\n<script type=\"application\/ld+json\" class=\"yoast-schema-graph\">{\"@context\":\"https:\\\/\\\/schema.org\",\"@graph\":[{\"@type\":\"WebPage\",\"@id\":\"https:\\\/\\\/teamlevine.ca\\\/insurance\\\/critical-illness-insurance\\\/\",\"url\":\"https:\\\/\\\/teamlevine.ca\\\/insurance\\\/critical-illness-insurance\\\/\",\"name\":\"Team Levine\",\"isPartOf\":{\"@id\":\"https:\\\/\\\/teamlevine.ca\\\/#website\"},\"datePublished\":\"2017-02-27T06:39:07+00:00\",\"dateModified\":\"2021-03-17T10:15:57+00:00\",\"description\":\"Team Levine\",\"breadcrumb\":{\"@id\":\"https:\\\/\\\/teamlevine.ca\\\/insurance\\\/critical-illness-insurance\\\/#breadcrumb\"},\"inLanguage\":\"fr-FR\",\"potentialAction\":[{\"@type\":\"ReadAction\",\"target\":[\"https:\\\/\\\/teamlevine.ca\\\/insurance\\\/critical-illness-insurance\\\/\"]}]},{\"@type\":\"BreadcrumbList\",\"@id\":\"https:\\\/\\\/teamlevine.ca\\\/insurance\\\/critical-illness-insurance\\\/#breadcrumb\",\"itemListElement\":[{\"@type\":\"ListItem\",\"position\":1,\"name\":\"Home\",\"item\":\"https:\\\/\\\/teamlevine.ca\\\/\"},{\"@type\":\"ListItem\",\"position\":2,\"name\":\"Services d&rsquo;assurance\",\"item\":\"https:\\\/\\\/teamlevine.ca\\\/fr\\\/assurance\\\/\"},{\"@type\":\"ListItem\",\"position\":3,\"name\":\"Critical Illness Insurance\"}]},{\"@type\":\"WebSite\",\"@id\":\"https:\\\/\\\/teamlevine.ca\\\/#website\",\"url\":\"https:\\\/\\\/teamlevine.ca\\\/\",\"name\":\"Team Levine\",\"description\":\"\",\"potentialAction\":[{\"@type\":\"SearchAction\",\"target\":{\"@type\":\"EntryPoint\",\"urlTemplate\":\"https:\\\/\\\/teamlevine.ca\\\/?s={search_term_string}\"},\"query-input\":{\"@type\":\"PropertyValueSpecification\",\"valueRequired\":true,\"valueName\":\"search_term_string\"}}],\"inLanguage\":\"fr-FR\"}]}<\/script>\n<!-- \/ Yoast SEO plugin. -->","yoast_head_json":{"title":"Team Levine","description":"Team Levine","robots":{"index":"index","follow":"follow","max-snippet":"max-snippet:-1","max-image-preview":"max-image-preview:large","max-video-preview":"max-video-preview:-1"},"canonical":"https:\/\/teamlevine.ca\/insurance\/critical-illness-insurance\/","og_locale":"fr_FR","og_type":"article","og_title":"Team Levine","og_description":"Team Levine","og_url":"https:\/\/teamlevine.ca\/insurance\/critical-illness-insurance\/","og_site_name":"Team Levine","article_modified_time":"2021-03-17T10:15:57+00:00","twitter_card":"summary_large_image","twitter_misc":{"Dur\u00e9e de lecture estim\u00e9e":"5 minutes"},"schema":{"@context":"https:\/\/schema.org","@graph":[{"@type":"WebPage","@id":"https:\/\/teamlevine.ca\/insurance\/critical-illness-insurance\/","url":"https:\/\/teamlevine.ca\/insurance\/critical-illness-insurance\/","name":"Team Levine","isPartOf":{"@id":"https:\/\/teamlevine.ca\/#website"},"datePublished":"2017-02-27T06:39:07+00:00","dateModified":"2021-03-17T10:15:57+00:00","description":"Team Levine","breadcrumb":{"@id":"https:\/\/teamlevine.ca\/insurance\/critical-illness-insurance\/#breadcrumb"},"inLanguage":"fr-FR","potentialAction":[{"@type":"ReadAction","target":["https:\/\/teamlevine.ca\/insurance\/critical-illness-insurance\/"]}]},{"@type":"BreadcrumbList","@id":"https:\/\/teamlevine.ca\/insurance\/critical-illness-insurance\/#breadcrumb","itemListElement":[{"@type":"ListItem","position":1,"name":"Home","item":"https:\/\/teamlevine.ca\/"},{"@type":"ListItem","position":2,"name":"Services d&rsquo;assurance","item":"https:\/\/teamlevine.ca\/fr\/assurance\/"},{"@type":"ListItem","position":3,"name":"Critical Illness Insurance"}]},{"@type":"WebSite","@id":"https:\/\/teamlevine.ca\/#website","url":"https:\/\/teamlevine.ca\/","name":"Team Levine","description":"","potentialAction":[{"@type":"SearchAction","target":{"@type":"EntryPoint","urlTemplate":"https:\/\/teamlevine.ca\/?s={search_term_string}"},"query-input":{"@type":"PropertyValueSpecification","valueRequired":true,"valueName":"search_term_string"}}],"inLanguage":"fr-FR"}]}},"_links":{"self":[{"href":"https:\/\/teamlevine.ca\/fr\/wp-json\/wp\/v2\/pages\/300","targetHints":{"allow":["GET"]}}],"collection":[{"href":"https:\/\/teamlevine.ca\/fr\/wp-json\/wp\/v2\/pages"}],"about":[{"href":"https:\/\/teamlevine.ca\/fr\/wp-json\/wp\/v2\/types\/page"}],"author":[{"embeddable":true,"href":"https:\/\/teamlevine.ca\/fr\/wp-json\/wp\/v2\/users\/1"}],"replies":[{"embeddable":true,"href":"https:\/\/teamlevine.ca\/fr\/wp-json\/wp\/v2\/comments?post=300"}],"version-history":[{"count":7,"href":"https:\/\/teamlevine.ca\/fr\/wp-json\/wp\/v2\/pages\/300\/revisions"}],"predecessor-version":[{"id":990,"href":"https:\/\/teamlevine.ca\/fr\/wp-json\/wp\/v2\/pages\/300\/revisions\/990"}],"up":[{"embeddable":true,"href":"https:\/\/teamlevine.ca\/fr\/wp-json\/wp\/v2\/pages\/211"}],"wp:attachment":[{"href":"https:\/\/teamlevine.ca\/fr\/wp-json\/wp\/v2\/media?parent=300"}],"curies":[{"name":"wp","href":"https:\/\/api.w.org\/{rel}","templated":true}]}}