{"id":298,"date":"2017-02-27T06:32:38","date_gmt":"2017-02-27T06:32:38","guid":{"rendered":"https:\/\/teamlevine.ca\/?page_id=298"},"modified":"2017-05-24T15:16:38","modified_gmt":"2017-05-24T15:16:38","slug":"disability-insurance","status":"publish","type":"page","link":"https:\/\/teamlevine.ca\/fr\/assurance\/assurance-invalidite\/","title":{"rendered":"Assurance invalidit\u00e9"},"content":{"rendered":"<p><\/p>\n<p>L\u2019assurance invalidit\u00e9 vous prot\u00e8ge en cas de blessure, d\u2019un probl\u00e8me de sant\u00e9 mentale ou physique. Cependant, les gens oublient trop souvent de souscrire \u00e0 une assurance invalidit\u00e9, et ce, malgr\u00e9 le fait que les chances d\u2019\u00eatre atteint de l\u2019un de ces trois types d\u2019invalidit\u00e9 au moins une fois au cours d\u2019une vie sont assez \u00e9lev\u00e9es. Un tel \u00e9v\u00e9nement qui emp\u00eacherait une personne de gagner sa vie pourrait avoir des cons\u00e9quences d\u00e9vastatrices. \u00c9tablir un style de vie et atteindre une libert\u00e9 financi\u00e8re peut prendre des ann\u00e9es, mais tout cela peut s\u2019effondrer tr\u00e8s rapidement si vous souffrez d\u2019une invalidit\u00e9, et que vous ne disposez pas d\u2019une protection appropri\u00e9e. Votre capacit\u00e9 \u00e0 pourvoir \u00e0 l\u2019\u00e9ducation de vos enfants ou \u00e0 \u00e9pargner pour la retraite d\u00e9pend de votre capacit\u00e9 \u00e0 gagner un revenu. Ne croyez-vous pas que tout cela vaut la peine d\u2019\u00eatre prot\u00e9g\u00e9?<\/p>\n<p><strong><em>Les trois cat\u00e9gories d\u2019assurance invalidit\u00e9 sont les suivantes :<\/em><\/strong><\/p>\n<p><strong><em>Assurance invalidit\u00e9 individuelle<\/em><\/strong><\/p>\n<p>Ce produit peut \u00eatre achet\u00e9 aupr\u00e8s de votre conseiller financier de Team Levine. Il s\u2019agit d\u2019une police individuelle ind\u00e9pendante, souscrite aupr\u00e8s d\u2019une compagnie d\u2019assurance. Il convient de noter que vous perdez automatiquement votre assurance collective lorsque vous quittez votre emploi, et que les r\u00e9gimes gouvernementaux ne vous offrent pas de protection suffisante. En tenant compte de cela, il est toujours pr\u00e9f\u00e9rable de souscrire une police individuelle.<\/p>\n<p><strong><em>Assurance collective<\/em><\/strong><\/p>\n<p>Les polices d\u2019assurance collective sont parfois fournies par votre employeur. Si vous disposez d\u2019une assurance collective, prenez la peine de vous renseigner sur celle-ci pour conna\u00eetre le type de protection dont vous b\u00e9n\u00e9ficiez. Souvent, l\u2019assurance invalidit\u00e9 collective n\u2019offre pas de protection suffisante. Il convient de noter que si vous quittez votre emploi, il y a de fortes chances que vous perdiez votre assurance collective.<\/p>\n<p><strong><em>R\u00e9gimes gouvernementaux<\/em><\/strong><\/p>\n<p>L\u2019assurance invalidit\u00e9 pr\u00e9vue en vertu du R\u00e9gime de pensions du Canada ou du R\u00e9gime de rentes du Qu\u00e9bec limite les prestations dont vous b\u00e9n\u00e9ficiez. Vous aurez donc besoin de souscrire une police d\u2019assurance invalidit\u00e9 individuelle pour la compl\u00e9ter.<\/p>\n<p>Vous avez des questions? Communiquez avec Team Levine d\u00e8s aujourd\u2019hui pour voir clair dans vos finances!<\/p>\n<p><\/p>","protected":false},"excerpt":{"rendered":"<p>L\u2019assurance invalidit\u00e9 vous prot\u00e8ge en cas de blessure, d\u2019un probl\u00e8me de sant\u00e9 mentale ou physique. Cependant, les gens oublient trop souvent de souscrire \u00e0 une assurance invalidit\u00e9, et ce, malgr\u00e9 le fait que les chances d\u2019\u00eatre atteint de l\u2019un de ces trois types d\u2019invalidit\u00e9 au moins une fois au cours d\u2019une vie sont assez \u00e9lev\u00e9es. [&hellip;]<\/p>\n","protected":false},"author":1,"featured_media":0,"parent":211,"menu_order":16,"comment_status":"closed","ping_status":"closed","template":"page-insurance-detail.php","meta":{"_acf_changed":false,"footnotes":""},"class_list":["post-298","page","type-page","status-publish","hentry"],"acf":[],"yoast_head":"<!-- This site is optimized with the Yoast SEO plugin v27.6 - https:\/\/yoast.com\/product\/yoast-seo-wordpress\/ -->\n<title>Team Levine<\/title>\n<meta name=\"description\" content=\"Team Levine\" \/>\n<meta name=\"robots\" content=\"index, follow, max-snippet:-1, max-image-preview:large, max-video-preview:-1\" \/>\n<link rel=\"canonical\" href=\"https:\/\/teamlevine.ca\/insurance\/disability-insurance\/\" \/>\n<meta property=\"og:locale\" content=\"fr_FR\" \/>\n<meta property=\"og:type\" content=\"article\" \/>\n<meta property=\"og:title\" content=\"Team Levine\" \/>\n<meta property=\"og:description\" content=\"Team Levine\" \/>\n<meta property=\"og:url\" content=\"https:\/\/teamlevine.ca\/insurance\/disability-insurance\/\" \/>\n<meta property=\"og:site_name\" content=\"Team Levine\" \/>\n<meta property=\"article:modified_time\" content=\"2017-05-24T15:16:38+00:00\" \/>\n<meta name=\"twitter:card\" content=\"summary_large_image\" \/>\n<meta name=\"twitter:label1\" content=\"Dur\u00e9e de lecture estim\u00e9e\" \/>\n\t<meta name=\"twitter:data1\" content=\"3 minutes\" \/>\n<script type=\"application\/ld+json\" class=\"yoast-schema-graph\">{\"@context\":\"https:\\\/\\\/schema.org\",\"@graph\":[{\"@type\":\"WebPage\",\"@id\":\"https:\\\/\\\/teamlevine.ca\\\/insurance\\\/disability-insurance\\\/\",\"url\":\"https:\\\/\\\/teamlevine.ca\\\/insurance\\\/disability-insurance\\\/\",\"name\":\"Team Levine\",\"isPartOf\":{\"@id\":\"https:\\\/\\\/teamlevine.ca\\\/#website\"},\"datePublished\":\"2017-02-27T06:32:38+00:00\",\"dateModified\":\"2017-05-24T15:16:38+00:00\",\"description\":\"Team Levine\",\"breadcrumb\":{\"@id\":\"https:\\\/\\\/teamlevine.ca\\\/insurance\\\/disability-insurance\\\/#breadcrumb\"},\"inLanguage\":\"fr-FR\",\"potentialAction\":[{\"@type\":\"ReadAction\",\"target\":[\"https:\\\/\\\/teamlevine.ca\\\/insurance\\\/disability-insurance\\\/\"]}]},{\"@type\":\"BreadcrumbList\",\"@id\":\"https:\\\/\\\/teamlevine.ca\\\/insurance\\\/disability-insurance\\\/#breadcrumb\",\"itemListElement\":[{\"@type\":\"ListItem\",\"position\":1,\"name\":\"Home\",\"item\":\"https:\\\/\\\/teamlevine.ca\\\/\"},{\"@type\":\"ListItem\",\"position\":2,\"name\":\"Services d&rsquo;assurance\",\"item\":\"https:\\\/\\\/teamlevine.ca\\\/fr\\\/assurance\\\/\"},{\"@type\":\"ListItem\",\"position\":3,\"name\":\"Disability Insurance\"}]},{\"@type\":\"WebSite\",\"@id\":\"https:\\\/\\\/teamlevine.ca\\\/#website\",\"url\":\"https:\\\/\\\/teamlevine.ca\\\/\",\"name\":\"Team Levine\",\"description\":\"\",\"potentialAction\":[{\"@type\":\"SearchAction\",\"target\":{\"@type\":\"EntryPoint\",\"urlTemplate\":\"https:\\\/\\\/teamlevine.ca\\\/?s={search_term_string}\"},\"query-input\":{\"@type\":\"PropertyValueSpecification\",\"valueRequired\":true,\"valueName\":\"search_term_string\"}}],\"inLanguage\":\"fr-FR\"}]}<\/script>\n<!-- \/ Yoast SEO plugin. -->","yoast_head_json":{"title":"Team Levine","description":"Team Levine","robots":{"index":"index","follow":"follow","max-snippet":"max-snippet:-1","max-image-preview":"max-image-preview:large","max-video-preview":"max-video-preview:-1"},"canonical":"https:\/\/teamlevine.ca\/insurance\/disability-insurance\/","og_locale":"fr_FR","og_type":"article","og_title":"Team Levine","og_description":"Team Levine","og_url":"https:\/\/teamlevine.ca\/insurance\/disability-insurance\/","og_site_name":"Team Levine","article_modified_time":"2017-05-24T15:16:38+00:00","twitter_card":"summary_large_image","twitter_misc":{"Dur\u00e9e de lecture estim\u00e9e":"3 minutes"},"schema":{"@context":"https:\/\/schema.org","@graph":[{"@type":"WebPage","@id":"https:\/\/teamlevine.ca\/insurance\/disability-insurance\/","url":"https:\/\/teamlevine.ca\/insurance\/disability-insurance\/","name":"Team Levine","isPartOf":{"@id":"https:\/\/teamlevine.ca\/#website"},"datePublished":"2017-02-27T06:32:38+00:00","dateModified":"2017-05-24T15:16:38+00:00","description":"Team Levine","breadcrumb":{"@id":"https:\/\/teamlevine.ca\/insurance\/disability-insurance\/#breadcrumb"},"inLanguage":"fr-FR","potentialAction":[{"@type":"ReadAction","target":["https:\/\/teamlevine.ca\/insurance\/disability-insurance\/"]}]},{"@type":"BreadcrumbList","@id":"https:\/\/teamlevine.ca\/insurance\/disability-insurance\/#breadcrumb","itemListElement":[{"@type":"ListItem","position":1,"name":"Home","item":"https:\/\/teamlevine.ca\/"},{"@type":"ListItem","position":2,"name":"Services d&rsquo;assurance","item":"https:\/\/teamlevine.ca\/fr\/assurance\/"},{"@type":"ListItem","position":3,"name":"Disability Insurance"}]},{"@type":"WebSite","@id":"https:\/\/teamlevine.ca\/#website","url":"https:\/\/teamlevine.ca\/","name":"Team Levine","description":"","potentialAction":[{"@type":"SearchAction","target":{"@type":"EntryPoint","urlTemplate":"https:\/\/teamlevine.ca\/?s={search_term_string}"},"query-input":{"@type":"PropertyValueSpecification","valueRequired":true,"valueName":"search_term_string"}}],"inLanguage":"fr-FR"}]}},"_links":{"self":[{"href":"https:\/\/teamlevine.ca\/fr\/wp-json\/wp\/v2\/pages\/298","targetHints":{"allow":["GET"]}}],"collection":[{"href":"https:\/\/teamlevine.ca\/fr\/wp-json\/wp\/v2\/pages"}],"about":[{"href":"https:\/\/teamlevine.ca\/fr\/wp-json\/wp\/v2\/types\/page"}],"author":[{"embeddable":true,"href":"https:\/\/teamlevine.ca\/fr\/wp-json\/wp\/v2\/users\/1"}],"replies":[{"embeddable":true,"href":"https:\/\/teamlevine.ca\/fr\/wp-json\/wp\/v2\/comments?post=298"}],"version-history":[{"count":3,"href":"https:\/\/teamlevine.ca\/fr\/wp-json\/wp\/v2\/pages\/298\/revisions"}],"predecessor-version":[{"id":600,"href":"https:\/\/teamlevine.ca\/fr\/wp-json\/wp\/v2\/pages\/298\/revisions\/600"}],"up":[{"embeddable":true,"href":"https:\/\/teamlevine.ca\/fr\/wp-json\/wp\/v2\/pages\/211"}],"wp:attachment":[{"href":"https:\/\/teamlevine.ca\/fr\/wp-json\/wp\/v2\/media?parent=298"}],"curies":[{"name":"wp","href":"https:\/\/api.w.org\/{rel}","templated":true}]}}