{"id":296,"date":"2017-02-27T06:26:08","date_gmt":"2017-02-27T06:26:08","guid":{"rendered":"https:\/\/teamlevine.ca\/?page_id=296"},"modified":"2018-03-02T07:08:28","modified_gmt":"2018-03-02T07:08:28","slug":"guaranteed-insurance","status":"publish","type":"page","link":"https:\/\/teamlevine.ca\/fr\/assurance\/assurance-vie-garantie\/","title":{"rendered":"Assurance-vie garantie"},"content":{"rendered":"<p><\/p>\n<p>L\u2019assurance-vie garantie, aussi connue sous le nom d\u2019assurance-vie \u00e0 acceptation garantie, est disponible aux personnes \u00e2g\u00e9es de 40 \u00e0 75 ans. Si tel est votre cas, vous \u00eates assur\u00e9 d\u2019obtenir cette assurance-vie. Vous devrez cependant passer par un processus de demande, dans lequel vous aurez \u00e0 r\u00e9pondre \u00e0 plusieurs questions, telles que vos habitudes de tabagisme (fumeur ou non-fumeur). Vous n\u2019aurez pas \u00e0 fournir d\u2019ant\u00e9c\u00e9dents m\u00e9dicaux ou r\u00e9pondre \u00e0 des questions relativement \u00e0 votre sant\u00e9, ce qui signifie que vous \u00eates assur\u00e9 d&rsquo;\u2019obtenir cette assurance ind\u00e9pendamment de votre \u00e9tat de sant\u00e9.<\/p>\n<p><strong><em>Choses \u00e0 savoir :<\/em><\/strong><\/p>\n<ul>\n<li>Tr\u00e8s peu de compagnies d&rsquo;assurance offrent ce type d&rsquo;assurance<\/li>\n<li>Le montant moyen de l\u2019assurance accord\u00e9e en vertu de ce programme se situe entre\u00a05000 $ et 25,000 $. Dans certains cas, vous pouvez obtenir jusqu&rsquo;\u00e0 50,000 $ de protection.<\/li>\n<li>Les primes sont \u00e9galement garanties, ce qui signifie qu\u2019elles n\u2019augmentent jamais.<\/li>\n<li>Les primes sont pay\u00e9es jusqu&rsquo;\u00e0 l&rsquo;\u00e2ge de 95 ans, \u00e0 quel point l&rsquo;assurance est lib\u00e9r\u00e9e. Cela signifie que votre protection est en vigueur jusqu&rsquo;\u00e0 ce que vous d\u00e9c\u00e9diez, mais vous n\u2019avez plus \u00e0 payer de primes.<\/li>\n<li>Une prestation peut \u00e9galement \u00eatre pay\u00e9e en cas d\u2019accident, qui paie jusqu&rsquo;\u00e0 5 fois votre prestation de d\u00e9c\u00e8s. Votre b\u00e9n\u00e9ficiaire re\u00e7oit ce montant \u00e0 l\u2019abri de l\u2019imp\u00f4t.<\/li>\n<\/ul>\n<p>Selon la police et la compagnie d\u2019assurance, et en raison de la nature du produit, il y a habituellement une p\u00e9riode d&rsquo;attente de deux ans. Cela signifie que si l&rsquo;assur\u00e9 d\u00e9c\u00e8de dans les deux ans, les primes pay\u00e9es seront rembours\u00e9es. Toutefois, la prestation de d\u00e9c\u00e8s ne sera pas vers\u00e9e.<\/p>\n<p>Si vous croyez que ce produit pourrait vous convenir, communiquez avec Team Levine d\u00e8s aujourd\u2019hui. Nous serons heureux de vous aider!<\/p>\n<p><\/p>","protected":false},"excerpt":{"rendered":"<p>L\u2019assurance-vie garantie, aussi connue sous le nom d\u2019assurance-vie \u00e0 acceptation garantie, est disponible aux personnes \u00e2g\u00e9es de 40 \u00e0 75 ans. Si tel est votre cas, vous \u00eates assur\u00e9 d\u2019obtenir cette assurance-vie. Vous devrez cependant passer par un processus de demande, dans lequel vous aurez \u00e0 r\u00e9pondre \u00e0 plusieurs questions, telles que vos habitudes de [&hellip;]<\/p>\n","protected":false},"author":1,"featured_media":0,"parent":211,"menu_order":19,"comment_status":"closed","ping_status":"closed","template":"page-insurance-detail.php","meta":{"_acf_changed":false,"footnotes":""},"class_list":["post-296","page","type-page","status-publish","hentry"],"acf":[],"yoast_head":"<!-- This site is optimized with the Yoast SEO plugin v27.3 - https:\/\/yoast.com\/product\/yoast-seo-wordpress\/ -->\n<title>Team Levine<\/title>\n<meta name=\"description\" content=\"Team Levine\" \/>\n<meta name=\"robots\" content=\"index, follow, max-snippet:-1, max-image-preview:large, max-video-preview:-1\" \/>\n<link rel=\"canonical\" href=\"https:\/\/teamlevine.ca\/insurance\/guaranteed-insurance\/\" \/>\n<meta property=\"og:locale\" content=\"fr_FR\" \/>\n<meta property=\"og:type\" content=\"article\" \/>\n<meta property=\"og:title\" content=\"Team Levine\" \/>\n<meta property=\"og:description\" content=\"Team Levine\" \/>\n<meta property=\"og:url\" content=\"https:\/\/teamlevine.ca\/insurance\/guaranteed-insurance\/\" \/>\n<meta property=\"og:site_name\" content=\"Team Levine\" \/>\n<meta property=\"article:modified_time\" content=\"2018-03-02T07:08:28+00:00\" \/>\n<meta name=\"twitter:card\" content=\"summary_large_image\" \/>\n<meta name=\"twitter:label1\" content=\"Dur\u00e9e de lecture estim\u00e9e\" \/>\n\t<meta name=\"twitter:data1\" content=\"3 minutes\" \/>\n<script type=\"application\/ld+json\" class=\"yoast-schema-graph\">{\"@context\":\"https:\\\/\\\/schema.org\",\"@graph\":[{\"@type\":\"WebPage\",\"@id\":\"https:\\\/\\\/teamlevine.ca\\\/insurance\\\/guaranteed-insurance\\\/\",\"url\":\"https:\\\/\\\/teamlevine.ca\\\/insurance\\\/guaranteed-insurance\\\/\",\"name\":\"Team Levine\",\"isPartOf\":{\"@id\":\"https:\\\/\\\/teamlevine.ca\\\/#website\"},\"datePublished\":\"2017-02-27T06:26:08+00:00\",\"dateModified\":\"2018-03-02T07:08:28+00:00\",\"description\":\"Team Levine\",\"breadcrumb\":{\"@id\":\"https:\\\/\\\/teamlevine.ca\\\/insurance\\\/guaranteed-insurance\\\/#breadcrumb\"},\"inLanguage\":\"fr-FR\",\"potentialAction\":[{\"@type\":\"ReadAction\",\"target\":[\"https:\\\/\\\/teamlevine.ca\\\/insurance\\\/guaranteed-insurance\\\/\"]}]},{\"@type\":\"BreadcrumbList\",\"@id\":\"https:\\\/\\\/teamlevine.ca\\\/insurance\\\/guaranteed-insurance\\\/#breadcrumb\",\"itemListElement\":[{\"@type\":\"ListItem\",\"position\":1,\"name\":\"Home\",\"item\":\"https:\\\/\\\/teamlevine.ca\\\/\"},{\"@type\":\"ListItem\",\"position\":2,\"name\":\"Services d&rsquo;assurance\",\"item\":\"https:\\\/\\\/teamlevine.ca\\\/fr\\\/assurance\\\/\"},{\"@type\":\"ListItem\",\"position\":3,\"name\":\"Guaranteed Insurance\"}]},{\"@type\":\"WebSite\",\"@id\":\"https:\\\/\\\/teamlevine.ca\\\/#website\",\"url\":\"https:\\\/\\\/teamlevine.ca\\\/\",\"name\":\"Team Levine\",\"description\":\"\",\"potentialAction\":[{\"@type\":\"SearchAction\",\"target\":{\"@type\":\"EntryPoint\",\"urlTemplate\":\"https:\\\/\\\/teamlevine.ca\\\/?s={search_term_string}\"},\"query-input\":{\"@type\":\"PropertyValueSpecification\",\"valueRequired\":true,\"valueName\":\"search_term_string\"}}],\"inLanguage\":\"fr-FR\"}]}<\/script>\n<!-- \/ Yoast SEO plugin. -->","yoast_head_json":{"title":"Team Levine","description":"Team Levine","robots":{"index":"index","follow":"follow","max-snippet":"max-snippet:-1","max-image-preview":"max-image-preview:large","max-video-preview":"max-video-preview:-1"},"canonical":"https:\/\/teamlevine.ca\/insurance\/guaranteed-insurance\/","og_locale":"fr_FR","og_type":"article","og_title":"Team Levine","og_description":"Team Levine","og_url":"https:\/\/teamlevine.ca\/insurance\/guaranteed-insurance\/","og_site_name":"Team Levine","article_modified_time":"2018-03-02T07:08:28+00:00","twitter_card":"summary_large_image","twitter_misc":{"Dur\u00e9e de lecture estim\u00e9e":"3 minutes"},"schema":{"@context":"https:\/\/schema.org","@graph":[{"@type":"WebPage","@id":"https:\/\/teamlevine.ca\/insurance\/guaranteed-insurance\/","url":"https:\/\/teamlevine.ca\/insurance\/guaranteed-insurance\/","name":"Team Levine","isPartOf":{"@id":"https:\/\/teamlevine.ca\/#website"},"datePublished":"2017-02-27T06:26:08+00:00","dateModified":"2018-03-02T07:08:28+00:00","description":"Team Levine","breadcrumb":{"@id":"https:\/\/teamlevine.ca\/insurance\/guaranteed-insurance\/#breadcrumb"},"inLanguage":"fr-FR","potentialAction":[{"@type":"ReadAction","target":["https:\/\/teamlevine.ca\/insurance\/guaranteed-insurance\/"]}]},{"@type":"BreadcrumbList","@id":"https:\/\/teamlevine.ca\/insurance\/guaranteed-insurance\/#breadcrumb","itemListElement":[{"@type":"ListItem","position":1,"name":"Home","item":"https:\/\/teamlevine.ca\/"},{"@type":"ListItem","position":2,"name":"Services d&rsquo;assurance","item":"https:\/\/teamlevine.ca\/fr\/assurance\/"},{"@type":"ListItem","position":3,"name":"Guaranteed Insurance"}]},{"@type":"WebSite","@id":"https:\/\/teamlevine.ca\/#website","url":"https:\/\/teamlevine.ca\/","name":"Team Levine","description":"","potentialAction":[{"@type":"SearchAction","target":{"@type":"EntryPoint","urlTemplate":"https:\/\/teamlevine.ca\/?s={search_term_string}"},"query-input":{"@type":"PropertyValueSpecification","valueRequired":true,"valueName":"search_term_string"}}],"inLanguage":"fr-FR"}]}},"_links":{"self":[{"href":"https:\/\/teamlevine.ca\/fr\/wp-json\/wp\/v2\/pages\/296","targetHints":{"allow":["GET"]}}],"collection":[{"href":"https:\/\/teamlevine.ca\/fr\/wp-json\/wp\/v2\/pages"}],"about":[{"href":"https:\/\/teamlevine.ca\/fr\/wp-json\/wp\/v2\/types\/page"}],"author":[{"embeddable":true,"href":"https:\/\/teamlevine.ca\/fr\/wp-json\/wp\/v2\/users\/1"}],"replies":[{"embeddable":true,"href":"https:\/\/teamlevine.ca\/fr\/wp-json\/wp\/v2\/comments?post=296"}],"version-history":[{"count":6,"href":"https:\/\/teamlevine.ca\/fr\/wp-json\/wp\/v2\/pages\/296\/revisions"}],"predecessor-version":[{"id":659,"href":"https:\/\/teamlevine.ca\/fr\/wp-json\/wp\/v2\/pages\/296\/revisions\/659"}],"up":[{"embeddable":true,"href":"https:\/\/teamlevine.ca\/fr\/wp-json\/wp\/v2\/pages\/211"}],"wp:attachment":[{"href":"https:\/\/teamlevine.ca\/fr\/wp-json\/wp\/v2\/media?parent=296"}],"curies":[{"name":"wp","href":"https:\/\/api.w.org\/{rel}","templated":true}]}}