{"id":260,"date":"2017-02-25T04:37:45","date_gmt":"2017-02-25T04:37:45","guid":{"rendered":"https:\/\/teamlevine.ca\/?page_id=260"},"modified":"2024-09-27T08:16:48","modified_gmt":"2024-09-27T12:16:48","slug":"reer","status":"publish","type":"page","link":"https:\/\/teamlevine.ca\/fr\/investissements\/reer\/","title":{"rendered":"REER"},"content":{"rendered":"<p>Le REER est un type d&rsquo;investissement bien connu. Le principe est simple : \u00e9pargnez aujourd&rsquo;hui en en pr\u00e9vision de demain. Eh oui, le REER est un moyen de placement en pr\u00e9vision de la retraite.<\/p>\n<p>Chaque ann\u00e9e, vous \u00eates autoris\u00e9 \u00e0 cotiser \u00e0 votre REER, et votre limite de cotisation correspond \u00e0 18 % de votre revenu de l&rsquo;ann\u00e9e pr\u00e9c\u00e9dente + tout droit de cotisation inutilis\u00e9 des ann\u00e9es pr\u00e9c\u00e9dentes. Pour l&rsquo;ann\u00e9e 2017, l&rsquo;augmentation maximale de votre limite de REER est de 18 % de votre revenu de l&rsquo;ann\u00e9e pr\u00e9c\u00e9dente ou 26 010 $, la valeur retenue \u00e9tant la plus faible des deux.<\/p>\n<p>L&rsquo;un des avantages de contribuer \u00e0 votre REER est que le gouvernement vous rembourse un certain pourcentage de votre cotisation annuelle \u00e0 un REER. Ce pourcentage est bas\u00e9 sur la tranche d&rsquo;imposition \u00e0 laquelle vous appartenez pour cette ann\u00e9e de contribution particuli\u00e8re. Vous avez bien lu! Les cotisations \u00e0 votre REER sont d\u00e9ductibles d&rsquo;imp\u00f4t. Elles sont \u00e9galement exon\u00e9r\u00e9es d&rsquo;imp\u00f4ts jusqu&rsquo;\u00e0 ce que vous d\u00e9cidiez de retirer vos REER. Essentiellement, le cr\u00e9dit d&rsquo;imp\u00f4t que vous recevez pour avoir cotis\u00e9 \u00e0 votre REER est de l&rsquo;argent gratuit pour le moment. Plus tard, lorsque vous atteindrez l&rsquo;\u00e2ge de la retraite et que vous d\u00e9ciderez de retirer vos REER, vous aurez des imp\u00f4ts \u00e0 payer sur la somme que vous retirez.<\/p>\n<p>Une fois de plus, l&rsquo;imp\u00f4t \u00e0 payer sur cette somme retir\u00e9e sera \u00e9tabli en fonction de votre tranche d&rsquo;imposition au moment du retrait, et il sera bien s\u00fbr moindre au moment de la retraite que durant vos ann\u00e9es de vie active. Par cons\u00e9quent, il est important d&rsquo;investir dans des REER lorsque vos revenus sont les plus \u00e9lev\u00e9s, et de les retirer seulement \u00e0 la retraite.<\/p>\n<p>Maintenant, vous savez pourquoi le REER est un investissement int\u00e9ressant. Et vous avez aussi une bonne id\u00e9e des avantages particuliers qu&rsquo;il pr\u00e9sente et qui ne s&rsquo;appliquent pas aux <strong><a href=\"https:\/\/teamlevine.ca\/fr\/investissements\/celi\/\">CELI<\/a><\/strong>. En raison de ces avantages, les REER ne sont pas des actifs aussi \u00ab liquides \u00bb que les <strong><a href=\"https:\/\/teamlevine.ca\/fr\/investissements\/celi\/\">CELI<\/a><\/strong>. De fa\u00e7on g\u00e9n\u00e9rale, vous devez payer des imp\u00f4ts chaque fois que vous effectuer un retrait de votre compte REER, mais il existe certaines exceptions \u00e0 cette r\u00e8gle, telles que :<\/p>\n<p><strong><em>Le r\u00e9gime d&rsquo;accession \u00e0 la propri\u00e9t\u00e9 (RAP)<\/em><\/strong><\/p>\n<p>Ce r\u00e9gime vous permet de retirer vos REER pour effectuer l&rsquo;achat de votre premi\u00e8re maison, et ce, sans avoir \u00e0 payer d&rsquo;imp\u00f4t. Voici comment cela fonctionne : si vous \u00eates l&rsquo;acheteur d&rsquo;une premi\u00e8re maison, ou que vous n&rsquo;avez pas \u00e9t\u00e9 le propri\u00e9taire d&rsquo;une maison depuis les 4 derni\u00e8res ann\u00e9es, vous \u00eates autoris\u00e9 \u00e0 retirer jusqu&rsquo;\u00e0 60 000 $ de votre REER.<\/p>\n<p>Cela signifie que vous pouvez acheter une maison, un condo, un duplex, un triplex ou un quadruplex, et ce, peu importe s&rsquo;il s&rsquo;agit d&rsquo;une construction existante ou d&rsquo;une nouvelle construction.<\/p>\n<p>Une fois que vous avez retir\u00e9 votre limite de 60 000 $, vous devez vous assurer de rembourser l&rsquo;argent dans votre compte REER dans les 15 ann\u00e9es qui suivent l&rsquo;achat de votre propri\u00e9t\u00e9. Par cons\u00e9quent, vous devrez rembourser 1\/15e du montant retir\u00e9 par an, afin de respecter cet \u00e9ch\u00e9ancier.<\/p>\n<p><strong><em>Le r\u00e9gime d&rsquo;encouragement \u00e0 l&rsquo;\u00e9ducation permanente (REEP)<\/em><\/strong><\/p>\n<p>Si vous \u00eates un \u00e9tudiant \u00e0 temps plein, et que vous \u00eates inscrit \u00e0 un programme d&rsquo;\u00e9tudes admissible, vous pouvez retirer vos REER sans avoir \u00e0 payer d&rsquo;imp\u00f4t, tout comme pour le r\u00e9gime d&rsquo;accession \u00e0 la propri\u00e9t\u00e9. En fait, m\u00eame si vous avez d\u00e9j\u00e0 particip\u00e9 au RAP, et que vous n&rsquo;avez pas enti\u00e8rement rembours\u00e9 votre REER, vous pouvez tout de m\u00eame participer au r\u00e9gime d&rsquo;encouragement \u00e0 l&rsquo;\u00e9ducation permanente.<\/p>\n<p>Le r\u00e9gime vous permet de retirer un maximum de 10 000 $ de votre REER par ann\u00e9e jusqu&rsquo;\u00e0 un maximum de 20 000 $. Votre \u00e9poux ou conjoint de fait et vous pouvez participer au programme de fa\u00e7on individuelle ou au b\u00e9n\u00e9fice de votre partenaire. Lorsque la p\u00e9riode de remboursement commence, vous disposez de 10 ans pour rembourser votre retrait total.<\/p>\n<p>Par cons\u00e9quent, vous devez effectuer le remboursement \u00e0 raison de 1\/10e du montant total par an. Une fois que vous avez rembours\u00e9 votre REER, et que votre solde REEP est nul (en supposant que vous \u00eates toujours un \u00e9tudiant \u00e0 temps plein), vous pouvez alors emprunter \u00e0 nouveau de l&rsquo;argent de votre REER pour votre REEP.<\/p>\n<p>Gardez \u00e0 l&rsquo;esprit que, tant que vous \u00eates admissible au REEP, le gouvernement n&rsquo;impose aucune restriction quant aux fins d&rsquo;utilisation de cet argent. Cela signifie que vous pouvez d\u00e9penser l&rsquo;argent \u00e0 toutes sortes de fins, y compris utiliser votre REEP pour la mise de fonds sur une maison.<\/p>\n<p><strong><em>Les types d&rsquo;investissements REER:<\/em><\/strong><\/p>\n<p>La plupart des gens connaissent les grandes banques et se tournent toujours vers elles pour leurs investissements. Vous pouvez choisir la voie de la prudence et investir votre REER dans des CPG par l&rsquo;interm\u00e9diaire des banques. Cependant, puisqu&rsquo;il s&rsquo;agit de vos REER, vous souhaiterez sans doute obtenir le meilleur rendement possible, de sorte que vous puissiez profiter d&rsquo;un fonds de retraite avantageux.<\/p>\n<p>Votre REER peut \u00e9galement d\u00e9tenir des fonds communs de placement (une option populaire), mais ceux-ci n&rsquo;offrent pas les m\u00eames avantages que les <strong><a href=\"https:\/\/teamlevine.ca\/fr\/investissements\/centre-dinformation-2\/quest-ce-quun-fonds-distinct\/\">fonds distincts<\/a><\/strong>.<\/p>\n<p>Un autre type d&rsquo;investissement est celui d&rsquo;un REER obtenu par l&rsquo;interm\u00e9diaire de contrats d&rsquo;assurance, autrement connu sous le nom de <strong><a href=\"https:\/\/teamlevine.ca\/fr\/investissements\/centre-dinformation-2\/quest-ce-quun-fonds-distinct\/\">fonds distincts<\/a><\/strong>. Ce type d&rsquo;investissement vous permet d&rsquo;investir dans diff\u00e9rentes actions afin de g\u00e9n\u00e9rer un meilleur rendement de votre investissement. Gr\u00e2ce \u00e0 l&rsquo;option de r\u00e9initialisation de valeur, un certain pourcentage de votre investissement initial est garanti (g\u00e9n\u00e9ralement autour de 70 %), selon la compagnie d&rsquo;assurance avec laquelle vous choisissez de faire affaire.<\/p>\n<p>Comme l&rsquo;esp\u00e9rance de vie de la population augmente, Il est extr\u00eamement important d&rsquo;investir dans le type de REER appropri\u00e9, c&rsquo;est-\u00e0-dire un REER qui vous permettra de g\u00e9n\u00e9rer des taux de rendement int\u00e9ressants et qui vous permettra de vivre ais\u00e9ment lors de votre retraite. Il existe de nombreuses options lorsque vient le temps d&rsquo;investir, et le processus en soi peut s&rsquo;av\u00e9rer complexe et accaparant. Cependant, avec l&rsquo;aide d&rsquo;un bon sp\u00e9cialiste en la mati\u00e8re, l&rsquo;ensemble du processus devient beaucoup plus clair. Communiquez avec Team Levine d\u00e8s aujourd&rsquo;hui pour voir clair dans vos finances!<\/p>","protected":false},"excerpt":{"rendered":"<p>Le REER est un type d&rsquo;investissement bien connu. Le principe est simple : \u00e9pargnez aujourd&rsquo;hui en en pr\u00e9vision de demain. Eh oui, le REER est un moyen de placement en pr\u00e9vision de la retraite. Chaque ann\u00e9e, vous \u00eates autoris\u00e9 \u00e0 cotiser \u00e0 votre REER, et votre limite de cotisation correspond \u00e0 18 % de votre [&hellip;]<\/p>\n","protected":false},"author":1,"featured_media":0,"parent":213,"menu_order":41,"comment_status":"closed","ping_status":"closed","template":"page-investment-detail.php","meta":{"_acf_changed":false,"footnotes":""},"class_list":["post-260","page","type-page","status-publish","hentry"],"acf":[],"yoast_head":"<!-- This site is optimized with the Yoast SEO plugin v27.3 - https:\/\/yoast.com\/product\/yoast-seo-wordpress\/ -->\n<title>Team Levine<\/title>\n<meta name=\"description\" content=\"Team Levine\" \/>\n<meta name=\"robots\" content=\"index, follow, max-snippet:-1, max-image-preview:large, max-video-preview:-1\" \/>\n<link rel=\"canonical\" href=\"https:\/\/teamlevine.ca\/investments\/rrsp\/\" \/>\n<meta property=\"og:locale\" content=\"fr_FR\" \/>\n<meta property=\"og:type\" content=\"article\" \/>\n<meta property=\"og:title\" content=\"Team Levine\" \/>\n<meta property=\"og:description\" content=\"Team Levine\" \/>\n<meta property=\"og:url\" content=\"https:\/\/teamlevine.ca\/investments\/rrsp\/\" \/>\n<meta property=\"og:site_name\" content=\"Team Levine\" \/>\n<meta property=\"article:modified_time\" content=\"2024-09-27T12:16:48+00:00\" \/>\n<meta name=\"twitter:card\" content=\"summary_large_image\" \/>\n<meta name=\"twitter:label1\" content=\"Dur\u00e9e de lecture estim\u00e9e\" \/>\n\t<meta name=\"twitter:data1\" content=\"9 minutes\" \/>\n<script type=\"application\/ld+json\" class=\"yoast-schema-graph\">{\"@context\":\"https:\\\/\\\/schema.org\",\"@graph\":[{\"@type\":\"WebPage\",\"@id\":\"https:\\\/\\\/teamlevine.ca\\\/investments\\\/rrsp\\\/\",\"url\":\"https:\\\/\\\/teamlevine.ca\\\/investments\\\/rrsp\\\/\",\"name\":\"Team Levine\",\"isPartOf\":{\"@id\":\"https:\\\/\\\/teamlevine.ca\\\/#website\"},\"datePublished\":\"2017-02-25T04:37:45+00:00\",\"dateModified\":\"2024-09-27T12:16:48+00:00\",\"description\":\"Team Levine\",\"breadcrumb\":{\"@id\":\"https:\\\/\\\/teamlevine.ca\\\/investments\\\/rrsp\\\/#breadcrumb\"},\"inLanguage\":\"fr-FR\",\"potentialAction\":[{\"@type\":\"ReadAction\",\"target\":[\"https:\\\/\\\/teamlevine.ca\\\/investments\\\/rrsp\\\/\"]}]},{\"@type\":\"BreadcrumbList\",\"@id\":\"https:\\\/\\\/teamlevine.ca\\\/investments\\\/rrsp\\\/#breadcrumb\",\"itemListElement\":[{\"@type\":\"ListItem\",\"position\":1,\"name\":\"Home\",\"item\":\"https:\\\/\\\/teamlevine.ca\\\/\"},{\"@type\":\"ListItem\",\"position\":2,\"name\":\"Investments\",\"item\":\"https:\\\/\\\/teamlevine.ca\\\/investments\\\/\"},{\"@type\":\"ListItem\",\"position\":3,\"name\":\"RRSP\"}]},{\"@type\":\"WebSite\",\"@id\":\"https:\\\/\\\/teamlevine.ca\\\/#website\",\"url\":\"https:\\\/\\\/teamlevine.ca\\\/\",\"name\":\"Team Levine\",\"description\":\"\",\"potentialAction\":[{\"@type\":\"SearchAction\",\"target\":{\"@type\":\"EntryPoint\",\"urlTemplate\":\"https:\\\/\\\/teamlevine.ca\\\/?s={search_term_string}\"},\"query-input\":{\"@type\":\"PropertyValueSpecification\",\"valueRequired\":true,\"valueName\":\"search_term_string\"}}],\"inLanguage\":\"fr-FR\"}]}<\/script>\n<!-- \/ Yoast SEO plugin. -->","yoast_head_json":{"title":"Team Levine","description":"Team Levine","robots":{"index":"index","follow":"follow","max-snippet":"max-snippet:-1","max-image-preview":"max-image-preview:large","max-video-preview":"max-video-preview:-1"},"canonical":"https:\/\/teamlevine.ca\/investments\/rrsp\/","og_locale":"fr_FR","og_type":"article","og_title":"Team Levine","og_description":"Team Levine","og_url":"https:\/\/teamlevine.ca\/investments\/rrsp\/","og_site_name":"Team Levine","article_modified_time":"2024-09-27T12:16:48+00:00","twitter_card":"summary_large_image","twitter_misc":{"Dur\u00e9e de lecture estim\u00e9e":"9 minutes"},"schema":{"@context":"https:\/\/schema.org","@graph":[{"@type":"WebPage","@id":"https:\/\/teamlevine.ca\/investments\/rrsp\/","url":"https:\/\/teamlevine.ca\/investments\/rrsp\/","name":"Team Levine","isPartOf":{"@id":"https:\/\/teamlevine.ca\/#website"},"datePublished":"2017-02-25T04:37:45+00:00","dateModified":"2024-09-27T12:16:48+00:00","description":"Team Levine","breadcrumb":{"@id":"https:\/\/teamlevine.ca\/investments\/rrsp\/#breadcrumb"},"inLanguage":"fr-FR","potentialAction":[{"@type":"ReadAction","target":["https:\/\/teamlevine.ca\/investments\/rrsp\/"]}]},{"@type":"BreadcrumbList","@id":"https:\/\/teamlevine.ca\/investments\/rrsp\/#breadcrumb","itemListElement":[{"@type":"ListItem","position":1,"name":"Home","item":"https:\/\/teamlevine.ca\/"},{"@type":"ListItem","position":2,"name":"Investments","item":"https:\/\/teamlevine.ca\/investments\/"},{"@type":"ListItem","position":3,"name":"RRSP"}]},{"@type":"WebSite","@id":"https:\/\/teamlevine.ca\/#website","url":"https:\/\/teamlevine.ca\/","name":"Team Levine","description":"","potentialAction":[{"@type":"SearchAction","target":{"@type":"EntryPoint","urlTemplate":"https:\/\/teamlevine.ca\/?s={search_term_string}"},"query-input":{"@type":"PropertyValueSpecification","valueRequired":true,"valueName":"search_term_string"}}],"inLanguage":"fr-FR"}]}},"_links":{"self":[{"href":"https:\/\/teamlevine.ca\/fr\/wp-json\/wp\/v2\/pages\/260","targetHints":{"allow":["GET"]}}],"collection":[{"href":"https:\/\/teamlevine.ca\/fr\/wp-json\/wp\/v2\/pages"}],"about":[{"href":"https:\/\/teamlevine.ca\/fr\/wp-json\/wp\/v2\/types\/page"}],"author":[{"embeddable":true,"href":"https:\/\/teamlevine.ca\/fr\/wp-json\/wp\/v2\/users\/1"}],"replies":[{"embeddable":true,"href":"https:\/\/teamlevine.ca\/fr\/wp-json\/wp\/v2\/comments?post=260"}],"version-history":[{"count":14,"href":"https:\/\/teamlevine.ca\/fr\/wp-json\/wp\/v2\/pages\/260\/revisions"}],"predecessor-version":[{"id":1461,"href":"https:\/\/teamlevine.ca\/fr\/wp-json\/wp\/v2\/pages\/260\/revisions\/1461"}],"up":[{"embeddable":true,"href":"https:\/\/teamlevine.ca\/fr\/wp-json\/wp\/v2\/pages\/213"}],"wp:attachment":[{"href":"https:\/\/teamlevine.ca\/fr\/wp-json\/wp\/v2\/media?parent=260"}],"curies":[{"name":"wp","href":"https:\/\/api.w.org\/{rel}","templated":true}]}}