{"id":248,"date":"2017-02-25T03:35:43","date_gmt":"2017-02-25T03:35:43","guid":{"rendered":"https:\/\/teamlevine.ca\/?page_id=248"},"modified":"2021-04-09T10:20:55","modified_gmt":"2021-04-09T14:20:55","slug":"equity-based-mortgage-program","status":"publish","type":"page","link":"https:\/\/teamlevine.ca\/fr\/hypotheques\/pret-equite\/","title":{"rendered":"Hypoth\u00e8que : Pr\u00eat \u00c9quit\u00e9"},"content":{"rendered":"<p><\/p>\n<h3>Alors que les normes en mati\u00e8re de pr\u00eats hypoth\u00e9caires se resserrent, les programmes bas\u00e9s sur la valeur nette deviennent de plus en plus difficiles \u00e0 trouver. Toutefois, ce produit est encore offert.<\/h3>\n<p>Si vous avez un emploi (salari\u00e9 ou travailleur autonome) ou si vous \u00eates \u00e0 la retraite, mais que vous ne gagnez pas suffisamment pour \u00eatre admissible \u00e0 un pr\u00eat hypoth\u00e9caire, la banque \u00e9tudiera vos liquidit\u00e9s et votre valeur nette dans les propri\u00e9t\u00e9s que vous poss\u00e9dez. Pourvu que votre valeur nette soit de 1,5 fois le montant du pr\u00eat hypoth\u00e9caire demand\u00e9, alors nous serons en mesure de vous aider!<\/p>\n<p>Voici ce que vous devez savoir :<\/p>\n<ul>\n<li>Nous pourrons obtenir pour vous un financement allant jusqu&rsquo;\u00e0 65 % de la valeur de votre propri\u00e9t\u00e9.<\/li>\n<li>Vous devez avoir une cote de cr\u00e9dit de plus de 680.<\/li>\n<li>Le financement peut \u00eatre amorti sur une p\u00e9riode allant jusqu&rsquo;\u00e0 30 ans.<\/li>\n<li>Le financement doit \u00eatre li\u00e9 \u00e0 votre r\u00e9sidence principale \u2013 jusqu&rsquo;\u00e0 un maximum de 4 unit\u00e9s.<\/li>\n<li>Le montant maximal du financement s&rsquo;\u00e9l\u00e8ve \u00e0 750 000 $.<\/li>\n<\/ul>\n<p>Vous pensez que ce programme pourrait vous convenir? Appelez-nous d\u00e8s aujourd&rsquo;hui pour en savoir davantage!<\/p>","protected":false},"excerpt":{"rendered":"<p>Alors que les normes en mati\u00e8re de pr\u00eats hypoth\u00e9caires se resserrent, les programmes bas\u00e9s sur la valeur nette deviennent de plus en plus difficiles \u00e0 trouver. Toutefois, ce produit est encore offert. Si vous avez un emploi (salari\u00e9 ou travailleur autonome) ou si vous \u00eates \u00e0 la retraite, mais que vous ne gagnez pas suffisamment [&hellip;]<\/p>\n","protected":false},"author":1,"featured_media":0,"parent":56,"menu_order":66,"comment_status":"closed","ping_status":"closed","template":"page-services-detail.php","meta":{"_acf_changed":false,"footnotes":""},"class_list":["post-248","page","type-page","status-publish","hentry"],"acf":[],"yoast_head":"<!-- This site is optimized with the Yoast SEO plugin v27.3 - https:\/\/yoast.com\/product\/yoast-seo-wordpress\/ -->\n<title>Team Levine<\/title>\n<meta name=\"description\" content=\"Team Levine\" \/>\n<meta name=\"robots\" content=\"index, follow, max-snippet:-1, max-image-preview:large, max-video-preview:-1\" \/>\n<link rel=\"canonical\" href=\"https:\/\/teamlevine.ca\/mortgage\/equity-based-mortgage-program\/\" \/>\n<meta property=\"og:locale\" content=\"fr_FR\" \/>\n<meta property=\"og:type\" content=\"article\" \/>\n<meta property=\"og:title\" content=\"Team Levine\" \/>\n<meta property=\"og:description\" content=\"Team Levine\" \/>\n<meta property=\"og:url\" content=\"https:\/\/teamlevine.ca\/mortgage\/equity-based-mortgage-program\/\" \/>\n<meta property=\"og:site_name\" content=\"Team Levine\" \/>\n<meta property=\"article:modified_time\" content=\"2021-04-09T14:20:55+00:00\" \/>\n<meta name=\"twitter:card\" content=\"summary_large_image\" \/>\n<meta name=\"twitter:label1\" content=\"Dur\u00e9e de lecture estim\u00e9e\" \/>\n\t<meta name=\"twitter:data1\" content=\"2 minutes\" \/>\n<script type=\"application\/ld+json\" class=\"yoast-schema-graph\">{\"@context\":\"https:\\\/\\\/schema.org\",\"@graph\":[{\"@type\":\"WebPage\",\"@id\":\"https:\\\/\\\/teamlevine.ca\\\/mortgage\\\/equity-based-mortgage-program\\\/\",\"url\":\"https:\\\/\\\/teamlevine.ca\\\/mortgage\\\/equity-based-mortgage-program\\\/\",\"name\":\"Team Levine\",\"isPartOf\":{\"@id\":\"https:\\\/\\\/teamlevine.ca\\\/#website\"},\"datePublished\":\"2017-02-25T03:35:43+00:00\",\"dateModified\":\"2021-04-09T14:20:55+00:00\",\"description\":\"Team Levine\",\"breadcrumb\":{\"@id\":\"https:\\\/\\\/teamlevine.ca\\\/mortgage\\\/equity-based-mortgage-program\\\/#breadcrumb\"},\"inLanguage\":\"fr-FR\",\"potentialAction\":[{\"@type\":\"ReadAction\",\"target\":[\"https:\\\/\\\/teamlevine.ca\\\/mortgage\\\/equity-based-mortgage-program\\\/\"]}]},{\"@type\":\"BreadcrumbList\",\"@id\":\"https:\\\/\\\/teamlevine.ca\\\/mortgage\\\/equity-based-mortgage-program\\\/#breadcrumb\",\"itemListElement\":[{\"@type\":\"ListItem\",\"position\":1,\"name\":\"Home\",\"item\":\"https:\\\/\\\/teamlevine.ca\\\/\"},{\"@type\":\"ListItem\",\"position\":2,\"name\":\"Mortgage\",\"item\":\"https:\\\/\\\/teamlevine.ca\\\/mortgage\\\/\"},{\"@type\":\"ListItem\",\"position\":3,\"name\":\"Equity Based Mortgage Program\"}]},{\"@type\":\"WebSite\",\"@id\":\"https:\\\/\\\/teamlevine.ca\\\/#website\",\"url\":\"https:\\\/\\\/teamlevine.ca\\\/\",\"name\":\"Team Levine\",\"description\":\"\",\"potentialAction\":[{\"@type\":\"SearchAction\",\"target\":{\"@type\":\"EntryPoint\",\"urlTemplate\":\"https:\\\/\\\/teamlevine.ca\\\/?s={search_term_string}\"},\"query-input\":{\"@type\":\"PropertyValueSpecification\",\"valueRequired\":true,\"valueName\":\"search_term_string\"}}],\"inLanguage\":\"fr-FR\"}]}<\/script>\n<!-- \/ Yoast SEO plugin. -->","yoast_head_json":{"title":"Team Levine","description":"Team Levine","robots":{"index":"index","follow":"follow","max-snippet":"max-snippet:-1","max-image-preview":"max-image-preview:large","max-video-preview":"max-video-preview:-1"},"canonical":"https:\/\/teamlevine.ca\/mortgage\/equity-based-mortgage-program\/","og_locale":"fr_FR","og_type":"article","og_title":"Team Levine","og_description":"Team Levine","og_url":"https:\/\/teamlevine.ca\/mortgage\/equity-based-mortgage-program\/","og_site_name":"Team Levine","article_modified_time":"2021-04-09T14:20:55+00:00","twitter_card":"summary_large_image","twitter_misc":{"Dur\u00e9e de lecture estim\u00e9e":"2 minutes"},"schema":{"@context":"https:\/\/schema.org","@graph":[{"@type":"WebPage","@id":"https:\/\/teamlevine.ca\/mortgage\/equity-based-mortgage-program\/","url":"https:\/\/teamlevine.ca\/mortgage\/equity-based-mortgage-program\/","name":"Team Levine","isPartOf":{"@id":"https:\/\/teamlevine.ca\/#website"},"datePublished":"2017-02-25T03:35:43+00:00","dateModified":"2021-04-09T14:20:55+00:00","description":"Team Levine","breadcrumb":{"@id":"https:\/\/teamlevine.ca\/mortgage\/equity-based-mortgage-program\/#breadcrumb"},"inLanguage":"fr-FR","potentialAction":[{"@type":"ReadAction","target":["https:\/\/teamlevine.ca\/mortgage\/equity-based-mortgage-program\/"]}]},{"@type":"BreadcrumbList","@id":"https:\/\/teamlevine.ca\/mortgage\/equity-based-mortgage-program\/#breadcrumb","itemListElement":[{"@type":"ListItem","position":1,"name":"Home","item":"https:\/\/teamlevine.ca\/"},{"@type":"ListItem","position":2,"name":"Mortgage","item":"https:\/\/teamlevine.ca\/mortgage\/"},{"@type":"ListItem","position":3,"name":"Equity Based Mortgage Program"}]},{"@type":"WebSite","@id":"https:\/\/teamlevine.ca\/#website","url":"https:\/\/teamlevine.ca\/","name":"Team Levine","description":"","potentialAction":[{"@type":"SearchAction","target":{"@type":"EntryPoint","urlTemplate":"https:\/\/teamlevine.ca\/?s={search_term_string}"},"query-input":{"@type":"PropertyValueSpecification","valueRequired":true,"valueName":"search_term_string"}}],"inLanguage":"fr-FR"}]}},"_links":{"self":[{"href":"https:\/\/teamlevine.ca\/fr\/wp-json\/wp\/v2\/pages\/248","targetHints":{"allow":["GET"]}}],"collection":[{"href":"https:\/\/teamlevine.ca\/fr\/wp-json\/wp\/v2\/pages"}],"about":[{"href":"https:\/\/teamlevine.ca\/fr\/wp-json\/wp\/v2\/types\/page"}],"author":[{"embeddable":true,"href":"https:\/\/teamlevine.ca\/fr\/wp-json\/wp\/v2\/users\/1"}],"replies":[{"embeddable":true,"href":"https:\/\/teamlevine.ca\/fr\/wp-json\/wp\/v2\/comments?post=248"}],"version-history":[{"count":3,"href":"https:\/\/teamlevine.ca\/fr\/wp-json\/wp\/v2\/pages\/248\/revisions"}],"predecessor-version":[{"id":1034,"href":"https:\/\/teamlevine.ca\/fr\/wp-json\/wp\/v2\/pages\/248\/revisions\/1034"}],"up":[{"embeddable":true,"href":"https:\/\/teamlevine.ca\/fr\/wp-json\/wp\/v2\/pages\/56"}],"wp:attachment":[{"href":"https:\/\/teamlevine.ca\/fr\/wp-json\/wp\/v2\/media?parent=248"}],"curies":[{"name":"wp","href":"https:\/\/api.w.org\/{rel}","templated":true}]}}