{"id":246,"date":"2017-02-25T03:34:01","date_gmt":"2017-02-25T03:34:01","guid":{"rendered":"https:\/\/teamlevine.ca\/?page_id=246"},"modified":"2021-04-09T10:17:35","modified_gmt":"2021-04-09T14:17:35","slug":"home-equity-line-credit","status":"publish","type":"page","link":"https:\/\/teamlevine.ca\/fr\/hypotheques\/marge-de-credit-hypothecaire\/","title":{"rendered":"Marge de cr\u00e9dit hypoth\u00e9caire"},"content":{"rendered":"<p>Une marge de cr\u00e9dit hypoth\u00e9caire permet d\u2019acc\u00e9der jusqu\u2019\u00e0 80% de la valeur nette de votre propri\u00e9t\u00e9 (qui repr\u00e9sente le total entre la marge de cr\u00e9dit et l\u2019hypoth\u00e8que) et jusqu\u2019\u00e0 65% de la valeur marchande de votre propri\u00e9t\u00e9 si vous prenez uniquement une marge de cr\u00e9dit hypoth\u00e9caire.<\/p>\n<p>Pour obtenir une marge de cr\u00e9dit aupr\u00e8s de votre institution financi\u00e8re, vous devez \u00eatre propri\u00e9taire d\u2019un b\u00e2timent. Votre mise de fonds doit \u00e9galement correspondre \u00e0 20% du prix d\u2019achat.<\/p>\n<h2>Quels sont les avantages d\u2019une marge de cr\u00e9dit?<\/h2>\n<p>Utiliser une marge de cr\u00e9dit hypoth\u00e9caire permet d\u2019acc\u00e9der \u00e0 une grande quantit\u00e9 de liquidit\u00e9s et de rembourser le montant en entier sans que la<a href=\"https:\/\/www.opc.gouv.qc.ca\/consommateur\/bien-service\/credit-recouvrement-finance\/carte-marge-credit\/conseils\/limite-credit\/\"> limite de cr\u00e9dit<\/a> ne soit revue \u00e0 la baisse. Cela peut \u00eatre utile, par exemple, pour effectuer de grosses d\u00e9penses comme l\u2019achat d\u2019une voiture ou des travaux de r\u00e9novation, en empruntant de l\u2019argent \u00e0 un taux d\u2019int\u00e9r\u00eat peu \u00e9lev\u00e9.<\/p>\n<p>Les marges de cr\u00e9dit hypoth\u00e9caire \u00e0 taux variable. Elle fluctue en fonction du taux pr\u00e9f\u00e9rentiel. Cependant, ce taux d\u2019int\u00e9r\u00eat est toujours beaucoup moins \u00e9lev\u00e9 que celui d\u2019une carte de cr\u00e9dit. Par cons\u00e9quent, si vous avez de la difficult\u00e9 \u00e0 rembourser l&rsquo;enti\u00e8ret\u00e9 de votre solde de cr\u00e9dit, vous pouvez utiliser une marge de cr\u00e9dit hypoth\u00e9caire et payer les int\u00e9r\u00eats avec un taux \u00e0 3% plut\u00f4t qu\u2019\u00e0 20%.<\/p>\n<p>Contrairement \u00e0 une hypoth\u00e8que invers\u00e9e, les marges de cr\u00e9dit hypoth\u00e9caires permettent de retirer le montant que vous d\u00e9sirez selon vos besoins. Autrement dit, il n\u2019y a pas de sommes fixes \u00e0 retirer.<\/p>\n<h2>Quels sont les risques d\u2019une marge de cr\u00e9dit hypoth\u00e9caire?<\/h2>\n<p>Le principal risque qui vient avec une marge de cr\u00e9dit hypoth\u00e9caire est que les gens ont tendance \u00e0 consid\u00e9rer la valeur de leur propri\u00e9t\u00e9 comme un guichet automatique. Ils s\u2019endettent ainsi jusqu\u2019au cou. Par cons\u00e9quent, une simple hausse du taux pr\u00e9f\u00e9rentiel peut les mettre en situation plus difficile.<\/p>\n<p>Ce type de produits financiers n\u00e9cessite une certaine discipline. Si vous vous contentez de ne payer que les int\u00e9r\u00eats et que vous ne faites pas de paiements mensuels au fur et \u00e0 mesure, la marge de cr\u00e9dit hypoth\u00e9caire peut finir par vous co\u00fbter plus cher sur le long terme. Par cons\u00e9quent, si vous avez de la difficult\u00e9 \u00e0 rembourser votre solde de carte de cr\u00e9dit, il est pr\u00e9f\u00e9rable d\u2019opter pour un pr\u00eat hypoth\u00e9caire traditionnel \u00e0 taux fixe.<\/p>\n<h2>Qui peut b\u00e9n\u00e9ficier de ce produit?<\/h2>\n<p>Si vous \u00eates un entrepreneur ou un travailleur autonome, ce produit pourrait vous \u00eatre utile ! Si vous envisagez d\u2019acheter une propri\u00e9t\u00e9 ou de r\u00e9nover votre propri\u00e9t\u00e9 actuelle, ou si vous planifiez un achat \u00e0 moyen ou \u00e0 long terme, alors cette marge de cr\u00e9dit peut aussi vous convenir !<\/p>\n<p>Demandez \u00e0 la mettre en place de telle sorte que lorsque vous en aurez besoin, vous y aurez d\u00e9j\u00e0 acc\u00e8s. Une fois la marge \u00e9tablie, vous n\u2019aurez aucun paiement \u00e0 effectuer jusqu\u2019au moment o\u00f9 vous l&rsquo;utilisez !<\/p>\n<h2>\u00c0 propos de Team Levine<\/h2>\n<p><strong>Depuis de nombreuses ann\u00e9es<\/strong>, Team Levine offre des services<a href=\"https:\/\/teamlevine.ca\/fr\/hypotheques\/\"> d\u2019hypoth\u00e8ques<\/a>,<a href=\"https:\/\/teamlevine.ca\/fr\/assurance\/\"> d\u2019assurances<\/a> et<a href=\"https:\/\/teamlevine.ca\/fr\/investissements\/\"> d\u2019investissements<\/a>. Notre mission consiste \u00e0 offrir \u00e0 nos clients des solutions hypoth\u00e9caires adapt\u00e9es \u00e0 leurs besoins. Nous offrons les meilleurs taux de l\u2019industrie.<\/p>\n<p>Si vous \u00eates int\u00e9ress\u00e9 par les avantages que procure la marge de cr\u00e9dit hypoth\u00e9caire, discutez avec nous d\u00e8s maintenant pour savoir s\u2019il s\u2019agit de la solution la mieux adapt\u00e9e \u00e0 vos besoins.<\/p>","protected":false},"excerpt":{"rendered":"<p>Une marge de cr\u00e9dit hypoth\u00e9caire permet d\u2019acc\u00e9der jusqu\u2019\u00e0 80% de la valeur nette de votre propri\u00e9t\u00e9 (qui repr\u00e9sente le total entre la marge de cr\u00e9dit et l\u2019hypoth\u00e8que) et jusqu\u2019\u00e0 65% de la valeur marchande de votre propri\u00e9t\u00e9 si vous prenez uniquement une marge de cr\u00e9dit hypoth\u00e9caire. Pour obtenir une marge de cr\u00e9dit aupr\u00e8s de votre [&hellip;]<\/p>\n","protected":false},"author":1,"featured_media":0,"parent":56,"menu_order":65,"comment_status":"closed","ping_status":"closed","template":"page-services-detail.php","meta":{"_acf_changed":false,"footnotes":""},"class_list":["post-246","page","type-page","status-publish","hentry"],"acf":[],"yoast_head":"<!-- This site is optimized with the Yoast SEO plugin v27.4 - https:\/\/yoast.com\/product\/yoast-seo-wordpress\/ -->\n<title>Team Levine<\/title>\n<meta name=\"description\" content=\"Team Levine\" \/>\n<meta name=\"robots\" content=\"index, follow, max-snippet:-1, max-image-preview:large, max-video-preview:-1\" \/>\n<link rel=\"canonical\" href=\"https:\/\/teamlevine.ca\/mortgage\/home-equity-line-of-credit\/\" \/>\n<meta property=\"og:locale\" content=\"fr_FR\" \/>\n<meta property=\"og:type\" content=\"article\" \/>\n<meta property=\"og:title\" content=\"Team Levine\" \/>\n<meta property=\"og:description\" content=\"Team Levine\" \/>\n<meta property=\"og:url\" content=\"https:\/\/teamlevine.ca\/mortgage\/home-equity-line-of-credit\/\" \/>\n<meta property=\"og:site_name\" content=\"Team Levine\" \/>\n<meta property=\"article:modified_time\" content=\"2021-04-09T14:17:35+00:00\" \/>\n<meta name=\"twitter:card\" content=\"summary_large_image\" \/>\n<meta name=\"twitter:label1\" content=\"Dur\u00e9e de lecture estim\u00e9e\" \/>\n\t<meta name=\"twitter:data1\" content=\"5 minutes\" \/>\n<script type=\"application\/ld+json\" class=\"yoast-schema-graph\">{\"@context\":\"https:\\\/\\\/schema.org\",\"@graph\":[{\"@type\":\"WebPage\",\"@id\":\"https:\\\/\\\/teamlevine.ca\\\/mortgage\\\/home-equity-line-of-credit\\\/\",\"url\":\"https:\\\/\\\/teamlevine.ca\\\/mortgage\\\/home-equity-line-of-credit\\\/\",\"name\":\"Team Levine\",\"isPartOf\":{\"@id\":\"https:\\\/\\\/teamlevine.ca\\\/#website\"},\"datePublished\":\"2017-02-25T03:34:01+00:00\",\"dateModified\":\"2021-04-09T14:17:35+00:00\",\"description\":\"Team Levine\",\"breadcrumb\":{\"@id\":\"https:\\\/\\\/teamlevine.ca\\\/mortgage\\\/home-equity-line-of-credit\\\/#breadcrumb\"},\"inLanguage\":\"fr-FR\",\"potentialAction\":[{\"@type\":\"ReadAction\",\"target\":[\"https:\\\/\\\/teamlevine.ca\\\/mortgage\\\/home-equity-line-of-credit\\\/\"]}]},{\"@type\":\"BreadcrumbList\",\"@id\":\"https:\\\/\\\/teamlevine.ca\\\/mortgage\\\/home-equity-line-of-credit\\\/#breadcrumb\",\"itemListElement\":[{\"@type\":\"ListItem\",\"position\":1,\"name\":\"Home\",\"item\":\"https:\\\/\\\/teamlevine.ca\\\/\"},{\"@type\":\"ListItem\",\"position\":2,\"name\":\"Mortgage\",\"item\":\"https:\\\/\\\/teamlevine.ca\\\/mortgage\\\/\"},{\"@type\":\"ListItem\",\"position\":3,\"name\":\"Home Equity Line of Credit\"}]},{\"@type\":\"WebSite\",\"@id\":\"https:\\\/\\\/teamlevine.ca\\\/#website\",\"url\":\"https:\\\/\\\/teamlevine.ca\\\/\",\"name\":\"Team Levine\",\"description\":\"\",\"potentialAction\":[{\"@type\":\"SearchAction\",\"target\":{\"@type\":\"EntryPoint\",\"urlTemplate\":\"https:\\\/\\\/teamlevine.ca\\\/?s={search_term_string}\"},\"query-input\":{\"@type\":\"PropertyValueSpecification\",\"valueRequired\":true,\"valueName\":\"search_term_string\"}}],\"inLanguage\":\"fr-FR\"}]}<\/script>\n<!-- \/ Yoast SEO plugin. -->","yoast_head_json":{"title":"Team Levine","description":"Team Levine","robots":{"index":"index","follow":"follow","max-snippet":"max-snippet:-1","max-image-preview":"max-image-preview:large","max-video-preview":"max-video-preview:-1"},"canonical":"https:\/\/teamlevine.ca\/mortgage\/home-equity-line-of-credit\/","og_locale":"fr_FR","og_type":"article","og_title":"Team Levine","og_description":"Team Levine","og_url":"https:\/\/teamlevine.ca\/mortgage\/home-equity-line-of-credit\/","og_site_name":"Team Levine","article_modified_time":"2021-04-09T14:17:35+00:00","twitter_card":"summary_large_image","twitter_misc":{"Dur\u00e9e de lecture estim\u00e9e":"5 minutes"},"schema":{"@context":"https:\/\/schema.org","@graph":[{"@type":"WebPage","@id":"https:\/\/teamlevine.ca\/mortgage\/home-equity-line-of-credit\/","url":"https:\/\/teamlevine.ca\/mortgage\/home-equity-line-of-credit\/","name":"Team Levine","isPartOf":{"@id":"https:\/\/teamlevine.ca\/#website"},"datePublished":"2017-02-25T03:34:01+00:00","dateModified":"2021-04-09T14:17:35+00:00","description":"Team Levine","breadcrumb":{"@id":"https:\/\/teamlevine.ca\/mortgage\/home-equity-line-of-credit\/#breadcrumb"},"inLanguage":"fr-FR","potentialAction":[{"@type":"ReadAction","target":["https:\/\/teamlevine.ca\/mortgage\/home-equity-line-of-credit\/"]}]},{"@type":"BreadcrumbList","@id":"https:\/\/teamlevine.ca\/mortgage\/home-equity-line-of-credit\/#breadcrumb","itemListElement":[{"@type":"ListItem","position":1,"name":"Home","item":"https:\/\/teamlevine.ca\/"},{"@type":"ListItem","position":2,"name":"Mortgage","item":"https:\/\/teamlevine.ca\/mortgage\/"},{"@type":"ListItem","position":3,"name":"Home Equity Line of Credit"}]},{"@type":"WebSite","@id":"https:\/\/teamlevine.ca\/#website","url":"https:\/\/teamlevine.ca\/","name":"Team Levine","description":"","potentialAction":[{"@type":"SearchAction","target":{"@type":"EntryPoint","urlTemplate":"https:\/\/teamlevine.ca\/?s={search_term_string}"},"query-input":{"@type":"PropertyValueSpecification","valueRequired":true,"valueName":"search_term_string"}}],"inLanguage":"fr-FR"}]}},"_links":{"self":[{"href":"https:\/\/teamlevine.ca\/fr\/wp-json\/wp\/v2\/pages\/246","targetHints":{"allow":["GET"]}}],"collection":[{"href":"https:\/\/teamlevine.ca\/fr\/wp-json\/wp\/v2\/pages"}],"about":[{"href":"https:\/\/teamlevine.ca\/fr\/wp-json\/wp\/v2\/types\/page"}],"author":[{"embeddable":true,"href":"https:\/\/teamlevine.ca\/fr\/wp-json\/wp\/v2\/users\/1"}],"replies":[{"embeddable":true,"href":"https:\/\/teamlevine.ca\/fr\/wp-json\/wp\/v2\/comments?post=246"}],"version-history":[{"count":3,"href":"https:\/\/teamlevine.ca\/fr\/wp-json\/wp\/v2\/pages\/246\/revisions"}],"predecessor-version":[{"id":988,"href":"https:\/\/teamlevine.ca\/fr\/wp-json\/wp\/v2\/pages\/246\/revisions\/988"}],"up":[{"embeddable":true,"href":"https:\/\/teamlevine.ca\/fr\/wp-json\/wp\/v2\/pages\/56"}],"wp:attachment":[{"href":"https:\/\/teamlevine.ca\/fr\/wp-json\/wp\/v2\/media?parent=246"}],"curies":[{"name":"wp","href":"https:\/\/api.w.org\/{rel}","templated":true}]}}