{"id":244,"date":"2017-02-25T03:32:25","date_gmt":"2017-02-25T03:32:25","guid":{"rendered":"https:\/\/teamlevine.ca\/?page_id=244"},"modified":"2022-08-24T15:57:37","modified_gmt":"2022-08-24T19:57:37","slug":"non-residents","status":"publish","type":"page","link":"https:\/\/teamlevine.ca\/fr\/hypotheques\/non-residents\/","title":{"rendered":"Hypoth\u00e8que : Non-r\u00e9sidents"},"content":{"rendered":"<p>Vous r\u00e9sidez \u00e0 l&rsquo;\u00e9tranger et cherchez \u00e0 acheter au Canada? Une telle transaction est bien s\u00fbr possible, mais sachez que vous aurez \u00e0 verser une mise de fonds plus \u00e9lev\u00e9e. Pour un citoyen am\u00e9ricain qui d\u00e9sire acheter au Canada, une mise de fonds minimale de 20 % sera exig\u00e9e. Les achats autoris\u00e9s comprennent alors une r\u00e9sidence secondaire ou de vacances, ou une maison pour un de vos enfants qui l&rsquo;habitera pendant ses \u00e9tudes au Canada.<\/p>\n<p>Vous n&rsquo;habitez pas en Am\u00e9rique du Nord? Aucun probl\u00e8me, mais les exigences augmenteront pour la mise de fonds initiale. Vous aurez alors \u00e0 verser au moins 35 % du prix d&rsquo;achat en mise de fonds. Encore une fois, les achats autoris\u00e9s se limitent \u00e0 une r\u00e9sidence secondaire ou de vacances, ou \u00e0 une maison pour un de vos enfants qui l&rsquo;habitera pendant ses \u00e9tudes au Canada.<\/p>\n<p>Que vous deviez verser 20 % ou 35 % en mise de fonds, notez que ces fonds doivent provenir de vos propres capitaux et non d&rsquo;un don. Comme toujours, nous sommes l\u00e0 pour vous! Appelez-nous d\u00e8s maintenant pour plus d&rsquo;information.<\/p>","protected":false},"excerpt":{"rendered":"<p>Vous r\u00e9sidez \u00e0 l&rsquo;\u00e9tranger et cherchez \u00e0 acheter au Canada? Une telle transaction est bien s\u00fbr possible, mais sachez que vous aurez \u00e0 verser une mise de fonds plus \u00e9lev\u00e9e. Pour un citoyen am\u00e9ricain qui d\u00e9sire acheter au Canada, une mise de fonds minimale de 20 % sera exig\u00e9e. Les achats autoris\u00e9s comprennent alors une [&hellip;]<\/p>\n","protected":false},"author":1,"featured_media":0,"parent":56,"menu_order":64,"comment_status":"closed","ping_status":"closed","template":"page-services-detail.php","meta":{"_acf_changed":false,"footnotes":""},"class_list":["post-244","page","type-page","status-publish","hentry"],"acf":[],"yoast_head":"<!-- This site is optimized with the Yoast SEO plugin v27.3 - https:\/\/yoast.com\/product\/yoast-seo-wordpress\/ -->\n<title>Team Levine<\/title>\n<meta name=\"description\" content=\"Team Levine\" \/>\n<meta name=\"robots\" content=\"index, follow, max-snippet:-1, max-image-preview:large, max-video-preview:-1\" \/>\n<link rel=\"canonical\" href=\"https:\/\/teamlevine.ca\/mortgage\/non-resident-program\/\" \/>\n<meta property=\"og:locale\" content=\"fr_FR\" \/>\n<meta property=\"og:type\" content=\"article\" \/>\n<meta property=\"og:title\" content=\"Team Levine\" \/>\n<meta property=\"og:description\" content=\"Team Levine\" \/>\n<meta property=\"og:url\" content=\"https:\/\/teamlevine.ca\/mortgage\/non-resident-program\/\" \/>\n<meta property=\"og:site_name\" content=\"Team Levine\" \/>\n<meta property=\"article:modified_time\" content=\"2022-08-24T19:57:37+00:00\" \/>\n<meta name=\"twitter:card\" content=\"summary_large_image\" \/>\n<meta name=\"twitter:label1\" content=\"Dur\u00e9e de lecture estim\u00e9e\" \/>\n\t<meta name=\"twitter:data1\" content=\"2 minutes\" \/>\n<script type=\"application\/ld+json\" class=\"yoast-schema-graph\">{\"@context\":\"https:\\\/\\\/schema.org\",\"@graph\":[{\"@type\":\"WebPage\",\"@id\":\"https:\\\/\\\/teamlevine.ca\\\/mortgage\\\/non-resident-program\\\/\",\"url\":\"https:\\\/\\\/teamlevine.ca\\\/mortgage\\\/non-resident-program\\\/\",\"name\":\"Team Levine\",\"isPartOf\":{\"@id\":\"https:\\\/\\\/teamlevine.ca\\\/#website\"},\"datePublished\":\"2017-02-25T03:32:25+00:00\",\"dateModified\":\"2022-08-24T19:57:37+00:00\",\"description\":\"Team Levine\",\"breadcrumb\":{\"@id\":\"https:\\\/\\\/teamlevine.ca\\\/mortgage\\\/non-resident-program\\\/#breadcrumb\"},\"inLanguage\":\"fr-FR\",\"potentialAction\":[{\"@type\":\"ReadAction\",\"target\":[\"https:\\\/\\\/teamlevine.ca\\\/mortgage\\\/non-resident-program\\\/\"]}]},{\"@type\":\"BreadcrumbList\",\"@id\":\"https:\\\/\\\/teamlevine.ca\\\/mortgage\\\/non-resident-program\\\/#breadcrumb\",\"itemListElement\":[{\"@type\":\"ListItem\",\"position\":1,\"name\":\"Home\",\"item\":\"https:\\\/\\\/teamlevine.ca\\\/\"},{\"@type\":\"ListItem\",\"position\":2,\"name\":\"Mortgage\",\"item\":\"https:\\\/\\\/teamlevine.ca\\\/mortgage\\\/\"},{\"@type\":\"ListItem\",\"position\":3,\"name\":\"Non Resident Program\"}]},{\"@type\":\"WebSite\",\"@id\":\"https:\\\/\\\/teamlevine.ca\\\/#website\",\"url\":\"https:\\\/\\\/teamlevine.ca\\\/\",\"name\":\"Team Levine\",\"description\":\"\",\"potentialAction\":[{\"@type\":\"SearchAction\",\"target\":{\"@type\":\"EntryPoint\",\"urlTemplate\":\"https:\\\/\\\/teamlevine.ca\\\/?s={search_term_string}\"},\"query-input\":{\"@type\":\"PropertyValueSpecification\",\"valueRequired\":true,\"valueName\":\"search_term_string\"}}],\"inLanguage\":\"fr-FR\"}]}<\/script>\n<!-- \/ Yoast SEO plugin. -->","yoast_head_json":{"title":"Team Levine","description":"Team Levine","robots":{"index":"index","follow":"follow","max-snippet":"max-snippet:-1","max-image-preview":"max-image-preview:large","max-video-preview":"max-video-preview:-1"},"canonical":"https:\/\/teamlevine.ca\/mortgage\/non-resident-program\/","og_locale":"fr_FR","og_type":"article","og_title":"Team Levine","og_description":"Team Levine","og_url":"https:\/\/teamlevine.ca\/mortgage\/non-resident-program\/","og_site_name":"Team Levine","article_modified_time":"2022-08-24T19:57:37+00:00","twitter_card":"summary_large_image","twitter_misc":{"Dur\u00e9e de lecture estim\u00e9e":"2 minutes"},"schema":{"@context":"https:\/\/schema.org","@graph":[{"@type":"WebPage","@id":"https:\/\/teamlevine.ca\/mortgage\/non-resident-program\/","url":"https:\/\/teamlevine.ca\/mortgage\/non-resident-program\/","name":"Team Levine","isPartOf":{"@id":"https:\/\/teamlevine.ca\/#website"},"datePublished":"2017-02-25T03:32:25+00:00","dateModified":"2022-08-24T19:57:37+00:00","description":"Team Levine","breadcrumb":{"@id":"https:\/\/teamlevine.ca\/mortgage\/non-resident-program\/#breadcrumb"},"inLanguage":"fr-FR","potentialAction":[{"@type":"ReadAction","target":["https:\/\/teamlevine.ca\/mortgage\/non-resident-program\/"]}]},{"@type":"BreadcrumbList","@id":"https:\/\/teamlevine.ca\/mortgage\/non-resident-program\/#breadcrumb","itemListElement":[{"@type":"ListItem","position":1,"name":"Home","item":"https:\/\/teamlevine.ca\/"},{"@type":"ListItem","position":2,"name":"Mortgage","item":"https:\/\/teamlevine.ca\/mortgage\/"},{"@type":"ListItem","position":3,"name":"Non Resident Program"}]},{"@type":"WebSite","@id":"https:\/\/teamlevine.ca\/#website","url":"https:\/\/teamlevine.ca\/","name":"Team Levine","description":"","potentialAction":[{"@type":"SearchAction","target":{"@type":"EntryPoint","urlTemplate":"https:\/\/teamlevine.ca\/?s={search_term_string}"},"query-input":{"@type":"PropertyValueSpecification","valueRequired":true,"valueName":"search_term_string"}}],"inLanguage":"fr-FR"}]}},"_links":{"self":[{"href":"https:\/\/teamlevine.ca\/fr\/wp-json\/wp\/v2\/pages\/244","targetHints":{"allow":["GET"]}}],"collection":[{"href":"https:\/\/teamlevine.ca\/fr\/wp-json\/wp\/v2\/pages"}],"about":[{"href":"https:\/\/teamlevine.ca\/fr\/wp-json\/wp\/v2\/types\/page"}],"author":[{"embeddable":true,"href":"https:\/\/teamlevine.ca\/fr\/wp-json\/wp\/v2\/users\/1"}],"replies":[{"embeddable":true,"href":"https:\/\/teamlevine.ca\/fr\/wp-json\/wp\/v2\/comments?post=244"}],"version-history":[{"count":5,"href":"https:\/\/teamlevine.ca\/fr\/wp-json\/wp\/v2\/pages\/244\/revisions"}],"predecessor-version":[{"id":1186,"href":"https:\/\/teamlevine.ca\/fr\/wp-json\/wp\/v2\/pages\/244\/revisions\/1186"}],"up":[{"embeddable":true,"href":"https:\/\/teamlevine.ca\/fr\/wp-json\/wp\/v2\/pages\/56"}],"wp:attachment":[{"href":"https:\/\/teamlevine.ca\/fr\/wp-json\/wp\/v2\/media?parent=244"}],"curies":[{"name":"wp","href":"https:\/\/api.w.org\/{rel}","templated":true}]}}