{"id":242,"date":"2017-02-25T03:30:52","date_gmt":"2017-02-25T03:30:52","guid":{"rendered":"https:\/\/teamlevine.ca\/?page_id=242"},"modified":"2021-04-09T10:19:37","modified_gmt":"2021-04-09T14:19:37","slug":"nouveaux-arrivants-au-canada","status":"publish","type":"page","link":"https:\/\/teamlevine.ca\/fr\/hypotheques\/nouveaux-arrivants-au-canada\/","title":{"rendered":"Hypoth\u00e8que : Nouveaux arrivants au Canada"},"content":{"rendered":"<p>Vous \u00eates arriv\u00e9 au Canada au cours des 5 derni\u00e8res ann\u00e9es? Le programme pour nouveaux arrivants au Canada peut s&rsquo;av\u00e9rer la solution id\u00e9ale pour vous. Nous pouvons vous procurer un pr\u00eat hypoth\u00e9caire avec une mise de fonds aussi minime que 5 %! Voici ce que vous devez savoir :-<\/p>\n<p>Ce programme s&rsquo;adresse \u00e0 vous si vous poss\u00e9dez un permis de travail valide ou si vous \u00eates un r\u00e9sident permanent.<\/p>\n<ul>\n<li>Vous devez avoir un emploi stable depuis au moins 3 mois et \u00eatre un employ\u00e9 permanent (vous ne pouvez \u00eatre en p\u00e9riode probatoire).<\/li>\n<li>La mise de fonds de 5 % doit provenir de vos propres fonds. Tout ce qui est au-dessus du 5 % peut provenir d&rsquo;un don.<\/li>\n<\/ul>\n<p>Si vous versez une mise de fonds de 5 % et que vous n&rsquo;avez pas de cr\u00e9dit \u00e9tabli, vous devrez fournir des factures de services publics (\u00e9lectricit\u00e9, t\u00e9l\u00e9phone cellulaire, c\u00e2ble, t\u00e9l\u00e9phone, lettre de votre propri\u00e9taire, etc.) pour une p\u00e9riode de 12 mois. Ces documents montreront votre historique de cr\u00e9dit ainsi que votre capacit\u00e9 \u00e0 rembourser vos dettes.<\/p>\n<p>Si vous versez une mise de fonds de 10 %, alors vous pouvez fournir votre historique de cr\u00e9dit pour 6 mois seulement au lieu de 12.<\/p>\n<p>Gardez \u00e0 l&rsquo;esprit que, pour 6 ou 12 mois, vous devez fournir deux preuves de cr\u00e9dit diff\u00e9rentes parmi les exemples mentionn\u00e9s ci-dessus.<\/p>\n<p>Si vous consid\u00e9rez que ce programme correspond \u00e0 votre profil, appelez-nous, et un de nos aimables repr\u00e9sentants se fera un plaisir de vous aider.<\/p>","protected":false},"excerpt":{"rendered":"<p>Vous \u00eates arriv\u00e9 au Canada au cours des 5 derni\u00e8res ann\u00e9es? Le programme pour nouveaux arrivants au Canada peut s&rsquo;av\u00e9rer la solution id\u00e9ale pour vous. Nous pouvons vous procurer un pr\u00eat hypoth\u00e9caire avec une mise de fonds aussi minime que 5 %! Voici ce que vous devez savoir :- Ce programme s&rsquo;adresse \u00e0 vous si [&hellip;]<\/p>\n","protected":false},"author":1,"featured_media":0,"parent":56,"menu_order":63,"comment_status":"closed","ping_status":"closed","template":"page-services-detail.php","meta":{"_acf_changed":false,"footnotes":""},"class_list":["post-242","page","type-page","status-publish","hentry"],"acf":[],"yoast_head":"<!-- This site is optimized with the Yoast SEO plugin v27.3 - https:\/\/yoast.com\/product\/yoast-seo-wordpress\/ -->\n<title>Team Levine<\/title>\n<meta name=\"description\" content=\"Team Levine\" \/>\n<meta name=\"robots\" content=\"index, follow, max-snippet:-1, max-image-preview:large, max-video-preview:-1\" \/>\n<link rel=\"canonical\" href=\"https:\/\/teamlevine.ca\/mortgage\/new-to-canada-program\/\" \/>\n<meta property=\"og:locale\" content=\"fr_FR\" \/>\n<meta property=\"og:type\" content=\"article\" \/>\n<meta property=\"og:title\" content=\"Team Levine\" \/>\n<meta property=\"og:description\" content=\"Team Levine\" \/>\n<meta property=\"og:url\" content=\"https:\/\/teamlevine.ca\/mortgage\/new-to-canada-program\/\" \/>\n<meta property=\"og:site_name\" content=\"Team Levine\" \/>\n<meta property=\"article:modified_time\" content=\"2021-04-09T14:19:37+00:00\" \/>\n<meta name=\"twitter:card\" content=\"summary_large_image\" \/>\n<meta name=\"twitter:label1\" content=\"Dur\u00e9e de lecture estim\u00e9e\" \/>\n\t<meta name=\"twitter:data1\" content=\"2 minutes\" \/>\n<script type=\"application\/ld+json\" class=\"yoast-schema-graph\">{\"@context\":\"https:\\\/\\\/schema.org\",\"@graph\":[{\"@type\":\"WebPage\",\"@id\":\"https:\\\/\\\/teamlevine.ca\\\/mortgage\\\/new-to-canada-program\\\/\",\"url\":\"https:\\\/\\\/teamlevine.ca\\\/mortgage\\\/new-to-canada-program\\\/\",\"name\":\"Team Levine\",\"isPartOf\":{\"@id\":\"https:\\\/\\\/teamlevine.ca\\\/#website\"},\"datePublished\":\"2017-02-25T03:30:52+00:00\",\"dateModified\":\"2021-04-09T14:19:37+00:00\",\"description\":\"Team Levine\",\"breadcrumb\":{\"@id\":\"https:\\\/\\\/teamlevine.ca\\\/mortgage\\\/new-to-canada-program\\\/#breadcrumb\"},\"inLanguage\":\"fr-FR\",\"potentialAction\":[{\"@type\":\"ReadAction\",\"target\":[\"https:\\\/\\\/teamlevine.ca\\\/mortgage\\\/new-to-canada-program\\\/\"]}]},{\"@type\":\"BreadcrumbList\",\"@id\":\"https:\\\/\\\/teamlevine.ca\\\/mortgage\\\/new-to-canada-program\\\/#breadcrumb\",\"itemListElement\":[{\"@type\":\"ListItem\",\"position\":1,\"name\":\"Home\",\"item\":\"https:\\\/\\\/teamlevine.ca\\\/\"},{\"@type\":\"ListItem\",\"position\":2,\"name\":\"Mortgage\",\"item\":\"https:\\\/\\\/teamlevine.ca\\\/mortgage\\\/\"},{\"@type\":\"ListItem\",\"position\":3,\"name\":\"New to Canada Program\"}]},{\"@type\":\"WebSite\",\"@id\":\"https:\\\/\\\/teamlevine.ca\\\/#website\",\"url\":\"https:\\\/\\\/teamlevine.ca\\\/\",\"name\":\"Team Levine\",\"description\":\"\",\"potentialAction\":[{\"@type\":\"SearchAction\",\"target\":{\"@type\":\"EntryPoint\",\"urlTemplate\":\"https:\\\/\\\/teamlevine.ca\\\/?s={search_term_string}\"},\"query-input\":{\"@type\":\"PropertyValueSpecification\",\"valueRequired\":true,\"valueName\":\"search_term_string\"}}],\"inLanguage\":\"fr-FR\"}]}<\/script>\n<!-- \/ Yoast SEO plugin. -->","yoast_head_json":{"title":"Team Levine","description":"Team Levine","robots":{"index":"index","follow":"follow","max-snippet":"max-snippet:-1","max-image-preview":"max-image-preview:large","max-video-preview":"max-video-preview:-1"},"canonical":"https:\/\/teamlevine.ca\/mortgage\/new-to-canada-program\/","og_locale":"fr_FR","og_type":"article","og_title":"Team Levine","og_description":"Team Levine","og_url":"https:\/\/teamlevine.ca\/mortgage\/new-to-canada-program\/","og_site_name":"Team Levine","article_modified_time":"2021-04-09T14:19:37+00:00","twitter_card":"summary_large_image","twitter_misc":{"Dur\u00e9e de lecture estim\u00e9e":"2 minutes"},"schema":{"@context":"https:\/\/schema.org","@graph":[{"@type":"WebPage","@id":"https:\/\/teamlevine.ca\/mortgage\/new-to-canada-program\/","url":"https:\/\/teamlevine.ca\/mortgage\/new-to-canada-program\/","name":"Team Levine","isPartOf":{"@id":"https:\/\/teamlevine.ca\/#website"},"datePublished":"2017-02-25T03:30:52+00:00","dateModified":"2021-04-09T14:19:37+00:00","description":"Team Levine","breadcrumb":{"@id":"https:\/\/teamlevine.ca\/mortgage\/new-to-canada-program\/#breadcrumb"},"inLanguage":"fr-FR","potentialAction":[{"@type":"ReadAction","target":["https:\/\/teamlevine.ca\/mortgage\/new-to-canada-program\/"]}]},{"@type":"BreadcrumbList","@id":"https:\/\/teamlevine.ca\/mortgage\/new-to-canada-program\/#breadcrumb","itemListElement":[{"@type":"ListItem","position":1,"name":"Home","item":"https:\/\/teamlevine.ca\/"},{"@type":"ListItem","position":2,"name":"Mortgage","item":"https:\/\/teamlevine.ca\/mortgage\/"},{"@type":"ListItem","position":3,"name":"New to Canada Program"}]},{"@type":"WebSite","@id":"https:\/\/teamlevine.ca\/#website","url":"https:\/\/teamlevine.ca\/","name":"Team Levine","description":"","potentialAction":[{"@type":"SearchAction","target":{"@type":"EntryPoint","urlTemplate":"https:\/\/teamlevine.ca\/?s={search_term_string}"},"query-input":{"@type":"PropertyValueSpecification","valueRequired":true,"valueName":"search_term_string"}}],"inLanguage":"fr-FR"}]}},"_links":{"self":[{"href":"https:\/\/teamlevine.ca\/fr\/wp-json\/wp\/v2\/pages\/242","targetHints":{"allow":["GET"]}}],"collection":[{"href":"https:\/\/teamlevine.ca\/fr\/wp-json\/wp\/v2\/pages"}],"about":[{"href":"https:\/\/teamlevine.ca\/fr\/wp-json\/wp\/v2\/types\/page"}],"author":[{"embeddable":true,"href":"https:\/\/teamlevine.ca\/fr\/wp-json\/wp\/v2\/users\/1"}],"replies":[{"embeddable":true,"href":"https:\/\/teamlevine.ca\/fr\/wp-json\/wp\/v2\/comments?post=242"}],"version-history":[{"count":3,"href":"https:\/\/teamlevine.ca\/fr\/wp-json\/wp\/v2\/pages\/242\/revisions"}],"predecessor-version":[{"id":1032,"href":"https:\/\/teamlevine.ca\/fr\/wp-json\/wp\/v2\/pages\/242\/revisions\/1032"}],"up":[{"embeddable":true,"href":"https:\/\/teamlevine.ca\/fr\/wp-json\/wp\/v2\/pages\/56"}],"wp:attachment":[{"href":"https:\/\/teamlevine.ca\/fr\/wp-json\/wp\/v2\/media?parent=242"}],"curies":[{"name":"wp","href":"https:\/\/api.w.org\/{rel}","templated":true}]}}