{"id":240,"date":"2017-02-25T03:25:37","date_gmt":"2017-02-25T03:25:37","guid":{"rendered":"https:\/\/teamlevine.ca\/?page_id=240"},"modified":"2021-04-09T10:24:50","modified_gmt":"2021-04-09T14:24:50","slug":"travailleurs-autonomes","status":"publish","type":"page","link":"https:\/\/teamlevine.ca\/fr\/hypotheques\/travailleurs-autonomes\/","title":{"rendered":"Hypoth\u00e8que : Travailleurs autonomes"},"content":{"rendered":"<p>Vous poss\u00e9dez votre propre entreprise? Parfois, cette situation complique un peu les choses quand vient le temps d\u2019obtenir un pr\u00eat hypoth\u00e9caire. Comme les revenus des travailleurs autonomes sont souvent instables, la banque demandera \u00e0 consulter les revenus moyens d\u00e9clar\u00e9s au cours des deux derni\u00e8res ann\u00e9es. Si cela suffit pour vous rendre admissible \u00e0 un pr\u00eat hypoth\u00e9caire, alors tout est parfait! Sinon, nous nous tournerons vers des programmes sp\u00e9cialis\u00e9s qui nous permettront d\u2019obtenir le financement n\u00e9cessaire pour votre propri\u00e9t\u00e9. Nous avons plusieurs programmes de pr\u00eats, assur\u00e9e ou conventionnelle, qui peuvent vous convenir. Ne vous d\u00e9couragez pas si votre banque a refus\u00e9 votre demande. Appelez-nous, et nous nous ferons un plaisir vous aider!<\/p>","protected":false},"excerpt":{"rendered":"<p>Vous poss\u00e9dez votre propre entreprise? Parfois, cette situation complique un peu les choses quand vient le temps d\u2019obtenir un pr\u00eat hypoth\u00e9caire. Comme les revenus des travailleurs autonomes sont souvent instables, la banque demandera \u00e0 consulter les revenus moyens d\u00e9clar\u00e9s au cours des deux derni\u00e8res ann\u00e9es. Si cela suffit pour vous rendre admissible \u00e0 un pr\u00eat [&hellip;]<\/p>\n","protected":false},"author":1,"featured_media":0,"parent":56,"menu_order":62,"comment_status":"closed","ping_status":"closed","template":"page-services-detail.php","meta":{"_acf_changed":false,"footnotes":""},"class_list":["post-240","page","type-page","status-publish","hentry"],"acf":[],"yoast_head":"<!-- This site is optimized with the Yoast SEO plugin v27.3 - https:\/\/yoast.com\/product\/yoast-seo-wordpress\/ -->\n<title>Team Levine<\/title>\n<meta name=\"description\" content=\"Team Levine\" \/>\n<meta name=\"robots\" content=\"index, follow, max-snippet:-1, max-image-preview:large, max-video-preview:-1\" \/>\n<link rel=\"canonical\" href=\"https:\/\/teamlevine.ca\/mortgage\/self-employed\/\" \/>\n<meta property=\"og:locale\" content=\"fr_FR\" \/>\n<meta property=\"og:type\" content=\"article\" \/>\n<meta property=\"og:title\" content=\"Team Levine\" \/>\n<meta property=\"og:description\" content=\"Team Levine\" \/>\n<meta property=\"og:url\" content=\"https:\/\/teamlevine.ca\/mortgage\/self-employed\/\" \/>\n<meta property=\"og:site_name\" content=\"Team Levine\" \/>\n<meta property=\"article:modified_time\" content=\"2021-04-09T14:24:50+00:00\" \/>\n<meta name=\"twitter:card\" content=\"summary_large_image\" \/>\n<meta name=\"twitter:label1\" content=\"Dur\u00e9e de lecture estim\u00e9e\" \/>\n\t<meta name=\"twitter:data1\" content=\"1 minute\" \/>\n<script type=\"application\/ld+json\" class=\"yoast-schema-graph\">{\"@context\":\"https:\\\/\\\/schema.org\",\"@graph\":[{\"@type\":\"WebPage\",\"@id\":\"https:\\\/\\\/teamlevine.ca\\\/mortgage\\\/self-employed\\\/\",\"url\":\"https:\\\/\\\/teamlevine.ca\\\/mortgage\\\/self-employed\\\/\",\"name\":\"Team Levine\",\"isPartOf\":{\"@id\":\"https:\\\/\\\/teamlevine.ca\\\/#website\"},\"datePublished\":\"2017-02-25T03:25:37+00:00\",\"dateModified\":\"2021-04-09T14:24:50+00:00\",\"description\":\"Team Levine\",\"breadcrumb\":{\"@id\":\"https:\\\/\\\/teamlevine.ca\\\/mortgage\\\/self-employed\\\/#breadcrumb\"},\"inLanguage\":\"fr-FR\",\"potentialAction\":[{\"@type\":\"ReadAction\",\"target\":[\"https:\\\/\\\/teamlevine.ca\\\/mortgage\\\/self-employed\\\/\"]}]},{\"@type\":\"BreadcrumbList\",\"@id\":\"https:\\\/\\\/teamlevine.ca\\\/mortgage\\\/self-employed\\\/#breadcrumb\",\"itemListElement\":[{\"@type\":\"ListItem\",\"position\":1,\"name\":\"Home\",\"item\":\"https:\\\/\\\/teamlevine.ca\\\/\"},{\"@type\":\"ListItem\",\"position\":2,\"name\":\"Mortgage\",\"item\":\"https:\\\/\\\/teamlevine.ca\\\/mortgage\\\/\"},{\"@type\":\"ListItem\",\"position\":3,\"name\":\"Self-Employed\"}]},{\"@type\":\"WebSite\",\"@id\":\"https:\\\/\\\/teamlevine.ca\\\/#website\",\"url\":\"https:\\\/\\\/teamlevine.ca\\\/\",\"name\":\"Team Levine\",\"description\":\"\",\"potentialAction\":[{\"@type\":\"SearchAction\",\"target\":{\"@type\":\"EntryPoint\",\"urlTemplate\":\"https:\\\/\\\/teamlevine.ca\\\/?s={search_term_string}\"},\"query-input\":{\"@type\":\"PropertyValueSpecification\",\"valueRequired\":true,\"valueName\":\"search_term_string\"}}],\"inLanguage\":\"fr-FR\"}]}<\/script>\n<!-- \/ Yoast SEO plugin. -->","yoast_head_json":{"title":"Team Levine","description":"Team Levine","robots":{"index":"index","follow":"follow","max-snippet":"max-snippet:-1","max-image-preview":"max-image-preview:large","max-video-preview":"max-video-preview:-1"},"canonical":"https:\/\/teamlevine.ca\/mortgage\/self-employed\/","og_locale":"fr_FR","og_type":"article","og_title":"Team Levine","og_description":"Team Levine","og_url":"https:\/\/teamlevine.ca\/mortgage\/self-employed\/","og_site_name":"Team Levine","article_modified_time":"2021-04-09T14:24:50+00:00","twitter_card":"summary_large_image","twitter_misc":{"Dur\u00e9e de lecture estim\u00e9e":"1 minute"},"schema":{"@context":"https:\/\/schema.org","@graph":[{"@type":"WebPage","@id":"https:\/\/teamlevine.ca\/mortgage\/self-employed\/","url":"https:\/\/teamlevine.ca\/mortgage\/self-employed\/","name":"Team Levine","isPartOf":{"@id":"https:\/\/teamlevine.ca\/#website"},"datePublished":"2017-02-25T03:25:37+00:00","dateModified":"2021-04-09T14:24:50+00:00","description":"Team Levine","breadcrumb":{"@id":"https:\/\/teamlevine.ca\/mortgage\/self-employed\/#breadcrumb"},"inLanguage":"fr-FR","potentialAction":[{"@type":"ReadAction","target":["https:\/\/teamlevine.ca\/mortgage\/self-employed\/"]}]},{"@type":"BreadcrumbList","@id":"https:\/\/teamlevine.ca\/mortgage\/self-employed\/#breadcrumb","itemListElement":[{"@type":"ListItem","position":1,"name":"Home","item":"https:\/\/teamlevine.ca\/"},{"@type":"ListItem","position":2,"name":"Mortgage","item":"https:\/\/teamlevine.ca\/mortgage\/"},{"@type":"ListItem","position":3,"name":"Self-Employed"}]},{"@type":"WebSite","@id":"https:\/\/teamlevine.ca\/#website","url":"https:\/\/teamlevine.ca\/","name":"Team Levine","description":"","potentialAction":[{"@type":"SearchAction","target":{"@type":"EntryPoint","urlTemplate":"https:\/\/teamlevine.ca\/?s={search_term_string}"},"query-input":{"@type":"PropertyValueSpecification","valueRequired":true,"valueName":"search_term_string"}}],"inLanguage":"fr-FR"}]}},"_links":{"self":[{"href":"https:\/\/teamlevine.ca\/fr\/wp-json\/wp\/v2\/pages\/240","targetHints":{"allow":["GET"]}}],"collection":[{"href":"https:\/\/teamlevine.ca\/fr\/wp-json\/wp\/v2\/pages"}],"about":[{"href":"https:\/\/teamlevine.ca\/fr\/wp-json\/wp\/v2\/types\/page"}],"author":[{"embeddable":true,"href":"https:\/\/teamlevine.ca\/fr\/wp-json\/wp\/v2\/users\/1"}],"replies":[{"embeddable":true,"href":"https:\/\/teamlevine.ca\/fr\/wp-json\/wp\/v2\/comments?post=240"}],"version-history":[{"count":3,"href":"https:\/\/teamlevine.ca\/fr\/wp-json\/wp\/v2\/pages\/240\/revisions"}],"predecessor-version":[{"id":1039,"href":"https:\/\/teamlevine.ca\/fr\/wp-json\/wp\/v2\/pages\/240\/revisions\/1039"}],"up":[{"embeddable":true,"href":"https:\/\/teamlevine.ca\/fr\/wp-json\/wp\/v2\/pages\/56"}],"wp:attachment":[{"href":"https:\/\/teamlevine.ca\/fr\/wp-json\/wp\/v2\/media?parent=240"}],"curies":[{"name":"wp","href":"https:\/\/api.w.org\/{rel}","templated":true}]}}