{"id":238,"date":"2017-02-25T03:23:45","date_gmt":"2017-02-25T03:23:45","guid":{"rendered":"https:\/\/teamlevine.ca\/?page_id=238"},"modified":"2024-10-15T02:59:56","modified_gmt":"2024-10-15T06:59:56","slug":"financement-interimaire","status":"publish","type":"page","link":"https:\/\/teamlevine.ca\/fr\/hypotheques\/financement-interimaire\/","title":{"rendered":"Hypoth\u00e8que : Financement int\u00e9rimaire"},"content":{"rendered":"<p>Vous poss\u00e9dez actuellement une propri\u00e9t\u00e9 et vous cherchez une maison plus grande? D\u00e8s que vous aurez trouv\u00e9 la nouvelle maison de vos r\u00eaves, vous devrez peut-\u00eatre vendre votre maison afin d&rsquo;acheter la nouvelle. Si tel est le cas, lorsque vous faites une offre d&rsquo;achat sur la nouvelle propri\u00e9t\u00e9, celle-ci devra \u00eatre conditionnelle \u00e0 la vente de votre maison actuelle.<\/p>\n<p>Bonne nouvelle : votre offre d&rsquo;achat pour la nouvelle maison est accept\u00e9e! Si votre maison actuelle n&rsquo;est pas d\u00e9j\u00e0 en vente sur le march\u00e9, il est grand temps d&rsquo;agir! Le financement int\u00e9rimaire entre en jeu si la date d&rsquo;achat de votre nouvelle maison pr\u00e9c\u00e8de la date de vente de votre propri\u00e9t\u00e9 actuelle. La banque comblera cet \u00e9cart en vous pr\u00eatant le montant complet pour le prix d&rsquo;achat, sachant que lorsque votre propri\u00e9t\u00e9 se vendra, vous serez en mesure de rembourser le financement int\u00e9rimaire.<\/p>\n<p>Les banques offrent un financement int\u00e9rimaire seulement pour quelques mois, tout au plus, et elles voudront s&rsquo;assurer que vous d\u00e9tenez une offre inconditionnelle ferme pour votre maison actuelle avant d&rsquo;accepter le financement int\u00e9rimaire.<\/p>\n<p>Les taux d&rsquo;int\u00e9r\u00eat sont plus \u00e9lev\u00e9s pour un financement int\u00e9rimaire. Il est donc important de noter que cette option constitue seulement une solution temporaire. N\u00e9anmoins, un financement int\u00e9rimaire peut s&rsquo;av\u00e9rer un pr\u00e9cieux outil, car il vous permet de simplifier une situation potentiellement complexe.<\/p>\n<p>Vous souhaitez obtenir plus d&rsquo;information? Comme toujours, nous sommes l\u00e0 pour vous aider. N&rsquo;h\u00e9sitez pas \u00e0 nous appeler!<\/p>\n<p>Vous avez besoin d&rsquo;un courtier immobilier? Un de nos courtiers sera ravi de collaborer avec vous tant pour l&rsquo;achat que pour la vente de vos propri\u00e9t\u00e9s. Renseignez-vous d\u00e8s maintenant!<\/p>","protected":false},"excerpt":{"rendered":"<p>Vous poss\u00e9dez actuellement une propri\u00e9t\u00e9 et vous cherchez une maison plus grande? D\u00e8s que vous aurez trouv\u00e9 la nouvelle maison de vos r\u00eaves, vous devrez peut-\u00eatre vendre votre maison afin d&rsquo;acheter la nouvelle. Si tel est le cas, lorsque vous faites une offre d&rsquo;achat sur la nouvelle propri\u00e9t\u00e9, celle-ci devra \u00eatre conditionnelle \u00e0 la vente [&hellip;]<\/p>\n","protected":false},"author":1,"featured_media":0,"parent":56,"menu_order":61,"comment_status":"closed","ping_status":"closed","template":"page-services-detail.php","meta":{"_acf_changed":false,"footnotes":""},"class_list":["post-238","page","type-page","status-publish","hentry"],"acf":[],"yoast_head":"<!-- This site is optimized with the Yoast SEO plugin v27.3 - https:\/\/yoast.com\/product\/yoast-seo-wordpress\/ -->\n<title>Financement int\u00e9rimaire et Hypoth\u00e8que : nos services | Team LevineFinancement int\u00e9rimaire et Hypoth\u00e8que : nos services | Team Levine<\/title>\n<meta name=\"description\" content=\"D\u00e9couvrez nos services d&#039;hypoth\u00e8que pour financement int\u00e9rimaire et lancez-vous dans vos projets. Team Levine, vos experts en services d&#039;hypoth\u00e8que \u00e0 Montr\u00e9al.D\u00e9couvrez nos services d&#039;hypoth\u00e8que pour financement int\u00e9rimaire et lancez-vous dans vos projets. Team Levine, vos experts en services d&#039;hypoth\u00e8que \u00e0 Montr\u00e9al.\" \/>\n<meta name=\"robots\" content=\"index, follow, max-snippet:-1, max-image-preview:large, max-video-preview:-1\" \/>\n<link rel=\"canonical\" href=\"https:\/\/teamlevine.ca\/mortgage\/bridge-loans\/\" \/>\n<meta property=\"og:locale\" content=\"fr_FR\" \/>\n<meta property=\"og:type\" content=\"article\" \/>\n<meta property=\"og:title\" content=\"[:en]Bridging A Mortgage Loan, Bridge Loans Montreal[:fr]Financement int\u00e9rimaire et Hypoth\u00e8que : nos services | Team LevineFinancement int\u00e9rimaire et Hypoth\u00e8que : nos services | Team Levine[:]\" \/>\n<meta property=\"og:description\" content=\"{:en}Secure your transition with bridge loans in Montreal. Bridge the gap between mortgages seamlessly with our tailored loan solutions.{:fr}D\u00e9couvrez nos services d&#039;hypoth\u00e8que pour financement int\u00e9rimaire et lancez-vous dans vos projets. Team Levine, vos experts en services d&#039;hypoth\u00e8que \u00e0 Montr\u00e9al.D\u00e9couvrez nos services d&#039;hypoth\u00e8que pour financement int\u00e9rimaire et lancez-vous dans vos projets. Team Levine, vos experts en services d&#039;hypoth\u00e8que \u00e0 Montr\u00e9al.{:}\" \/>\n<meta property=\"og:url\" content=\"https:\/\/teamlevine.ca\/mortgage\/bridge-loans\/\" \/>\n<meta property=\"og:site_name\" content=\"Team Levine\" \/>\n<meta property=\"article:modified_time\" content=\"2024-10-15T06:59:56+00:00\" \/>\n<meta name=\"twitter:card\" content=\"summary_large_image\" \/>\n<meta name=\"twitter:label1\" content=\"Dur\u00e9e de lecture estim\u00e9e\" \/>\n\t<meta name=\"twitter:data1\" content=\"2 minutes\" \/>\n<script type=\"application\/ld+json\" class=\"yoast-schema-graph\">{\"@context\":\"https:\\\/\\\/schema.org\",\"@graph\":[{\"@type\":\"WebPage\",\"@id\":\"https:\\\/\\\/teamlevine.ca\\\/mortgage\\\/bridge-loans\\\/\",\"url\":\"https:\\\/\\\/teamlevine.ca\\\/mortgage\\\/bridge-loans\\\/\",\"name\":\"[:en]Bridging A Mortgage Loan, Bridge Loans Montreal[:fr]Financement int\u00e9rimaire et Hypoth\u00e8que : nos services | Team LevineFinancement int\u00e9rimaire et Hypoth\u00e8que : nos services | Team Levine[:]\",\"isPartOf\":{\"@id\":\"https:\\\/\\\/teamlevine.ca\\\/#website\"},\"datePublished\":\"2017-02-25T03:23:45+00:00\",\"dateModified\":\"2024-10-15T06:59:56+00:00\",\"description\":\"{:en}Secure your transition with bridge loans in Montreal. Bridge the gap between mortgages seamlessly with our tailored loan solutions.{:fr}D\u00e9couvrez nos services d'hypoth\u00e8que pour financement int\u00e9rimaire et lancez-vous dans vos projets. Team Levine, vos experts en services d'hypoth\u00e8que \u00e0 Montr\u00e9al.D\u00e9couvrez nos services d'hypoth\u00e8que pour financement int\u00e9rimaire et lancez-vous dans vos projets. Team Levine, vos experts en services d'hypoth\u00e8que \u00e0 Montr\u00e9al.{:}\",\"breadcrumb\":{\"@id\":\"https:\\\/\\\/teamlevine.ca\\\/mortgage\\\/bridge-loans\\\/#breadcrumb\"},\"inLanguage\":\"fr-FR\",\"potentialAction\":[{\"@type\":\"ReadAction\",\"target\":[\"https:\\\/\\\/teamlevine.ca\\\/mortgage\\\/bridge-loans\\\/\"]}]},{\"@type\":\"BreadcrumbList\",\"@id\":\"https:\\\/\\\/teamlevine.ca\\\/mortgage\\\/bridge-loans\\\/#breadcrumb\",\"itemListElement\":[{\"@type\":\"ListItem\",\"position\":1,\"name\":\"Home\",\"item\":\"https:\\\/\\\/teamlevine.ca\\\/\"},{\"@type\":\"ListItem\",\"position\":2,\"name\":\"Mortgage\",\"item\":\"https:\\\/\\\/teamlevine.ca\\\/mortgage\\\/\"},{\"@type\":\"ListItem\",\"position\":3,\"name\":\"Bridge Loans\"}]},{\"@type\":\"WebSite\",\"@id\":\"https:\\\/\\\/teamlevine.ca\\\/#website\",\"url\":\"https:\\\/\\\/teamlevine.ca\\\/\",\"name\":\"Team Levine\",\"description\":\"\",\"potentialAction\":[{\"@type\":\"SearchAction\",\"target\":{\"@type\":\"EntryPoint\",\"urlTemplate\":\"https:\\\/\\\/teamlevine.ca\\\/?s={search_term_string}\"},\"query-input\":{\"@type\":\"PropertyValueSpecification\",\"valueRequired\":true,\"valueName\":\"search_term_string\"}}],\"inLanguage\":\"fr-FR\"}]}<\/script>\n<!-- \/ Yoast SEO plugin. -->","yoast_head_json":{"title":"Financement int\u00e9rimaire et Hypoth\u00e8que : nos services | Team LevineFinancement int\u00e9rimaire et Hypoth\u00e8que : nos services | Team Levine","description":"D\u00e9couvrez nos services d'hypoth\u00e8que pour financement int\u00e9rimaire et lancez-vous dans vos projets. Team Levine, vos experts en services d'hypoth\u00e8que \u00e0 Montr\u00e9al.D\u00e9couvrez nos services d'hypoth\u00e8que pour financement int\u00e9rimaire et lancez-vous dans vos projets. Team Levine, vos experts en services d'hypoth\u00e8que \u00e0 Montr\u00e9al.","robots":{"index":"index","follow":"follow","max-snippet":"max-snippet:-1","max-image-preview":"max-image-preview:large","max-video-preview":"max-video-preview:-1"},"canonical":"https:\/\/teamlevine.ca\/mortgage\/bridge-loans\/","og_locale":"fr_FR","og_type":"article","og_title":"[:en]Bridging A Mortgage Loan, Bridge Loans Montreal[:fr]Financement int\u00e9rimaire et Hypoth\u00e8que : nos services | Team LevineFinancement int\u00e9rimaire et Hypoth\u00e8que : nos services | Team Levine[:]","og_description":"{:en}Secure your transition with bridge loans in Montreal. Bridge the gap between mortgages seamlessly with our tailored loan solutions.{:fr}D\u00e9couvrez nos services d'hypoth\u00e8que pour financement int\u00e9rimaire et lancez-vous dans vos projets. Team Levine, vos experts en services d'hypoth\u00e8que \u00e0 Montr\u00e9al.D\u00e9couvrez nos services d'hypoth\u00e8que pour financement int\u00e9rimaire et lancez-vous dans vos projets. Team Levine, vos experts en services d'hypoth\u00e8que \u00e0 Montr\u00e9al.{:}","og_url":"https:\/\/teamlevine.ca\/mortgage\/bridge-loans\/","og_site_name":"Team Levine","article_modified_time":"2024-10-15T06:59:56+00:00","twitter_card":"summary_large_image","twitter_misc":{"Dur\u00e9e de lecture estim\u00e9e":"2 minutes"},"schema":{"@context":"https:\/\/schema.org","@graph":[{"@type":"WebPage","@id":"https:\/\/teamlevine.ca\/mortgage\/bridge-loans\/","url":"https:\/\/teamlevine.ca\/mortgage\/bridge-loans\/","name":"[:en]Bridging A Mortgage Loan, Bridge Loans Montreal[:fr]Financement int\u00e9rimaire et Hypoth\u00e8que : nos services | Team LevineFinancement int\u00e9rimaire et Hypoth\u00e8que : nos services | Team Levine[:]","isPartOf":{"@id":"https:\/\/teamlevine.ca\/#website"},"datePublished":"2017-02-25T03:23:45+00:00","dateModified":"2024-10-15T06:59:56+00:00","description":"{:en}Secure your transition with bridge loans in Montreal. Bridge the gap between mortgages seamlessly with our tailored loan solutions.{:fr}D\u00e9couvrez nos services d'hypoth\u00e8que pour financement int\u00e9rimaire et lancez-vous dans vos projets. Team Levine, vos experts en services d'hypoth\u00e8que \u00e0 Montr\u00e9al.D\u00e9couvrez nos services d'hypoth\u00e8que pour financement int\u00e9rimaire et lancez-vous dans vos projets. Team Levine, vos experts en services d'hypoth\u00e8que \u00e0 Montr\u00e9al.{:}","breadcrumb":{"@id":"https:\/\/teamlevine.ca\/mortgage\/bridge-loans\/#breadcrumb"},"inLanguage":"fr-FR","potentialAction":[{"@type":"ReadAction","target":["https:\/\/teamlevine.ca\/mortgage\/bridge-loans\/"]}]},{"@type":"BreadcrumbList","@id":"https:\/\/teamlevine.ca\/mortgage\/bridge-loans\/#breadcrumb","itemListElement":[{"@type":"ListItem","position":1,"name":"Home","item":"https:\/\/teamlevine.ca\/"},{"@type":"ListItem","position":2,"name":"Mortgage","item":"https:\/\/teamlevine.ca\/mortgage\/"},{"@type":"ListItem","position":3,"name":"Bridge Loans"}]},{"@type":"WebSite","@id":"https:\/\/teamlevine.ca\/#website","url":"https:\/\/teamlevine.ca\/","name":"Team Levine","description":"","potentialAction":[{"@type":"SearchAction","target":{"@type":"EntryPoint","urlTemplate":"https:\/\/teamlevine.ca\/?s={search_term_string}"},"query-input":{"@type":"PropertyValueSpecification","valueRequired":true,"valueName":"search_term_string"}}],"inLanguage":"fr-FR"}]}},"_links":{"self":[{"href":"https:\/\/teamlevine.ca\/fr\/wp-json\/wp\/v2\/pages\/238","targetHints":{"allow":["GET"]}}],"collection":[{"href":"https:\/\/teamlevine.ca\/fr\/wp-json\/wp\/v2\/pages"}],"about":[{"href":"https:\/\/teamlevine.ca\/fr\/wp-json\/wp\/v2\/types\/page"}],"author":[{"embeddable":true,"href":"https:\/\/teamlevine.ca\/fr\/wp-json\/wp\/v2\/users\/1"}],"replies":[{"embeddable":true,"href":"https:\/\/teamlevine.ca\/fr\/wp-json\/wp\/v2\/comments?post=238"}],"version-history":[{"count":4,"href":"https:\/\/teamlevine.ca\/fr\/wp-json\/wp\/v2\/pages\/238\/revisions"}],"predecessor-version":[{"id":1482,"href":"https:\/\/teamlevine.ca\/fr\/wp-json\/wp\/v2\/pages\/238\/revisions\/1482"}],"up":[{"embeddable":true,"href":"https:\/\/teamlevine.ca\/fr\/wp-json\/wp\/v2\/pages\/56"}],"wp:attachment":[{"href":"https:\/\/teamlevine.ca\/fr\/wp-json\/wp\/v2\/media?parent=238"}],"curies":[{"name":"wp","href":"https:\/\/api.w.org\/{rel}","templated":true}]}}