{"id":236,"date":"2017-02-25T03:12:25","date_gmt":"2017-02-25T03:12:25","guid":{"rendered":"https:\/\/teamlevine.ca\/?page_id=236"},"modified":"2021-04-09T09:32:20","modified_gmt":"2021-04-09T13:32:20","slug":"achat-a-letranger","status":"publish","type":"page","link":"https:\/\/teamlevine.ca\/fr\/hypotheques\/achat-a-letranger\/","title":{"rendered":"Hypoth\u00e8que : Achat \u00e0 l\u2019\u00e9tranger"},"content":{"rendered":"<p>\u00c9tant donn\u00e9 que nous sommes agr\u00e9\u00e9s au Canada, nous ne pouvons vous offrir directement un pr\u00eat hypoth\u00e9caire pour une propri\u00e9t\u00e9 \u00e0 l&rsquo;\u00e9tranger. Mais nous avons tout de m\u00eame quelques solutions \u00e0 vous proposer!<\/p>\n<p>Poss\u00e9dez-vous une propri\u00e9t\u00e9 au Canada? Est-ce que vous d\u00e9tenez une certaine \u00e9quit\u00e9 dans votre propri\u00e9t\u00e9? Si tel est le cas, laissez-nous vous aider \u00e0 tirer parti de cette \u00e9quit\u00e9 et \u00e0 l&rsquo;utiliser \u00e0 bon escient! Si la valeur nette que vous avez dans votre propri\u00e9t\u00e9 canadienne est suffisante, nous pouvons vous aider \u00e0 obtenir un refinancement et \u00e0 effectuer un achat comptant ou, du moins, \u00e0 avoir assez d&rsquo;argent pour couvrir la mise de fonds sur la propri\u00e9t\u00e9 \u00e0 l&rsquo;\u00e9tranger.<\/p>","protected":false},"excerpt":{"rendered":"<p>\u00c9tant donn\u00e9 que nous sommes agr\u00e9\u00e9s au Canada, nous ne pouvons vous offrir directement un pr\u00eat hypoth\u00e9caire pour une propri\u00e9t\u00e9 \u00e0 l&rsquo;\u00e9tranger. Mais nous avons tout de m\u00eame quelques solutions \u00e0 vous proposer! Poss\u00e9dez-vous une propri\u00e9t\u00e9 au Canada? Est-ce que vous d\u00e9tenez une certaine \u00e9quit\u00e9 dans votre propri\u00e9t\u00e9? Si tel est le cas, laissez-nous vous [&hellip;]<\/p>\n","protected":false},"author":1,"featured_media":0,"parent":56,"menu_order":60,"comment_status":"closed","ping_status":"closed","template":"page-services-detail.php","meta":{"_acf_changed":false,"footnotes":""},"class_list":["post-236","page","type-page","status-publish","hentry"],"acf":[],"yoast_head":"<!-- This site is optimized with the Yoast SEO plugin v27.3 - https:\/\/yoast.com\/product\/yoast-seo-wordpress\/ -->\n<title>Team Levine<\/title>\n<meta name=\"description\" content=\"Team Levine\" \/>\n<meta name=\"robots\" content=\"index, follow, max-snippet:-1, max-image-preview:large, max-video-preview:-1\" \/>\n<link rel=\"canonical\" href=\"https:\/\/teamlevine.ca\/mortgage\/purchasing-abroad\/\" \/>\n<meta property=\"og:locale\" content=\"fr_FR\" \/>\n<meta property=\"og:type\" content=\"article\" \/>\n<meta property=\"og:title\" content=\"Team Levine\" \/>\n<meta property=\"og:description\" content=\"Team Levine\" \/>\n<meta property=\"og:url\" content=\"https:\/\/teamlevine.ca\/mortgage\/purchasing-abroad\/\" \/>\n<meta property=\"og:site_name\" content=\"Team Levine\" \/>\n<meta property=\"article:modified_time\" content=\"2021-04-09T13:32:20+00:00\" \/>\n<meta name=\"twitter:card\" content=\"summary_large_image\" \/>\n<meta name=\"twitter:label1\" content=\"Dur\u00e9e de lecture estim\u00e9e\" \/>\n\t<meta name=\"twitter:data1\" content=\"1 minute\" \/>\n<script type=\"application\/ld+json\" class=\"yoast-schema-graph\">{\"@context\":\"https:\\\/\\\/schema.org\",\"@graph\":[{\"@type\":\"WebPage\",\"@id\":\"https:\\\/\\\/teamlevine.ca\\\/mortgage\\\/purchasing-abroad\\\/\",\"url\":\"https:\\\/\\\/teamlevine.ca\\\/mortgage\\\/purchasing-abroad\\\/\",\"name\":\"Team Levine\",\"isPartOf\":{\"@id\":\"https:\\\/\\\/teamlevine.ca\\\/#website\"},\"datePublished\":\"2017-02-25T03:12:25+00:00\",\"dateModified\":\"2021-04-09T13:32:20+00:00\",\"description\":\"Team Levine\",\"breadcrumb\":{\"@id\":\"https:\\\/\\\/teamlevine.ca\\\/mortgage\\\/purchasing-abroad\\\/#breadcrumb\"},\"inLanguage\":\"fr-FR\",\"potentialAction\":[{\"@type\":\"ReadAction\",\"target\":[\"https:\\\/\\\/teamlevine.ca\\\/mortgage\\\/purchasing-abroad\\\/\"]}]},{\"@type\":\"BreadcrumbList\",\"@id\":\"https:\\\/\\\/teamlevine.ca\\\/mortgage\\\/purchasing-abroad\\\/#breadcrumb\",\"itemListElement\":[{\"@type\":\"ListItem\",\"position\":1,\"name\":\"Home\",\"item\":\"https:\\\/\\\/teamlevine.ca\\\/\"},{\"@type\":\"ListItem\",\"position\":2,\"name\":\"Mortgage\",\"item\":\"https:\\\/\\\/teamlevine.ca\\\/mortgage\\\/\"},{\"@type\":\"ListItem\",\"position\":3,\"name\":\"Purchasing Abroad\"}]},{\"@type\":\"WebSite\",\"@id\":\"https:\\\/\\\/teamlevine.ca\\\/#website\",\"url\":\"https:\\\/\\\/teamlevine.ca\\\/\",\"name\":\"Team Levine\",\"description\":\"\",\"potentialAction\":[{\"@type\":\"SearchAction\",\"target\":{\"@type\":\"EntryPoint\",\"urlTemplate\":\"https:\\\/\\\/teamlevine.ca\\\/?s={search_term_string}\"},\"query-input\":{\"@type\":\"PropertyValueSpecification\",\"valueRequired\":true,\"valueName\":\"search_term_string\"}}],\"inLanguage\":\"fr-FR\"}]}<\/script>\n<!-- \/ Yoast SEO plugin. -->","yoast_head_json":{"title":"Team Levine","description":"Team Levine","robots":{"index":"index","follow":"follow","max-snippet":"max-snippet:-1","max-image-preview":"max-image-preview:large","max-video-preview":"max-video-preview:-1"},"canonical":"https:\/\/teamlevine.ca\/mortgage\/purchasing-abroad\/","og_locale":"fr_FR","og_type":"article","og_title":"Team Levine","og_description":"Team Levine","og_url":"https:\/\/teamlevine.ca\/mortgage\/purchasing-abroad\/","og_site_name":"Team Levine","article_modified_time":"2021-04-09T13:32:20+00:00","twitter_card":"summary_large_image","twitter_misc":{"Dur\u00e9e de lecture estim\u00e9e":"1 minute"},"schema":{"@context":"https:\/\/schema.org","@graph":[{"@type":"WebPage","@id":"https:\/\/teamlevine.ca\/mortgage\/purchasing-abroad\/","url":"https:\/\/teamlevine.ca\/mortgage\/purchasing-abroad\/","name":"Team Levine","isPartOf":{"@id":"https:\/\/teamlevine.ca\/#website"},"datePublished":"2017-02-25T03:12:25+00:00","dateModified":"2021-04-09T13:32:20+00:00","description":"Team Levine","breadcrumb":{"@id":"https:\/\/teamlevine.ca\/mortgage\/purchasing-abroad\/#breadcrumb"},"inLanguage":"fr-FR","potentialAction":[{"@type":"ReadAction","target":["https:\/\/teamlevine.ca\/mortgage\/purchasing-abroad\/"]}]},{"@type":"BreadcrumbList","@id":"https:\/\/teamlevine.ca\/mortgage\/purchasing-abroad\/#breadcrumb","itemListElement":[{"@type":"ListItem","position":1,"name":"Home","item":"https:\/\/teamlevine.ca\/"},{"@type":"ListItem","position":2,"name":"Mortgage","item":"https:\/\/teamlevine.ca\/mortgage\/"},{"@type":"ListItem","position":3,"name":"Purchasing Abroad"}]},{"@type":"WebSite","@id":"https:\/\/teamlevine.ca\/#website","url":"https:\/\/teamlevine.ca\/","name":"Team Levine","description":"","potentialAction":[{"@type":"SearchAction","target":{"@type":"EntryPoint","urlTemplate":"https:\/\/teamlevine.ca\/?s={search_term_string}"},"query-input":{"@type":"PropertyValueSpecification","valueRequired":true,"valueName":"search_term_string"}}],"inLanguage":"fr-FR"}]}},"_links":{"self":[{"href":"https:\/\/teamlevine.ca\/fr\/wp-json\/wp\/v2\/pages\/236","targetHints":{"allow":["GET"]}}],"collection":[{"href":"https:\/\/teamlevine.ca\/fr\/wp-json\/wp\/v2\/pages"}],"about":[{"href":"https:\/\/teamlevine.ca\/fr\/wp-json\/wp\/v2\/types\/page"}],"author":[{"embeddable":true,"href":"https:\/\/teamlevine.ca\/fr\/wp-json\/wp\/v2\/users\/1"}],"replies":[{"embeddable":true,"href":"https:\/\/teamlevine.ca\/fr\/wp-json\/wp\/v2\/comments?post=236"}],"version-history":[{"count":3,"href":"https:\/\/teamlevine.ca\/fr\/wp-json\/wp\/v2\/pages\/236\/revisions"}],"predecessor-version":[{"id":1023,"href":"https:\/\/teamlevine.ca\/fr\/wp-json\/wp\/v2\/pages\/236\/revisions\/1023"}],"up":[{"embeddable":true,"href":"https:\/\/teamlevine.ca\/fr\/wp-json\/wp\/v2\/pages\/56"}],"wp:attachment":[{"href":"https:\/\/teamlevine.ca\/fr\/wp-json\/wp\/v2\/media?parent=236"}],"curies":[{"name":"wp","href":"https:\/\/api.w.org\/{rel}","templated":true}]}}