{"id":234,"date":"2017-02-25T03:06:16","date_gmt":"2017-02-25T03:06:16","guid":{"rendered":"https:\/\/teamlevine.ca\/?page_id=234"},"modified":"2021-04-09T09:34:07","modified_gmt":"2021-04-09T13:34:07","slug":"achat","status":"publish","type":"page","link":"https:\/\/teamlevine.ca\/fr\/hypotheques\/achat\/","title":{"rendered":"Hypoth\u00e8que : Achat immobilier"},"content":{"rendered":"<p>Vous d\u00e9sirez acheter une propri\u00e9t\u00e9? Nous sommes l\u00e0 pour vous aider! Gr\u00e2ce au vaste \u00e9ventail de banques \u00e0 notre disposition, nous avons la solution pour vous! Que ce soit pour un b\u00e2timent existant ou une nouvelle construction, une propri\u00e9t\u00e9 habit\u00e9e par l&rsquo;acheteur ou un immeuble locatif, nous vous guiderons tout au long de ces d\u00e9marches. Avec l&rsquo;aide d&rsquo;un professionnel, ce processus devient un jeu d&rsquo;enfant \u2013 vous en serez impressionn\u00e9!<\/p>\n<p><strong>Acheteur d&rsquo;une premi\u00e8re maison<\/strong><\/p>\n<p>C&rsquo;est un r\u00e9el privil\u00e8ge chaque fois qu&rsquo;un client nous fait confiance pour l&rsquo;achat de sa premi\u00e8re maison. Cette transaction semble toujours \u00eatre la plus complexe qui soit. Tellement de choses \u00e0 savoir et \u00e0 faire \u2013 tout peut para\u00eetre un peu \u00e9norme \u00e0 g\u00e9rer. Nous sommes l\u00e0 pour vous accompagner dans ces d\u00e9marches. Et notre soutien ne se limite pas qu&rsquo;\u00e0 votre pr\u00eat hypoth\u00e9caire. Notre \u00e9quipe de courtiers, de conseillers en assurance et de notaires veillera \u00e0 ce que vous obteniez les meilleurs taux dans la province!<\/p>","protected":false},"excerpt":{"rendered":"<p>Vous d\u00e9sirez acheter une propri\u00e9t\u00e9? Nous sommes l\u00e0 pour vous aider! Gr\u00e2ce au vaste \u00e9ventail de banques \u00e0 notre disposition, nous avons la solution pour vous! Que ce soit pour un b\u00e2timent existant ou une nouvelle construction, une propri\u00e9t\u00e9 habit\u00e9e par l&rsquo;acheteur ou un immeuble locatif, nous vous guiderons tout au long de ces d\u00e9marches. [&hellip;]<\/p>\n","protected":false},"author":1,"featured_media":0,"parent":56,"menu_order":59,"comment_status":"closed","ping_status":"closed","template":"page-services-detail.php","meta":{"_acf_changed":false,"footnotes":""},"class_list":["post-234","page","type-page","status-publish","hentry"],"acf":[],"yoast_head":"<!-- This site is optimized with the Yoast SEO plugin v27.3 - https:\/\/yoast.com\/product\/yoast-seo-wordpress\/ -->\n<title>Team Levine<\/title>\n<meta name=\"description\" content=\"Team Levine\" \/>\n<meta name=\"robots\" content=\"index, follow, max-snippet:-1, max-image-preview:large, max-video-preview:-1\" \/>\n<link rel=\"canonical\" href=\"https:\/\/teamlevine.ca\/mortgage\/purchase\/\" \/>\n<meta property=\"og:locale\" content=\"fr_FR\" \/>\n<meta property=\"og:type\" content=\"article\" \/>\n<meta property=\"og:title\" content=\"Team Levine\" \/>\n<meta property=\"og:description\" content=\"Team Levine\" \/>\n<meta property=\"og:url\" content=\"https:\/\/teamlevine.ca\/mortgage\/purchase\/\" \/>\n<meta property=\"og:site_name\" content=\"Team Levine\" \/>\n<meta property=\"article:modified_time\" content=\"2021-04-09T13:34:07+00:00\" \/>\n<meta name=\"twitter:card\" content=\"summary_large_image\" \/>\n<meta name=\"twitter:label1\" content=\"Dur\u00e9e de lecture estim\u00e9e\" \/>\n\t<meta name=\"twitter:data1\" content=\"2 minutes\" \/>\n<script type=\"application\/ld+json\" class=\"yoast-schema-graph\">{\"@context\":\"https:\\\/\\\/schema.org\",\"@graph\":[{\"@type\":\"WebPage\",\"@id\":\"https:\\\/\\\/teamlevine.ca\\\/mortgage\\\/purchase\\\/\",\"url\":\"https:\\\/\\\/teamlevine.ca\\\/mortgage\\\/purchase\\\/\",\"name\":\"Team Levine\",\"isPartOf\":{\"@id\":\"https:\\\/\\\/teamlevine.ca\\\/#website\"},\"datePublished\":\"2017-02-25T03:06:16+00:00\",\"dateModified\":\"2021-04-09T13:34:07+00:00\",\"description\":\"Team Levine\",\"breadcrumb\":{\"@id\":\"https:\\\/\\\/teamlevine.ca\\\/mortgage\\\/purchase\\\/#breadcrumb\"},\"inLanguage\":\"fr-FR\",\"potentialAction\":[{\"@type\":\"ReadAction\",\"target\":[\"https:\\\/\\\/teamlevine.ca\\\/mortgage\\\/purchase\\\/\"]}]},{\"@type\":\"BreadcrumbList\",\"@id\":\"https:\\\/\\\/teamlevine.ca\\\/mortgage\\\/purchase\\\/#breadcrumb\",\"itemListElement\":[{\"@type\":\"ListItem\",\"position\":1,\"name\":\"Home\",\"item\":\"https:\\\/\\\/teamlevine.ca\\\/\"},{\"@type\":\"ListItem\",\"position\":2,\"name\":\"Mortgage\",\"item\":\"https:\\\/\\\/teamlevine.ca\\\/mortgage\\\/\"},{\"@type\":\"ListItem\",\"position\":3,\"name\":\"Purchase\"}]},{\"@type\":\"WebSite\",\"@id\":\"https:\\\/\\\/teamlevine.ca\\\/#website\",\"url\":\"https:\\\/\\\/teamlevine.ca\\\/\",\"name\":\"Team Levine\",\"description\":\"\",\"potentialAction\":[{\"@type\":\"SearchAction\",\"target\":{\"@type\":\"EntryPoint\",\"urlTemplate\":\"https:\\\/\\\/teamlevine.ca\\\/?s={search_term_string}\"},\"query-input\":{\"@type\":\"PropertyValueSpecification\",\"valueRequired\":true,\"valueName\":\"search_term_string\"}}],\"inLanguage\":\"fr-FR\"}]}<\/script>\n<!-- \/ Yoast SEO plugin. -->","yoast_head_json":{"title":"Team Levine","description":"Team Levine","robots":{"index":"index","follow":"follow","max-snippet":"max-snippet:-1","max-image-preview":"max-image-preview:large","max-video-preview":"max-video-preview:-1"},"canonical":"https:\/\/teamlevine.ca\/mortgage\/purchase\/","og_locale":"fr_FR","og_type":"article","og_title":"Team Levine","og_description":"Team Levine","og_url":"https:\/\/teamlevine.ca\/mortgage\/purchase\/","og_site_name":"Team Levine","article_modified_time":"2021-04-09T13:34:07+00:00","twitter_card":"summary_large_image","twitter_misc":{"Dur\u00e9e de lecture estim\u00e9e":"2 minutes"},"schema":{"@context":"https:\/\/schema.org","@graph":[{"@type":"WebPage","@id":"https:\/\/teamlevine.ca\/mortgage\/purchase\/","url":"https:\/\/teamlevine.ca\/mortgage\/purchase\/","name":"Team Levine","isPartOf":{"@id":"https:\/\/teamlevine.ca\/#website"},"datePublished":"2017-02-25T03:06:16+00:00","dateModified":"2021-04-09T13:34:07+00:00","description":"Team Levine","breadcrumb":{"@id":"https:\/\/teamlevine.ca\/mortgage\/purchase\/#breadcrumb"},"inLanguage":"fr-FR","potentialAction":[{"@type":"ReadAction","target":["https:\/\/teamlevine.ca\/mortgage\/purchase\/"]}]},{"@type":"BreadcrumbList","@id":"https:\/\/teamlevine.ca\/mortgage\/purchase\/#breadcrumb","itemListElement":[{"@type":"ListItem","position":1,"name":"Home","item":"https:\/\/teamlevine.ca\/"},{"@type":"ListItem","position":2,"name":"Mortgage","item":"https:\/\/teamlevine.ca\/mortgage\/"},{"@type":"ListItem","position":3,"name":"Purchase"}]},{"@type":"WebSite","@id":"https:\/\/teamlevine.ca\/#website","url":"https:\/\/teamlevine.ca\/","name":"Team Levine","description":"","potentialAction":[{"@type":"SearchAction","target":{"@type":"EntryPoint","urlTemplate":"https:\/\/teamlevine.ca\/?s={search_term_string}"},"query-input":{"@type":"PropertyValueSpecification","valueRequired":true,"valueName":"search_term_string"}}],"inLanguage":"fr-FR"}]}},"_links":{"self":[{"href":"https:\/\/teamlevine.ca\/fr\/wp-json\/wp\/v2\/pages\/234","targetHints":{"allow":["GET"]}}],"collection":[{"href":"https:\/\/teamlevine.ca\/fr\/wp-json\/wp\/v2\/pages"}],"about":[{"href":"https:\/\/teamlevine.ca\/fr\/wp-json\/wp\/v2\/types\/page"}],"author":[{"embeddable":true,"href":"https:\/\/teamlevine.ca\/fr\/wp-json\/wp\/v2\/users\/1"}],"replies":[{"embeddable":true,"href":"https:\/\/teamlevine.ca\/fr\/wp-json\/wp\/v2\/comments?post=234"}],"version-history":[{"count":3,"href":"https:\/\/teamlevine.ca\/fr\/wp-json\/wp\/v2\/pages\/234\/revisions"}],"predecessor-version":[{"id":1025,"href":"https:\/\/teamlevine.ca\/fr\/wp-json\/wp\/v2\/pages\/234\/revisions\/1025"}],"up":[{"embeddable":true,"href":"https:\/\/teamlevine.ca\/fr\/wp-json\/wp\/v2\/pages\/56"}],"wp:attachment":[{"href":"https:\/\/teamlevine.ca\/fr\/wp-json\/wp\/v2\/media?parent=234"}],"curies":[{"name":"wp","href":"https:\/\/api.w.org\/{rel}","templated":true}]}}