{"id":232,"date":"2017-02-25T03:04:29","date_gmt":"2017-02-25T03:04:29","guid":{"rendered":"https:\/\/teamlevine.ca\/?page_id=232"},"modified":"2021-04-09T09:33:10","modified_gmt":"2021-04-09T13:33:10","slug":"achat-avec-renovations","status":"publish","type":"page","link":"https:\/\/teamlevine.ca\/fr\/hypotheques\/achat-avec-renovations\/","title":{"rendered":"Hypoth\u00e8que : Achat avec r\u00e9novations"},"content":{"rendered":"<p>Vous avez trouv\u00e9 une maison, mais des r\u00e9novations s\u2019imposent? Est-ce que la salle de bains ou la cuisine a besoin d\u2019\u00eatre refaite? Qu\u2019en est-il des planchers, de la plomberie ou du syst\u00e8me \u00e9lectrique? Une maison \u00e0 r\u00e9nover peut repr\u00e9senter beaucoup de travail et s\u2019av\u00e9rer tr\u00e8s dispendieuse. De plus, vous n\u2019avez peut-\u00eatre que l\u2019argent n\u00e9cessaire pour la mise de fonds initiale. Cependant, ces r\u00e9novations doivent \u00eatre faites, et nous allons vous aider \u00e0 les r\u00e9aliser! Gr\u00e2ce au programme d\u2019achat avec r\u00e9novations, nous serons en mesure de demander des fonds suppl\u00e9mentaires \u00e0 la banque afin d\u2019effectuer ces travaux, et vous pourrez rapidement habiter votre maison de r\u00eave nouvellement r\u00e9nov\u00e9e. Vous aimeriez profiter de ce programme? N\u2019h\u00e9sitez pas \u00e0 communiquer avec nous pour une consultation sans obligation.<\/p>","protected":false},"excerpt":{"rendered":"<p>Vous avez trouv\u00e9 une maison, mais des r\u00e9novations s\u2019imposent? Est-ce que la salle de bains ou la cuisine a besoin d\u2019\u00eatre refaite? Qu\u2019en est-il des planchers, de la plomberie ou du syst\u00e8me \u00e9lectrique? Une maison \u00e0 r\u00e9nover peut repr\u00e9senter beaucoup de travail et s\u2019av\u00e9rer tr\u00e8s dispendieuse. De plus, vous n\u2019avez peut-\u00eatre que l\u2019argent n\u00e9cessaire pour [&hellip;]<\/p>\n","protected":false},"author":1,"featured_media":0,"parent":56,"menu_order":58,"comment_status":"closed","ping_status":"closed","template":"page-services-detail.php","meta":{"_acf_changed":false,"footnotes":""},"class_list":["post-232","page","type-page","status-publish","hentry"],"acf":[],"yoast_head":"<!-- This site is optimized with the Yoast SEO plugin v27.4 - https:\/\/yoast.com\/product\/yoast-seo-wordpress\/ -->\n<title>Team Levine<\/title>\n<meta name=\"description\" content=\"Team Levine\" \/>\n<meta name=\"robots\" content=\"index, follow, max-snippet:-1, max-image-preview:large, max-video-preview:-1\" \/>\n<link rel=\"canonical\" href=\"https:\/\/teamlevine.ca\/mortgage\/purchase-plus-improvements\/\" \/>\n<meta property=\"og:locale\" content=\"fr_FR\" \/>\n<meta property=\"og:type\" content=\"article\" \/>\n<meta property=\"og:title\" content=\"Team Levine\" \/>\n<meta property=\"og:description\" content=\"Team Levine\" \/>\n<meta property=\"og:url\" content=\"https:\/\/teamlevine.ca\/mortgage\/purchase-plus-improvements\/\" \/>\n<meta property=\"og:site_name\" content=\"Team Levine\" \/>\n<meta property=\"article:modified_time\" content=\"2021-04-09T13:33:10+00:00\" \/>\n<meta name=\"twitter:card\" content=\"summary_large_image\" \/>\n<meta name=\"twitter:label1\" content=\"Dur\u00e9e de lecture estim\u00e9e\" \/>\n\t<meta name=\"twitter:data1\" content=\"1 minute\" \/>\n<script type=\"application\/ld+json\" class=\"yoast-schema-graph\">{\"@context\":\"https:\\\/\\\/schema.org\",\"@graph\":[{\"@type\":\"WebPage\",\"@id\":\"https:\\\/\\\/teamlevine.ca\\\/mortgage\\\/purchase-plus-improvements\\\/\",\"url\":\"https:\\\/\\\/teamlevine.ca\\\/mortgage\\\/purchase-plus-improvements\\\/\",\"name\":\"Team Levine\",\"isPartOf\":{\"@id\":\"https:\\\/\\\/teamlevine.ca\\\/#website\"},\"datePublished\":\"2017-02-25T03:04:29+00:00\",\"dateModified\":\"2021-04-09T13:33:10+00:00\",\"description\":\"Team Levine\",\"breadcrumb\":{\"@id\":\"https:\\\/\\\/teamlevine.ca\\\/mortgage\\\/purchase-plus-improvements\\\/#breadcrumb\"},\"inLanguage\":\"fr-FR\",\"potentialAction\":[{\"@type\":\"ReadAction\",\"target\":[\"https:\\\/\\\/teamlevine.ca\\\/mortgage\\\/purchase-plus-improvements\\\/\"]}]},{\"@type\":\"BreadcrumbList\",\"@id\":\"https:\\\/\\\/teamlevine.ca\\\/mortgage\\\/purchase-plus-improvements\\\/#breadcrumb\",\"itemListElement\":[{\"@type\":\"ListItem\",\"position\":1,\"name\":\"Home\",\"item\":\"https:\\\/\\\/teamlevine.ca\\\/\"},{\"@type\":\"ListItem\",\"position\":2,\"name\":\"Mortgage\",\"item\":\"https:\\\/\\\/teamlevine.ca\\\/mortgage\\\/\"},{\"@type\":\"ListItem\",\"position\":3,\"name\":\"Purchase plus Improvements\"}]},{\"@type\":\"WebSite\",\"@id\":\"https:\\\/\\\/teamlevine.ca\\\/#website\",\"url\":\"https:\\\/\\\/teamlevine.ca\\\/\",\"name\":\"Team Levine\",\"description\":\"\",\"potentialAction\":[{\"@type\":\"SearchAction\",\"target\":{\"@type\":\"EntryPoint\",\"urlTemplate\":\"https:\\\/\\\/teamlevine.ca\\\/?s={search_term_string}\"},\"query-input\":{\"@type\":\"PropertyValueSpecification\",\"valueRequired\":true,\"valueName\":\"search_term_string\"}}],\"inLanguage\":\"fr-FR\"}]}<\/script>\n<!-- \/ Yoast SEO plugin. -->","yoast_head_json":{"title":"Team Levine","description":"Team Levine","robots":{"index":"index","follow":"follow","max-snippet":"max-snippet:-1","max-image-preview":"max-image-preview:large","max-video-preview":"max-video-preview:-1"},"canonical":"https:\/\/teamlevine.ca\/mortgage\/purchase-plus-improvements\/","og_locale":"fr_FR","og_type":"article","og_title":"Team Levine","og_description":"Team Levine","og_url":"https:\/\/teamlevine.ca\/mortgage\/purchase-plus-improvements\/","og_site_name":"Team Levine","article_modified_time":"2021-04-09T13:33:10+00:00","twitter_card":"summary_large_image","twitter_misc":{"Dur\u00e9e de lecture estim\u00e9e":"1 minute"},"schema":{"@context":"https:\/\/schema.org","@graph":[{"@type":"WebPage","@id":"https:\/\/teamlevine.ca\/mortgage\/purchase-plus-improvements\/","url":"https:\/\/teamlevine.ca\/mortgage\/purchase-plus-improvements\/","name":"Team Levine","isPartOf":{"@id":"https:\/\/teamlevine.ca\/#website"},"datePublished":"2017-02-25T03:04:29+00:00","dateModified":"2021-04-09T13:33:10+00:00","description":"Team Levine","breadcrumb":{"@id":"https:\/\/teamlevine.ca\/mortgage\/purchase-plus-improvements\/#breadcrumb"},"inLanguage":"fr-FR","potentialAction":[{"@type":"ReadAction","target":["https:\/\/teamlevine.ca\/mortgage\/purchase-plus-improvements\/"]}]},{"@type":"BreadcrumbList","@id":"https:\/\/teamlevine.ca\/mortgage\/purchase-plus-improvements\/#breadcrumb","itemListElement":[{"@type":"ListItem","position":1,"name":"Home","item":"https:\/\/teamlevine.ca\/"},{"@type":"ListItem","position":2,"name":"Mortgage","item":"https:\/\/teamlevine.ca\/mortgage\/"},{"@type":"ListItem","position":3,"name":"Purchase plus Improvements"}]},{"@type":"WebSite","@id":"https:\/\/teamlevine.ca\/#website","url":"https:\/\/teamlevine.ca\/","name":"Team Levine","description":"","potentialAction":[{"@type":"SearchAction","target":{"@type":"EntryPoint","urlTemplate":"https:\/\/teamlevine.ca\/?s={search_term_string}"},"query-input":{"@type":"PropertyValueSpecification","valueRequired":true,"valueName":"search_term_string"}}],"inLanguage":"fr-FR"}]}},"_links":{"self":[{"href":"https:\/\/teamlevine.ca\/fr\/wp-json\/wp\/v2\/pages\/232","targetHints":{"allow":["GET"]}}],"collection":[{"href":"https:\/\/teamlevine.ca\/fr\/wp-json\/wp\/v2\/pages"}],"about":[{"href":"https:\/\/teamlevine.ca\/fr\/wp-json\/wp\/v2\/types\/page"}],"author":[{"embeddable":true,"href":"https:\/\/teamlevine.ca\/fr\/wp-json\/wp\/v2\/users\/1"}],"replies":[{"embeddable":true,"href":"https:\/\/teamlevine.ca\/fr\/wp-json\/wp\/v2\/comments?post=232"}],"version-history":[{"count":4,"href":"https:\/\/teamlevine.ca\/fr\/wp-json\/wp\/v2\/pages\/232\/revisions"}],"predecessor-version":[{"id":1024,"href":"https:\/\/teamlevine.ca\/fr\/wp-json\/wp\/v2\/pages\/232\/revisions\/1024"}],"up":[{"embeddable":true,"href":"https:\/\/teamlevine.ca\/fr\/wp-json\/wp\/v2\/pages\/56"}],"wp:attachment":[{"href":"https:\/\/teamlevine.ca\/fr\/wp-json\/wp\/v2\/media?parent=232"}],"curies":[{"name":"wp","href":"https:\/\/api.w.org\/{rel}","templated":true}]}}