{"id":230,"date":"2017-02-25T03:01:07","date_gmt":"2017-02-25T03:01:07","guid":{"rendered":"https:\/\/teamlevine.ca\/?page_id=230"},"modified":"2024-10-15T03:02:26","modified_gmt":"2024-10-15T07:02:26","slug":"fr-hypotheques-renouvellement","status":"publish","type":"page","link":"https:\/\/teamlevine.ca\/fr\/hypotheques\/renouvellement\/","title":{"rendered":"Renouvellement d&rsquo;hypoth\u00e8que \u00e0 Montr\u00e9al"},"content":{"rendered":"<p>Est-ce bient\u00f4t l\u2019\u00e9ch\u00e9ance de votre terme? Si oui, il est temps de renouveler votre hypoth\u00e8que. Votre banque ne vous offre pas le meilleur taux de renouvellement? Vous n\u2019\u00eates pas satisfait de leurs produits ou services?<\/p>\n<p>Quelle que soit la raison, communiquez avec nous 4 mois avant la fin de la date d\u2019\u00e9ch\u00e9ance, et nous vous trouverons d\u2019embl\u00e9e le meilleur taux et le meilleur produit. Nous paierons m\u00eame vos frais de notaire et d\u2019\u00e9valuation! Autrement dit, le <a href=\"https:\/\/teamlevine.ca\/fr\/hypotheques\/renouvellement\/\">renouvellement de votre pr\u00eat hypoth\u00e9caire<\/a> est gratuit.<\/p>\n<p>Il suffit d\u2019un simple appel de 5 minutes, et nous vous pr\u00e9parerons une proposition qui pourrait vous faire \u00e9conomiser des milliers de dollars!<\/p>\n<h2>Pourquoi renouveler votre hypoth\u00e8que?<\/h2>\n<p>Lorsque vous \u00eates en train de payer une <a href=\"https:\/\/www.canada.ca\/fr\/agence-consommation-matiere-financiere\/services\/hypotheques\/renouveler-hypotheque.html\" target=\"_blank\" rel=\"noopener noreferrer\">hypoth\u00e8que<\/a>, vous avez un contrat dont la dur\u00e9e varie de quelques mois \u00e0 cinq ans ou plus. C\u2019est ce qu\u2019on appelle le terme hypoth\u00e9caire. Lorsque ce dernier porte \u00e0 \u00e9ch\u00e9ance, vous devez renouveler votre hypoth\u00e8que.<\/p>\n<h2>L\u2019avis de renouvellement<\/h2>\n<p>Pour renouveler votre hypoth\u00e8que, le pr\u00eateur doit l\u00e9galement fournir un avis au moins 21 jours avant la fin du terme. En pratique, les banques envoient g\u00e9n\u00e9ralement un avis 6 mois avant la fin du terme. Un avis doit \u00e9galement \u00eatre re\u00e7u 21 jours avant la fin du terme si votre pr\u00eateur ne renouvelle pas votre hypoth\u00e8que.<\/p>\n<p>L&rsquo;avis doit contenir les renseignements ci-dessous :<\/p>\n<ul>\n<li>La dur\u00e9e du terme;<\/li>\n<li>La fr\u00e9quence des paiements;<\/li>\n<li>Le taux d\u2019int\u00e9r\u00eat;<\/li>\n<li>Le solde qu\u2019il reste \u00e0 rembourser.<\/li>\n<\/ul>\n<h2>R\u00e9\u00e9valuer vos besoins hypoth\u00e9caires<\/h2>\n<p>Renouveler son hypoth\u00e8que est l&rsquo;occasion de r\u00e9\u00e9valuer vos besoins actuels. Posez-vous les questions suivantes :<\/p>\n<ul>\n<li>\u00cates-vous capable d\u2019augmenter vos paiements pour rembourser votre pr\u00eat plus rapidement et payer moins d\u2019int\u00e9r\u00eats?<\/li>\n<li>Souhaitez-vous changer la fr\u00e9quence de vos paiements?<\/li>\n<li>Selon vous, est-il possible de faire des remboursements additionnels?<\/li>\n<li>Est-ce que les services de votre pr\u00eateur actuel sont satisfaisants?<\/li>\n<li>D\u00e9sirez-vous accro\u00eetre le montant de votre hypoth\u00e8que pour rembourser des dettes ayant un int\u00e9r\u00eat plus \u00e9lev\u00e9?<\/li>\n<li>Avez-vous besoin d\u2019une assurance pr\u00eat?<\/li>\n<\/ul>\n<h2>Magasiner son renouvellement hypoth\u00e9caire<\/h2>\n<p>Rien ne vous oblige \u00e0 renouveler votre hypoth\u00e8que avec le m\u00eame pr\u00eateur. Vous pouvez commencer \u00e0 magasiner quelques mois auparavant. \u00c9quipe Levine peut magasiner plusieurs pr\u00eateurs provenant de diff\u00e9rentes institutions financi\u00e8res pour vous afin de trouver celui qui vous offre le meilleur pr\u00eat.<\/p>\n<h2>Nous vous aidons \u00e0 magasiner un meilleur taux pour renouveler votre hypoth\u00e8que<\/h2>\n<p>Chez \u00c9quipe Levine, nous avons acc\u00e8s \u00e0 des dizaines de pr\u00eateurs diff\u00e9rents \u00e0 travers la province. Nous pouvons donc n\u00e9gocier avec eux un meilleur taux en comparant les diff\u00e9rentes offres qui sont propos\u00e9es. Cela vous permet d\u2019obtenir un bien meilleur taux que celui offert par la banque.<\/p>\n<h2>\u00c0 propos d\u2019\u00c9quipe Levine<\/h2>\n<p>Depuis sa cr\u00e9ation, \u00c9quipe Levine offre des <a href=\"https:\/\/teamlevine.ca\/fr\/hypotheques\/\">services d\u2019hypoth\u00e8ques<\/a>, d\u2019<a href=\"https:\/\/teamlevine.ca\/fr\/assurance\/\">assurance<\/a> et d\u2019<a href=\"https:\/\/teamlevine.ca\/fr\/investissements\/\">investissements pour les propri\u00e9taires<\/a>. Notre mission est de vous aider \u00e0 satisfaire vos besoins hypoth\u00e9caires en vous permettant d\u2019avoir acc\u00e8s au meilleur taux hypoth\u00e9caire sur le march\u00e9. Cela vous permettra d\u2019\u00e9conomiser des milliers de dollars en frais d&rsquo;int\u00e9r\u00eat.<\/p>\n<p>Si vous avez besoin de faire appel \u00e0 une \u00e9quipe de professionnels pour vous aider dans votre renouvellement hypoth\u00e9caire, <strong>discutez avec nous d\u00e8s maintenant<\/strong>. Nous r\u00e9pondrons \u00e0 toutes vos questions avec grand plaisir pour vous offrir le service qui correspond \u00e0 vos besoins hypoth\u00e9caires.<\/p>","protected":false},"excerpt":{"rendered":"<p>Est-ce bient\u00f4t l\u2019\u00e9ch\u00e9ance de votre terme? Si oui, il est temps de renouveler votre hypoth\u00e8que. Votre banque ne vous offre pas le meilleur taux de renouvellement? Vous n\u2019\u00eates pas satisfait de leurs produits ou services? Quelle que soit la raison, communiquez avec nous 4 mois avant la fin de la date d\u2019\u00e9ch\u00e9ance, et nous vous [&hellip;]<\/p>\n","protected":false},"author":1,"featured_media":0,"parent":56,"menu_order":57,"comment_status":"closed","ping_status":"closed","template":"page-services-detail.php","meta":{"_acf_changed":false,"footnotes":""},"class_list":["post-230","page","type-page","status-publish","hentry"],"acf":[],"yoast_head":"<!-- This site is optimized with the Yoast SEO plugin v27.4 - https:\/\/yoast.com\/product\/yoast-seo-wordpress\/ -->\n<title>Renouveler votre hypoth\u00e8que \u00e0 Montr\u00e9al | Team Levine<\/title>\n<meta name=\"description\" content=\"Renouvelez votre hypoth\u00e8que et lancez-vous sereinement dans vos projets. Team Levine, vos experts en services d&#039;hypoth\u00e8que \u00e0 Montr\u00e9al.\" \/>\n<meta name=\"robots\" content=\"index, follow, max-snippet:-1, max-image-preview:large, max-video-preview:-1\" \/>\n<link rel=\"canonical\" href=\"https:\/\/teamlevine.ca\/mortgage\/renewals\/\" \/>\n<meta property=\"og:locale\" content=\"fr_FR\" \/>\n<meta property=\"og:type\" content=\"article\" \/>\n<meta property=\"og:title\" content=\"[:en]Mortgage Renewal Montreal, Mortgage Renewal[:fr]Renouveler votre hypoth\u00e8que \u00e0 Montr\u00e9al | Team Levine [:]\" \/>\n<meta property=\"og:description\" content=\"{:en}Renew your mortgage stress-free in Montreal. Explore flexible options and secure competitive rates with our expert renewal services.{:fr}Renouvelez votre hypoth\u00e8que et lancez-vous sereinement dans vos projets. Team Levine, vos experts en services d&#039;hypoth\u00e8que \u00e0 Montr\u00e9al.{:}\" \/>\n<meta property=\"og:url\" content=\"https:\/\/teamlevine.ca\/mortgage\/renewals\/\" \/>\n<meta property=\"og:site_name\" content=\"Team Levine\" \/>\n<meta property=\"article:modified_time\" content=\"2024-10-15T07:02:26+00:00\" \/>\n<meta name=\"twitter:card\" content=\"summary_large_image\" \/>\n<meta name=\"twitter:label1\" content=\"Dur\u00e9e de lecture estim\u00e9e\" \/>\n\t<meta name=\"twitter:data1\" content=\"1 minute\" \/>\n<script type=\"application\/ld+json\" class=\"yoast-schema-graph\">{\"@context\":\"https:\\\/\\\/schema.org\",\"@graph\":[{\"@type\":\"WebPage\",\"@id\":\"https:\\\/\\\/teamlevine.ca\\\/mortgage\\\/renewals\\\/\",\"url\":\"https:\\\/\\\/teamlevine.ca\\\/mortgage\\\/renewals\\\/\",\"name\":\"[:en]Mortgage Renewal Montreal, Mortgage Renewal[:fr]Renouveler votre hypoth\u00e8que \u00e0 Montr\u00e9al | Team Levine [:]\",\"isPartOf\":{\"@id\":\"https:\\\/\\\/teamlevine.ca\\\/#website\"},\"datePublished\":\"2017-02-25T03:01:07+00:00\",\"dateModified\":\"2024-10-15T07:02:26+00:00\",\"description\":\"{:en}Renew your mortgage stress-free in Montreal. Explore flexible options and secure competitive rates with our expert renewal services.{:fr}Renouvelez votre hypoth\u00e8que et lancez-vous sereinement dans vos projets. Team Levine, vos experts en services d'hypoth\u00e8que \u00e0 Montr\u00e9al.{:}\",\"breadcrumb\":{\"@id\":\"https:\\\/\\\/teamlevine.ca\\\/mortgage\\\/renewals\\\/#breadcrumb\"},\"inLanguage\":\"fr-FR\",\"potentialAction\":[{\"@type\":\"ReadAction\",\"target\":[\"https:\\\/\\\/teamlevine.ca\\\/mortgage\\\/renewals\\\/\"]}]},{\"@type\":\"BreadcrumbList\",\"@id\":\"https:\\\/\\\/teamlevine.ca\\\/mortgage\\\/renewals\\\/#breadcrumb\",\"itemListElement\":[{\"@type\":\"ListItem\",\"position\":1,\"name\":\"Home\",\"item\":\"https:\\\/\\\/teamlevine.ca\\\/\"},{\"@type\":\"ListItem\",\"position\":2,\"name\":\"Mortgage\",\"item\":\"https:\\\/\\\/teamlevine.ca\\\/mortgage\\\/\"},{\"@type\":\"ListItem\",\"position\":3,\"name\":\"Renewals\"}]},{\"@type\":\"WebSite\",\"@id\":\"https:\\\/\\\/teamlevine.ca\\\/#website\",\"url\":\"https:\\\/\\\/teamlevine.ca\\\/\",\"name\":\"Team Levine\",\"description\":\"\",\"potentialAction\":[{\"@type\":\"SearchAction\",\"target\":{\"@type\":\"EntryPoint\",\"urlTemplate\":\"https:\\\/\\\/teamlevine.ca\\\/?s={search_term_string}\"},\"query-input\":{\"@type\":\"PropertyValueSpecification\",\"valueRequired\":true,\"valueName\":\"search_term_string\"}}],\"inLanguage\":\"fr-FR\"}]}<\/script>\n<!-- \/ Yoast SEO plugin. -->","yoast_head_json":{"title":"Renouveler votre hypoth\u00e8que \u00e0 Montr\u00e9al | Team Levine","description":"Renouvelez votre hypoth\u00e8que et lancez-vous sereinement dans vos projets. Team Levine, vos experts en services d'hypoth\u00e8que \u00e0 Montr\u00e9al.","robots":{"index":"index","follow":"follow","max-snippet":"max-snippet:-1","max-image-preview":"max-image-preview:large","max-video-preview":"max-video-preview:-1"},"canonical":"https:\/\/teamlevine.ca\/mortgage\/renewals\/","og_locale":"fr_FR","og_type":"article","og_title":"[:en]Mortgage Renewal Montreal, Mortgage Renewal[:fr]Renouveler votre hypoth\u00e8que \u00e0 Montr\u00e9al | Team Levine [:]","og_description":"{:en}Renew your mortgage stress-free in Montreal. Explore flexible options and secure competitive rates with our expert renewal services.{:fr}Renouvelez votre hypoth\u00e8que et lancez-vous sereinement dans vos projets. Team Levine, vos experts en services d'hypoth\u00e8que \u00e0 Montr\u00e9al.{:}","og_url":"https:\/\/teamlevine.ca\/mortgage\/renewals\/","og_site_name":"Team Levine","article_modified_time":"2024-10-15T07:02:26+00:00","twitter_card":"summary_large_image","twitter_misc":{"Dur\u00e9e de lecture estim\u00e9e":"1 minute"},"schema":{"@context":"https:\/\/schema.org","@graph":[{"@type":"WebPage","@id":"https:\/\/teamlevine.ca\/mortgage\/renewals\/","url":"https:\/\/teamlevine.ca\/mortgage\/renewals\/","name":"[:en]Mortgage Renewal Montreal, Mortgage Renewal[:fr]Renouveler votre hypoth\u00e8que \u00e0 Montr\u00e9al | Team Levine [:]","isPartOf":{"@id":"https:\/\/teamlevine.ca\/#website"},"datePublished":"2017-02-25T03:01:07+00:00","dateModified":"2024-10-15T07:02:26+00:00","description":"{:en}Renew your mortgage stress-free in Montreal. Explore flexible options and secure competitive rates with our expert renewal services.{:fr}Renouvelez votre hypoth\u00e8que et lancez-vous sereinement dans vos projets. Team Levine, vos experts en services d'hypoth\u00e8que \u00e0 Montr\u00e9al.{:}","breadcrumb":{"@id":"https:\/\/teamlevine.ca\/mortgage\/renewals\/#breadcrumb"},"inLanguage":"fr-FR","potentialAction":[{"@type":"ReadAction","target":["https:\/\/teamlevine.ca\/mortgage\/renewals\/"]}]},{"@type":"BreadcrumbList","@id":"https:\/\/teamlevine.ca\/mortgage\/renewals\/#breadcrumb","itemListElement":[{"@type":"ListItem","position":1,"name":"Home","item":"https:\/\/teamlevine.ca\/"},{"@type":"ListItem","position":2,"name":"Mortgage","item":"https:\/\/teamlevine.ca\/mortgage\/"},{"@type":"ListItem","position":3,"name":"Renewals"}]},{"@type":"WebSite","@id":"https:\/\/teamlevine.ca\/#website","url":"https:\/\/teamlevine.ca\/","name":"Team Levine","description":"","potentialAction":[{"@type":"SearchAction","target":{"@type":"EntryPoint","urlTemplate":"https:\/\/teamlevine.ca\/?s={search_term_string}"},"query-input":{"@type":"PropertyValueSpecification","valueRequired":true,"valueName":"search_term_string"}}],"inLanguage":"fr-FR"}]}},"_links":{"self":[{"href":"https:\/\/teamlevine.ca\/fr\/wp-json\/wp\/v2\/pages\/230","targetHints":{"allow":["GET"]}}],"collection":[{"href":"https:\/\/teamlevine.ca\/fr\/wp-json\/wp\/v2\/pages"}],"about":[{"href":"https:\/\/teamlevine.ca\/fr\/wp-json\/wp\/v2\/types\/page"}],"author":[{"embeddable":true,"href":"https:\/\/teamlevine.ca\/fr\/wp-json\/wp\/v2\/users\/1"}],"replies":[{"embeddable":true,"href":"https:\/\/teamlevine.ca\/fr\/wp-json\/wp\/v2\/comments?post=230"}],"version-history":[{"count":9,"href":"https:\/\/teamlevine.ca\/fr\/wp-json\/wp\/v2\/pages\/230\/revisions"}],"predecessor-version":[{"id":1484,"href":"https:\/\/teamlevine.ca\/fr\/wp-json\/wp\/v2\/pages\/230\/revisions\/1484"}],"up":[{"embeddable":true,"href":"https:\/\/teamlevine.ca\/fr\/wp-json\/wp\/v2\/pages\/56"}],"wp:attachment":[{"href":"https:\/\/teamlevine.ca\/fr\/wp-json\/wp\/v2\/media?parent=230"}],"curies":[{"name":"wp","href":"https:\/\/api.w.org\/{rel}","templated":true}]}}