{"id":228,"date":"2017-02-25T02:59:18","date_gmt":"2017-02-25T02:59:18","guid":{"rendered":"https:\/\/teamlevine.ca\/?page_id=228"},"modified":"2021-04-09T10:23:30","modified_gmt":"2021-04-09T14:23:30","slug":"residences-de-vacances-et-residences-secondaires","status":"publish","type":"page","link":"https:\/\/teamlevine.ca\/fr\/hypotheques\/residences-de-vacances-et-residences-secondaires\/","title":{"rendered":"Hypoth\u00e8que : R\u00e9sidences de vacances et R\u00e9sidences secondaires"},"content":{"rendered":"<p>Vous d\u00e9sirez acheter une r\u00e9sidence de vacances \u2013 un magnifique chalet au bord d&rsquo;un lac pour vos moments de d\u00e9tente estivale? Ou peut-\u00eatre une r\u00e9sidence secondaire qui pourrait vous servir de pied-\u00e0-terre en ville, vous \u00e9conomisant ainsi beaucoup de temps de transport quotidien pour vous rendre \u00e0 votre travail? Quelle que soit l&rsquo;option qui correspond \u00e0 votre situation, nous pouvons vous procurer un pr\u00eat hypoth\u00e9caire avec une mise de fonds aussi minime que 5 %.<\/p>\n<p>Si vous trouvez une r\u00e9sidence de vacances qui n&rsquo;a pas d&rsquo;eau potable, qui est habitable pendant trois saisons seulement ou qui n&rsquo;est pas accessible tout au long de l&rsquo;ann\u00e9e, celle-ci est alors consid\u00e9r\u00e9e comme une propri\u00e9t\u00e9 de type B. Dans ce cas, la mise de fonds minimale requise sera de 10 %.<\/p>\n<p>Lorsque vous \u00eates bien renseign\u00e9 et \u00e9paul\u00e9, le processus est simple. Appelez-nous d\u00e8s maintenant pour en apprendre davantage!<\/p>","protected":false},"excerpt":{"rendered":"<p>Vous d\u00e9sirez acheter une r\u00e9sidence de vacances \u2013 un magnifique chalet au bord d&rsquo;un lac pour vos moments de d\u00e9tente estivale? Ou peut-\u00eatre une r\u00e9sidence secondaire qui pourrait vous servir de pied-\u00e0-terre en ville, vous \u00e9conomisant ainsi beaucoup de temps de transport quotidien pour vous rendre \u00e0 votre travail? Quelle que soit l&rsquo;option qui correspond [&hellip;]<\/p>\n","protected":false},"author":1,"featured_media":0,"parent":56,"menu_order":56,"comment_status":"closed","ping_status":"closed","template":"page-services-detail.php","meta":{"_acf_changed":false,"footnotes":""},"class_list":["post-228","page","type-page","status-publish","hentry"],"acf":[],"yoast_head":"<!-- This site is optimized with the Yoast SEO plugin v27.3 - https:\/\/yoast.com\/product\/yoast-seo-wordpress\/ -->\n<title>Team Levine<\/title>\n<meta name=\"description\" content=\"Team Levine\" \/>\n<meta name=\"robots\" content=\"index, follow, max-snippet:-1, max-image-preview:large, max-video-preview:-1\" \/>\n<link rel=\"canonical\" href=\"https:\/\/teamlevine.ca\/mortgage\/vacation-second-homes\/\" \/>\n<meta property=\"og:locale\" content=\"fr_FR\" \/>\n<meta property=\"og:type\" content=\"article\" \/>\n<meta property=\"og:title\" content=\"Team Levine\" \/>\n<meta property=\"og:description\" content=\"Team Levine\" \/>\n<meta property=\"og:url\" content=\"https:\/\/teamlevine.ca\/mortgage\/vacation-second-homes\/\" \/>\n<meta property=\"og:site_name\" content=\"Team Levine\" \/>\n<meta property=\"article:modified_time\" content=\"2021-04-09T14:23:30+00:00\" \/>\n<meta name=\"twitter:card\" content=\"summary_large_image\" \/>\n<meta name=\"twitter:label1\" content=\"Dur\u00e9e de lecture estim\u00e9e\" \/>\n\t<meta name=\"twitter:data1\" content=\"1 minute\" \/>\n<script type=\"application\/ld+json\" class=\"yoast-schema-graph\">{\"@context\":\"https:\\\/\\\/schema.org\",\"@graph\":[{\"@type\":\"WebPage\",\"@id\":\"https:\\\/\\\/teamlevine.ca\\\/mortgage\\\/vacation-second-homes\\\/\",\"url\":\"https:\\\/\\\/teamlevine.ca\\\/mortgage\\\/vacation-second-homes\\\/\",\"name\":\"Team Levine\",\"isPartOf\":{\"@id\":\"https:\\\/\\\/teamlevine.ca\\\/#website\"},\"datePublished\":\"2017-02-25T02:59:18+00:00\",\"dateModified\":\"2021-04-09T14:23:30+00:00\",\"description\":\"Team Levine\",\"breadcrumb\":{\"@id\":\"https:\\\/\\\/teamlevine.ca\\\/mortgage\\\/vacation-second-homes\\\/#breadcrumb\"},\"inLanguage\":\"fr-FR\",\"potentialAction\":[{\"@type\":\"ReadAction\",\"target\":[\"https:\\\/\\\/teamlevine.ca\\\/mortgage\\\/vacation-second-homes\\\/\"]}]},{\"@type\":\"BreadcrumbList\",\"@id\":\"https:\\\/\\\/teamlevine.ca\\\/mortgage\\\/vacation-second-homes\\\/#breadcrumb\",\"itemListElement\":[{\"@type\":\"ListItem\",\"position\":1,\"name\":\"Home\",\"item\":\"https:\\\/\\\/teamlevine.ca\\\/\"},{\"@type\":\"ListItem\",\"position\":2,\"name\":\"Mortgage\",\"item\":\"https:\\\/\\\/teamlevine.ca\\\/mortgage\\\/\"},{\"@type\":\"ListItem\",\"position\":3,\"name\":\"Vacation &#038; Second Homes\"}]},{\"@type\":\"WebSite\",\"@id\":\"https:\\\/\\\/teamlevine.ca\\\/#website\",\"url\":\"https:\\\/\\\/teamlevine.ca\\\/\",\"name\":\"Team Levine\",\"description\":\"\",\"potentialAction\":[{\"@type\":\"SearchAction\",\"target\":{\"@type\":\"EntryPoint\",\"urlTemplate\":\"https:\\\/\\\/teamlevine.ca\\\/?s={search_term_string}\"},\"query-input\":{\"@type\":\"PropertyValueSpecification\",\"valueRequired\":true,\"valueName\":\"search_term_string\"}}],\"inLanguage\":\"fr-FR\"}]}<\/script>\n<!-- \/ Yoast SEO plugin. -->","yoast_head_json":{"title":"Team Levine","description":"Team Levine","robots":{"index":"index","follow":"follow","max-snippet":"max-snippet:-1","max-image-preview":"max-image-preview:large","max-video-preview":"max-video-preview:-1"},"canonical":"https:\/\/teamlevine.ca\/mortgage\/vacation-second-homes\/","og_locale":"fr_FR","og_type":"article","og_title":"Team Levine","og_description":"Team Levine","og_url":"https:\/\/teamlevine.ca\/mortgage\/vacation-second-homes\/","og_site_name":"Team Levine","article_modified_time":"2021-04-09T14:23:30+00:00","twitter_card":"summary_large_image","twitter_misc":{"Dur\u00e9e de lecture estim\u00e9e":"1 minute"},"schema":{"@context":"https:\/\/schema.org","@graph":[{"@type":"WebPage","@id":"https:\/\/teamlevine.ca\/mortgage\/vacation-second-homes\/","url":"https:\/\/teamlevine.ca\/mortgage\/vacation-second-homes\/","name":"Team Levine","isPartOf":{"@id":"https:\/\/teamlevine.ca\/#website"},"datePublished":"2017-02-25T02:59:18+00:00","dateModified":"2021-04-09T14:23:30+00:00","description":"Team Levine","breadcrumb":{"@id":"https:\/\/teamlevine.ca\/mortgage\/vacation-second-homes\/#breadcrumb"},"inLanguage":"fr-FR","potentialAction":[{"@type":"ReadAction","target":["https:\/\/teamlevine.ca\/mortgage\/vacation-second-homes\/"]}]},{"@type":"BreadcrumbList","@id":"https:\/\/teamlevine.ca\/mortgage\/vacation-second-homes\/#breadcrumb","itemListElement":[{"@type":"ListItem","position":1,"name":"Home","item":"https:\/\/teamlevine.ca\/"},{"@type":"ListItem","position":2,"name":"Mortgage","item":"https:\/\/teamlevine.ca\/mortgage\/"},{"@type":"ListItem","position":3,"name":"Vacation &#038; Second Homes"}]},{"@type":"WebSite","@id":"https:\/\/teamlevine.ca\/#website","url":"https:\/\/teamlevine.ca\/","name":"Team Levine","description":"","potentialAction":[{"@type":"SearchAction","target":{"@type":"EntryPoint","urlTemplate":"https:\/\/teamlevine.ca\/?s={search_term_string}"},"query-input":{"@type":"PropertyValueSpecification","valueRequired":true,"valueName":"search_term_string"}}],"inLanguage":"fr-FR"}]}},"_links":{"self":[{"href":"https:\/\/teamlevine.ca\/fr\/wp-json\/wp\/v2\/pages\/228","targetHints":{"allow":["GET"]}}],"collection":[{"href":"https:\/\/teamlevine.ca\/fr\/wp-json\/wp\/v2\/pages"}],"about":[{"href":"https:\/\/teamlevine.ca\/fr\/wp-json\/wp\/v2\/types\/page"}],"author":[{"embeddable":true,"href":"https:\/\/teamlevine.ca\/fr\/wp-json\/wp\/v2\/users\/1"}],"replies":[{"embeddable":true,"href":"https:\/\/teamlevine.ca\/fr\/wp-json\/wp\/v2\/comments?post=228"}],"version-history":[{"count":4,"href":"https:\/\/teamlevine.ca\/fr\/wp-json\/wp\/v2\/pages\/228\/revisions"}],"predecessor-version":[{"id":1037,"href":"https:\/\/teamlevine.ca\/fr\/wp-json\/wp\/v2\/pages\/228\/revisions\/1037"}],"up":[{"embeddable":true,"href":"https:\/\/teamlevine.ca\/fr\/wp-json\/wp\/v2\/pages\/56"}],"wp:attachment":[{"href":"https:\/\/teamlevine.ca\/fr\/wp-json\/wp\/v2\/media?parent=228"}],"curies":[{"name":"wp","href":"https:\/\/api.w.org\/{rel}","templated":true}]}}