{"id":226,"date":"2017-02-25T02:55:33","date_gmt":"2017-02-25T02:55:33","guid":{"rendered":"https:\/\/teamlevine.ca\/?page_id=226"},"modified":"2021-04-09T10:20:15","modified_gmt":"2021-04-09T14:20:15","slug":"preautorisation","status":"publish","type":"page","link":"https:\/\/teamlevine.ca\/fr\/hypotheques\/preautorisation\/","title":{"rendered":"Hypoth\u00e8que : Pr\u00e9autorisation"},"content":{"rendered":"<p>D\u00e9sirez-vous savoir si vous \u00eates admissible \u00e0 un pr\u00eat hypoth\u00e9caire? Si c&rsquo;est le cas, voulez-vous conna\u00eetre le montant auquel vous pourriez avoir droit ou le prix d&rsquo;achat maximum permis? Que diriez-vous d&rsquo;un taux garanti de 120 jours? Si vous avez r\u00e9pondu \u00ab oui \u00bb \u00e0 l&rsquo;une de ces questions, alors une pr\u00e9autorisation constituera un outil essentiel lorsque vous magasinerez votre future maison. Quand vous cherchez une propri\u00e9t\u00e9, votre courtier immobilier et les vendeurs de maisons voudront savoir que vous avez d\u00e9j\u00e0 consult\u00e9 une banque et que vous avez re\u00e7u une pr\u00e9autorisation. Cela rassure les vendeurs de la propri\u00e9t\u00e9, car ils sauront que vous \u00eates d\u00e9j\u00e0 pr\u00e9autoris\u00e9 par la banque et que vous avez les moyens d&rsquo;acheter la propri\u00e9t\u00e9 pour laquelle vous pensez faire une offre.<\/p>\n<p>Un simple entretien t\u00e9l\u00e9phonique de 15 minutes, et nous obtiendrons une pr\u00e9autorisation en votre nom. Si vous n&rsquo;avez pas le temps de nous t\u00e9l\u00e9phoner maintenant, aucun probl\u00e8me. Cliquez sur le bouton Demande en ligne pour notre fonction de retour d&rsquo;appel facile \u00e0 utiliser!<\/p>\n<p>Si vous avez besoin d&rsquo;un courtier immobilier, nous pourrons vous jumeler \u00e0 l&rsquo;un de nos courtiers afin de faciliter votre recherche de propri\u00e9t\u00e9. Et la bonne nouvelle, c&rsquo;est que notre service de courtier est gratuit pour les acheteurs. Mieux encore, nous allons vous payer! Renseignez-vous d\u00e8s aujourd&rsquo;hui!<\/p>","protected":false},"excerpt":{"rendered":"<p>D\u00e9sirez-vous savoir si vous \u00eates admissible \u00e0 un pr\u00eat hypoth\u00e9caire? Si c&rsquo;est le cas, voulez-vous conna\u00eetre le montant auquel vous pourriez avoir droit ou le prix d&rsquo;achat maximum permis? Que diriez-vous d&rsquo;un taux garanti de 120 jours? Si vous avez r\u00e9pondu \u00ab oui \u00bb \u00e0 l&rsquo;une de ces questions, alors une pr\u00e9autorisation constituera un outil [&hellip;]<\/p>\n","protected":false},"author":1,"featured_media":0,"parent":56,"menu_order":55,"comment_status":"closed","ping_status":"closed","template":"page-services-detail.php","meta":{"_acf_changed":false,"footnotes":""},"class_list":["post-226","page","type-page","status-publish","hentry"],"acf":[],"yoast_head":"<!-- This site is optimized with the Yoast SEO plugin v27.3 - https:\/\/yoast.com\/product\/yoast-seo-wordpress\/ -->\n<title>Team Levine<\/title>\n<meta name=\"description\" content=\"Team Levine\" \/>\n<meta name=\"robots\" content=\"index, follow, max-snippet:-1, max-image-preview:large, max-video-preview:-1\" \/>\n<link rel=\"canonical\" href=\"https:\/\/teamlevine.ca\/mortgage\/pre-approvals\/\" \/>\n<meta property=\"og:locale\" content=\"fr_FR\" \/>\n<meta property=\"og:type\" content=\"article\" \/>\n<meta property=\"og:title\" content=\"Team Levine\" \/>\n<meta property=\"og:description\" content=\"Team Levine\" \/>\n<meta property=\"og:url\" content=\"https:\/\/teamlevine.ca\/mortgage\/pre-approvals\/\" \/>\n<meta property=\"og:site_name\" content=\"Team Levine\" \/>\n<meta property=\"article:modified_time\" content=\"2021-04-09T14:20:15+00:00\" \/>\n<meta name=\"twitter:card\" content=\"summary_large_image\" \/>\n<meta name=\"twitter:label1\" content=\"Dur\u00e9e de lecture estim\u00e9e\" \/>\n\t<meta name=\"twitter:data1\" content=\"2 minutes\" \/>\n<script type=\"application\/ld+json\" class=\"yoast-schema-graph\">{\"@context\":\"https:\\\/\\\/schema.org\",\"@graph\":[{\"@type\":\"WebPage\",\"@id\":\"https:\\\/\\\/teamlevine.ca\\\/mortgage\\\/pre-approvals\\\/\",\"url\":\"https:\\\/\\\/teamlevine.ca\\\/mortgage\\\/pre-approvals\\\/\",\"name\":\"Team Levine\",\"isPartOf\":{\"@id\":\"https:\\\/\\\/teamlevine.ca\\\/#website\"},\"datePublished\":\"2017-02-25T02:55:33+00:00\",\"dateModified\":\"2021-04-09T14:20:15+00:00\",\"description\":\"Team Levine\",\"breadcrumb\":{\"@id\":\"https:\\\/\\\/teamlevine.ca\\\/mortgage\\\/pre-approvals\\\/#breadcrumb\"},\"inLanguage\":\"fr-FR\",\"potentialAction\":[{\"@type\":\"ReadAction\",\"target\":[\"https:\\\/\\\/teamlevine.ca\\\/mortgage\\\/pre-approvals\\\/\"]}]},{\"@type\":\"BreadcrumbList\",\"@id\":\"https:\\\/\\\/teamlevine.ca\\\/mortgage\\\/pre-approvals\\\/#breadcrumb\",\"itemListElement\":[{\"@type\":\"ListItem\",\"position\":1,\"name\":\"Home\",\"item\":\"https:\\\/\\\/teamlevine.ca\\\/\"},{\"@type\":\"ListItem\",\"position\":2,\"name\":\"Mortgage\",\"item\":\"https:\\\/\\\/teamlevine.ca\\\/mortgage\\\/\"},{\"@type\":\"ListItem\",\"position\":3,\"name\":\"Pre-approvals\"}]},{\"@type\":\"WebSite\",\"@id\":\"https:\\\/\\\/teamlevine.ca\\\/#website\",\"url\":\"https:\\\/\\\/teamlevine.ca\\\/\",\"name\":\"Team Levine\",\"description\":\"\",\"potentialAction\":[{\"@type\":\"SearchAction\",\"target\":{\"@type\":\"EntryPoint\",\"urlTemplate\":\"https:\\\/\\\/teamlevine.ca\\\/?s={search_term_string}\"},\"query-input\":{\"@type\":\"PropertyValueSpecification\",\"valueRequired\":true,\"valueName\":\"search_term_string\"}}],\"inLanguage\":\"fr-FR\"}]}<\/script>\n<!-- \/ Yoast SEO plugin. -->","yoast_head_json":{"title":"Team Levine","description":"Team Levine","robots":{"index":"index","follow":"follow","max-snippet":"max-snippet:-1","max-image-preview":"max-image-preview:large","max-video-preview":"max-video-preview:-1"},"canonical":"https:\/\/teamlevine.ca\/mortgage\/pre-approvals\/","og_locale":"fr_FR","og_type":"article","og_title":"Team Levine","og_description":"Team Levine","og_url":"https:\/\/teamlevine.ca\/mortgage\/pre-approvals\/","og_site_name":"Team Levine","article_modified_time":"2021-04-09T14:20:15+00:00","twitter_card":"summary_large_image","twitter_misc":{"Dur\u00e9e de lecture estim\u00e9e":"2 minutes"},"schema":{"@context":"https:\/\/schema.org","@graph":[{"@type":"WebPage","@id":"https:\/\/teamlevine.ca\/mortgage\/pre-approvals\/","url":"https:\/\/teamlevine.ca\/mortgage\/pre-approvals\/","name":"Team Levine","isPartOf":{"@id":"https:\/\/teamlevine.ca\/#website"},"datePublished":"2017-02-25T02:55:33+00:00","dateModified":"2021-04-09T14:20:15+00:00","description":"Team Levine","breadcrumb":{"@id":"https:\/\/teamlevine.ca\/mortgage\/pre-approvals\/#breadcrumb"},"inLanguage":"fr-FR","potentialAction":[{"@type":"ReadAction","target":["https:\/\/teamlevine.ca\/mortgage\/pre-approvals\/"]}]},{"@type":"BreadcrumbList","@id":"https:\/\/teamlevine.ca\/mortgage\/pre-approvals\/#breadcrumb","itemListElement":[{"@type":"ListItem","position":1,"name":"Home","item":"https:\/\/teamlevine.ca\/"},{"@type":"ListItem","position":2,"name":"Mortgage","item":"https:\/\/teamlevine.ca\/mortgage\/"},{"@type":"ListItem","position":3,"name":"Pre-approvals"}]},{"@type":"WebSite","@id":"https:\/\/teamlevine.ca\/#website","url":"https:\/\/teamlevine.ca\/","name":"Team Levine","description":"","potentialAction":[{"@type":"SearchAction","target":{"@type":"EntryPoint","urlTemplate":"https:\/\/teamlevine.ca\/?s={search_term_string}"},"query-input":{"@type":"PropertyValueSpecification","valueRequired":true,"valueName":"search_term_string"}}],"inLanguage":"fr-FR"}]}},"_links":{"self":[{"href":"https:\/\/teamlevine.ca\/fr\/wp-json\/wp\/v2\/pages\/226","targetHints":{"allow":["GET"]}}],"collection":[{"href":"https:\/\/teamlevine.ca\/fr\/wp-json\/wp\/v2\/pages"}],"about":[{"href":"https:\/\/teamlevine.ca\/fr\/wp-json\/wp\/v2\/types\/page"}],"author":[{"embeddable":true,"href":"https:\/\/teamlevine.ca\/fr\/wp-json\/wp\/v2\/users\/1"}],"replies":[{"embeddable":true,"href":"https:\/\/teamlevine.ca\/fr\/wp-json\/wp\/v2\/comments?post=226"}],"version-history":[{"count":4,"href":"https:\/\/teamlevine.ca\/fr\/wp-json\/wp\/v2\/pages\/226\/revisions"}],"predecessor-version":[{"id":1033,"href":"https:\/\/teamlevine.ca\/fr\/wp-json\/wp\/v2\/pages\/226\/revisions\/1033"}],"up":[{"embeddable":true,"href":"https:\/\/teamlevine.ca\/fr\/wp-json\/wp\/v2\/pages\/56"}],"wp:attachment":[{"href":"https:\/\/teamlevine.ca\/fr\/wp-json\/wp\/v2\/media?parent=226"}],"curies":[{"name":"wp","href":"https:\/\/api.w.org\/{rel}","templated":true}]}}