{"id":224,"date":"2017-02-25T02:53:39","date_gmt":"2017-02-25T02:53:39","guid":{"rendered":"https:\/\/teamlevine.ca\/?page_id=224"},"modified":"2024-10-15T03:02:15","modified_gmt":"2024-10-15T07:02:15","slug":"refinance","status":"publish","type":"page","link":"https:\/\/teamlevine.ca\/fr\/hypotheques\/refinancement\/","title":{"rendered":"Refinancement hypoth\u00e9caire"},"content":{"rendered":"<p>Vous songez \u00e0 r\u00e9nover votre propri\u00e9t\u00e9? Vous envisagez peut-\u00eatre d\u2019acheter une nouvelle propri\u00e9t\u00e9 ou m\u00eame une propri\u00e9t\u00e9 situ\u00e9e aux \u00c9tats-Unis? Il se peut que vous pensiez simplement \u00e0 rembourser certaines dettes ou \u00e0 utiliser une somme d\u2019argent \u00e0 des fins d\u2019investissement. La liste peut \u00eatre encore bien longue! Si vous poss\u00e9dez une propri\u00e9t\u00e9 dans laquelle vous d\u00e9tenez au moins 20 % d\u2019\u00e9quit\u00e9, alors nous pouvons vous aider! Faites\u2011nous part de vos projets, et nous vous proposerons des solutions.<\/p>","protected":false},"excerpt":{"rendered":"<p>Vous songez \u00e0 r\u00e9nover votre propri\u00e9t\u00e9? Vous envisagez peut-\u00eatre d\u2019acheter une nouvelle propri\u00e9t\u00e9 ou m\u00eame une propri\u00e9t\u00e9 situ\u00e9e aux \u00c9tats-Unis? Il se peut que vous pensiez simplement \u00e0 rembourser certaines dettes ou \u00e0 utiliser une somme d\u2019argent \u00e0 des fins d\u2019investissement. La liste peut \u00eatre encore bien longue! Si vous poss\u00e9dez une propri\u00e9t\u00e9 dans laquelle [&hellip;]<\/p>\n","protected":false},"author":1,"featured_media":0,"parent":56,"menu_order":54,"comment_status":"closed","ping_status":"closed","template":"page-services-detail.php","meta":{"_acf_changed":false,"footnotes":""},"class_list":["post-224","page","type-page","status-publish","hentry"],"acf":[],"yoast_head":"<!-- This site is optimized with the Yoast SEO plugin v27.3 - https:\/\/yoast.com\/product\/yoast-seo-wordpress\/ -->\n<title>Refinancement hypoth\u00e9caire : nos services | Team Levine<\/title>\n<meta name=\"description\" content=\"D\u00e9couvrez nos services de refinancement hypoth\u00e9caire et lancez-vous sereinement dans vos projets. Team Levine, vos experts en services d&#039;hypoth\u00e8que \u00e0 Montr\u00e9al.\" \/>\n<meta name=\"robots\" content=\"index, follow, max-snippet:-1, max-image-preview:large, max-video-preview:-1\" \/>\n<link rel=\"canonical\" href=\"https:\/\/teamlevine.ca\/mortgage\/refinance\/\" \/>\n<meta property=\"og:locale\" content=\"fr_FR\" \/>\n<meta property=\"og:type\" content=\"article\" \/>\n<meta property=\"og:title\" content=\"[:en]Mortgage Refinance Montreal, Refinancing Montreal[:fr]Refinancement hypoth\u00e9caire : nos services | Team Levine[:]\" \/>\n<meta property=\"og:description\" content=\"{:en}Refinance your mortgage hassle-free in Montreal. Lower rates, consolidate debt, and unlock savings with our expert refinancing solutions.{:fr}D\u00e9couvrez nos services de refinancement hypoth\u00e9caire et lancez-vous sereinement dans vos projets. Team Levine, vos experts en services d&#039;hypoth\u00e8que \u00e0 Montr\u00e9al.{:}\" \/>\n<meta property=\"og:url\" content=\"https:\/\/teamlevine.ca\/mortgage\/refinance\/\" \/>\n<meta property=\"og:site_name\" content=\"Team Levine\" \/>\n<meta property=\"article:modified_time\" content=\"2024-10-15T07:02:15+00:00\" \/>\n<meta name=\"twitter:card\" content=\"summary_large_image\" \/>\n<meta name=\"twitter:label1\" content=\"Dur\u00e9e de lecture estim\u00e9e\" \/>\n\t<meta name=\"twitter:data1\" content=\"1 minute\" \/>\n<script type=\"application\/ld+json\" class=\"yoast-schema-graph\">{\"@context\":\"https:\\\/\\\/schema.org\",\"@graph\":[{\"@type\":\"WebPage\",\"@id\":\"https:\\\/\\\/teamlevine.ca\\\/mortgage\\\/refinance\\\/\",\"url\":\"https:\\\/\\\/teamlevine.ca\\\/mortgage\\\/refinance\\\/\",\"name\":\"[:en]Mortgage Refinance Montreal, Refinancing Montreal[:fr]Refinancement hypoth\u00e9caire : nos services | Team Levine[:]\",\"isPartOf\":{\"@id\":\"https:\\\/\\\/teamlevine.ca\\\/#website\"},\"datePublished\":\"2017-02-25T02:53:39+00:00\",\"dateModified\":\"2024-10-15T07:02:15+00:00\",\"description\":\"{:en}Refinance your mortgage hassle-free in Montreal. Lower rates, consolidate debt, and unlock savings with our expert refinancing solutions.{:fr}D\u00e9couvrez nos services de refinancement hypoth\u00e9caire et lancez-vous sereinement dans vos projets. Team Levine, vos experts en services d'hypoth\u00e8que \u00e0 Montr\u00e9al.{:}\",\"breadcrumb\":{\"@id\":\"https:\\\/\\\/teamlevine.ca\\\/mortgage\\\/refinance\\\/#breadcrumb\"},\"inLanguage\":\"fr-FR\",\"potentialAction\":[{\"@type\":\"ReadAction\",\"target\":[\"https:\\\/\\\/teamlevine.ca\\\/mortgage\\\/refinance\\\/\"]}]},{\"@type\":\"BreadcrumbList\",\"@id\":\"https:\\\/\\\/teamlevine.ca\\\/mortgage\\\/refinance\\\/#breadcrumb\",\"itemListElement\":[{\"@type\":\"ListItem\",\"position\":1,\"name\":\"Home\",\"item\":\"https:\\\/\\\/teamlevine.ca\\\/\"},{\"@type\":\"ListItem\",\"position\":2,\"name\":\"Mortgage\",\"item\":\"https:\\\/\\\/teamlevine.ca\\\/mortgage\\\/\"},{\"@type\":\"ListItem\",\"position\":3,\"name\":\"Refinance\"}]},{\"@type\":\"WebSite\",\"@id\":\"https:\\\/\\\/teamlevine.ca\\\/#website\",\"url\":\"https:\\\/\\\/teamlevine.ca\\\/\",\"name\":\"Team Levine\",\"description\":\"\",\"potentialAction\":[{\"@type\":\"SearchAction\",\"target\":{\"@type\":\"EntryPoint\",\"urlTemplate\":\"https:\\\/\\\/teamlevine.ca\\\/?s={search_term_string}\"},\"query-input\":{\"@type\":\"PropertyValueSpecification\",\"valueRequired\":true,\"valueName\":\"search_term_string\"}}],\"inLanguage\":\"fr-FR\"}]}<\/script>\n<!-- \/ Yoast SEO plugin. -->","yoast_head_json":{"title":"Refinancement hypoth\u00e9caire : nos services | Team Levine","description":"D\u00e9couvrez nos services de refinancement hypoth\u00e9caire et lancez-vous sereinement dans vos projets. Team Levine, vos experts en services d'hypoth\u00e8que \u00e0 Montr\u00e9al.","robots":{"index":"index","follow":"follow","max-snippet":"max-snippet:-1","max-image-preview":"max-image-preview:large","max-video-preview":"max-video-preview:-1"},"canonical":"https:\/\/teamlevine.ca\/mortgage\/refinance\/","og_locale":"fr_FR","og_type":"article","og_title":"[:en]Mortgage Refinance Montreal, Refinancing Montreal[:fr]Refinancement hypoth\u00e9caire : nos services | Team Levine[:]","og_description":"{:en}Refinance your mortgage hassle-free in Montreal. Lower rates, consolidate debt, and unlock savings with our expert refinancing solutions.{:fr}D\u00e9couvrez nos services de refinancement hypoth\u00e9caire et lancez-vous sereinement dans vos projets. Team Levine, vos experts en services d'hypoth\u00e8que \u00e0 Montr\u00e9al.{:}","og_url":"https:\/\/teamlevine.ca\/mortgage\/refinance\/","og_site_name":"Team Levine","article_modified_time":"2024-10-15T07:02:15+00:00","twitter_card":"summary_large_image","twitter_misc":{"Dur\u00e9e de lecture estim\u00e9e":"1 minute"},"schema":{"@context":"https:\/\/schema.org","@graph":[{"@type":"WebPage","@id":"https:\/\/teamlevine.ca\/mortgage\/refinance\/","url":"https:\/\/teamlevine.ca\/mortgage\/refinance\/","name":"[:en]Mortgage Refinance Montreal, Refinancing Montreal[:fr]Refinancement hypoth\u00e9caire : nos services | Team Levine[:]","isPartOf":{"@id":"https:\/\/teamlevine.ca\/#website"},"datePublished":"2017-02-25T02:53:39+00:00","dateModified":"2024-10-15T07:02:15+00:00","description":"{:en}Refinance your mortgage hassle-free in Montreal. Lower rates, consolidate debt, and unlock savings with our expert refinancing solutions.{:fr}D\u00e9couvrez nos services de refinancement hypoth\u00e9caire et lancez-vous sereinement dans vos projets. Team Levine, vos experts en services d'hypoth\u00e8que \u00e0 Montr\u00e9al.{:}","breadcrumb":{"@id":"https:\/\/teamlevine.ca\/mortgage\/refinance\/#breadcrumb"},"inLanguage":"fr-FR","potentialAction":[{"@type":"ReadAction","target":["https:\/\/teamlevine.ca\/mortgage\/refinance\/"]}]},{"@type":"BreadcrumbList","@id":"https:\/\/teamlevine.ca\/mortgage\/refinance\/#breadcrumb","itemListElement":[{"@type":"ListItem","position":1,"name":"Home","item":"https:\/\/teamlevine.ca\/"},{"@type":"ListItem","position":2,"name":"Mortgage","item":"https:\/\/teamlevine.ca\/mortgage\/"},{"@type":"ListItem","position":3,"name":"Refinance"}]},{"@type":"WebSite","@id":"https:\/\/teamlevine.ca\/#website","url":"https:\/\/teamlevine.ca\/","name":"Team Levine","description":"","potentialAction":[{"@type":"SearchAction","target":{"@type":"EntryPoint","urlTemplate":"https:\/\/teamlevine.ca\/?s={search_term_string}"},"query-input":{"@type":"PropertyValueSpecification","valueRequired":true,"valueName":"search_term_string"}}],"inLanguage":"fr-FR"}]}},"_links":{"self":[{"href":"https:\/\/teamlevine.ca\/fr\/wp-json\/wp\/v2\/pages\/224","targetHints":{"allow":["GET"]}}],"collection":[{"href":"https:\/\/teamlevine.ca\/fr\/wp-json\/wp\/v2\/pages"}],"about":[{"href":"https:\/\/teamlevine.ca\/fr\/wp-json\/wp\/v2\/types\/page"}],"author":[{"embeddable":true,"href":"https:\/\/teamlevine.ca\/fr\/wp-json\/wp\/v2\/users\/1"}],"replies":[{"embeddable":true,"href":"https:\/\/teamlevine.ca\/fr\/wp-json\/wp\/v2\/comments?post=224"}],"version-history":[{"count":5,"href":"https:\/\/teamlevine.ca\/fr\/wp-json\/wp\/v2\/pages\/224\/revisions"}],"predecessor-version":[{"id":1483,"href":"https:\/\/teamlevine.ca\/fr\/wp-json\/wp\/v2\/pages\/224\/revisions\/1483"}],"up":[{"embeddable":true,"href":"https:\/\/teamlevine.ca\/fr\/wp-json\/wp\/v2\/pages\/56"}],"wp:attachment":[{"href":"https:\/\/teamlevine.ca\/fr\/wp-json\/wp\/v2\/media?parent=224"}],"curies":[{"name":"wp","href":"https:\/\/api.w.org\/{rel}","templated":true}]}}