{"id":222,"date":"2017-02-24T12:58:18","date_gmt":"2017-02-24T12:58:18","guid":{"rendered":"https:\/\/teamlevine.ca\/?page_id=222"},"modified":"2021-04-09T10:15:25","modified_gmt":"2021-04-09T14:15:25","slug":"investment-properties","status":"publish","type":"page","link":"https:\/\/teamlevine.ca\/fr\/hypotheques\/immeubles-locatifs\/","title":{"rendered":"Hypoth\u00e8que : Immeubles locatifs"},"content":{"rendered":"<p><\/p>\n<h3>Les immeubles locatives sont consid\u00e9r\u00e9s comme \u00e9tant des immeubles strictement r\u00e9serv\u00e9s \u00e0 la location \u2013 allant d&rsquo;un condo jusqu&rsquo;\u00e0 un quadruplex. &#8211;<\/h3>\n<p>La plupart des pr\u00eateurs iront \u00e0 un maximum de 4 unit\u00e9s en vertu d&rsquo;un programme r\u00e9sidentiel. Nous avons acc\u00e8s \u00e0 quelques banques qui acceptent d&rsquo;accorder des pr\u00eats hypoth\u00e9caires r\u00e9sidentiels pour des immeubles de 6 unit\u00e9s et, dans certains cas admissibles, des immeubles comptant jusqu&rsquo;\u00e0 8 unit\u00e9s peuvent aussi \u00eatre consid\u00e9r\u00e9s comme r\u00e9sidentiels. Au-del\u00e0 de ce nombre d&rsquo;unit\u00e9s, nous avons affaire \u00e0 un dossier immeuble \u00e0 logements multiples ou \u00e0 un dossier commercial, pour lesquels les taux sont diff\u00e9rents et le traitement du dossier prend beaucoup plus de temps.<\/p>\n<p>Lorsqu&rsquo;on cherche un pr\u00eat hypoth\u00e9caire r\u00e9sidentiel pour un immeuble locative, les r\u00e8gles et les directives varient d&rsquo;une banque \u00e0 l&rsquo;autre. Certaines peuvent utiliser seulement 50 % de votre revenu de location pour vous aider \u00e0 obtenir ce pr\u00eat, tandis que d&rsquo;autres consid\u00e9re jusqu&rsquo;\u00e0 80 % ou plus.<\/p>\n<p>Dans tous les cas, vous devrez verser une mise de fonds minimale de 20 %. La seule constante chez toutes les banques, c&rsquo;est la n\u00e9cessit\u00e9 de payer un minimum de 20 % en mise de fonds si la propri\u00e9t\u00e9 est utilis\u00e9e \u00e0 des fins strictement locatives. Parfois, pour obtenir le meilleur taux d&rsquo;une banque en particulier, vous devrez verser une mise de fonds de plus de 20 % de votre prix d&rsquo;achat.<\/p>\n<p>Comme il y a tant de choses \u00e0 savoir et que chaque banque a des directives diff\u00e9rentes, il est difficile de s&rsquo;y retrouver! C&rsquo;est l\u00e0 o\u00f9 \u00c9quipe Levine entre en jeu. Nous vous aidons \u00e0 comprendre les diverses options qui s&rsquo;offrent \u00e0 vous et nous vous proposons les meilleures solutions.<\/p>","protected":false},"excerpt":{"rendered":"<p>Les immeubles locatives sont consid\u00e9r\u00e9s comme \u00e9tant des immeubles strictement r\u00e9serv\u00e9s \u00e0 la location \u2013 allant d&rsquo;un condo jusqu&rsquo;\u00e0 un quadruplex. &#8211; La plupart des pr\u00eateurs iront \u00e0 un maximum de 4 unit\u00e9s en vertu d&rsquo;un programme r\u00e9sidentiel. Nous avons acc\u00e8s \u00e0 quelques banques qui acceptent d&rsquo;accorder des pr\u00eats hypoth\u00e9caires r\u00e9sidentiels pour des immeubles de [&hellip;]<\/p>\n","protected":false},"author":1,"featured_media":0,"parent":56,"menu_order":53,"comment_status":"closed","ping_status":"closed","template":"page-services-detail.php","meta":{"_acf_changed":false,"footnotes":""},"class_list":["post-222","page","type-page","status-publish","hentry"],"acf":[],"yoast_head":"<!-- This site is optimized with the Yoast SEO plugin v27.3 - https:\/\/yoast.com\/product\/yoast-seo-wordpress\/ -->\n<title>Investment Properties | Team Levine<\/title>\n<meta name=\"description\" content=\"Team Levine\" \/>\n<meta name=\"robots\" content=\"index, follow, max-snippet:-1, max-image-preview:large, max-video-preview:-1\" \/>\n<link rel=\"canonical\" href=\"https:\/\/teamlevine.ca\/mortgage\/investment-properties\/\" \/>\n<meta property=\"og:locale\" content=\"fr_FR\" \/>\n<meta property=\"og:type\" content=\"article\" \/>\n<meta property=\"og:title\" content=\"Investment Properties | Team Levine\" \/>\n<meta property=\"og:description\" content=\"Team Levine\" \/>\n<meta property=\"og:url\" content=\"https:\/\/teamlevine.ca\/mortgage\/investment-properties\/\" \/>\n<meta property=\"og:site_name\" content=\"Team Levine\" \/>\n<meta property=\"article:modified_time\" content=\"2021-04-09T14:15:25+00:00\" \/>\n<meta name=\"twitter:card\" content=\"summary_large_image\" \/>\n<meta name=\"twitter:label1\" content=\"Dur\u00e9e de lecture estim\u00e9e\" \/>\n\t<meta name=\"twitter:data1\" content=\"3 minutes\" \/>\n<script type=\"application\/ld+json\" class=\"yoast-schema-graph\">{\"@context\":\"https:\\\/\\\/schema.org\",\"@graph\":[{\"@type\":\"WebPage\",\"@id\":\"https:\\\/\\\/teamlevine.ca\\\/mortgage\\\/investment-properties\\\/\",\"url\":\"https:\\\/\\\/teamlevine.ca\\\/mortgage\\\/investment-properties\\\/\",\"name\":\"Investment Properties | Team Levine\",\"isPartOf\":{\"@id\":\"https:\\\/\\\/teamlevine.ca\\\/#website\"},\"datePublished\":\"2017-02-24T12:58:18+00:00\",\"dateModified\":\"2021-04-09T14:15:25+00:00\",\"description\":\"Team Levine\",\"breadcrumb\":{\"@id\":\"https:\\\/\\\/teamlevine.ca\\\/mortgage\\\/investment-properties\\\/#breadcrumb\"},\"inLanguage\":\"fr-FR\",\"potentialAction\":[{\"@type\":\"ReadAction\",\"target\":[\"https:\\\/\\\/teamlevine.ca\\\/mortgage\\\/investment-properties\\\/\"]}]},{\"@type\":\"BreadcrumbList\",\"@id\":\"https:\\\/\\\/teamlevine.ca\\\/mortgage\\\/investment-properties\\\/#breadcrumb\",\"itemListElement\":[{\"@type\":\"ListItem\",\"position\":1,\"name\":\"Home\",\"item\":\"https:\\\/\\\/teamlevine.ca\\\/\"},{\"@type\":\"ListItem\",\"position\":2,\"name\":\"Mortgage\",\"item\":\"https:\\\/\\\/teamlevine.ca\\\/mortgage\\\/\"},{\"@type\":\"ListItem\",\"position\":3,\"name\":\"Investment Properties\"}]},{\"@type\":\"WebSite\",\"@id\":\"https:\\\/\\\/teamlevine.ca\\\/#website\",\"url\":\"https:\\\/\\\/teamlevine.ca\\\/\",\"name\":\"Team Levine\",\"description\":\"\",\"potentialAction\":[{\"@type\":\"SearchAction\",\"target\":{\"@type\":\"EntryPoint\",\"urlTemplate\":\"https:\\\/\\\/teamlevine.ca\\\/?s={search_term_string}\"},\"query-input\":{\"@type\":\"PropertyValueSpecification\",\"valueRequired\":true,\"valueName\":\"search_term_string\"}}],\"inLanguage\":\"fr-FR\"}]}<\/script>\n<!-- \/ Yoast SEO plugin. -->","yoast_head_json":{"title":"Investment Properties | Team Levine","description":"Team Levine","robots":{"index":"index","follow":"follow","max-snippet":"max-snippet:-1","max-image-preview":"max-image-preview:large","max-video-preview":"max-video-preview:-1"},"canonical":"https:\/\/teamlevine.ca\/mortgage\/investment-properties\/","og_locale":"fr_FR","og_type":"article","og_title":"Investment Properties | Team Levine","og_description":"Team Levine","og_url":"https:\/\/teamlevine.ca\/mortgage\/investment-properties\/","og_site_name":"Team Levine","article_modified_time":"2021-04-09T14:15:25+00:00","twitter_card":"summary_large_image","twitter_misc":{"Dur\u00e9e de lecture estim\u00e9e":"3 minutes"},"schema":{"@context":"https:\/\/schema.org","@graph":[{"@type":"WebPage","@id":"https:\/\/teamlevine.ca\/mortgage\/investment-properties\/","url":"https:\/\/teamlevine.ca\/mortgage\/investment-properties\/","name":"Investment Properties | Team Levine","isPartOf":{"@id":"https:\/\/teamlevine.ca\/#website"},"datePublished":"2017-02-24T12:58:18+00:00","dateModified":"2021-04-09T14:15:25+00:00","description":"Team Levine","breadcrumb":{"@id":"https:\/\/teamlevine.ca\/mortgage\/investment-properties\/#breadcrumb"},"inLanguage":"fr-FR","potentialAction":[{"@type":"ReadAction","target":["https:\/\/teamlevine.ca\/mortgage\/investment-properties\/"]}]},{"@type":"BreadcrumbList","@id":"https:\/\/teamlevine.ca\/mortgage\/investment-properties\/#breadcrumb","itemListElement":[{"@type":"ListItem","position":1,"name":"Home","item":"https:\/\/teamlevine.ca\/"},{"@type":"ListItem","position":2,"name":"Mortgage","item":"https:\/\/teamlevine.ca\/mortgage\/"},{"@type":"ListItem","position":3,"name":"Investment Properties"}]},{"@type":"WebSite","@id":"https:\/\/teamlevine.ca\/#website","url":"https:\/\/teamlevine.ca\/","name":"Team Levine","description":"","potentialAction":[{"@type":"SearchAction","target":{"@type":"EntryPoint","urlTemplate":"https:\/\/teamlevine.ca\/?s={search_term_string}"},"query-input":{"@type":"PropertyValueSpecification","valueRequired":true,"valueName":"search_term_string"}}],"inLanguage":"fr-FR"}]}},"_links":{"self":[{"href":"https:\/\/teamlevine.ca\/fr\/wp-json\/wp\/v2\/pages\/222","targetHints":{"allow":["GET"]}}],"collection":[{"href":"https:\/\/teamlevine.ca\/fr\/wp-json\/wp\/v2\/pages"}],"about":[{"href":"https:\/\/teamlevine.ca\/fr\/wp-json\/wp\/v2\/types\/page"}],"author":[{"embeddable":true,"href":"https:\/\/teamlevine.ca\/fr\/wp-json\/wp\/v2\/users\/1"}],"replies":[{"embeddable":true,"href":"https:\/\/teamlevine.ca\/fr\/wp-json\/wp\/v2\/comments?post=222"}],"version-history":[{"count":4,"href":"https:\/\/teamlevine.ca\/fr\/wp-json\/wp\/v2\/pages\/222\/revisions"}],"predecessor-version":[{"id":1029,"href":"https:\/\/teamlevine.ca\/fr\/wp-json\/wp\/v2\/pages\/222\/revisions\/1029"}],"up":[{"embeddable":true,"href":"https:\/\/teamlevine.ca\/fr\/wp-json\/wp\/v2\/pages\/56"}],"wp:attachment":[{"href":"https:\/\/teamlevine.ca\/fr\/wp-json\/wp\/v2\/media?parent=222"}],"curies":[{"name":"wp","href":"https:\/\/api.w.org\/{rel}","templated":true}]}}