{"id":213,"date":"2017-02-24T10:30:32","date_gmt":"2017-02-24T10:30:32","guid":{"rendered":"https:\/\/teamlevine.ca\/?page_id=213"},"modified":"2021-04-09T09:30:25","modified_gmt":"2021-04-09T13:30:25","slug":"investments","status":"publish","type":"page","link":"https:\/\/teamlevine.ca\/fr\/investissements\/","title":{"rendered":"Investissements au Canada"},"content":{"rendered":"","protected":false},"excerpt":{"rendered":"","protected":false},"author":1,"featured_media":0,"parent":0,"menu_order":39,"comment_status":"closed","ping_status":"closed","template":"page-investment-services.php","meta":{"_acf_changed":false,"footnotes":""},"class_list":["post-213","page","type-page","status-publish","hentry"],"acf":[],"yoast_head":"<!-- This site is optimized with the Yoast SEO plugin v27.3 - https:\/\/yoast.com\/product\/yoast-seo-wordpress\/ -->\n<title>(Fran\u00e7ais) Experts en Investissements financiers \u00e0 Montr\u00e9al | Team Levine<\/title>\n<meta name=\"description\" content=\"(Fran\u00e7ais) D\u00e9couvrez nos services d&#039;investissement : REER, REEE, CELI et plus encore... pour tous vos projets. Team Levine, vos experts en services d&#039;investissement \u00e0 Montr\u00e9al.\" \/>\n<meta name=\"robots\" content=\"index, follow, max-snippet:-1, max-image-preview:large, max-video-preview:-1\" \/>\n<link rel=\"canonical\" href=\"https:\/\/teamlevine.ca\/investments\/\" \/>\n<meta property=\"og:locale\" content=\"fr_FR\" \/>\n<meta property=\"og:type\" content=\"article\" \/>\n<meta property=\"og:title\" content=\"(Fran\u00e7ais) Experts en Investissements financiers \u00e0 Montr\u00e9al | Team Levine\" \/>\n<meta property=\"og:description\" content=\"(Fran\u00e7ais) D\u00e9couvrez nos services d&#039;investissement : REER, REEE, CELI et plus encore... pour tous vos projets. Team Levine, vos experts en services d&#039;investissement \u00e0 Montr\u00e9al.\" \/>\n<meta property=\"og:url\" content=\"https:\/\/teamlevine.ca\/investments\/\" \/>\n<meta property=\"og:site_name\" content=\"Team Levine\" \/>\n<meta property=\"article:modified_time\" content=\"2021-04-09T13:30:25+00:00\" \/>\n<meta name=\"twitter:card\" content=\"summary_large_image\" \/>\n<script type=\"application\/ld+json\" class=\"yoast-schema-graph\">{\"@context\":\"https:\\\/\\\/schema.org\",\"@graph\":[{\"@type\":\"WebPage\",\"@id\":\"https:\\\/\\\/teamlevine.ca\\\/investments\\\/\",\"url\":\"https:\\\/\\\/teamlevine.ca\\\/investments\\\/\",\"name\":\"(Fran\u00e7ais) Experts en Investissements financiers \u00e0 Montr\u00e9al | Team Levine\",\"isPartOf\":{\"@id\":\"https:\\\/\\\/teamlevine.ca\\\/#website\"},\"datePublished\":\"2017-02-24T10:30:32+00:00\",\"dateModified\":\"2021-04-09T13:30:25+00:00\",\"description\":\"(Fran\u00e7ais) D\u00e9couvrez nos services d'investissement : REER, REEE, CELI et plus encore... pour tous vos projets. Team Levine, vos experts en services d'investissement \u00e0 Montr\u00e9al.\",\"breadcrumb\":{\"@id\":\"https:\\\/\\\/teamlevine.ca\\\/investments\\\/#breadcrumb\"},\"inLanguage\":\"fr-FR\",\"potentialAction\":[{\"@type\":\"ReadAction\",\"target\":[\"https:\\\/\\\/teamlevine.ca\\\/investments\\\/\"]}]},{\"@type\":\"BreadcrumbList\",\"@id\":\"https:\\\/\\\/teamlevine.ca\\\/investments\\\/#breadcrumb\",\"itemListElement\":[{\"@type\":\"ListItem\",\"position\":1,\"name\":\"Home\",\"item\":\"https:\\\/\\\/teamlevine.ca\\\/\"},{\"@type\":\"ListItem\",\"position\":2,\"name\":\"Investments\"}]},{\"@type\":\"WebSite\",\"@id\":\"https:\\\/\\\/teamlevine.ca\\\/#website\",\"url\":\"https:\\\/\\\/teamlevine.ca\\\/\",\"name\":\"Team Levine\",\"description\":\"\",\"potentialAction\":[{\"@type\":\"SearchAction\",\"target\":{\"@type\":\"EntryPoint\",\"urlTemplate\":\"https:\\\/\\\/teamlevine.ca\\\/?s={search_term_string}\"},\"query-input\":{\"@type\":\"PropertyValueSpecification\",\"valueRequired\":true,\"valueName\":\"search_term_string\"}}],\"inLanguage\":\"fr-FR\"}]}<\/script>\n<!-- \/ Yoast SEO plugin. -->","yoast_head_json":{"title":"(Fran\u00e7ais) Experts en Investissements financiers \u00e0 Montr\u00e9al | Team Levine","description":"(Fran\u00e7ais) D\u00e9couvrez nos services d'investissement : REER, REEE, CELI et plus encore... pour tous vos projets. Team Levine, vos experts en services d'investissement \u00e0 Montr\u00e9al.","robots":{"index":"index","follow":"follow","max-snippet":"max-snippet:-1","max-image-preview":"max-image-preview:large","max-video-preview":"max-video-preview:-1"},"canonical":"https:\/\/teamlevine.ca\/investments\/","og_locale":"fr_FR","og_type":"article","og_title":"(Fran\u00e7ais) Experts en Investissements financiers \u00e0 Montr\u00e9al | Team Levine","og_description":"(Fran\u00e7ais) D\u00e9couvrez nos services d'investissement : REER, REEE, CELI et plus encore... pour tous vos projets. Team Levine, vos experts en services d'investissement \u00e0 Montr\u00e9al.","og_url":"https:\/\/teamlevine.ca\/investments\/","og_site_name":"Team Levine","article_modified_time":"2021-04-09T13:30:25+00:00","twitter_card":"summary_large_image","schema":{"@context":"https:\/\/schema.org","@graph":[{"@type":"WebPage","@id":"https:\/\/teamlevine.ca\/investments\/","url":"https:\/\/teamlevine.ca\/investments\/","name":"(Fran\u00e7ais) Experts en Investissements financiers \u00e0 Montr\u00e9al | Team Levine","isPartOf":{"@id":"https:\/\/teamlevine.ca\/#website"},"datePublished":"2017-02-24T10:30:32+00:00","dateModified":"2021-04-09T13:30:25+00:00","description":"(Fran\u00e7ais) D\u00e9couvrez nos services d'investissement : REER, REEE, CELI et plus encore... pour tous vos projets. Team Levine, vos experts en services d'investissement \u00e0 Montr\u00e9al.","breadcrumb":{"@id":"https:\/\/teamlevine.ca\/investments\/#breadcrumb"},"inLanguage":"fr-FR","potentialAction":[{"@type":"ReadAction","target":["https:\/\/teamlevine.ca\/investments\/"]}]},{"@type":"BreadcrumbList","@id":"https:\/\/teamlevine.ca\/investments\/#breadcrumb","itemListElement":[{"@type":"ListItem","position":1,"name":"Home","item":"https:\/\/teamlevine.ca\/"},{"@type":"ListItem","position":2,"name":"Investments"}]},{"@type":"WebSite","@id":"https:\/\/teamlevine.ca\/#website","url":"https:\/\/teamlevine.ca\/","name":"Team Levine","description":"","potentialAction":[{"@type":"SearchAction","target":{"@type":"EntryPoint","urlTemplate":"https:\/\/teamlevine.ca\/?s={search_term_string}"},"query-input":{"@type":"PropertyValueSpecification","valueRequired":true,"valueName":"search_term_string"}}],"inLanguage":"fr-FR"}]}},"_links":{"self":[{"href":"https:\/\/teamlevine.ca\/fr\/wp-json\/wp\/v2\/pages\/213","targetHints":{"allow":["GET"]}}],"collection":[{"href":"https:\/\/teamlevine.ca\/fr\/wp-json\/wp\/v2\/pages"}],"about":[{"href":"https:\/\/teamlevine.ca\/fr\/wp-json\/wp\/v2\/types\/page"}],"author":[{"embeddable":true,"href":"https:\/\/teamlevine.ca\/fr\/wp-json\/wp\/v2\/users\/1"}],"replies":[{"embeddable":true,"href":"https:\/\/teamlevine.ca\/fr\/wp-json\/wp\/v2\/comments?post=213"}],"version-history":[{"count":2,"href":"https:\/\/teamlevine.ca\/fr\/wp-json\/wp\/v2\/pages\/213\/revisions"}],"predecessor-version":[{"id":1021,"href":"https:\/\/teamlevine.ca\/fr\/wp-json\/wp\/v2\/pages\/213\/revisions\/1021"}],"wp:attachment":[{"href":"https:\/\/teamlevine.ca\/fr\/wp-json\/wp\/v2\/media?parent=213"}],"curies":[{"name":"wp","href":"https:\/\/api.w.org\/{rel}","templated":true}]}}