{"id":211,"date":"2017-02-24T10:28:54","date_gmt":"2017-02-24T10:28:54","guid":{"rendered":"https:\/\/teamlevine.ca\/?page_id=211"},"modified":"2023-12-19T11:52:10","modified_gmt":"2023-12-19T16:52:10","slug":"insurance","status":"publish","type":"page","link":"https:\/\/teamlevine.ca\/fr\/assurance\/","title":{"rendered":"Services d&rsquo;assurance"},"content":{"rendered":"","protected":false},"excerpt":{"rendered":"","protected":false},"author":1,"featured_media":0,"parent":0,"menu_order":14,"comment_status":"closed","ping_status":"closed","template":"page-insurance-services.php","meta":{"_acf_changed":false,"footnotes":""},"class_list":["post-211","page","type-page","status-publish","hentry"],"acf":[],"yoast_head":"<!-- This site is optimized with the Yoast SEO plugin v27.3 - https:\/\/yoast.com\/product\/yoast-seo-wordpress\/ -->\n<title>Experts en services d&#039;assurances \u00e0 Montr\u00e9al | Team Levine<\/title>\n<meta name=\"description\" content=\"D\u00e9couvrez tous nos services d&#039;assurance : invalidit\u00e9, maladies, assurance vie et bien plus encore ! Team Levine, vos experts en services d&#039;assurance \u00e0 Montr\u00e9al.\" \/>\n<meta name=\"robots\" content=\"index, follow, max-snippet:-1, max-image-preview:large, max-video-preview:-1\" \/>\n<link rel=\"canonical\" href=\"https:\/\/teamlevine.ca\/fr\/assurance\/\" \/>\n<meta property=\"og:locale\" content=\"fr_FR\" \/>\n<meta property=\"og:type\" content=\"article\" \/>\n<meta property=\"og:title\" content=\"Experts en services d&#039;assurances \u00e0 Montr\u00e9al | Team Levine\" \/>\n<meta property=\"og:description\" content=\"D\u00e9couvrez tous nos services d&#039;assurance : invalidit\u00e9, maladies, assurance vie et bien plus encore ! Team Levine, vos experts en services d&#039;assurance \u00e0 Montr\u00e9al.\" \/>\n<meta property=\"og:url\" content=\"https:\/\/teamlevine.ca\/fr\/assurance\/\" \/>\n<meta property=\"og:site_name\" content=\"Team Levine\" \/>\n<meta property=\"article:modified_time\" content=\"2023-12-19T16:52:10+00:00\" \/>\n<meta name=\"twitter:card\" content=\"summary_large_image\" \/>\n<script type=\"application\/ld+json\" class=\"yoast-schema-graph\">{\"@context\":\"https:\\\/\\\/schema.org\",\"@graph\":[{\"@type\":\"WebPage\",\"@id\":\"https:\\\/\\\/teamlevine.ca\\\/fr\\\/assurance\\\/\",\"url\":\"https:\\\/\\\/teamlevine.ca\\\/fr\\\/assurance\\\/\",\"name\":\"Experts en services d'assurances \u00e0 Montr\u00e9al | Team Levine\",\"isPartOf\":{\"@id\":\"https:\\\/\\\/teamlevine.ca\\\/#website\"},\"datePublished\":\"2017-02-24T10:28:54+00:00\",\"dateModified\":\"2023-12-19T16:52:10+00:00\",\"description\":\"D\u00e9couvrez tous nos services d'assurance : invalidit\u00e9, maladies, assurance vie et bien plus encore ! Team Levine, vos experts en services d'assurance \u00e0 Montr\u00e9al.\",\"breadcrumb\":{\"@id\":\"https:\\\/\\\/teamlevine.ca\\\/fr\\\/assurance\\\/#breadcrumb\"},\"inLanguage\":\"fr-FR\",\"potentialAction\":[{\"@type\":\"ReadAction\",\"target\":[\"https:\\\/\\\/teamlevine.ca\\\/fr\\\/assurance\\\/\"]}]},{\"@type\":\"BreadcrumbList\",\"@id\":\"https:\\\/\\\/teamlevine.ca\\\/fr\\\/assurance\\\/#breadcrumb\",\"itemListElement\":[{\"@type\":\"ListItem\",\"position\":1,\"name\":\"Home\",\"item\":\"https:\\\/\\\/teamlevine.ca\\\/\"},{\"@type\":\"ListItem\",\"position\":2,\"name\":\"Services d&rsquo;assurance\"}]},{\"@type\":\"WebSite\",\"@id\":\"https:\\\/\\\/teamlevine.ca\\\/#website\",\"url\":\"https:\\\/\\\/teamlevine.ca\\\/\",\"name\":\"Team Levine\",\"description\":\"\",\"potentialAction\":[{\"@type\":\"SearchAction\",\"target\":{\"@type\":\"EntryPoint\",\"urlTemplate\":\"https:\\\/\\\/teamlevine.ca\\\/?s={search_term_string}\"},\"query-input\":{\"@type\":\"PropertyValueSpecification\",\"valueRequired\":true,\"valueName\":\"search_term_string\"}}],\"inLanguage\":\"fr-FR\"}]}<\/script>\n<!-- \/ Yoast SEO plugin. -->","yoast_head_json":{"title":"Experts en services d'assurances \u00e0 Montr\u00e9al | Team Levine","description":"D\u00e9couvrez tous nos services d'assurance : invalidit\u00e9, maladies, assurance vie et bien plus encore ! Team Levine, vos experts en services d'assurance \u00e0 Montr\u00e9al.","robots":{"index":"index","follow":"follow","max-snippet":"max-snippet:-1","max-image-preview":"max-image-preview:large","max-video-preview":"max-video-preview:-1"},"canonical":"https:\/\/teamlevine.ca\/fr\/assurance\/","og_locale":"fr_FR","og_type":"article","og_title":"Experts en services d'assurances \u00e0 Montr\u00e9al | Team Levine","og_description":"D\u00e9couvrez tous nos services d'assurance : invalidit\u00e9, maladies, assurance vie et bien plus encore ! Team Levine, vos experts en services d'assurance \u00e0 Montr\u00e9al.","og_url":"https:\/\/teamlevine.ca\/fr\/assurance\/","og_site_name":"Team Levine","article_modified_time":"2023-12-19T16:52:10+00:00","twitter_card":"summary_large_image","schema":{"@context":"https:\/\/schema.org","@graph":[{"@type":"WebPage","@id":"https:\/\/teamlevine.ca\/fr\/assurance\/","url":"https:\/\/teamlevine.ca\/fr\/assurance\/","name":"Experts en services d'assurances \u00e0 Montr\u00e9al | Team Levine","isPartOf":{"@id":"https:\/\/teamlevine.ca\/#website"},"datePublished":"2017-02-24T10:28:54+00:00","dateModified":"2023-12-19T16:52:10+00:00","description":"D\u00e9couvrez tous nos services d'assurance : invalidit\u00e9, maladies, assurance vie et bien plus encore ! Team Levine, vos experts en services d'assurance \u00e0 Montr\u00e9al.","breadcrumb":{"@id":"https:\/\/teamlevine.ca\/fr\/assurance\/#breadcrumb"},"inLanguage":"fr-FR","potentialAction":[{"@type":"ReadAction","target":["https:\/\/teamlevine.ca\/fr\/assurance\/"]}]},{"@type":"BreadcrumbList","@id":"https:\/\/teamlevine.ca\/fr\/assurance\/#breadcrumb","itemListElement":[{"@type":"ListItem","position":1,"name":"Home","item":"https:\/\/teamlevine.ca\/"},{"@type":"ListItem","position":2,"name":"Services d&rsquo;assurance"}]},{"@type":"WebSite","@id":"https:\/\/teamlevine.ca\/#website","url":"https:\/\/teamlevine.ca\/","name":"Team Levine","description":"","potentialAction":[{"@type":"SearchAction","target":{"@type":"EntryPoint","urlTemplate":"https:\/\/teamlevine.ca\/?s={search_term_string}"},"query-input":{"@type":"PropertyValueSpecification","valueRequired":true,"valueName":"search_term_string"}}],"inLanguage":"fr-FR"}]}},"_links":{"self":[{"href":"https:\/\/teamlevine.ca\/fr\/wp-json\/wp\/v2\/pages\/211","targetHints":{"allow":["GET"]}}],"collection":[{"href":"https:\/\/teamlevine.ca\/fr\/wp-json\/wp\/v2\/pages"}],"about":[{"href":"https:\/\/teamlevine.ca\/fr\/wp-json\/wp\/v2\/types\/page"}],"author":[{"embeddable":true,"href":"https:\/\/teamlevine.ca\/fr\/wp-json\/wp\/v2\/users\/1"}],"replies":[{"embeddable":true,"href":"https:\/\/teamlevine.ca\/fr\/wp-json\/wp\/v2\/comments?post=211"}],"version-history":[{"count":5,"href":"https:\/\/teamlevine.ca\/fr\/wp-json\/wp\/v2\/pages\/211\/revisions"}],"predecessor-version":[{"id":1315,"href":"https:\/\/teamlevine.ca\/fr\/wp-json\/wp\/v2\/pages\/211\/revisions\/1315"}],"wp:attachment":[{"href":"https:\/\/teamlevine.ca\/fr\/wp-json\/wp\/v2\/media?parent=211"}],"curies":[{"name":"wp","href":"https:\/\/api.w.org\/{rel}","templated":true}]}}